{"id":9331,"date":"2019-05-11T23:16:57","date_gmt":"2019-05-11T21:16:57","guid":{"rendered":"https:\/\/rutessilviarovira.com\/rechtlicher-hinweis\/"},"modified":"2019-05-11T23:16:57","modified_gmt":"2019-05-11T21:16:57","slug":"rechtlicher-hinweis","status":"publish","type":"page","link":"https:\/\/rutessilviarovira.com\/de\/rechtlicher-hinweis\/","title":{"rendered":"Rechtlicher Hinweis"},"content":{"rendered":"<div class=\"gs\">\n<div class=\"\">\n<div id=\":ot\" class=\"ii gt adO\">\n<div id=\":os\" class=\"a3s aXjCH \">\n<div dir=\"ltr\">\n<p>GEISTIGES UND GEWERBLICHES EIGENTUM, URHEBERRECHT UND MARKENRECHTE. Alle Inhalte dieser Website und die Fotos sind Eigentum von Rutes S\u00edlvia Rovira; jegliche Vervielf\u00e4ltigung ist ohne Genehmigung untersagt. Die Inhalte dieser Website d\u00fcrfen, sofern nicht anders angegeben, unter folgenden Bedingungen verbreitet werden: \u2013 Sie benachrichtigen uns vorab per E-Mail \u00fcber den Link \u201eKontakt\u201c auf der Website. \u2013 Sie geben den Urheber an. Es empfiehlt sich au\u00dferdem, einen Link zu der Seite anzugeben, von der die Informationen stammen. \u2013 Sie verwenden die Inhalte nicht f\u00fcr kommerzielle Zwecke.   <\/p>\n<p>\u00c4nderungen,<\/p>\n<p>S\u00edlvia Rovira beh\u00e4lt sich das Recht vor, ohne vorherige Ank\u00fcndigung \u00c4nderungen am Inhalt ihrer Website vorzunehmen. Dies gilt sowohl f\u00fcr die Inhalte der Website als auch f\u00fcr die Nutzungsbedingungen, \u00c4nderungen der Abfahrtszeiten oder die allgemeinen Vertragsbedingungen. <\/p>\n<p>Anmietung: F\u00fcr die Anmietung eines der Ausfl\u00fcge ist es zwingend erforderlich, die von S\u00edlvia Rovira zu diesem Zweck festgelegten allgemeinen Anmietungsbedingungen zu lesen und zu akzeptieren.<\/p>\n<p>Datenschutz Gem\u00e4\u00df den Bestimmungen des spanischen Datenschutzgesetzes (Ley Org\u00e1nica 15\/1999 de Protecci\u00f3n de Datos \u2013 LOPD) informiert S\u00edlvia Rovira die Nutzer ihrer Website dar\u00fcber, dass die \u00fcber die Kontaktformulare erhobenen personenbezogenen Daten ausschlie\u00dflich zum Zweck der Information \u00fcber unsere Touren (Rad-, Trekking- und Schneeschuhwanderungen) verarbeitet werden. Wir weisen Sie au\u00dferdem darauf hin, dass Sie Ihre Rechte auf Auskunft, Berichtigung, L\u00f6schung und Widerspruch per E-Mail an <g id=\"gid_0\">silviarovira@rutes.es<\/g> aus\u00fcben k\u00f6nnen. Sofern Sie uns keine anderweitige Mitteilung zukommen lassen, geht Rutes S\u00edlvia Rovira davon aus, dass Ihre Daten unver\u00e4ndert sind. Wir bitten Sie, uns \u00fcber jegliche \u00c4nderungen Ihrer Einwilligung zur Datennutzung zu informieren, um eine gute Gesch\u00e4ftsbeziehung zu gew\u00e4hrleisten.  <\/p>\n<p>Haftungsregelung.<\/p>\n<p>im Widerspruch zu den Bestimmungen dieser Bedingungen, dem Gesetz, den guten Sitten oder der \u00f6ffentlichen Ordnung oder die auf irgendeine andere Weise die Rechte Dritter oder den Betrieb der Websites selbst beeintr\u00e4chtigen k\u00f6nnten.<\/p>\n<p>Richtlinien f\u00fcr Links und Haftungsausschluss: S\u00edlvia Rovira ist nicht verantwortlich f\u00fcr die Inhalte von Websites, die \u00fcber die auf ihrer Website bereitgestellten Links erreichbar sind. Sie \u00fcbt keinerlei Kontrolle \u00fcber die Inhalte anderer Websites im Internet aus. Ebenso wenig \u00fcbernimmt sie die Gew\u00e4hr f\u00fcr die technische Verf\u00fcgbarkeit, Genauigkeit, Richtigkeit, G\u00fcltigkeit oder Rechtm\u00e4\u00dfigkeit von Websites, die nicht in ihrem Besitz sind und \u00fcber die Links aufgerufen werden k\u00f6nnen. <\/p>\n<p>Zahlungsr\u00fcckerstattung:<\/p>\n<p>Um eine Anmeldung zu stornieren und eine R\u00fcckerstattung der Vorauszahlung zu erhalten, m\u00fcssen folgende Voraussetzungen erf\u00fcllt sein. Die H\u00f6he der R\u00fcckerstattung richtet sich nach dem Gesamtpreis der Reise und setzt voraus, dass keine nicht erstattungsf\u00e4higen Vorauszahlungen f\u00fcr die Buchung geleistet wurden, beispielsweise f\u00fcr Fl\u00fcge oder Unterk\u00fcnfte. Der R\u00fcckerstattungssatz ist wie folgt: Stornierungsdatum vor Veranstaltungsbeginn  <\/p>\n<p>R\u00fcckerstattungsprozentsatz<\/p>\n<p>Weniger als 30 Tage 90 %<\/p>\n<p>Von 29 auf 15 Tage 15%<\/p>\n<p>Von 14 auf 8 Tage 25%<\/p>\n<p>Weniger als 8 Tage 0 %<\/p>\n<p>Identifikationsdaten;<\/p>\n<p>Silvia Rovira<\/p>\n<p>ID. 77736511-F <\/p>\n<p>Markenname: Rutes S\u00edlvia Rovira<\/p>\n<p>Katalonien Tourismus-Registrierungsnummer als Reiseveranstalter:<\/p>\n<p>GC-004498<\/p>\n<\/div>\n<\/div>\n<\/div>\n<\/div>\n<\/div>\n","protected":false},"excerpt":{"rendered":"<p>GEISTIGES UND GEWERBLICHES EIGENTUM, URHEBERRECHT UND MARKENRECHTE. Alle Inhalte dieser Website und die Fotos sind Eigentum von Rutes S\u00edlvia Rovira; jegliche Vervielf\u00e4ltigung ist ohne Genehmigung untersagt. Die Inhalte dieser Website d\u00fcrfen, sofern nicht anders angegeben, unter folgenden Bedingungen verbreitet werden: \u2013 Sie benachrichtigen uns vorab per E-Mail \u00fcber den Link \u201eKontakt\u201c auf der Website. \u2013 Sie geben den Urheber an. Es empfiehlt sich au\u00dferdem, einen Link zu der Seite anzugeben, von der die Informationen stammen. \u2013 Sie verwenden die Inhalte nicht f\u00fcr kommerzielle Zwecke. \u00c4nderungen, S\u00edlvia Rovira beh\u00e4lt sich das Recht vor, ohne vorherige Ank\u00fcndigung \u00c4nderungen am Inhalt ihrer Website vorzunehmen. Dies gilt sowohl f\u00fcr die Inhalte der Website als auch f\u00fcr die Nutzungsbedingungen, \u00c4nderungen der Abfahrtszeiten oder die allgemeinen Vertragsbedingungen. Anmietung: F\u00fcr die Anmietung eines der Ausfl\u00fcge ist es zwingend erforderlich, die von S\u00edlvia Rovira zu diesem Zweck festgelegten allgemeinen Anmietungsbedingungen zu lesen und zu akzeptieren. Datenschutz Gem\u00e4\u00df den [&hellip;]<\/p>\n","protected":false},"author":2,"featured_media":0,"parent":0,"menu_order":0,"comment_status":"closed","ping_status":"closed","template":"","meta":{"footnotes":""},"class_list":["post-9331","page","type-page","status-publish","hentry"],"yoast_head":"<!-- This site is optimized with the Yoast SEO plugin v22.9 - https:\/\/yoast.com\/wordpress\/plugins\/seo\/ -->\n<title>Rechtlicher Hinweis - Rutes S\u00edlvia Rovira<\/title>\n<meta name=\"description\" content=\"Seite mit rechtlichen Hinweisen\" \/>\n<meta name=\"robots\" content=\"noindex, nofollow\" \/>\n<meta property=\"og:locale\" content=\"de_DE\" \/>\n<meta property=\"og:type\" content=\"article\" \/>\n<meta property=\"og:title\" content=\"Rechtlicher Hinweis - Rutes S\u00edlvia Rovira\" \/>\n<meta property=\"og:description\" content=\"Seite mit rechtlichen Hinweisen\" \/>\n<meta property=\"og:url\" content=\"https:\/\/rutessilviarovira.com\/de\/rechtlicher-hinweis\/\" \/>\n<meta property=\"og:site_name\" content=\"Rutes S\u00edlvia Rovira\" \/>\n<meta name=\"twitter:card\" content=\"summary_large_image\" \/>\n<meta name=\"twitter:label1\" content=\"Gesch\u00e4tzte Lesezeit\" \/>\n\t<meta name=\"twitter:data1\" content=\"2\u00a0Minuten\" \/>\n<script type=\"application\/ld+json\" class=\"yoast-schema-graph\">{\"@context\":\"https:\/\/schema.org\",\"@graph\":[{\"@type\":\"WebPage\",\"@id\":\"https:\/\/rutessilviarovira.com\/de\/rechtlicher-hinweis\/\",\"url\":\"https:\/\/rutessilviarovira.com\/de\/rechtlicher-hinweis\/\",\"name\":\"Rechtlicher Hinweis - Rutes S\u00edlvia Rovira\",\"isPartOf\":{\"@id\":\"https:\/\/rutessilviarovira.com\/#website\"},\"datePublished\":\"2019-05-11T21:16:57+00:00\",\"dateModified\":\"2019-05-11T21:16:57+00:00\",\"description\":\"Seite mit rechtlichen Hinweisen\",\"breadcrumb\":{\"@id\":\"https:\/\/rutessilviarovira.com\/de\/rechtlicher-hinweis\/#breadcrumb\"},\"inLanguage\":\"de\",\"potentialAction\":[{\"@type\":\"ReadAction\",\"target\":[\"https:\/\/rutessilviarovira.com\/de\/rechtlicher-hinweis\/\"]}]},{\"@type\":\"BreadcrumbList\",\"@id\":\"https:\/\/rutessilviarovira.com\/de\/rechtlicher-hinweis\/#breadcrumb\",\"itemListElement\":[{\"@type\":\"ListItem\",\"position\":1,\"name\":\"Portada\",\"item\":\"https:\/\/rutessilviarovira.com\/de\/heim\/\"},{\"@type\":\"ListItem\",\"position\":2,\"name\":\"Rechtlicher Hinweis\"}]},{\"@type\":\"WebSite\",\"@id\":\"https:\/\/rutessilviarovira.com\/#website\",\"url\":\"https:\/\/rutessilviarovira.com\/\",\"name\":\"Rutes S\u00edlvia Rovira\",\"description\":\"Rutes de btt,Senderisme,Trekking i raquetes de neu\",\"publisher\":{\"@id\":\"https:\/\/rutessilviarovira.com\/#organization\"},\"potentialAction\":[{\"@type\":\"SearchAction\",\"target\":{\"@type\":\"EntryPoint\",\"urlTemplate\":\"https:\/\/rutessilviarovira.com\/?s={search_term_string}\"},\"query-input\":\"required name=search_term_string\"}],\"inLanguage\":\"de\"},{\"@type\":\"Organization\",\"@id\":\"https:\/\/rutessilviarovira.com\/#organization\",\"name\":\"Rutes S\u00edvia Rovira\",\"url\":\"https:\/\/rutessilviarovira.com\/\",\"logo\":{\"@type\":\"ImageObject\",\"inLanguage\":\"de\",\"@id\":\"https:\/\/rutessilviarovira.com\/#\/schema\/logo\/image\/\",\"url\":\"https:\/\/rutessilviarovira.com\/wp-content\/uploads\/2019\/04\/cropped-LOGO-1.png\",\"contentUrl\":\"https:\/\/rutessilviarovira.com\/wp-content\/uploads\/2019\/04\/cropped-LOGO-1.png\",\"width\":512,\"height\":512,\"caption\":\"Rutes S\u00edvia Rovira\"},\"image\":{\"@id\":\"https:\/\/rutessilviarovira.com\/#\/schema\/logo\/image\/\"}}]}<\/script>\n<!-- \/ Yoast SEO plugin. -->","yoast_head_json":{"title":"Rechtlicher Hinweis - Rutes S\u00edlvia Rovira","description":"Seite mit rechtlichen Hinweisen","robots":{"index":"noindex","follow":"nofollow"},"og_locale":"de_DE","og_type":"article","og_title":"Rechtlicher Hinweis - Rutes S\u00edlvia Rovira","og_description":"Seite mit rechtlichen Hinweisen","og_url":"https:\/\/rutessilviarovira.com\/de\/rechtlicher-hinweis\/","og_site_name":"Rutes S\u00edlvia Rovira","twitter_card":"summary_large_image","twitter_misc":{"Gesch\u00e4tzte Lesezeit":"2\u00a0Minuten"},"schema":{"@context":"https:\/\/schema.org","@graph":[{"@type":"WebPage","@id":"https:\/\/rutessilviarovira.com\/de\/rechtlicher-hinweis\/","url":"https:\/\/rutessilviarovira.com\/de\/rechtlicher-hinweis\/","name":"Rechtlicher Hinweis - Rutes S\u00edlvia Rovira","isPartOf":{"@id":"https:\/\/rutessilviarovira.com\/#website"},"datePublished":"2019-05-11T21:16:57+00:00","dateModified":"2019-05-11T21:16:57+00:00","description":"Seite mit rechtlichen Hinweisen","breadcrumb":{"@id":"https:\/\/rutessilviarovira.com\/de\/rechtlicher-hinweis\/#breadcrumb"},"inLanguage":"de","potentialAction":[{"@type":"ReadAction","target":["https:\/\/rutessilviarovira.com\/de\/rechtlicher-hinweis\/"]}]},{"@type":"BreadcrumbList","@id":"https:\/\/rutessilviarovira.com\/de\/rechtlicher-hinweis\/#breadcrumb","itemListElement":[{"@type":"ListItem","position":1,"name":"Portada","item":"https:\/\/rutessilviarovira.com\/de\/heim\/"},{"@type":"ListItem","position":2,"name":"Rechtlicher Hinweis"}]},{"@type":"WebSite","@id":"https:\/\/rutessilviarovira.com\/#website","url":"https:\/\/rutessilviarovira.com\/","name":"Rutes S\u00edlvia Rovira","description":"Rutes de btt,Senderisme,Trekking i raquetes de neu","publisher":{"@id":"https:\/\/rutessilviarovira.com\/#organization"},"potentialAction":[{"@type":"SearchAction","target":{"@type":"EntryPoint","urlTemplate":"https:\/\/rutessilviarovira.com\/?s={search_term_string}"},"query-input":"required name=search_term_string"}],"inLanguage":"de"},{"@type":"Organization","@id":"https:\/\/rutessilviarovira.com\/#organization","name":"Rutes S\u00edvia Rovira","url":"https:\/\/rutessilviarovira.com\/","logo":{"@type":"ImageObject","inLanguage":"de","@id":"https:\/\/rutessilviarovira.com\/#\/schema\/logo\/image\/","url":"https:\/\/rutessilviarovira.com\/wp-content\/uploads\/2019\/04\/cropped-LOGO-1.png","contentUrl":"https:\/\/rutessilviarovira.com\/wp-content\/uploads\/2019\/04\/cropped-LOGO-1.png","width":512,"height":512,"caption":"Rutes S\u00edvia Rovira"},"image":{"@id":"https:\/\/rutessilviarovira.com\/#\/schema\/logo\/image\/"}}]}},"_links":{"self":[{"href":"https:\/\/rutessilviarovira.com\/de\/wp-json\/wp\/v2\/pages\/9331"}],"collection":[{"href":"https:\/\/rutessilviarovira.com\/de\/wp-json\/wp\/v2\/pages"}],"about":[{"href":"https:\/\/rutessilviarovira.com\/de\/wp-json\/wp\/v2\/types\/page"}],"author":[{"embeddable":true,"href":"https:\/\/rutessilviarovira.com\/de\/wp-json\/wp\/v2\/users\/2"}],"replies":[{"embeddable":true,"href":"https:\/\/rutessilviarovira.com\/de\/wp-json\/wp\/v2\/comments?post=9331"}],"version-history":[{"count":0,"href":"https:\/\/rutessilviarovira.com\/de\/wp-json\/wp\/v2\/pages\/9331\/revisions"}],"wp:attachment":[{"href":"https:\/\/rutessilviarovira.com\/de\/wp-json\/wp\/v2\/media?parent=9331"}],"curies":[{"name":"wp","href":"https:\/\/api.w.org\/{rel}","templated":true}]}}