{"id":9336,"date":"2019-04-19T21:44:58","date_gmt":"2019-04-19T19:44:58","guid":{"rendered":"https:\/\/rutessilviarovira.com\/veranstaltungskalender\/"},"modified":"2025-12-16T20:29:02","modified_gmt":"2025-12-16T19:29:02","slug":"veranstaltungskalender","status":"publish","type":"page","link":"https:\/\/rutessilviarovira.com\/de\/veranstaltungskalender\/","title":{"rendered":"Veranstaltungskalender"},"content":{"rendered":"<p>[vc_row row_background_shadow=&#8220;no&#8220;][vc_column]<div class=\"mkdf-event-list-holder mkdf-event-list-standard mkdf-event-list-col-3\" data-next-page= \"2\" data-type= \"standard\" data-columns= \"3\" data-order-by= \"date\" data-order= \"ASC\" data-event-status= \"all\" data-number= \"-1\" data-image-size= \"original\" data-category= \"CALENDARI EVENTS\" data-show-more= \"none\" data-title-tag= \"h4\" data-max-num-pages = 0><div class=\"mkdf-event-list-holder-inner \" data-number-of-items=\"3\"><div class=\"mkdf-el-item mkdf-el-item-odd\">\n    <div class=\"mkdf-el-item-inner\">\n        <div class=\"mkdf-el-item-inner-holder\">\n            <div class=\"mkdf-el-item-image\">\n                <a href=\"https:\/\/rutessilviarovira.com\/de\/event\/silvester-in-den-italienischen-alpen-mit-schneeschuhen\/\">\n                    <img decoding=\"async\" width=\"900\" height=\"574\" src=\"https:\/\/rutessilviarovira.com\/wp-content\/uploads\/2023\/12\/P1350172-scaled-e1723831975214.jpg\" class=\"attachment-full size-full wp-post-image\" alt=\"\" srcset=\"https:\/\/rutessilviarovira.com\/wp-content\/uploads\/2023\/12\/P1350172-scaled-e1723831975214.jpg 900w, https:\/\/rutessilviarovira.com\/wp-content\/uploads\/2023\/12\/P1350172-scaled-e1723831975214-300x191.jpg 300w, https:\/\/rutessilviarovira.com\/wp-content\/uploads\/2023\/12\/P1350172-scaled-e1723831975214-768x490.jpg 768w\" sizes=\"(max-width: 900px) 100vw, 900px\" \/>                <\/a>\n            <\/div>\n                        <div class=\"mkdf-el-item-content\" >\n                <div class=\"mkdf-el-item-location-title-holder\">\n                    <h4 class=\"mkdf-el-item-title\">\n                    <a href=\"https:\/\/rutessilviarovira.com\/de\/event\/silvester-in-den-italienischen-alpen-mit-schneeschuhen\/\">\n                        Silvester in den italienischen Alpen mit Schneeschuhen                    <\/a>\n                <\/h4>\n                                                    <div class=\"mkdf-el-item-time\">\n\t\t\t\t            <span>\n\t\t\t\t            \tAuf Anfrage erh\u00e4ltlich\t\t\t\t            <\/span>\n                    <\/div>\n                                <div class=\"mkdf-el-read-more-link\">\n                    <a href=\"https:\/\/rutessilviarovira.com\/de\/event\/silvester-in-den-italienischen-alpen-mit-schneeschuhen\/\">Llegeix m\u00e9s<\/a>\n                <\/div>\n            <\/div>\n        <\/div>\n    <\/div>\n<\/div>\n<\/div><div class=\"mkdf-el-item mkdf-el-item-even\">\n    <div class=\"mkdf-el-item-inner\">\n        <div class=\"mkdf-el-item-inner-holder\">\n            <div class=\"mkdf-el-item-image\">\n                <a href=\"https:\/\/rutessilviarovira.com\/de\/event\/emblematische-berge-der-gran-sasso-im-apennin-travessa\/\">\n                    <img decoding=\"async\" width=\"1060\" height=\"678\" src=\"https:\/\/rutessilviarovira.com\/wp-content\/uploads\/2021\/08\/P1170203-scaled-e1652609483648.jpg\" class=\"attachment-full size-full wp-post-image\" alt=\"\" srcset=\"https:\/\/rutessilviarovira.com\/wp-content\/uploads\/2021\/08\/P1170203-scaled-e1652609483648.jpg 1060w, https:\/\/rutessilviarovira.com\/wp-content\/uploads\/2021\/08\/P1170203-scaled-e1652609483648-300x192.jpg 300w, https:\/\/rutessilviarovira.com\/wp-content\/uploads\/2021\/08\/P1170203-scaled-e1652609483648-1024x655.jpg 1024w, https:\/\/rutessilviarovira.com\/wp-content\/uploads\/2021\/08\/P1170203-scaled-e1652609483648-768x491.jpg 768w\" sizes=\"(max-width: 1060px) 100vw, 1060px\" \/>                <\/a>\n            <\/div>\n                        <div class=\"mkdf-el-item-content\" >\n                <div class=\"mkdf-el-item-location-title-holder\">\n                    <h4 class=\"mkdf-el-item-title\">\n                    <a href=\"https:\/\/rutessilviarovira.com\/de\/event\/emblematische-berge-der-gran-sasso-im-apennin-travessa\/\">\n                        Emblematische Berge: Der Gran Sasso im Apennin Travessa                    <\/a>\n                <\/h4>\n                                                    <div class=\"mkdf-el-item-time\">\n\t\t\t\t            <span>\n\t\t\t\t            \tAuf Anfrage erh\u00e4ltlich\t\t\t\t            <\/span>\n                    <\/div>\n                                <div class=\"mkdf-el-read-more-link\">\n                    <a href=\"https:\/\/rutessilviarovira.com\/de\/event\/emblematische-berge-der-gran-sasso-im-apennin-travessa\/\">Llegeix m\u00e9s<\/a>\n                <\/div>\n            <\/div>\n        <\/div>\n    <\/div>\n<\/div>\n<\/div><div class=\"mkdf-el-item mkdf-el-item-odd\">\n    <div class=\"mkdf-el-item-inner\">\n        <div class=\"mkdf-el-item-inner-holder\">\n            <div class=\"mkdf-el-item-image\">\n                <a href=\"https:\/\/rutessilviarovira.com\/de\/event\/emblemhafte-berge-der-gran-sasso-im-apennin\/\">\n                    <img decoding=\"async\" width=\"1060\" height=\"673\" src=\"https:\/\/rutessilviarovira.com\/wp-content\/uploads\/2022\/05\/P1170181-scaled-e1652608225271.jpg\" class=\"attachment-full size-full wp-post-image\" alt=\"\" srcset=\"https:\/\/rutessilviarovira.com\/wp-content\/uploads\/2022\/05\/P1170181-scaled-e1652608225271.jpg 1060w, https:\/\/rutessilviarovira.com\/wp-content\/uploads\/2022\/05\/P1170181-scaled-e1652608225271-300x190.jpg 300w, https:\/\/rutessilviarovira.com\/wp-content\/uploads\/2022\/05\/P1170181-scaled-e1652608225271-1024x650.jpg 1024w, https:\/\/rutessilviarovira.com\/wp-content\/uploads\/2022\/05\/P1170181-scaled-e1652608225271-768x488.jpg 768w\" sizes=\"(max-width: 1060px) 100vw, 1060px\" \/>                <\/a>\n            <\/div>\n                        <div class=\"mkdf-el-item-content\" >\n                <div class=\"mkdf-el-item-location-title-holder\">\n                    <h4 class=\"mkdf-el-item-title\">\n                    <a href=\"https:\/\/rutessilviarovira.com\/de\/event\/emblemhafte-berge-der-gran-sasso-im-apennin\/\">\n                        Emblemhafte Berge: Der Gran Sasso im Apennin                    <\/a>\n                <\/h4>\n                                                    <div class=\"mkdf-el-item-time\">\n\t\t\t\t            <span>\n\t\t\t\t            \tAuf Anfrage erh\u00e4ltlich\t\t\t\t            <\/span>\n                    <\/div>\n                                <div class=\"mkdf-el-read-more-link\">\n                    <a href=\"https:\/\/rutessilviarovira.com\/de\/event\/emblemhafte-berge-der-gran-sasso-im-apennin\/\">Llegeix m\u00e9s<\/a>\n                <\/div>\n            <\/div>\n        <\/div>\n    <\/div>\n<\/div>\n<\/div><div class=\"mkdf-el-item mkdf-el-item-even\">\n    <div class=\"mkdf-el-item-inner\">\n        <div class=\"mkdf-el-item-inner-holder\">\n            <div class=\"mkdf-el-item-image\">\n                <a href=\"https:\/\/rutessilviarovira.com\/de\/event\/guter-maennerweg-mit-mountainbike\/\">\n                    <img decoding=\"async\" width=\"800\" height=\"520\" src=\"https:\/\/rutessilviarovira.com\/wp-content\/uploads\/2019\/10\/orp9630-e1613495600364.jpg\" class=\"attachment-full size-full wp-post-image\" alt=\"\" srcset=\"https:\/\/rutessilviarovira.com\/wp-content\/uploads\/2019\/10\/orp9630-e1613495600364.jpg 800w, https:\/\/rutessilviarovira.com\/wp-content\/uploads\/2019\/10\/orp9630-e1613495600364-600x390.jpg 600w, https:\/\/rutessilviarovira.com\/wp-content\/uploads\/2019\/10\/orp9630-e1613495600364-300x195.jpg 300w, https:\/\/rutessilviarovira.com\/wp-content\/uploads\/2019\/10\/orp9630-e1613495600364-768x499.jpg 768w\" sizes=\"(max-width: 800px) 100vw, 800px\" \/>                <\/a>\n            <\/div>\n                        <div class=\"mkdf-el-item-content\" >\n                <div class=\"mkdf-el-item-location-title-holder\">\n                    <h4 class=\"mkdf-el-item-title\">\n                    <a href=\"https:\/\/rutessilviarovira.com\/de\/event\/guter-maennerweg-mit-mountainbike\/\">\n                        Guter M\u00e4nnerweg mit Mountainbike                    <\/a>\n                <\/h4>\n                                                    <div class=\"mkdf-el-item-time\">\n\t\t\t\t            <span>\n\t\t\t\t            \tAuf Anfrage erh\u00e4ltlich\t\t\t\t            <\/span>\n                    <\/div>\n                                <div class=\"mkdf-el-read-more-link\">\n                    <a href=\"https:\/\/rutessilviarovira.com\/de\/event\/guter-maennerweg-mit-mountainbike\/\">Llegeix m\u00e9s<\/a>\n                <\/div>\n            <\/div>\n        <\/div>\n    <\/div>\n<\/div>\n<\/div><div class=\"mkdf-el-item mkdf-el-item-odd\">\n    <div class=\"mkdf-el-item-inner\">\n        <div class=\"mkdf-el-item-inner-holder\">\n            <div class=\"mkdf-el-item-image\">\n                <a href=\"https:\/\/rutessilviarovira.com\/de\/event\/pfad-der-guten-maenner-die-katharer-herausforderung\/\">\n                    <img decoding=\"async\" width=\"1166\" height=\"695\" src=\"https:\/\/rutessilviarovira.com\/wp-content\/uploads\/2019\/04\/ORP1970-copia-e1750240013313.jpg\" class=\"attachment-full size-full wp-post-image\" alt=\"\" srcset=\"https:\/\/rutessilviarovira.com\/wp-content\/uploads\/2019\/04\/ORP1970-copia-e1750240013313.jpg 1166w, https:\/\/rutessilviarovira.com\/wp-content\/uploads\/2019\/04\/ORP1970-copia-e1750240013313-300x179.jpg 300w, https:\/\/rutessilviarovira.com\/wp-content\/uploads\/2019\/04\/ORP1970-copia-e1750240013313-1024x610.jpg 1024w, https:\/\/rutessilviarovira.com\/wp-content\/uploads\/2019\/04\/ORP1970-copia-e1750240013313-768x458.jpg 768w\" sizes=\"(max-width: 1166px) 100vw, 1166px\" \/>                <\/a>\n            <\/div>\n                        <div class=\"mkdf-el-item-content\" >\n                <div class=\"mkdf-el-item-location-title-holder\">\n                    <h4 class=\"mkdf-el-item-title\">\n                    <a href=\"https:\/\/rutessilviarovira.com\/de\/event\/pfad-der-guten-maenner-die-katharer-herausforderung\/\">\n                        Pfad der Guten M\u00e4nner: Die Katharer-Herausforderung                    <\/a>\n                <\/h4>\n                                                    <div class=\"mkdf-el-item-time\">\n\t\t\t\t            <span>\n\t\t\t\t            \tAuf Anfrage erh\u00e4ltlich\t\t\t\t            <\/span>\n                    <\/div>\n                                <div class=\"mkdf-el-read-more-link\">\n                    <a href=\"https:\/\/rutessilviarovira.com\/de\/event\/pfad-der-guten-maenner-die-katharer-herausforderung\/\">Llegeix m\u00e9s<\/a>\n                <\/div>\n            <\/div>\n        <\/div>\n    <\/div>\n<\/div>\n<\/div><div class=\"mkdf-el-item mkdf-el-item-even\">\n    <div class=\"mkdf-el-item-inner\">\n        <div class=\"mkdf-el-item-inner-holder\">\n            <div class=\"mkdf-el-item-image\">\n                <a href=\"https:\/\/rutessilviarovira.com\/de\/event\/transpyrenaeische-mountainbike-tour-komplett-oder-in-etappen\/\">\n                    <img decoding=\"async\" width=\"600\" height=\"346\" src=\"https:\/\/rutessilviarovira.com\/wp-content\/uploads\/2019\/04\/myegoo_p12902589_s.jpg\" class=\"attachment-full size-full wp-post-image\" alt=\"\" srcset=\"https:\/\/rutessilviarovira.com\/wp-content\/uploads\/2019\/04\/myegoo_p12902589_s.jpg 600w, https:\/\/rutessilviarovira.com\/wp-content\/uploads\/2019\/04\/myegoo_p12902589_s-300x173.jpg 300w\" sizes=\"(max-width: 600px) 100vw, 600px\" \/>                <\/a>\n            <\/div>\n                        <div class=\"mkdf-el-item-content\" >\n                <div class=\"mkdf-el-item-location-title-holder\">\n                    <h4 class=\"mkdf-el-item-title\">\n                    <a href=\"https:\/\/rutessilviarovira.com\/de\/event\/transpyrenaeische-mountainbike-tour-komplett-oder-in-etappen\/\">\n                        Transpyren\u00e4ische Mountainbike-Tour: Komplett oder in Etappen                    <\/a>\n                <\/h4>\n                                                    <div class=\"mkdf-el-item-time\">\n\t\t\t\t            <span>\n\t\t\t\t            \tAuf Anfrage erh\u00e4ltlich\t\t\t\t            <\/span>\n                    <\/div>\n                                <div class=\"mkdf-el-read-more-link\">\n                    <a href=\"https:\/\/rutessilviarovira.com\/de\/event\/transpyrenaeische-mountainbike-tour-komplett-oder-in-etappen\/\">Llegeix m\u00e9s<\/a>\n                <\/div>\n            <\/div>\n        <\/div>\n    <\/div>\n<\/div>\n<\/div><div class=\"mkdf-el-item mkdf-el-item-odd\">\n    <div class=\"mkdf-el-item-inner\">\n        <div class=\"mkdf-el-item-inner-holder\">\n            <div class=\"mkdf-el-item-image\">\n                <a href=\"https:\/\/rutessilviarovira.com\/de\/event\/trekking-in-bulgarien-auf-dem-balkan-seen-und-berge-in-den-nationalparks\/\">\n                    <img decoding=\"async\" width=\"1003\" height=\"648\" src=\"https:\/\/rutessilviarovira.com\/wp-content\/uploads\/2022\/05\/Captura-de-pantalla-2022-05-15-102546.jpg\" class=\"attachment-full size-full wp-post-image\" alt=\"\" srcset=\"https:\/\/rutessilviarovira.com\/wp-content\/uploads\/2022\/05\/Captura-de-pantalla-2022-05-15-102546.jpg 1003w, https:\/\/rutessilviarovira.com\/wp-content\/uploads\/2022\/05\/Captura-de-pantalla-2022-05-15-102546-300x194.jpg 300w, https:\/\/rutessilviarovira.com\/wp-content\/uploads\/2022\/05\/Captura-de-pantalla-2022-05-15-102546-768x496.jpg 768w\" sizes=\"(max-width: 1003px) 100vw, 1003px\" \/>                <\/a>\n            <\/div>\n                        <div class=\"mkdf-el-item-content\" >\n                <div class=\"mkdf-el-item-location-title-holder\">\n                    <h4 class=\"mkdf-el-item-title\">\n                    <a href=\"https:\/\/rutessilviarovira.com\/de\/event\/trekking-in-bulgarien-auf-dem-balkan-seen-und-berge-in-den-nationalparks\/\">\n                        Trekking in Bulgarien auf dem Balkan: Seen und Berge in den Nationalparks                    <\/a>\n                <\/h4>\n                                                    <div class=\"mkdf-el-item-time\">\n\t\t\t\t            <span>\n\t\t\t\t            \tAuf Anfrage erh\u00e4ltlich\t\t\t\t            <\/span>\n                    <\/div>\n                                <div class=\"mkdf-el-read-more-link\">\n                    <a href=\"https:\/\/rutessilviarovira.com\/de\/event\/trekking-in-bulgarien-auf-dem-balkan-seen-und-berge-in-den-nationalparks\/\">Llegeix m\u00e9s<\/a>\n                <\/div>\n            <\/div>\n        <\/div>\n    <\/div>\n<\/div>\n<\/div><\/div><\/div>[\/vc_column][\/vc_row]<\/p>\n","protected":false},"excerpt":{"rendered":"<p>[vc_row row_background_shadow=&#8220;no&#8220;][vc_column][\/vc_column][\/vc_row]<\/p>\n","protected":false},"author":2,"featured_media":0,"parent":0,"menu_order":0,"comment_status":"closed","ping_status":"open","template":"","meta":{"footnotes":""},"class_list":["post-9336","page","type-page","status-publish","hentry"],"yoast_head":"<!-- This site is optimized with the Yoast SEO plugin v22.9 - https:\/\/yoast.com\/wordpress\/plugins\/seo\/ -->\n<title>Radrouten durch Katalonien \u2013 Transpyren\u00e4en mit dem Mountainbike<\/title>\n<meta name=\"description\" content=\"Erlebe das Abenteuer Mountainbiken! Entdecke die sch\u00f6nsten Radstrecken Kataloniens. Fahrspa\u00df pur auf zwei R\u00e4dern.\" \/>\n<meta name=\"robots\" content=\"index, follow, max-snippet:-1, max-image-preview:large, max-video-preview:-1\" \/>\n<link rel=\"canonical\" href=\"https:\/\/rutessilviarovira.com\/de\/veranstaltungskalender\/\" \/>\n<meta property=\"og:locale\" content=\"de_DE\" \/>\n<meta property=\"og:type\" content=\"article\" \/>\n<meta property=\"og:title\" content=\"Radrouten durch Katalonien \u2013 Transpyren\u00e4en mit dem Mountainbike\" \/>\n<meta property=\"og:description\" content=\"Erlebe das Abenteuer Mountainbiken! Entdecke die sch\u00f6nsten Radstrecken Kataloniens. Fahrspa\u00df pur auf zwei R\u00e4dern.\" \/>\n<meta property=\"og:url\" content=\"https:\/\/rutessilviarovira.com\/de\/veranstaltungskalender\/\" \/>\n<meta property=\"og:site_name\" content=\"Rutes S\u00edlvia Rovira\" \/>\n<meta property=\"article:modified_time\" content=\"2025-12-16T19:29:02+00:00\" \/>\n<meta name=\"twitter:card\" content=\"summary_large_image\" \/>\n<script type=\"application\/ld+json\" class=\"yoast-schema-graph\">{\"@context\":\"https:\/\/schema.org\",\"@graph\":[{\"@type\":\"WebPage\",\"@id\":\"https:\/\/rutessilviarovira.com\/de\/veranstaltungskalender\/\",\"url\":\"https:\/\/rutessilviarovira.com\/de\/veranstaltungskalender\/\",\"name\":\"Radrouten durch Katalonien \u2013 Transpyren\u00e4en mit dem Mountainbike\",\"isPartOf\":{\"@id\":\"https:\/\/rutessilviarovira.com\/#website\"},\"datePublished\":\"2019-04-19T19:44:58+00:00\",\"dateModified\":\"2025-12-16T19:29:02+00:00\",\"description\":\"Erlebe das Abenteuer Mountainbiken! Entdecke die sch\u00f6nsten Radstrecken Kataloniens. Fahrspa\u00df pur auf zwei R\u00e4dern.\",\"breadcrumb\":{\"@id\":\"https:\/\/rutessilviarovira.com\/de\/veranstaltungskalender\/#breadcrumb\"},\"inLanguage\":\"de\",\"potentialAction\":[{\"@type\":\"ReadAction\",\"target\":[\"https:\/\/rutessilviarovira.com\/de\/veranstaltungskalender\/\"]}]},{\"@type\":\"BreadcrumbList\",\"@id\":\"https:\/\/rutessilviarovira.com\/de\/veranstaltungskalender\/#breadcrumb\",\"itemListElement\":[{\"@type\":\"ListItem\",\"position\":1,\"name\":\"Portada\",\"item\":\"https:\/\/rutessilviarovira.com\/de\/heim\/\"},{\"@type\":\"ListItem\",\"position\":2,\"name\":\"Veranstaltungskalender\"}]},{\"@type\":\"WebSite\",\"@id\":\"https:\/\/rutessilviarovira.com\/#website\",\"url\":\"https:\/\/rutessilviarovira.com\/\",\"name\":\"Rutes S\u00edlvia Rovira\",\"description\":\"Rutes de btt,Senderisme,Trekking i raquetes de neu\",\"publisher\":{\"@id\":\"https:\/\/rutessilviarovira.com\/#organization\"},\"potentialAction\":[{\"@type\":\"SearchAction\",\"target\":{\"@type\":\"EntryPoint\",\"urlTemplate\":\"https:\/\/rutessilviarovira.com\/?s={search_term_string}\"},\"query-input\":\"required name=search_term_string\"}],\"inLanguage\":\"de\"},{\"@type\":\"Organization\",\"@id\":\"https:\/\/rutessilviarovira.com\/#organization\",\"name\":\"Rutes S\u00edvia Rovira\",\"url\":\"https:\/\/rutessilviarovira.com\/\",\"logo\":{\"@type\":\"ImageObject\",\"inLanguage\":\"de\",\"@id\":\"https:\/\/rutessilviarovira.com\/#\/schema\/logo\/image\/\",\"url\":\"https:\/\/rutessilviarovira.com\/wp-content\/uploads\/2019\/04\/cropped-LOGO-1.png\",\"contentUrl\":\"https:\/\/rutessilviarovira.com\/wp-content\/uploads\/2019\/04\/cropped-LOGO-1.png\",\"width\":512,\"height\":512,\"caption\":\"Rutes S\u00edvia Rovira\"},\"image\":{\"@id\":\"https:\/\/rutessilviarovira.com\/#\/schema\/logo\/image\/\"}}]}<\/script>\n<!-- \/ Yoast SEO plugin. -->","yoast_head_json":{"title":"Radrouten durch Katalonien \u2013 Transpyren\u00e4en mit dem Mountainbike","description":"Erlebe das Abenteuer Mountainbiken! Entdecke die sch\u00f6nsten Radstrecken Kataloniens. Fahrspa\u00df pur auf zwei R\u00e4dern.","robots":{"index":"index","follow":"follow","max-snippet":"max-snippet:-1","max-image-preview":"max-image-preview:large","max-video-preview":"max-video-preview:-1"},"canonical":"https:\/\/rutessilviarovira.com\/de\/veranstaltungskalender\/","og_locale":"de_DE","og_type":"article","og_title":"Radrouten durch Katalonien \u2013 Transpyren\u00e4en mit dem Mountainbike","og_description":"Erlebe das Abenteuer Mountainbiken! Entdecke die sch\u00f6nsten Radstrecken Kataloniens. Fahrspa\u00df pur auf zwei R\u00e4dern.","og_url":"https:\/\/rutessilviarovira.com\/de\/veranstaltungskalender\/","og_site_name":"Rutes S\u00edlvia Rovira","article_modified_time":"2025-12-16T19:29:02+00:00","twitter_card":"summary_large_image","schema":{"@context":"https:\/\/schema.org","@graph":[{"@type":"WebPage","@id":"https:\/\/rutessilviarovira.com\/de\/veranstaltungskalender\/","url":"https:\/\/rutessilviarovira.com\/de\/veranstaltungskalender\/","name":"Radrouten durch Katalonien \u2013 Transpyren\u00e4en mit dem Mountainbike","isPartOf":{"@id":"https:\/\/rutessilviarovira.com\/#website"},"datePublished":"2019-04-19T19:44:58+00:00","dateModified":"2025-12-16T19:29:02+00:00","description":"Erlebe das Abenteuer Mountainbiken! Entdecke die sch\u00f6nsten Radstrecken Kataloniens. Fahrspa\u00df pur auf zwei R\u00e4dern.","breadcrumb":{"@id":"https:\/\/rutessilviarovira.com\/de\/veranstaltungskalender\/#breadcrumb"},"inLanguage":"de","potentialAction":[{"@type":"ReadAction","target":["https:\/\/rutessilviarovira.com\/de\/veranstaltungskalender\/"]}]},{"@type":"BreadcrumbList","@id":"https:\/\/rutessilviarovira.com\/de\/veranstaltungskalender\/#breadcrumb","itemListElement":[{"@type":"ListItem","position":1,"name":"Portada","item":"https:\/\/rutessilviarovira.com\/de\/heim\/"},{"@type":"ListItem","position":2,"name":"Veranstaltungskalender"}]},{"@type":"WebSite","@id":"https:\/\/rutessilviarovira.com\/#website","url":"https:\/\/rutessilviarovira.com\/","name":"Rutes S\u00edlvia Rovira","description":"Rutes de btt,Senderisme,Trekking i raquetes de neu","publisher":{"@id":"https:\/\/rutessilviarovira.com\/#organization"},"potentialAction":[{"@type":"SearchAction","target":{"@type":"EntryPoint","urlTemplate":"https:\/\/rutessilviarovira.com\/?s={search_term_string}"},"query-input":"required name=search_term_string"}],"inLanguage":"de"},{"@type":"Organization","@id":"https:\/\/rutessilviarovira.com\/#organization","name":"Rutes S\u00edvia Rovira","url":"https:\/\/rutessilviarovira.com\/","logo":{"@type":"ImageObject","inLanguage":"de","@id":"https:\/\/rutessilviarovira.com\/#\/schema\/logo\/image\/","url":"https:\/\/rutessilviarovira.com\/wp-content\/uploads\/2019\/04\/cropped-LOGO-1.png","contentUrl":"https:\/\/rutessilviarovira.com\/wp-content\/uploads\/2019\/04\/cropped-LOGO-1.png","width":512,"height":512,"caption":"Rutes S\u00edvia Rovira"},"image":{"@id":"https:\/\/rutessilviarovira.com\/#\/schema\/logo\/image\/"}}]}},"_links":{"self":[{"href":"https:\/\/rutessilviarovira.com\/de\/wp-json\/wp\/v2\/pages\/9336"}],"collection":[{"href":"https:\/\/rutessilviarovira.com\/de\/wp-json\/wp\/v2\/pages"}],"about":[{"href":"https:\/\/rutessilviarovira.com\/de\/wp-json\/wp\/v2\/types\/page"}],"author":[{"embeddable":true,"href":"https:\/\/rutessilviarovira.com\/de\/wp-json\/wp\/v2\/users\/2"}],"replies":[{"embeddable":true,"href":"https:\/\/rutessilviarovira.com\/de\/wp-json\/wp\/v2\/comments?post=9336"}],"version-history":[{"count":1,"href":"https:\/\/rutessilviarovira.com\/de\/wp-json\/wp\/v2\/pages\/9336\/revisions"}],"predecessor-version":[{"id":9338,"href":"https:\/\/rutessilviarovira.com\/de\/wp-json\/wp\/v2\/pages\/9336\/revisions\/9338"}],"wp:attachment":[{"href":"https:\/\/rutessilviarovira.com\/de\/wp-json\/wp\/v2\/media?parent=9336"}],"curies":[{"name":"wp","href":"https:\/\/api.w.org\/{rel}","templated":true}]}}