{"id":9433,"date":"2021-02-16T22:44:50","date_gmt":"2021-02-16T21:44:50","guid":{"rendered":"https:\/\/rutessilviarovira.com\/cookie-richtlinie\/"},"modified":"2021-02-16T22:44:50","modified_gmt":"2021-02-16T21:44:50","slug":"cookie-richtlinie","status":"publish","type":"page","link":"https:\/\/rutessilviarovira.com\/de\/cookie-richtlinie\/","title":{"rendered":"Cookie-Richtlinie"},"content":{"rendered":"<header class=\"page-header\">\n<h2 class=\"entry-title\"><span style=\"font-size: 40px;\">\u00dcBER DIE COOKIE-RICHTLINIE<\/span><\/h2>\n<\/header>\n<div class=\"page-content\">\n<p>Diese Cookie-Richtlinie erkl\u00e4rt, was Cookies sind und wie wir sie verwenden, welche Arten von Cookies wir einsetzen (d. h. welche Informationen wir durch Cookies sammeln) und wie diese Informationen verwendet werden, sowie wie Sie Ihre Cookie-Einstellungen verwalten k\u00f6nnen. Weitere Informationen dar\u00fcber, wie wir Ihre personenbezogenen Daten verwenden, speichern und sch\u00fctzen, finden Sie in unserer <a href=\"https:\/\/rutessilviarovira.com\/politica-de-privadesa\/\" target=\"_blank\" rel=\"noreferrer noopener\">Datenschutzerkl\u00e4rung<\/a> . <\/p>\n<p>Sie k\u00f6nnen Ihre Einwilligung zur Cookie-Richtlinie auf unserer Website jederzeit \u00e4ndern oder widerrufen.<\/p>\n<p>In unserer <a href=\"https:\/\/rutessilviarovira.com\/politica-de-privadesa\/\" target=\"_blank\" rel=\"noopener\">Datenschutzerkl\u00e4rung<\/a> erfahren Sie mehr dar\u00fcber, wer wir sind, wie Sie uns kontaktieren k\u00f6nnen und wie wir personenbezogene Daten verarbeiten. Ihre Einwilligung gilt f\u00fcr die folgende Domain: rutessilviarovira.com. <\/p>\n<h3>WAS SIND KEKSE?<\/h3>\n<p>Cookies sind kleine Textdateien, die geringe Datenmengen speichern. Sie werden auf Ihrem Ger\u00e4t gespeichert, sobald Sie die Website in Ihrem Browser aufrufen. Mithilfe dieser Cookies k\u00f6nnen wir die Website ordnungsgem\u00e4\u00df betreiben, ihre Sicherheit erh\u00f6hen, ein besseres Nutzererlebnis bieten und die Funktionsweise der Website analysieren, um herauszufinden, was gut funktioniert und wo Verbesserungsbedarf besteht.  <\/p>\n<h3>WIE VERWENDEN WIR COOKIES?<\/h3>\n<p>Wie die meisten Online-Dienste verwendet auch unsere Website Cookies von Erstanbietern und Drittanbietern f\u00fcr verschiedene Zwecke. Cookies von Erstanbietern sind f\u00fcr die einwandfreie Funktion der Website unerl\u00e4sslich und erfassen keine personenbezogenen Daten. Cookies von Drittanbietern dienen prim\u00e4r dazu, die Funktionsweise der Website und Ihre Interaktionen mit ihr zu analysieren, die Sicherheit unserer Dienste zu gew\u00e4hrleisten, Ihnen relevante Werbung anzuzeigen und insgesamt ein besseres Nutzererlebnis zu bieten sowie zuk\u00fcnftige Interaktionen mit unserer Website zu beschleunigen.   <\/p>\n<h3>WELCHE ARTEN VON KEKSEN VERWENDEN WIR?<\/h3>\n<p><strong>Notwendig:<\/strong> Einige Cookies sind unerl\u00e4sslich, damit Sie alle Funktionen unserer Website nutzen k\u00f6nnen. Sie erm\u00f6glichen es uns, Benutzersitzungen aufrechtzuerhalten und Sicherheitsbedrohungen vorzubeugen. Sie erfassen oder speichern keine personenbezogenen Daten. Beispielsweise erm\u00f6glichen Ihnen diese Cookies, sich in Ihr Konto einzuloggen, Produkte in Ihren Warenkorb zu legen und einen sicheren Kauf abzuschlie\u00dfen.   <\/p>\n<p><strong>Nicht notwendig:<\/strong> Diese Cookies speichern Informationen wie die Anzahl der Website-Besucher, die Anzahl der eindeutigen Besucher, welche Seiten der Website besucht wurden, die Quelle des Besuchs usw. Diese Daten helfen uns zu verstehen und zu analysieren, wie die Website funktioniert und wo Verbesserungsbedarf besteht. <\/p>\n<h3>WIE KANN ICH MEINE COOKIE-EINSTELLUNGEN KONTROLLIEREN?<\/h3>\n<p>Wenn Sie Ihre Einstellungen im Laufe Ihrer Browsersitzung \u00e4ndern m\u00f6chten, klicken Sie auf den Tab \u201eCookie-Optionen\u201c. Der Einwilligungshinweis wird erneut angezeigt, sodass Sie Ihre Einstellungen \u00e4ndern oder Ihre Einwilligung vollst\u00e4ndig widerrufen k\u00f6nnen. <\/p>\n<p>Dar\u00fcber hinaus bieten verschiedene Browser unterschiedliche Methoden zum Blockieren und L\u00f6schen von Website-Cookies. Sie k\u00f6nnen Ihre Browsereinstellungen entsprechend anpassen. Weitere Informationen zum Verwalten und L\u00f6schen von Cookies finden Sie auf wikipedia.org.  <\/p>\n<\/div>\n","protected":false},"excerpt":{"rendered":"<p>\u00dcBER DIE COOKIE-RICHTLINIE Diese Cookie-Richtlinie erkl\u00e4rt, was Cookies sind und wie wir sie verwenden, welche Arten von Cookies wir einsetzen (d. h. welche Informationen wir durch Cookies sammeln) und wie diese Informationen verwendet werden, sowie wie Sie Ihre Cookie-Einstellungen verwalten k\u00f6nnen. Weitere Informationen dar\u00fcber, wie wir Ihre personenbezogenen Daten verwenden, speichern und sch\u00fctzen, finden Sie in unserer Datenschutzerkl\u00e4rung . Sie k\u00f6nnen Ihre Einwilligung zur Cookie-Richtlinie auf unserer Website jederzeit \u00e4ndern oder widerrufen. In unserer Datenschutzerkl\u00e4rung erfahren Sie mehr dar\u00fcber, wer wir sind, wie Sie uns kontaktieren k\u00f6nnen und wie wir personenbezogene Daten verarbeiten. Ihre Einwilligung gilt f\u00fcr die folgende Domain: rutessilviarovira.com. WAS SIND KEKSE? Cookies sind kleine Textdateien, die geringe Datenmengen speichern. Sie werden auf Ihrem Ger\u00e4t gespeichert, sobald Sie die Website in Ihrem Browser aufrufen. Mithilfe dieser Cookies k\u00f6nnen wir die Website ordnungsgem\u00e4\u00df betreiben, ihre Sicherheit erh\u00f6hen, ein besseres Nutzererlebnis bieten und die Funktionsweise der Website analysieren, um herauszufinden, [&hellip;]<\/p>\n","protected":false},"author":4,"featured_media":0,"parent":0,"menu_order":0,"comment_status":"closed","ping_status":"closed","template":"","meta":{"footnotes":""},"class_list":["post-9433","page","type-page","status-publish","hentry"],"yoast_head":"<!-- This site is optimized with the Yoast SEO plugin v22.9 - https:\/\/yoast.com\/wordpress\/plugins\/seo\/ -->\n<title>Cookie-Richtlinie - Rutes S\u00edlvia Rovira<\/title>\n<meta name=\"description\" content=\"Seite zur Cookie-Richtlinie\" \/>\n<meta name=\"robots\" content=\"noindex, nofollow\" \/>\n<meta property=\"og:locale\" content=\"de_DE\" \/>\n<meta property=\"og:type\" content=\"article\" \/>\n<meta property=\"og:title\" content=\"Cookie-Richtlinie - Rutes S\u00edlvia Rovira\" \/>\n<meta property=\"og:description\" content=\"Seite zur Cookie-Richtlinie\" \/>\n<meta property=\"og:url\" content=\"https:\/\/rutessilviarovira.com\/de\/cookie-richtlinie\/\" \/>\n<meta property=\"og:site_name\" content=\"Rutes S\u00edlvia Rovira\" \/>\n<meta name=\"twitter:card\" content=\"summary_large_image\" \/>\n<meta name=\"twitter:label1\" content=\"Gesch\u00e4tzte Lesezeit\" \/>\n\t<meta name=\"twitter:data1\" content=\"2\u00a0Minuten\" \/>\n<script type=\"application\/ld+json\" class=\"yoast-schema-graph\">{\"@context\":\"https:\/\/schema.org\",\"@graph\":[{\"@type\":\"WebPage\",\"@id\":\"https:\/\/rutessilviarovira.com\/de\/cookie-richtlinie\/\",\"url\":\"https:\/\/rutessilviarovira.com\/de\/cookie-richtlinie\/\",\"name\":\"Cookie-Richtlinie - Rutes S\u00edlvia Rovira\",\"isPartOf\":{\"@id\":\"https:\/\/rutessilviarovira.com\/#website\"},\"datePublished\":\"2021-02-16T21:44:50+00:00\",\"dateModified\":\"2021-02-16T21:44:50+00:00\",\"description\":\"Seite zur Cookie-Richtlinie\",\"breadcrumb\":{\"@id\":\"https:\/\/rutessilviarovira.com\/de\/cookie-richtlinie\/#breadcrumb\"},\"inLanguage\":\"de\",\"potentialAction\":[{\"@type\":\"ReadAction\",\"target\":[\"https:\/\/rutessilviarovira.com\/de\/cookie-richtlinie\/\"]}]},{\"@type\":\"BreadcrumbList\",\"@id\":\"https:\/\/rutessilviarovira.com\/de\/cookie-richtlinie\/#breadcrumb\",\"itemListElement\":[{\"@type\":\"ListItem\",\"position\":1,\"name\":\"Portada\",\"item\":\"https:\/\/rutessilviarovira.com\/de\/heim\/\"},{\"@type\":\"ListItem\",\"position\":2,\"name\":\"Cookie-Richtlinie\"}]},{\"@type\":\"WebSite\",\"@id\":\"https:\/\/rutessilviarovira.com\/#website\",\"url\":\"https:\/\/rutessilviarovira.com\/\",\"name\":\"Rutes S\u00edlvia Rovira\",\"description\":\"Rutes de btt,Senderisme,Trekking i raquetes de neu\",\"publisher\":{\"@id\":\"https:\/\/rutessilviarovira.com\/#organization\"},\"potentialAction\":[{\"@type\":\"SearchAction\",\"target\":{\"@type\":\"EntryPoint\",\"urlTemplate\":\"https:\/\/rutessilviarovira.com\/?s={search_term_string}\"},\"query-input\":\"required name=search_term_string\"}],\"inLanguage\":\"de\"},{\"@type\":\"Organization\",\"@id\":\"https:\/\/rutessilviarovira.com\/#organization\",\"name\":\"Rutes S\u00edvia Rovira\",\"url\":\"https:\/\/rutessilviarovira.com\/\",\"logo\":{\"@type\":\"ImageObject\",\"inLanguage\":\"de\",\"@id\":\"https:\/\/rutessilviarovira.com\/#\/schema\/logo\/image\/\",\"url\":\"https:\/\/rutessilviarovira.com\/wp-content\/uploads\/2019\/04\/cropped-LOGO-1.png\",\"contentUrl\":\"https:\/\/rutessilviarovira.com\/wp-content\/uploads\/2019\/04\/cropped-LOGO-1.png\",\"width\":512,\"height\":512,\"caption\":\"Rutes S\u00edvia Rovira\"},\"image\":{\"@id\":\"https:\/\/rutessilviarovira.com\/#\/schema\/logo\/image\/\"}}]}<\/script>\n<!-- \/ Yoast SEO plugin. -->","yoast_head_json":{"title":"Cookie-Richtlinie - Rutes S\u00edlvia Rovira","description":"Seite zur Cookie-Richtlinie","robots":{"index":"noindex","follow":"nofollow"},"og_locale":"de_DE","og_type":"article","og_title":"Cookie-Richtlinie - Rutes S\u00edlvia Rovira","og_description":"Seite zur Cookie-Richtlinie","og_url":"https:\/\/rutessilviarovira.com\/de\/cookie-richtlinie\/","og_site_name":"Rutes S\u00edlvia Rovira","twitter_card":"summary_large_image","twitter_misc":{"Gesch\u00e4tzte Lesezeit":"2\u00a0Minuten"},"schema":{"@context":"https:\/\/schema.org","@graph":[{"@type":"WebPage","@id":"https:\/\/rutessilviarovira.com\/de\/cookie-richtlinie\/","url":"https:\/\/rutessilviarovira.com\/de\/cookie-richtlinie\/","name":"Cookie-Richtlinie - Rutes S\u00edlvia Rovira","isPartOf":{"@id":"https:\/\/rutessilviarovira.com\/#website"},"datePublished":"2021-02-16T21:44:50+00:00","dateModified":"2021-02-16T21:44:50+00:00","description":"Seite zur Cookie-Richtlinie","breadcrumb":{"@id":"https:\/\/rutessilviarovira.com\/de\/cookie-richtlinie\/#breadcrumb"},"inLanguage":"de","potentialAction":[{"@type":"ReadAction","target":["https:\/\/rutessilviarovira.com\/de\/cookie-richtlinie\/"]}]},{"@type":"BreadcrumbList","@id":"https:\/\/rutessilviarovira.com\/de\/cookie-richtlinie\/#breadcrumb","itemListElement":[{"@type":"ListItem","position":1,"name":"Portada","item":"https:\/\/rutessilviarovira.com\/de\/heim\/"},{"@type":"ListItem","position":2,"name":"Cookie-Richtlinie"}]},{"@type":"WebSite","@id":"https:\/\/rutessilviarovira.com\/#website","url":"https:\/\/rutessilviarovira.com\/","name":"Rutes S\u00edlvia Rovira","description":"Rutes de btt,Senderisme,Trekking i raquetes de neu","publisher":{"@id":"https:\/\/rutessilviarovira.com\/#organization"},"potentialAction":[{"@type":"SearchAction","target":{"@type":"EntryPoint","urlTemplate":"https:\/\/rutessilviarovira.com\/?s={search_term_string}"},"query-input":"required name=search_term_string"}],"inLanguage":"de"},{"@type":"Organization","@id":"https:\/\/rutessilviarovira.com\/#organization","name":"Rutes S\u00edvia Rovira","url":"https:\/\/rutessilviarovira.com\/","logo":{"@type":"ImageObject","inLanguage":"de","@id":"https:\/\/rutessilviarovira.com\/#\/schema\/logo\/image\/","url":"https:\/\/rutessilviarovira.com\/wp-content\/uploads\/2019\/04\/cropped-LOGO-1.png","contentUrl":"https:\/\/rutessilviarovira.com\/wp-content\/uploads\/2019\/04\/cropped-LOGO-1.png","width":512,"height":512,"caption":"Rutes S\u00edvia Rovira"},"image":{"@id":"https:\/\/rutessilviarovira.com\/#\/schema\/logo\/image\/"}}]}},"_links":{"self":[{"href":"https:\/\/rutessilviarovira.com\/de\/wp-json\/wp\/v2\/pages\/9433"}],"collection":[{"href":"https:\/\/rutessilviarovira.com\/de\/wp-json\/wp\/v2\/pages"}],"about":[{"href":"https:\/\/rutessilviarovira.com\/de\/wp-json\/wp\/v2\/types\/page"}],"author":[{"embeddable":true,"href":"https:\/\/rutessilviarovira.com\/de\/wp-json\/wp\/v2\/users\/4"}],"replies":[{"embeddable":true,"href":"https:\/\/rutessilviarovira.com\/de\/wp-json\/wp\/v2\/comments?post=9433"}],"version-history":[{"count":0,"href":"https:\/\/rutessilviarovira.com\/de\/wp-json\/wp\/v2\/pages\/9433\/revisions"}],"wp:attachment":[{"href":"https:\/\/rutessilviarovira.com\/de\/wp-json\/wp\/v2\/media?parent=9433"}],"curies":[{"name":"wp","href":"https:\/\/api.w.org\/{rel}","templated":true}]}}