{"id":9443,"date":"2019-04-19T22:10:55","date_gmt":"2019-04-19T20:10:55","guid":{"rendered":"https:\/\/rutessilviarovira.com\/gefuehrte-routen\/"},"modified":"2025-12-16T20:39:36","modified_gmt":"2025-12-16T19:39:36","slug":"gefuehrte-routen","status":"publish","type":"page","link":"https:\/\/rutessilviarovira.com\/de\/gefuehrte-routen\/","title":{"rendered":"Gef\u00fchrte Routen"},"content":{"rendered":"<p>[vc_row row_background_shadow=&#8220;no&#8220;][vc_column]<div class=\"mkdf-event-list-holder mkdf-event-list-standard mkdf-event-list-col-3\" data-next-page= \"2\" data-type= \"standard\" data-columns= \"3\" data-order-by= \"date\" data-order= \"ASC\" data-event-status= \"all\" data-number= \"-1\" data-image-size= \"original\" data-category= \"RUTES GUIADES\" data-show-more= \"none\" data-title-tag= \"h4\" data-max-num-pages = 0><div class=\"mkdf-event-list-holder-inner \" data-number-of-items=\"3\"><div class=\"mkdf-el-item mkdf-el-item-odd\">\n    <div class=\"mkdf-el-item-inner\">\n        <div class=\"mkdf-el-item-inner-holder\">\n            <div class=\"mkdf-el-item-image\">\n                <a href=\"https:\/\/rutessilviarovira.com\/de\/event\/wanderung-durch-das-salina-tal\/\">\n                    <img decoding=\"async\" width=\"1156\" height=\"691\" src=\"https:\/\/rutessilviarovira.com\/wp-content\/uploads\/2020\/05\/P1310278.9-e1588665809962.jpg\" class=\"attachment-full size-full wp-post-image\" alt=\"\" srcset=\"https:\/\/rutessilviarovira.com\/wp-content\/uploads\/2020\/05\/P1310278.9-e1588665809962.jpg 1156w, https:\/\/rutessilviarovira.com\/wp-content\/uploads\/2020\/05\/P1310278.9-e1588665809962-600x359.jpg 600w\" sizes=\"(max-width: 1156px) 100vw, 1156px\" \/>                <\/a>\n            <\/div>\n                        <div class=\"mkdf-el-item-content\" >\n                <div class=\"mkdf-el-item-location-title-holder\">\n                    <h4 class=\"mkdf-el-item-title\">\n                    <a href=\"https:\/\/rutessilviarovira.com\/de\/event\/wanderung-durch-das-salina-tal\/\">\n                        Wanderung durch das Salina-Tal                    <\/a>\n                <\/h4>\n                                                    <div class=\"mkdf-el-item-time\">\n\t\t\t\t            <span>\n\t\t\t\t            \tAuf Anfrage erh\u00e4ltlich\t\t\t\t            <\/span>\n                    <\/div>\n                                <div class=\"mkdf-el-read-more-link\">\n                    <a href=\"https:\/\/rutessilviarovira.com\/de\/event\/wanderung-durch-das-salina-tal\/\">Llegeix m\u00e9s<\/a>\n                <\/div>\n            <\/div>\n        <\/div>\n    <\/div>\n<\/div>\n<\/div><div class=\"mkdf-el-item mkdf-el-item-even\">\n    <div class=\"mkdf-el-item-inner\">\n        <div class=\"mkdf-el-item-inner-holder\">\n            <div class=\"mkdf-el-item-image\">\n                <a href=\"https:\/\/rutessilviarovira.com\/de\/event\/silvester-in-den-italienischen-alpen-mit-schneeschuhen\/\">\n                    <img decoding=\"async\" width=\"900\" height=\"574\" src=\"https:\/\/rutessilviarovira.com\/wp-content\/uploads\/2023\/12\/P1350172-scaled-e1723831975214.jpg\" class=\"attachment-full size-full wp-post-image\" alt=\"\" srcset=\"https:\/\/rutessilviarovira.com\/wp-content\/uploads\/2023\/12\/P1350172-scaled-e1723831975214.jpg 900w, https:\/\/rutessilviarovira.com\/wp-content\/uploads\/2023\/12\/P1350172-scaled-e1723831975214-300x191.jpg 300w, https:\/\/rutessilviarovira.com\/wp-content\/uploads\/2023\/12\/P1350172-scaled-e1723831975214-768x490.jpg 768w\" sizes=\"(max-width: 900px) 100vw, 900px\" \/>                <\/a>\n            <\/div>\n                        <div class=\"mkdf-el-item-content\" >\n                <div class=\"mkdf-el-item-location-title-holder\">\n                    <h4 class=\"mkdf-el-item-title\">\n                    <a href=\"https:\/\/rutessilviarovira.com\/de\/event\/silvester-in-den-italienischen-alpen-mit-schneeschuhen\/\">\n                        Silvester in den italienischen Alpen mit Schneeschuhen                    <\/a>\n                <\/h4>\n                                                    <div class=\"mkdf-el-item-time\">\n\t\t\t\t            <span>\n\t\t\t\t            \tAuf Anfrage erh\u00e4ltlich\t\t\t\t            <\/span>\n                    <\/div>\n                                <div class=\"mkdf-el-read-more-link\">\n                    <a href=\"https:\/\/rutessilviarovira.com\/de\/event\/silvester-in-den-italienischen-alpen-mit-schneeschuhen\/\">Llegeix m\u00e9s<\/a>\n                <\/div>\n            <\/div>\n        <\/div>\n    <\/div>\n<\/div>\n<\/div><div class=\"mkdf-el-item mkdf-el-item-odd\">\n    <div class=\"mkdf-el-item-inner\">\n        <div class=\"mkdf-el-item-inner-holder\">\n            <div class=\"mkdf-el-item-image\">\n                <a href=\"https:\/\/rutessilviarovira.com\/de\/event\/schneeschuhe-port-del-comte\/\">\n                    <img decoding=\"async\" width=\"2560\" height=\"1920\" src=\"https:\/\/rutessilviarovira.com\/wp-content\/uploads\/2025\/01\/P1390075-scaled-e1768235463793.jpg\" class=\"attachment-full size-full wp-post-image\" alt=\"Raquetes Port del Comte Rutes SR\" \/>                <\/a>\n            <\/div>\n                        <div class=\"mkdf-el-item-content\" >\n                <div class=\"mkdf-el-item-location-title-holder\">\n                    <h4 class=\"mkdf-el-item-title\">\n                    <a href=\"https:\/\/rutessilviarovira.com\/de\/event\/schneeschuhe-port-del-comte\/\">\n                        Schneeschuhe Port del Comte                    <\/a>\n                <\/h4>\n                                                    <div class=\"mkdf-el-item-time\">\n\t\t\t\t            <span>\n\t\t\t\t            \tAuf Anfrage erh\u00e4ltlich\t\t\t\t            <\/span>\n                    <\/div>\n                                <div class=\"mkdf-el-read-more-link\">\n                    <a href=\"https:\/\/rutessilviarovira.com\/de\/event\/schneeschuhe-port-del-comte\/\">Llegeix m\u00e9s<\/a>\n                <\/div>\n            <\/div>\n        <\/div>\n    <\/div>\n<\/div>\n<\/div><div class=\"mkdf-el-item mkdf-el-item-even\">\n    <div class=\"mkdf-el-item-inner\">\n        <div class=\"mkdf-el-item-inner-holder\">\n            <div class=\"mkdf-el-item-image\">\n                <a href=\"https:\/\/rutessilviarovira.com\/de\/event\/pedro-dels-quatre-batlles-50-cims\/\">\n                    <img decoding=\"async\" width=\"1160\" height=\"733\" src=\"https:\/\/rutessilviarovira.com\/wp-content\/uploads\/2019\/11\/P1090524-e1611508541496.jpg\" class=\"attachment-full size-full wp-post-image\" alt=\"\" srcset=\"https:\/\/rutessilviarovira.com\/wp-content\/uploads\/2019\/11\/P1090524-e1611508541496.jpg 1160w, https:\/\/rutessilviarovira.com\/wp-content\/uploads\/2019\/11\/P1090524-e1611508541496-600x379.jpg 600w, https:\/\/rutessilviarovira.com\/wp-content\/uploads\/2019\/11\/P1090524-e1611508541496-300x190.jpg 300w, https:\/\/rutessilviarovira.com\/wp-content\/uploads\/2019\/11\/P1090524-e1611508541496-768x485.jpg 768w, https:\/\/rutessilviarovira.com\/wp-content\/uploads\/2019\/11\/P1090524-e1611508541496-1024x647.jpg 1024w\" sizes=\"(max-width: 1160px) 100vw, 1160px\" \/>                <\/a>\n            <\/div>\n                        <div class=\"mkdf-el-item-content\" >\n                <div class=\"mkdf-el-item-location-title-holder\">\n                    <h4 class=\"mkdf-el-item-title\">\n                    <a href=\"https:\/\/rutessilviarovira.com\/de\/event\/pedro-dels-quatre-batlles-50-cims\/\">\n                        Pedr\u00f3 dels Quatre Batlles, 50 Cims                    <\/a>\n                <\/h4>\n                                                    <div class=\"mkdf-el-item-time\">\n\t\t\t\t            <span>\n\t\t\t\t            \tAuf Anfrage erh\u00e4ltlich\t\t\t\t            <\/span>\n                    <\/div>\n                                <div class=\"mkdf-el-read-more-link\">\n                    <a href=\"https:\/\/rutessilviarovira.com\/de\/event\/pedro-dels-quatre-batlles-50-cims\/\">Llegeix m\u00e9s<\/a>\n                <\/div>\n            <\/div>\n        <\/div>\n    <\/div>\n<\/div>\n<\/div><div class=\"mkdf-el-item mkdf-el-item-odd\">\n    <div class=\"mkdf-el-item-inner\">\n        <div class=\"mkdf-el-item-inner-holder\">\n            <div class=\"mkdf-el-item-image\">\n                <a href=\"https:\/\/rutessilviarovira.com\/de\/event\/emblematische-berge-der-gran-sasso-im-apennin-travessa\/\">\n                    <img decoding=\"async\" width=\"1060\" height=\"678\" src=\"https:\/\/rutessilviarovira.com\/wp-content\/uploads\/2021\/08\/P1170203-scaled-e1652609483648.jpg\" class=\"attachment-full size-full wp-post-image\" alt=\"\" srcset=\"https:\/\/rutessilviarovira.com\/wp-content\/uploads\/2021\/08\/P1170203-scaled-e1652609483648.jpg 1060w, https:\/\/rutessilviarovira.com\/wp-content\/uploads\/2021\/08\/P1170203-scaled-e1652609483648-300x192.jpg 300w, https:\/\/rutessilviarovira.com\/wp-content\/uploads\/2021\/08\/P1170203-scaled-e1652609483648-1024x655.jpg 1024w, https:\/\/rutessilviarovira.com\/wp-content\/uploads\/2021\/08\/P1170203-scaled-e1652609483648-768x491.jpg 768w\" sizes=\"(max-width: 1060px) 100vw, 1060px\" \/>                <\/a>\n            <\/div>\n                        <div class=\"mkdf-el-item-content\" >\n                <div class=\"mkdf-el-item-location-title-holder\">\n                    <h4 class=\"mkdf-el-item-title\">\n                    <a href=\"https:\/\/rutessilviarovira.com\/de\/event\/emblematische-berge-der-gran-sasso-im-apennin-travessa\/\">\n                        Emblematische Berge: Der Gran Sasso im Apennin Travessa                    <\/a>\n                <\/h4>\n                                                    <div class=\"mkdf-el-item-time\">\n\t\t\t\t            <span>\n\t\t\t\t            \tAuf Anfrage erh\u00e4ltlich\t\t\t\t            <\/span>\n                    <\/div>\n                                <div class=\"mkdf-el-read-more-link\">\n                    <a href=\"https:\/\/rutessilviarovira.com\/de\/event\/emblematische-berge-der-gran-sasso-im-apennin-travessa\/\">Llegeix m\u00e9s<\/a>\n                <\/div>\n            <\/div>\n        <\/div>\n    <\/div>\n<\/div>\n<\/div><div class=\"mkdf-el-item mkdf-el-item-even\">\n    <div class=\"mkdf-el-item-inner\">\n        <div class=\"mkdf-el-item-inner-holder\">\n            <div class=\"mkdf-el-item-image\">\n                <a href=\"https:\/\/rutessilviarovira.com\/de\/event\/emblemhafte-berge-der-gran-sasso-im-apennin\/\">\n                    <img decoding=\"async\" width=\"1060\" height=\"673\" src=\"https:\/\/rutessilviarovira.com\/wp-content\/uploads\/2022\/05\/P1170181-scaled-e1652608225271.jpg\" class=\"attachment-full size-full wp-post-image\" alt=\"\" srcset=\"https:\/\/rutessilviarovira.com\/wp-content\/uploads\/2022\/05\/P1170181-scaled-e1652608225271.jpg 1060w, https:\/\/rutessilviarovira.com\/wp-content\/uploads\/2022\/05\/P1170181-scaled-e1652608225271-300x190.jpg 300w, https:\/\/rutessilviarovira.com\/wp-content\/uploads\/2022\/05\/P1170181-scaled-e1652608225271-1024x650.jpg 1024w, https:\/\/rutessilviarovira.com\/wp-content\/uploads\/2022\/05\/P1170181-scaled-e1652608225271-768x488.jpg 768w\" sizes=\"(max-width: 1060px) 100vw, 1060px\" \/>                <\/a>\n            <\/div>\n                        <div class=\"mkdf-el-item-content\" >\n                <div class=\"mkdf-el-item-location-title-holder\">\n                    <h4 class=\"mkdf-el-item-title\">\n                    <a href=\"https:\/\/rutessilviarovira.com\/de\/event\/emblemhafte-berge-der-gran-sasso-im-apennin\/\">\n                        Emblemhafte Berge: Der Gran Sasso im Apennin                    <\/a>\n                <\/h4>\n                                                    <div class=\"mkdf-el-item-time\">\n\t\t\t\t            <span>\n\t\t\t\t            \tAuf Anfrage erh\u00e4ltlich\t\t\t\t            <\/span>\n                    <\/div>\n                                <div class=\"mkdf-el-read-more-link\">\n                    <a href=\"https:\/\/rutessilviarovira.com\/de\/event\/emblemhafte-berge-der-gran-sasso-im-apennin\/\">Llegeix m\u00e9s<\/a>\n                <\/div>\n            <\/div>\n        <\/div>\n    <\/div>\n<\/div>\n<\/div><div class=\"mkdf-el-item mkdf-el-item-odd\">\n    <div class=\"mkdf-el-item-inner\">\n        <div class=\"mkdf-el-item-inner-holder\">\n            <div class=\"mkdf-el-item-image\">\n                <a href=\"https:\/\/rutessilviarovira.com\/de\/event\/trekking-in-bulgarien-auf-dem-balkan-seen-und-berge-in-den-nationalparks\/\">\n                    <img decoding=\"async\" width=\"1003\" height=\"648\" src=\"https:\/\/rutessilviarovira.com\/wp-content\/uploads\/2022\/05\/Captura-de-pantalla-2022-05-15-102546.jpg\" class=\"attachment-full size-full wp-post-image\" alt=\"\" srcset=\"https:\/\/rutessilviarovira.com\/wp-content\/uploads\/2022\/05\/Captura-de-pantalla-2022-05-15-102546.jpg 1003w, https:\/\/rutessilviarovira.com\/wp-content\/uploads\/2022\/05\/Captura-de-pantalla-2022-05-15-102546-300x194.jpg 300w, https:\/\/rutessilviarovira.com\/wp-content\/uploads\/2022\/05\/Captura-de-pantalla-2022-05-15-102546-768x496.jpg 768w\" sizes=\"(max-width: 1003px) 100vw, 1003px\" \/>                <\/a>\n            <\/div>\n                        <div class=\"mkdf-el-item-content\" >\n                <div class=\"mkdf-el-item-location-title-holder\">\n                    <h4 class=\"mkdf-el-item-title\">\n                    <a href=\"https:\/\/rutessilviarovira.com\/de\/event\/trekking-in-bulgarien-auf-dem-balkan-seen-und-berge-in-den-nationalparks\/\">\n                        Trekking in Bulgarien auf dem Balkan: Seen und Berge in den Nationalparks                    <\/a>\n                <\/h4>\n                                                    <div class=\"mkdf-el-item-time\">\n\t\t\t\t            <span>\n\t\t\t\t            \tAuf Anfrage erh\u00e4ltlich\t\t\t\t            <\/span>\n                    <\/div>\n                                <div class=\"mkdf-el-read-more-link\">\n                    <a href=\"https:\/\/rutessilviarovira.com\/de\/event\/trekking-in-bulgarien-auf-dem-balkan-seen-und-berge-in-den-nationalparks\/\">Llegeix m\u00e9s<\/a>\n                <\/div>\n            <\/div>\n        <\/div>\n    <\/div>\n<\/div>\n<\/div><\/div><\/div>[\/vc_column][\/vc_row]<\/p>\n","protected":false},"excerpt":{"rendered":"<p>[vc_row row_background_shadow=&#8220;no&#8220;][vc_column][\/vc_column][\/vc_row]<\/p>\n","protected":false},"author":2,"featured_media":0,"parent":0,"menu_order":0,"comment_status":"closed","ping_status":"open","template":"","meta":{"footnotes":""},"class_list":["post-9443","page","type-page","status-publish","hentry"],"yoast_head":"<!-- This site is optimized with the Yoast SEO plugin v22.9 - https:\/\/yoast.com\/wordpress\/plugins\/seo\/ -->\n<title>Gef\u00fchrte Wanderrouten durch Katalonien und die Pyren\u00e4en<\/title>\n<meta name=\"description\" content=\"Entdecken Sie gef\u00fchrte Wander- und Gravelbike-Touren durch die Pyren\u00e4en. Genie\u00dfen Sie unsere Routen durch Pedraforca. Jetzt buchen!\" \/>\n<meta name=\"robots\" content=\"index, follow, max-snippet:-1, max-image-preview:large, max-video-preview:-1\" \/>\n<link rel=\"canonical\" href=\"https:\/\/rutessilviarovira.com\/de\/gefuehrte-routen\/\" \/>\n<meta property=\"og:locale\" content=\"de_DE\" \/>\n<meta property=\"og:type\" content=\"article\" \/>\n<meta property=\"og:title\" content=\"Gef\u00fchrte Wanderrouten durch Katalonien und die Pyren\u00e4en\" \/>\n<meta property=\"og:description\" content=\"Entdecken Sie gef\u00fchrte Wander- und Gravelbike-Touren durch die Pyren\u00e4en. Genie\u00dfen Sie unsere Routen durch Pedraforca. Jetzt buchen!\" \/>\n<meta property=\"og:url\" content=\"https:\/\/rutessilviarovira.com\/de\/gefuehrte-routen\/\" \/>\n<meta property=\"og:site_name\" content=\"Rutes S\u00edlvia Rovira\" \/>\n<meta property=\"article:modified_time\" content=\"2025-12-16T19:39:36+00:00\" \/>\n<meta name=\"twitter:card\" content=\"summary_large_image\" \/>\n<script type=\"application\/ld+json\" class=\"yoast-schema-graph\">{\"@context\":\"https:\/\/schema.org\",\"@graph\":[{\"@type\":\"WebPage\",\"@id\":\"https:\/\/rutessilviarovira.com\/de\/gefuehrte-routen\/\",\"url\":\"https:\/\/rutessilviarovira.com\/de\/gefuehrte-routen\/\",\"name\":\"Gef\u00fchrte Wanderrouten durch Katalonien und die Pyren\u00e4en\",\"isPartOf\":{\"@id\":\"https:\/\/rutessilviarovira.com\/#website\"},\"datePublished\":\"2019-04-19T20:10:55+00:00\",\"dateModified\":\"2025-12-16T19:39:36+00:00\",\"description\":\"Entdecken Sie gef\u00fchrte Wander- und Gravelbike-Touren durch die Pyren\u00e4en. Genie\u00dfen Sie unsere Routen durch Pedraforca. Jetzt buchen!\",\"breadcrumb\":{\"@id\":\"https:\/\/rutessilviarovira.com\/de\/gefuehrte-routen\/#breadcrumb\"},\"inLanguage\":\"de\",\"potentialAction\":[{\"@type\":\"ReadAction\",\"target\":[\"https:\/\/rutessilviarovira.com\/de\/gefuehrte-routen\/\"]}]},{\"@type\":\"BreadcrumbList\",\"@id\":\"https:\/\/rutessilviarovira.com\/de\/gefuehrte-routen\/#breadcrumb\",\"itemListElement\":[{\"@type\":\"ListItem\",\"position\":1,\"name\":\"Portada\",\"item\":\"https:\/\/rutessilviarovira.com\/de\/heim\/\"},{\"@type\":\"ListItem\",\"position\":2,\"name\":\"Gef\u00fchrte Routen\"}]},{\"@type\":\"WebSite\",\"@id\":\"https:\/\/rutessilviarovira.com\/#website\",\"url\":\"https:\/\/rutessilviarovira.com\/\",\"name\":\"Rutes S\u00edlvia Rovira\",\"description\":\"Rutes de btt,Senderisme,Trekking i raquetes de neu\",\"publisher\":{\"@id\":\"https:\/\/rutessilviarovira.com\/#organization\"},\"potentialAction\":[{\"@type\":\"SearchAction\",\"target\":{\"@type\":\"EntryPoint\",\"urlTemplate\":\"https:\/\/rutessilviarovira.com\/?s={search_term_string}\"},\"query-input\":\"required name=search_term_string\"}],\"inLanguage\":\"de\"},{\"@type\":\"Organization\",\"@id\":\"https:\/\/rutessilviarovira.com\/#organization\",\"name\":\"Rutes S\u00edvia Rovira\",\"url\":\"https:\/\/rutessilviarovira.com\/\",\"logo\":{\"@type\":\"ImageObject\",\"inLanguage\":\"de\",\"@id\":\"https:\/\/rutessilviarovira.com\/#\/schema\/logo\/image\/\",\"url\":\"https:\/\/rutessilviarovira.com\/wp-content\/uploads\/2019\/04\/cropped-LOGO-1.png\",\"contentUrl\":\"https:\/\/rutessilviarovira.com\/wp-content\/uploads\/2019\/04\/cropped-LOGO-1.png\",\"width\":512,\"height\":512,\"caption\":\"Rutes S\u00edvia Rovira\"},\"image\":{\"@id\":\"https:\/\/rutessilviarovira.com\/#\/schema\/logo\/image\/\"}}]}<\/script>\n<!-- \/ Yoast SEO plugin. -->","yoast_head_json":{"title":"Gef\u00fchrte Wanderrouten durch Katalonien und die Pyren\u00e4en","description":"Entdecken Sie gef\u00fchrte Wander- und Gravelbike-Touren durch die Pyren\u00e4en. Genie\u00dfen Sie unsere Routen durch Pedraforca. Jetzt buchen!","robots":{"index":"index","follow":"follow","max-snippet":"max-snippet:-1","max-image-preview":"max-image-preview:large","max-video-preview":"max-video-preview:-1"},"canonical":"https:\/\/rutessilviarovira.com\/de\/gefuehrte-routen\/","og_locale":"de_DE","og_type":"article","og_title":"Gef\u00fchrte Wanderrouten durch Katalonien und die Pyren\u00e4en","og_description":"Entdecken Sie gef\u00fchrte Wander- und Gravelbike-Touren durch die Pyren\u00e4en. Genie\u00dfen Sie unsere Routen durch Pedraforca. Jetzt buchen!","og_url":"https:\/\/rutessilviarovira.com\/de\/gefuehrte-routen\/","og_site_name":"Rutes S\u00edlvia Rovira","article_modified_time":"2025-12-16T19:39:36+00:00","twitter_card":"summary_large_image","schema":{"@context":"https:\/\/schema.org","@graph":[{"@type":"WebPage","@id":"https:\/\/rutessilviarovira.com\/de\/gefuehrte-routen\/","url":"https:\/\/rutessilviarovira.com\/de\/gefuehrte-routen\/","name":"Gef\u00fchrte Wanderrouten durch Katalonien und die Pyren\u00e4en","isPartOf":{"@id":"https:\/\/rutessilviarovira.com\/#website"},"datePublished":"2019-04-19T20:10:55+00:00","dateModified":"2025-12-16T19:39:36+00:00","description":"Entdecken Sie gef\u00fchrte Wander- und Gravelbike-Touren durch die Pyren\u00e4en. Genie\u00dfen Sie unsere Routen durch Pedraforca. Jetzt buchen!","breadcrumb":{"@id":"https:\/\/rutessilviarovira.com\/de\/gefuehrte-routen\/#breadcrumb"},"inLanguage":"de","potentialAction":[{"@type":"ReadAction","target":["https:\/\/rutessilviarovira.com\/de\/gefuehrte-routen\/"]}]},{"@type":"BreadcrumbList","@id":"https:\/\/rutessilviarovira.com\/de\/gefuehrte-routen\/#breadcrumb","itemListElement":[{"@type":"ListItem","position":1,"name":"Portada","item":"https:\/\/rutessilviarovira.com\/de\/heim\/"},{"@type":"ListItem","position":2,"name":"Gef\u00fchrte Routen"}]},{"@type":"WebSite","@id":"https:\/\/rutessilviarovira.com\/#website","url":"https:\/\/rutessilviarovira.com\/","name":"Rutes S\u00edlvia Rovira","description":"Rutes de btt,Senderisme,Trekking i raquetes de neu","publisher":{"@id":"https:\/\/rutessilviarovira.com\/#organization"},"potentialAction":[{"@type":"SearchAction","target":{"@type":"EntryPoint","urlTemplate":"https:\/\/rutessilviarovira.com\/?s={search_term_string}"},"query-input":"required name=search_term_string"}],"inLanguage":"de"},{"@type":"Organization","@id":"https:\/\/rutessilviarovira.com\/#organization","name":"Rutes S\u00edvia Rovira","url":"https:\/\/rutessilviarovira.com\/","logo":{"@type":"ImageObject","inLanguage":"de","@id":"https:\/\/rutessilviarovira.com\/#\/schema\/logo\/image\/","url":"https:\/\/rutessilviarovira.com\/wp-content\/uploads\/2019\/04\/cropped-LOGO-1.png","contentUrl":"https:\/\/rutessilviarovira.com\/wp-content\/uploads\/2019\/04\/cropped-LOGO-1.png","width":512,"height":512,"caption":"Rutes S\u00edvia Rovira"},"image":{"@id":"https:\/\/rutessilviarovira.com\/#\/schema\/logo\/image\/"}}]}},"_links":{"self":[{"href":"https:\/\/rutessilviarovira.com\/de\/wp-json\/wp\/v2\/pages\/9443"}],"collection":[{"href":"https:\/\/rutessilviarovira.com\/de\/wp-json\/wp\/v2\/pages"}],"about":[{"href":"https:\/\/rutessilviarovira.com\/de\/wp-json\/wp\/v2\/types\/page"}],"author":[{"embeddable":true,"href":"https:\/\/rutessilviarovira.com\/de\/wp-json\/wp\/v2\/users\/2"}],"replies":[{"embeddable":true,"href":"https:\/\/rutessilviarovira.com\/de\/wp-json\/wp\/v2\/comments?post=9443"}],"version-history":[{"count":1,"href":"https:\/\/rutessilviarovira.com\/de\/wp-json\/wp\/v2\/pages\/9443\/revisions"}],"predecessor-version":[{"id":9445,"href":"https:\/\/rutessilviarovira.com\/de\/wp-json\/wp\/v2\/pages\/9443\/revisions\/9445"}],"wp:attachment":[{"href":"https:\/\/rutessilviarovira.com\/de\/wp-json\/wp\/v2\/media?parent=9443"}],"curies":[{"name":"wp","href":"https:\/\/api.w.org\/{rel}","templated":true}]}}