{"id":9452,"date":"2019-04-19T22:07:56","date_gmt":"2019-04-19T20:07:56","guid":{"rendered":"https:\/\/rutessilviarovira.com\/wandern\/"},"modified":"2025-12-16T20:43:22","modified_gmt":"2025-12-16T19:43:22","slug":"wandern","status":"publish","type":"page","link":"https:\/\/rutessilviarovira.com\/de\/wandern\/","title":{"rendered":"Wandern"},"content":{"rendered":"<p>[vc_row row_background_shadow=&#8220;no&#8220;][vc_column][vc_column_text]Wanderwege durch die Pyren\u00e4en, die Vorpyren\u00e4en und andere Regionen Kataloniens. Jetzt auch die besten Routen weltweit. <\/p>\n<p><a href=\"https:\/\/rutessilviarovira.com\/50cims\/\"><strong>Nimm an der 50 Summits Challenge SR-Routen teil<\/strong><\/a><\/p>\n<p>Einige der von uns erstellten und von S\u00edlvia Rovira entworfenen Routen.<\/p>\n<p>Katharer der Pyren\u00e4en Sud, Gifr\u00e9 und Cingleres, Alta Garrotxa, Schmugglerkreuzung: von Queralt bis Puig-cerd\u00e0 oder Bulloses<\/p>\n<p>Die wildesten Pyren\u00e4en 4-5 Tage, Vall Salina Cardona, andere legend\u00e4re wie: El Pedraforca, La Pica d&#8217;Estats, CBH usw.<\/p>\n<p>Sagen Sie uns, wohin Sie reisen m\u00f6chten, und wir organisieren es f\u00fcr Sie.<\/p>\n<p>Alle Wanderwege durch die Pyren\u00e4en k\u00f6nnen gef\u00fchrt werden. Alternativ organisieren wir die Tour gerne f\u00fcr Sie, sodass Sie sie in Ihrem eigenen Tempo und, falls gew\u00fcnscht, mit Gep\u00e4cktransport (sofern m\u00f6glich) unternehmen k\u00f6nnen. <\/p>\n<p>Informationen und ein Angebot anfordern.<\/p>\n<p>Weitere Informationen und Anmeldung <strong><a href=\"https:\/\/rutessilviarovira.com\/de\/kontakt\/\">hier.<\/a><\/strong>[\/vc_column_text][\/vc_column][\/vc_row][vc_row row_background_shadow=&#8220;no&#8220;][vc_column]<div class=\"mkdf-event-list-holder mkdf-event-list-standard mkdf-event-list-col-3\" data-next-page= \"2\" data-type= \"standard\" data-columns= \"3\" data-order-by= \"date\" data-order= \"ASC\" data-event-status= \"all\" data-number= \"-1\" data-image-size= \"original\" data-category= \"SENDERISME\" data-show-more= \"none\" data-title-tag= \"h4\" data-max-num-pages = 0><div class=\"mkdf-event-list-holder-inner \" data-number-of-items=\"3\"><div class=\"mkdf-el-item mkdf-el-item-odd\">\n    <div class=\"mkdf-el-item-inner\">\n        <div class=\"mkdf-el-item-inner-holder\">\n            <div class=\"mkdf-el-item-image\">\n                <a href=\"https:\/\/rutessilviarovira.com\/de\/event\/wanderung-durch-das-salina-tal\/\">\n                    <img decoding=\"async\" width=\"1156\" height=\"691\" src=\"https:\/\/rutessilviarovira.com\/wp-content\/uploads\/2020\/05\/P1310278.9-e1588665809962.jpg\" class=\"attachment-full size-full wp-post-image\" alt=\"\" srcset=\"https:\/\/rutessilviarovira.com\/wp-content\/uploads\/2020\/05\/P1310278.9-e1588665809962.jpg 1156w, https:\/\/rutessilviarovira.com\/wp-content\/uploads\/2020\/05\/P1310278.9-e1588665809962-600x359.jpg 600w\" sizes=\"(max-width: 1156px) 100vw, 1156px\" \/>                <\/a>\n            <\/div>\n                        <div class=\"mkdf-el-item-content\" >\n                <div class=\"mkdf-el-item-location-title-holder\">\n                    <h4 class=\"mkdf-el-item-title\">\n                    <a href=\"https:\/\/rutessilviarovira.com\/de\/event\/wanderung-durch-das-salina-tal\/\">\n                        Wanderung durch das Salina-Tal                    <\/a>\n                <\/h4>\n                                                    <div class=\"mkdf-el-item-time\">\n\t\t\t\t            <span>\n\t\t\t\t            \tAuf Anfrage erh\u00e4ltlich\t\t\t\t            <\/span>\n                    <\/div>\n                                <div class=\"mkdf-el-read-more-link\">\n                    <a href=\"https:\/\/rutessilviarovira.com\/de\/event\/wanderung-durch-das-salina-tal\/\">Llegeix m\u00e9s<\/a>\n                <\/div>\n            <\/div>\n        <\/div>\n    <\/div>\n<\/div>\n<\/div><div class=\"mkdf-el-item mkdf-el-item-even\">\n    <div class=\"mkdf-el-item-inner\">\n        <div class=\"mkdf-el-item-inner-holder\">\n            <div class=\"mkdf-el-item-image\">\n                <a href=\"https:\/\/rutessilviarovira.com\/de\/event\/emblematische-berge-der-gran-sasso-im-apennin-travessa\/\">\n                    <img decoding=\"async\" width=\"1060\" height=\"678\" src=\"https:\/\/rutessilviarovira.com\/wp-content\/uploads\/2021\/08\/P1170203-scaled-e1652609483648.jpg\" class=\"attachment-full size-full wp-post-image\" alt=\"\" srcset=\"https:\/\/rutessilviarovira.com\/wp-content\/uploads\/2021\/08\/P1170203-scaled-e1652609483648.jpg 1060w, https:\/\/rutessilviarovira.com\/wp-content\/uploads\/2021\/08\/P1170203-scaled-e1652609483648-300x192.jpg 300w, https:\/\/rutessilviarovira.com\/wp-content\/uploads\/2021\/08\/P1170203-scaled-e1652609483648-1024x655.jpg 1024w, https:\/\/rutessilviarovira.com\/wp-content\/uploads\/2021\/08\/P1170203-scaled-e1652609483648-768x491.jpg 768w\" sizes=\"(max-width: 1060px) 100vw, 1060px\" \/>                <\/a>\n            <\/div>\n                        <div class=\"mkdf-el-item-content\" >\n                <div class=\"mkdf-el-item-location-title-holder\">\n                    <h4 class=\"mkdf-el-item-title\">\n                    <a href=\"https:\/\/rutessilviarovira.com\/de\/event\/emblematische-berge-der-gran-sasso-im-apennin-travessa\/\">\n                        Emblematische Berge: Der Gran Sasso im Apennin Travessa                    <\/a>\n                <\/h4>\n                                                    <div class=\"mkdf-el-item-time\">\n\t\t\t\t            <span>\n\t\t\t\t            \tAuf Anfrage erh\u00e4ltlich\t\t\t\t            <\/span>\n                    <\/div>\n                                <div class=\"mkdf-el-read-more-link\">\n                    <a href=\"https:\/\/rutessilviarovira.com\/de\/event\/emblematische-berge-der-gran-sasso-im-apennin-travessa\/\">Llegeix m\u00e9s<\/a>\n                <\/div>\n            <\/div>\n        <\/div>\n    <\/div>\n<\/div>\n<\/div><div class=\"mkdf-el-item mkdf-el-item-odd\">\n    <div class=\"mkdf-el-item-inner\">\n        <div class=\"mkdf-el-item-inner-holder\">\n            <div class=\"mkdf-el-item-image\">\n                <a href=\"https:\/\/rutessilviarovira.com\/de\/event\/emblemhafte-berge-der-gran-sasso-im-apennin\/\">\n                    <img decoding=\"async\" width=\"1060\" height=\"673\" src=\"https:\/\/rutessilviarovira.com\/wp-content\/uploads\/2022\/05\/P1170181-scaled-e1652608225271.jpg\" class=\"attachment-full size-full wp-post-image\" alt=\"\" srcset=\"https:\/\/rutessilviarovira.com\/wp-content\/uploads\/2022\/05\/P1170181-scaled-e1652608225271.jpg 1060w, https:\/\/rutessilviarovira.com\/wp-content\/uploads\/2022\/05\/P1170181-scaled-e1652608225271-300x190.jpg 300w, https:\/\/rutessilviarovira.com\/wp-content\/uploads\/2022\/05\/P1170181-scaled-e1652608225271-1024x650.jpg 1024w, https:\/\/rutessilviarovira.com\/wp-content\/uploads\/2022\/05\/P1170181-scaled-e1652608225271-768x488.jpg 768w\" sizes=\"(max-width: 1060px) 100vw, 1060px\" \/>                <\/a>\n            <\/div>\n                        <div class=\"mkdf-el-item-content\" >\n                <div class=\"mkdf-el-item-location-title-holder\">\n                    <h4 class=\"mkdf-el-item-title\">\n                    <a href=\"https:\/\/rutessilviarovira.com\/de\/event\/emblemhafte-berge-der-gran-sasso-im-apennin\/\">\n                        Emblemhafte Berge: Der Gran Sasso im Apennin                    <\/a>\n                <\/h4>\n                                                    <div class=\"mkdf-el-item-time\">\n\t\t\t\t            <span>\n\t\t\t\t            \tAuf Anfrage erh\u00e4ltlich\t\t\t\t            <\/span>\n                    <\/div>\n                                <div class=\"mkdf-el-read-more-link\">\n                    <a href=\"https:\/\/rutessilviarovira.com\/de\/event\/emblemhafte-berge-der-gran-sasso-im-apennin\/\">Llegeix m\u00e9s<\/a>\n                <\/div>\n            <\/div>\n        <\/div>\n    <\/div>\n<\/div>\n<\/div><div class=\"mkdf-el-item mkdf-el-item-even\">\n    <div class=\"mkdf-el-item-inner\">\n        <div class=\"mkdf-el-item-inner-holder\">\n            <div class=\"mkdf-el-item-image\">\n                <a href=\"https:\/\/rutessilviarovira.com\/de\/event\/trekking-in-bulgarien-auf-dem-balkan-seen-und-berge-in-den-nationalparks\/\">\n                    <img decoding=\"async\" width=\"1003\" height=\"648\" src=\"https:\/\/rutessilviarovira.com\/wp-content\/uploads\/2022\/05\/Captura-de-pantalla-2022-05-15-102546.jpg\" class=\"attachment-full size-full wp-post-image\" alt=\"\" srcset=\"https:\/\/rutessilviarovira.com\/wp-content\/uploads\/2022\/05\/Captura-de-pantalla-2022-05-15-102546.jpg 1003w, https:\/\/rutessilviarovira.com\/wp-content\/uploads\/2022\/05\/Captura-de-pantalla-2022-05-15-102546-300x194.jpg 300w, https:\/\/rutessilviarovira.com\/wp-content\/uploads\/2022\/05\/Captura-de-pantalla-2022-05-15-102546-768x496.jpg 768w\" sizes=\"(max-width: 1003px) 100vw, 1003px\" \/>                <\/a>\n            <\/div>\n                        <div class=\"mkdf-el-item-content\" >\n                <div class=\"mkdf-el-item-location-title-holder\">\n                    <h4 class=\"mkdf-el-item-title\">\n                    <a href=\"https:\/\/rutessilviarovira.com\/de\/event\/trekking-in-bulgarien-auf-dem-balkan-seen-und-berge-in-den-nationalparks\/\">\n                        Trekking in Bulgarien auf dem Balkan: Seen und Berge in den Nationalparks                    <\/a>\n                <\/h4>\n                                                    <div class=\"mkdf-el-item-time\">\n\t\t\t\t            <span>\n\t\t\t\t            \tAuf Anfrage erh\u00e4ltlich\t\t\t\t            <\/span>\n                    <\/div>\n                                <div class=\"mkdf-el-read-more-link\">\n                    <a href=\"https:\/\/rutessilviarovira.com\/de\/event\/trekking-in-bulgarien-auf-dem-balkan-seen-und-berge-in-den-nationalparks\/\">Llegeix m\u00e9s<\/a>\n                <\/div>\n            <\/div>\n        <\/div>\n    <\/div>\n<\/div>\n<\/div><\/div><\/div>[\/vc_column][\/vc_row]<\/p>\n","protected":false},"excerpt":{"rendered":"<p>[vc_row row_background_shadow=&#8220;no&#8220;][vc_column][vc_column_text]Wanderwege durch die Pyren\u00e4en, die Vorpyren\u00e4en und andere Regionen Kataloniens. Jetzt auch die besten Routen weltweit. Nimm an der 50 Summits Challenge SR-Routen teil Einige der von uns erstellten und von S\u00edlvia Rovira entworfenen Routen. Katharer der Pyren\u00e4en Sud, Gifr\u00e9 und Cingleres, Alta Garrotxa, Schmugglerkreuzung: von Queralt bis Puig-cerd\u00e0 oder Bulloses Die wildesten Pyren\u00e4en 4-5 Tage, Vall Salina Cardona, andere legend\u00e4re wie: El Pedraforca, La Pica d&#8217;Estats, CBH usw. Sagen Sie uns, wohin Sie reisen m\u00f6chten, und wir organisieren es f\u00fcr Sie. Alle Wanderwege durch die Pyren\u00e4en k\u00f6nnen gef\u00fchrt werden. Alternativ organisieren wir die Tour gerne f\u00fcr Sie, sodass Sie sie in Ihrem eigenen Tempo und, falls gew\u00fcnscht, mit Gep\u00e4cktransport (sofern m\u00f6glich) unternehmen k\u00f6nnen. Informationen und ein Angebot anfordern. Weitere Informationen und Anmeldung hier.[\/vc_column_text][\/vc_column][\/vc_row][vc_row row_background_shadow=&#8220;no&#8220;][vc_column][\/vc_column][\/vc_row]<\/p>\n","protected":false},"author":2,"featured_media":0,"parent":0,"menu_order":0,"comment_status":"closed","ping_status":"open","template":"","meta":{"footnotes":""},"class_list":["post-9452","page","type-page","status-publish","hentry"],"yoast_head":"<!-- This site is optimized with the Yoast SEO plugin v22.9 - https:\/\/yoast.com\/wordpress\/plugins\/seo\/ -->\n<title>Wanderreiseb\u00fcro. Wanderrouten in den Pyren\u00e4en<\/title>\n<meta name=\"description\" content=\"Wanderreiseb\u00fcro. Entdecken Sie Wanderrouten durch die Pyren\u00e4en entlang des historischen Cam\u00ed dels Bons Homes. Atemberaubende Landschaften und kulturelles Erbe.\" \/>\n<meta name=\"robots\" content=\"index, follow, max-snippet:-1, max-image-preview:large, max-video-preview:-1\" \/>\n<link rel=\"canonical\" href=\"https:\/\/rutessilviarovira.com\/de\/wandern\/\" \/>\n<meta property=\"og:locale\" content=\"de_DE\" \/>\n<meta property=\"og:type\" content=\"article\" \/>\n<meta property=\"og:title\" content=\"Wanderreiseb\u00fcro. Wanderrouten in den Pyren\u00e4en\" \/>\n<meta property=\"og:description\" content=\"Wanderreiseb\u00fcro. Entdecken Sie Wanderrouten durch die Pyren\u00e4en entlang des historischen Cam\u00ed dels Bons Homes. Atemberaubende Landschaften und kulturelles Erbe.\" \/>\n<meta property=\"og:url\" content=\"https:\/\/rutessilviarovira.com\/de\/wandern\/\" \/>\n<meta property=\"og:site_name\" content=\"Rutes S\u00edlvia Rovira\" \/>\n<meta property=\"article:modified_time\" content=\"2025-12-16T19:43:22+00:00\" \/>\n<meta name=\"twitter:card\" content=\"summary_large_image\" \/>\n<meta name=\"twitter:label1\" content=\"Gesch\u00e4tzte Lesezeit\" \/>\n\t<meta name=\"twitter:data1\" content=\"1\u00a0Minute\" \/>\n<script type=\"application\/ld+json\" class=\"yoast-schema-graph\">{\"@context\":\"https:\/\/schema.org\",\"@graph\":[{\"@type\":\"WebPage\",\"@id\":\"https:\/\/rutessilviarovira.com\/de\/wandern\/\",\"url\":\"https:\/\/rutessilviarovira.com\/de\/wandern\/\",\"name\":\"Wanderreiseb\u00fcro. Wanderrouten in den Pyren\u00e4en\",\"isPartOf\":{\"@id\":\"https:\/\/rutessilviarovira.com\/#website\"},\"datePublished\":\"2019-04-19T20:07:56+00:00\",\"dateModified\":\"2025-12-16T19:43:22+00:00\",\"description\":\"Wanderreiseb\u00fcro. Entdecken Sie Wanderrouten durch die Pyren\u00e4en entlang des historischen Cam\u00ed dels Bons Homes. Atemberaubende Landschaften und kulturelles Erbe.\",\"breadcrumb\":{\"@id\":\"https:\/\/rutessilviarovira.com\/de\/wandern\/#breadcrumb\"},\"inLanguage\":\"de\",\"potentialAction\":[{\"@type\":\"ReadAction\",\"target\":[\"https:\/\/rutessilviarovira.com\/de\/wandern\/\"]}]},{\"@type\":\"BreadcrumbList\",\"@id\":\"https:\/\/rutessilviarovira.com\/de\/wandern\/#breadcrumb\",\"itemListElement\":[{\"@type\":\"ListItem\",\"position\":1,\"name\":\"Portada\",\"item\":\"https:\/\/rutessilviarovira.com\/de\/heim\/\"},{\"@type\":\"ListItem\",\"position\":2,\"name\":\"Wandern\"}]},{\"@type\":\"WebSite\",\"@id\":\"https:\/\/rutessilviarovira.com\/#website\",\"url\":\"https:\/\/rutessilviarovira.com\/\",\"name\":\"Rutes S\u00edlvia Rovira\",\"description\":\"Rutes de btt,Senderisme,Trekking i raquetes de neu\",\"publisher\":{\"@id\":\"https:\/\/rutessilviarovira.com\/#organization\"},\"potentialAction\":[{\"@type\":\"SearchAction\",\"target\":{\"@type\":\"EntryPoint\",\"urlTemplate\":\"https:\/\/rutessilviarovira.com\/?s={search_term_string}\"},\"query-input\":\"required name=search_term_string\"}],\"inLanguage\":\"de\"},{\"@type\":\"Organization\",\"@id\":\"https:\/\/rutessilviarovira.com\/#organization\",\"name\":\"Rutes S\u00edvia Rovira\",\"url\":\"https:\/\/rutessilviarovira.com\/\",\"logo\":{\"@type\":\"ImageObject\",\"inLanguage\":\"de\",\"@id\":\"https:\/\/rutessilviarovira.com\/#\/schema\/logo\/image\/\",\"url\":\"https:\/\/rutessilviarovira.com\/wp-content\/uploads\/2019\/04\/cropped-LOGO-1.png\",\"contentUrl\":\"https:\/\/rutessilviarovira.com\/wp-content\/uploads\/2019\/04\/cropped-LOGO-1.png\",\"width\":512,\"height\":512,\"caption\":\"Rutes S\u00edvia Rovira\"},\"image\":{\"@id\":\"https:\/\/rutessilviarovira.com\/#\/schema\/logo\/image\/\"}}]}<\/script>\n<!-- \/ Yoast SEO plugin. -->","yoast_head_json":{"title":"Wanderreiseb\u00fcro. Wanderrouten in den Pyren\u00e4en","description":"Wanderreiseb\u00fcro. Entdecken Sie Wanderrouten durch die Pyren\u00e4en entlang des historischen Cam\u00ed dels Bons Homes. Atemberaubende Landschaften und kulturelles Erbe.","robots":{"index":"index","follow":"follow","max-snippet":"max-snippet:-1","max-image-preview":"max-image-preview:large","max-video-preview":"max-video-preview:-1"},"canonical":"https:\/\/rutessilviarovira.com\/de\/wandern\/","og_locale":"de_DE","og_type":"article","og_title":"Wanderreiseb\u00fcro. Wanderrouten in den Pyren\u00e4en","og_description":"Wanderreiseb\u00fcro. Entdecken Sie Wanderrouten durch die Pyren\u00e4en entlang des historischen Cam\u00ed dels Bons Homes. Atemberaubende Landschaften und kulturelles Erbe.","og_url":"https:\/\/rutessilviarovira.com\/de\/wandern\/","og_site_name":"Rutes S\u00edlvia Rovira","article_modified_time":"2025-12-16T19:43:22+00:00","twitter_card":"summary_large_image","twitter_misc":{"Gesch\u00e4tzte Lesezeit":"1\u00a0Minute"},"schema":{"@context":"https:\/\/schema.org","@graph":[{"@type":"WebPage","@id":"https:\/\/rutessilviarovira.com\/de\/wandern\/","url":"https:\/\/rutessilviarovira.com\/de\/wandern\/","name":"Wanderreiseb\u00fcro. Wanderrouten in den Pyren\u00e4en","isPartOf":{"@id":"https:\/\/rutessilviarovira.com\/#website"},"datePublished":"2019-04-19T20:07:56+00:00","dateModified":"2025-12-16T19:43:22+00:00","description":"Wanderreiseb\u00fcro. Entdecken Sie Wanderrouten durch die Pyren\u00e4en entlang des historischen Cam\u00ed dels Bons Homes. Atemberaubende Landschaften und kulturelles Erbe.","breadcrumb":{"@id":"https:\/\/rutessilviarovira.com\/de\/wandern\/#breadcrumb"},"inLanguage":"de","potentialAction":[{"@type":"ReadAction","target":["https:\/\/rutessilviarovira.com\/de\/wandern\/"]}]},{"@type":"BreadcrumbList","@id":"https:\/\/rutessilviarovira.com\/de\/wandern\/#breadcrumb","itemListElement":[{"@type":"ListItem","position":1,"name":"Portada","item":"https:\/\/rutessilviarovira.com\/de\/heim\/"},{"@type":"ListItem","position":2,"name":"Wandern"}]},{"@type":"WebSite","@id":"https:\/\/rutessilviarovira.com\/#website","url":"https:\/\/rutessilviarovira.com\/","name":"Rutes S\u00edlvia Rovira","description":"Rutes de btt,Senderisme,Trekking i raquetes de neu","publisher":{"@id":"https:\/\/rutessilviarovira.com\/#organization"},"potentialAction":[{"@type":"SearchAction","target":{"@type":"EntryPoint","urlTemplate":"https:\/\/rutessilviarovira.com\/?s={search_term_string}"},"query-input":"required name=search_term_string"}],"inLanguage":"de"},{"@type":"Organization","@id":"https:\/\/rutessilviarovira.com\/#organization","name":"Rutes S\u00edvia Rovira","url":"https:\/\/rutessilviarovira.com\/","logo":{"@type":"ImageObject","inLanguage":"de","@id":"https:\/\/rutessilviarovira.com\/#\/schema\/logo\/image\/","url":"https:\/\/rutessilviarovira.com\/wp-content\/uploads\/2019\/04\/cropped-LOGO-1.png","contentUrl":"https:\/\/rutessilviarovira.com\/wp-content\/uploads\/2019\/04\/cropped-LOGO-1.png","width":512,"height":512,"caption":"Rutes S\u00edvia Rovira"},"image":{"@id":"https:\/\/rutessilviarovira.com\/#\/schema\/logo\/image\/"}}]}},"_links":{"self":[{"href":"https:\/\/rutessilviarovira.com\/de\/wp-json\/wp\/v2\/pages\/9452"}],"collection":[{"href":"https:\/\/rutessilviarovira.com\/de\/wp-json\/wp\/v2\/pages"}],"about":[{"href":"https:\/\/rutessilviarovira.com\/de\/wp-json\/wp\/v2\/types\/page"}],"author":[{"embeddable":true,"href":"https:\/\/rutessilviarovira.com\/de\/wp-json\/wp\/v2\/users\/2"}],"replies":[{"embeddable":true,"href":"https:\/\/rutessilviarovira.com\/de\/wp-json\/wp\/v2\/comments?post=9452"}],"version-history":[{"count":2,"href":"https:\/\/rutessilviarovira.com\/de\/wp-json\/wp\/v2\/pages\/9452\/revisions"}],"predecessor-version":[{"id":9455,"href":"https:\/\/rutessilviarovira.com\/de\/wp-json\/wp\/v2\/pages\/9452\/revisions\/9455"}],"wp:attachment":[{"href":"https:\/\/rutessilviarovira.com\/de\/wp-json\/wp\/v2\/media?parent=9452"}],"curies":[{"name":"wp","href":"https:\/\/api.w.org\/{rel}","templated":true}]}}