{"id":9456,"date":"2018-02-06T09:28:22","date_gmt":"2018-02-06T08:28:22","guid":{"rendered":"https:\/\/rutessilviarovira.com\/silvia-rovira\/"},"modified":"2025-12-16T20:43:41","modified_gmt":"2025-12-16T19:43:41","slug":"silvia-rovira","status":"publish","type":"page","link":"https:\/\/rutessilviarovira.com\/de\/silvia-rovira\/","title":{"rendered":"Silvia Rovira"},"content":{"rendered":"<p>[vc_row row_content_width=&#8220;grid&#8220; row_background_shadow=&#8220;no&#8220; css=&#8220;.vc_custom_1517919154668{padding-top: 132px !important;padding-bottom: 56px !important;}&#8220;][vc_column]<div class=\"mkdf-elements-holder   mkdf-one-column  mkdf-responsive-mode-768 \" ><div class=\"mkdf-eh-item    \"  data-item-class=\"mkdf-eh-custom-3770\" data-1280-1600=\"0 19%\" data-1024-1280=\"0 19%\" data-768-1024=\"0 6%\" data-680-768=\"0 0%\" data-680=\"0 0\">\n\t<div class=\"mkdf-eh-item-inner\">\n\t\t<div class=\"mkdf-eh-item-content mkdf-eh-custom-3770\" style=\"padding: 0 24%\">\n\t\t\t<div class=\"mkdf-section-title-holder  mkdf-st-standard \" >\n\t<div class=\"mkdf-st-inner\">\n\t\t\t\t\t<h1 class=\"mkdf-st-title\" >\n\t\t\t\tSilvia Rovira\t\t\t<\/h1>\n\t\t\t\t\t\t\t<div class=\"mkdf-separator-holder clearfix\">\n\t\t\t\t<div class=\"mkdf-separator\" ><\/div>\n\t\t\t<\/div>\n\t\t\t\t\t\t\t<p class=\"mkdf-st-text\" style=\"font-size: 25px\">\n\t\t\t\tRutes,Senderisme,Btt,Raquetes.\t\t\t<\/p>\n\t\t\t<\/div>\n<\/div>\t\t<\/div>\n\t<\/div>\n<\/div><\/div>[vc_column_text]<img decoding=\"async\" class=\" wp-image-3023 aligncenter\" src=\"https:\/\/rutessilviarovira.com\/wp-content\/uploads\/2019\/05\/MG_0444-1-1024x683.jpg\" alt=\"\" width=\"406\" height=\"271\" srcset=\"https:\/\/rutessilviarovira.com\/wp-content\/uploads\/2019\/05\/MG_0444-1-1024x683.jpg 1024w, https:\/\/rutessilviarovira.com\/wp-content\/uploads\/2019\/05\/MG_0444-1-600x400.jpg 600w, https:\/\/rutessilviarovira.com\/wp-content\/uploads\/2019\/05\/MG_0444-1-300x200.jpg 300w, https:\/\/rutessilviarovira.com\/wp-content\/uploads\/2019\/05\/MG_0444-1-768x512.jpg 768w\" sizes=\"(max-width: 406px) 100vw, 406px\" \/><\/p>\n<h4><span style=\"color: #000000;\">Die Strecken wurden von S\u00edlvia Rovira, der spanischen Meisterin und Vize-Europameisterin im Mountainbiken, entworfen.<\/span><\/h4>\n<p>F\u00fcr alle, die mich nicht kennen: Ich bin seit vielen Jahren professioneller Mountainbike-Rennfahrer. Ich habe auf Stra\u00dfen und vor allem auf Mountainbike-Pfaden trainiert; deshalb kenne ich jede Kurve sehr gut, insbesondere die Gegend um Bages, Bergued\u00e0 und Solson\u00e8s. <\/p>\n<p>Es ist ein Gl\u00fcck, an einem so privilegierten Ort f\u00fcr Mountainbiker zu leben, wo wir alle Arten von Strecken finden k\u00f6nnen, von flachen Strecken durch T\u00e4ler und Fl\u00fcsse bis hin zu recht anspruchsvollen Strecken durch hohe Berge, die immer durch unvergleichliche Landschaften f\u00fchren, wo wir auch Burgen, Kirchen, Heiligt\u00fcmer, Seen, Gr\u00e4ber, mittelalterliche Br\u00fccken, kleine D\u00f6rfer und Bauernh\u00f6fe sehen k\u00f6nnen.<\/p>\n<p>Wir haben verschiedene Strecken mit unterschiedlichen Schwierigkeitsgraden vorbereitet, die an jedem gew\u00fcnschten Tag im Laufe des Jahres befahren werden k\u00f6nnen. F\u00fcr Gruppen, die dies w\u00fcnschen, k\u00f6nnen \u2013 wie bei organisierten Ausfl\u00fcgen \u00fcblich \u2013 Verpflegung entlang der Strecke, ein Begleitfahrzeug, Unterkunftsreservierungen und Souvenirs f\u00fcr die <em>Finisher<\/em> bei den l\u00e4ngeren Strecken organisiert werden. <\/p>\n<p>Meine Leidenschaft f\u00fcr Radfahren und Bergwandern hat mich auf Reisen durch ganz Katalonien und die Welt gef\u00fchrt. Mein Ziel ist es nun, diese Routen und Wege bekannt zu machen und die sch\u00f6nsten Reiseziele in Katalonien, Europa und anderen Kontinenten zu erkunden. Besonders wichtig sind mir dabei das Atlasgebirge, Nepal und der Kilimandscharo.  <\/p>\n<p>Wir begleiten Sie auf Ihrem Abenteuer, f\u00fchren Sie durch Sehensw\u00fcrdigkeiten und streben stets nach den Zielen Sport, Natur und unvergesslichen Erlebnissen beim Aktivtourismus \u2013 ob mit dem Fahrrad, zu Fu\u00df oder mit Schneeschuhen.<\/p>\n<h4><strong>Qualifikation:  <\/strong><\/h4>\n<p>&#8211; Durchf\u00fchrung von Aktivit\u00e4ten in der nat\u00fcrlichen Umwelt<\/p>\n<p>&#8211; Halb-Bergf\u00fchrer<\/p>\n<p>&#8211; Zweiter bei den Europameisterschaften (95&#8242;) in Tschechien.<\/p>\n<p>&#8211; Dreimaliger spanischer Meister.<\/p>\n<p>&#8211; 5. Zweiter von Spanien.<\/p>\n<p>&#8211; 6. &#8222;Sieger der Spanish Open&#8220;.<\/p>\n<p>&#8211; 6. \u201eMeister des \u201e <em>Gran Premio Coronas (Copa de Espa\u00f1a)<\/em> \u201c.<\/p>\n<p>&#8211; 1 &#8222;Spanischer Abfahrtsmeister&#8220;.<\/p>\n<p>&#8211; Weitere Ergebnisse bei Weltmeisterschaften: 6. Platz D\u00e4nemark-97&#8242;, 8. Platz Deutschland-01&#8242;, 9. Platz Italien-96&#8242;, 10. Platz Portugal-99&#8242;.<\/p>\n<h4><strong>Weltmeisterschaften:<\/strong><\/h4>\n<p>&#8211; 10. Platz in Schweden-99&#8242;, 16. Platz in den USA-01&#8242;<\/p>\n<h4><strong>Zweifacher Olympiateilnehmer:<\/strong><\/h4>\n<p>&#8211; Atlanta-96&#8242; und Sydney-00&#8242;.<\/p>\n<p>&#8211; Unter den Top Ten der UCI MTB-Weltrangliste.<\/p>\n<p>&nbsp;<\/p>\n<p>&nbsp;<\/p>\n<p><img decoding=\"async\" class=\"alignnone size-full wp-image-4085\" src=\"https:\/\/rutessilviarovira.com\/wp-content\/uploads\/2021\/03\/unnamed.jpg\" alt=\"\" width=\"150\" height=\"171\"><img decoding=\"async\" class=\"wp-image-3024 alignleft\" src=\"https:\/\/rutessilviarovira.com\/wp-content\/uploads\/2019\/05\/MTB-002.jpg\" alt=\"\" width=\"313\" height=\"453\" srcset=\"https:\/\/rutessilviarovira.com\/wp-content\/uploads\/2019\/05\/MTB-002.jpg 1169w, https:\/\/rutessilviarovira.com\/wp-content\/uploads\/2019\/05\/MTB-002-600x869.jpg 600w, https:\/\/rutessilviarovira.com\/wp-content\/uploads\/2019\/05\/MTB-002-207x300.jpg 207w, https:\/\/rutessilviarovira.com\/wp-content\/uploads\/2019\/05\/MTB-002-768x1113.jpg 768w, https:\/\/rutessilviarovira.com\/wp-content\/uploads\/2019\/05\/MTB-002-707x1024.jpg 707w\" sizes=\"(max-width: 313px) 100vw, 313px\" \/><img decoding=\"async\" class=\"wp-image-3022 alignleft\" src=\"https:\/\/rutessilviarovira.com\/wp-content\/uploads\/2019\/05\/MG_0374-2.jpg\" alt=\"\" width=\"314\" height=\"470\" srcset=\"https:\/\/rutessilviarovira.com\/wp-content\/uploads\/2019\/05\/MG_0374-2.jpg 1330w, https:\/\/rutessilviarovira.com\/wp-content\/uploads\/2019\/05\/MG_0374-2-600x898.jpg 600w, https:\/\/rutessilviarovira.com\/wp-content\/uploads\/2019\/05\/MG_0374-2-200x300.jpg 200w, https:\/\/rutessilviarovira.com\/wp-content\/uploads\/2019\/05\/MG_0374-2-768x1150.jpg 768w, https:\/\/rutessilviarovira.com\/wp-content\/uploads\/2019\/05\/MG_0374-2-684x1024.jpg 684w\" sizes=\"(max-width: 314px) 100vw, 314px\" \/>[\/vc_column_text][\/vc_column][\/vc_row][vc_row row_content_width=&#8220;grid&#8220; row_background_shadow=&#8220;no&#8220; css=&#8220;.vc_custom_1518018286969{padding-top: 132px !important;padding-bottom: 70px !important;}&#8220;][vc_column]<div class=\"mkdf-elements-holder   mkdf-one-column  mkdf-responsive-mode-768 \" ><div class=\"mkdf-eh-item    \"  data-item-class=\"mkdf-eh-custom-6719\" data-1280-1600=\"0 19%\" data-1024-1280=\"0 19%\" data-768-1024=\"0 6%\" data-680-768=\"0 0%\" data-680=\"0 0\">\n\t<div class=\"mkdf-eh-item-inner\">\n\t\t<div class=\"mkdf-eh-item-content mkdf-eh-custom-6719\" style=\"padding: 0 24%\">\n\t\t\t\t\t<\/div>\n\t<\/div>\n<\/div><\/div>[\/vc_column][\/vc_row]<\/p>\n","protected":false},"excerpt":{"rendered":"<p>[vc_row row_content_width=&#8220;grid&#8220; row_background_shadow=&#8220;no&#8220; css=&#8220;.vc_custom_1517919154668{padding-top: 132px !important;padding-bottom: 56px !important;}&#8220;][vc_column][vc_column_text] Die Strecken wurden von S\u00edlvia Rovira, der spanischen Meisterin und Vize-Europameisterin im Mountainbiken, entworfen. F\u00fcr alle, die mich nicht kennen: Ich bin seit vielen Jahren professioneller Mountainbike-Rennfahrer. Ich habe auf Stra\u00dfen und vor allem auf Mountainbike-Pfaden trainiert; deshalb kenne ich jede Kurve sehr gut, insbesondere die Gegend um Bages, Bergued\u00e0 und Solson\u00e8s. Es ist ein Gl\u00fcck, an einem so privilegierten Ort f\u00fcr Mountainbiker zu leben, wo wir alle Arten von Strecken finden k\u00f6nnen, von flachen Strecken durch T\u00e4ler und Fl\u00fcsse bis hin zu recht anspruchsvollen Strecken durch hohe Berge, die immer durch unvergleichliche Landschaften f\u00fchren, wo wir auch Burgen, Kirchen, Heiligt\u00fcmer, Seen, Gr\u00e4ber, mittelalterliche Br\u00fccken, kleine D\u00f6rfer und Bauernh\u00f6fe sehen k\u00f6nnen. Wir haben verschiedene Strecken mit unterschiedlichen Schwierigkeitsgraden vorbereitet, die an jedem gew\u00fcnschten Tag im Laufe des Jahres befahren werden k\u00f6nnen. F\u00fcr Gruppen, die dies w\u00fcnschen, k\u00f6nnen \u2013 wie bei organisierten Ausfl\u00fcgen [&hellip;]<\/p>\n","protected":false},"author":2,"featured_media":0,"parent":0,"menu_order":0,"comment_status":"closed","ping_status":"closed","template":"full-width.php","meta":{"footnotes":""},"class_list":["post-9456","page","type-page","status-publish","hentry"],"yoast_head":"<!-- This site is optimized with the Yoast SEO plugin v22.9 - https:\/\/yoast.com\/wordpress\/plugins\/seo\/ -->\n<title>Reiseb\u00fcro f\u00fcr Wander- und Radrouten in den Pyren\u00e4en<\/title>\n<meta name=\"description\" content=\"Wanderreiseb\u00fcro. Entdecken Sie die sch\u00f6nsten Rad- und Wanderwege mit der erfahrenen Wanderf\u00fchrerin S\u00edlvia Rovira. Genie\u00dfen Sie das Erlebnis.\" \/>\n<meta name=\"robots\" content=\"index, follow, max-snippet:-1, max-image-preview:large, max-video-preview:-1\" \/>\n<link rel=\"canonical\" href=\"https:\/\/rutessilviarovira.com\/de\/silvia-rovira\/\" \/>\n<meta property=\"og:locale\" content=\"de_DE\" \/>\n<meta property=\"og:type\" content=\"article\" \/>\n<meta property=\"og:title\" content=\"Reiseb\u00fcro f\u00fcr Wander- und Radrouten in den Pyren\u00e4en\" \/>\n<meta property=\"og:description\" content=\"Wanderreiseb\u00fcro. Entdecken Sie die sch\u00f6nsten Rad- und Wanderwege mit der erfahrenen Wanderf\u00fchrerin S\u00edlvia Rovira. Genie\u00dfen Sie das Erlebnis.\" \/>\n<meta property=\"og:url\" content=\"https:\/\/rutessilviarovira.com\/de\/silvia-rovira\/\" \/>\n<meta property=\"og:site_name\" content=\"Rutes S\u00edlvia Rovira\" \/>\n<meta property=\"article:modified_time\" content=\"2025-12-16T19:43:41+00:00\" \/>\n<meta property=\"og:image\" content=\"https:\/\/rutessilviarovira.com\/wp-content\/uploads\/2019\/05\/MG_0444-1-1024x683.jpg\" \/>\n<meta name=\"twitter:card\" content=\"summary_large_image\" \/>\n<meta name=\"twitter:label1\" content=\"Gesch\u00e4tzte Lesezeit\" \/>\n\t<meta name=\"twitter:data1\" content=\"3\u00a0Minuten\" \/>\n<script type=\"application\/ld+json\" class=\"yoast-schema-graph\">{\"@context\":\"https:\/\/schema.org\",\"@graph\":[{\"@type\":\"WebPage\",\"@id\":\"https:\/\/rutessilviarovira.com\/de\/silvia-rovira\/\",\"url\":\"https:\/\/rutessilviarovira.com\/de\/silvia-rovira\/\",\"name\":\"Reiseb\u00fcro f\u00fcr Wander- und Radrouten in den Pyren\u00e4en\",\"isPartOf\":{\"@id\":\"https:\/\/rutessilviarovira.com\/#website\"},\"primaryImageOfPage\":{\"@id\":\"https:\/\/rutessilviarovira.com\/de\/silvia-rovira\/#primaryimage\"},\"image\":{\"@id\":\"https:\/\/rutessilviarovira.com\/de\/silvia-rovira\/#primaryimage\"},\"thumbnailUrl\":\"https:\/\/rutessilviarovira.com\/wp-content\/uploads\/2019\/05\/MG_0444-1-1024x683.jpg\",\"datePublished\":\"2018-02-06T08:28:22+00:00\",\"dateModified\":\"2025-12-16T19:43:41+00:00\",\"description\":\"Wanderreiseb\u00fcro. Entdecken Sie die sch\u00f6nsten Rad- und Wanderwege mit der erfahrenen Wanderf\u00fchrerin S\u00edlvia Rovira. Genie\u00dfen Sie das Erlebnis.\",\"breadcrumb\":{\"@id\":\"https:\/\/rutessilviarovira.com\/de\/silvia-rovira\/#breadcrumb\"},\"inLanguage\":\"de\",\"potentialAction\":[{\"@type\":\"ReadAction\",\"target\":[\"https:\/\/rutessilviarovira.com\/de\/silvia-rovira\/\"]}]},{\"@type\":\"ImageObject\",\"inLanguage\":\"de\",\"@id\":\"https:\/\/rutessilviarovira.com\/de\/silvia-rovira\/#primaryimage\",\"url\":\"https:\/\/rutessilviarovira.com\/wp-content\/uploads\/2019\/05\/MG_0444-1-1024x683.jpg\",\"contentUrl\":\"https:\/\/rutessilviarovira.com\/wp-content\/uploads\/2019\/05\/MG_0444-1-1024x683.jpg\"},{\"@type\":\"BreadcrumbList\",\"@id\":\"https:\/\/rutessilviarovira.com\/de\/silvia-rovira\/#breadcrumb\",\"itemListElement\":[{\"@type\":\"ListItem\",\"position\":1,\"name\":\"Portada\",\"item\":\"https:\/\/rutessilviarovira.com\/de\/heim\/\"},{\"@type\":\"ListItem\",\"position\":2,\"name\":\"Silvia Rovira\"}]},{\"@type\":\"WebSite\",\"@id\":\"https:\/\/rutessilviarovira.com\/#website\",\"url\":\"https:\/\/rutessilviarovira.com\/\",\"name\":\"Rutes S\u00edlvia Rovira\",\"description\":\"Rutes de btt,Senderisme,Trekking i raquetes de neu\",\"publisher\":{\"@id\":\"https:\/\/rutessilviarovira.com\/#organization\"},\"potentialAction\":[{\"@type\":\"SearchAction\",\"target\":{\"@type\":\"EntryPoint\",\"urlTemplate\":\"https:\/\/rutessilviarovira.com\/?s={search_term_string}\"},\"query-input\":\"required name=search_term_string\"}],\"inLanguage\":\"de\"},{\"@type\":\"Organization\",\"@id\":\"https:\/\/rutessilviarovira.com\/#organization\",\"name\":\"Rutes S\u00edvia Rovira\",\"url\":\"https:\/\/rutessilviarovira.com\/\",\"logo\":{\"@type\":\"ImageObject\",\"inLanguage\":\"de\",\"@id\":\"https:\/\/rutessilviarovira.com\/#\/schema\/logo\/image\/\",\"url\":\"https:\/\/rutessilviarovira.com\/wp-content\/uploads\/2019\/04\/cropped-LOGO-1.png\",\"contentUrl\":\"https:\/\/rutessilviarovira.com\/wp-content\/uploads\/2019\/04\/cropped-LOGO-1.png\",\"width\":512,\"height\":512,\"caption\":\"Rutes S\u00edvia Rovira\"},\"image\":{\"@id\":\"https:\/\/rutessilviarovira.com\/#\/schema\/logo\/image\/\"}}]}<\/script>\n<!-- \/ Yoast SEO plugin. -->","yoast_head_json":{"title":"Reiseb\u00fcro f\u00fcr Wander- und Radrouten in den Pyren\u00e4en","description":"Wanderreiseb\u00fcro. Entdecken Sie die sch\u00f6nsten Rad- und Wanderwege mit der erfahrenen Wanderf\u00fchrerin S\u00edlvia Rovira. Genie\u00dfen Sie das Erlebnis.","robots":{"index":"index","follow":"follow","max-snippet":"max-snippet:-1","max-image-preview":"max-image-preview:large","max-video-preview":"max-video-preview:-1"},"canonical":"https:\/\/rutessilviarovira.com\/de\/silvia-rovira\/","og_locale":"de_DE","og_type":"article","og_title":"Reiseb\u00fcro f\u00fcr Wander- und Radrouten in den Pyren\u00e4en","og_description":"Wanderreiseb\u00fcro. Entdecken Sie die sch\u00f6nsten Rad- und Wanderwege mit der erfahrenen Wanderf\u00fchrerin S\u00edlvia Rovira. Genie\u00dfen Sie das Erlebnis.","og_url":"https:\/\/rutessilviarovira.com\/de\/silvia-rovira\/","og_site_name":"Rutes S\u00edlvia Rovira","article_modified_time":"2025-12-16T19:43:41+00:00","og_image":[{"url":"https:\/\/rutessilviarovira.com\/wp-content\/uploads\/2019\/05\/MG_0444-1-1024x683.jpg"}],"twitter_card":"summary_large_image","twitter_misc":{"Gesch\u00e4tzte Lesezeit":"3\u00a0Minuten"},"schema":{"@context":"https:\/\/schema.org","@graph":[{"@type":"WebPage","@id":"https:\/\/rutessilviarovira.com\/de\/silvia-rovira\/","url":"https:\/\/rutessilviarovira.com\/de\/silvia-rovira\/","name":"Reiseb\u00fcro f\u00fcr Wander- und Radrouten in den Pyren\u00e4en","isPartOf":{"@id":"https:\/\/rutessilviarovira.com\/#website"},"primaryImageOfPage":{"@id":"https:\/\/rutessilviarovira.com\/de\/silvia-rovira\/#primaryimage"},"image":{"@id":"https:\/\/rutessilviarovira.com\/de\/silvia-rovira\/#primaryimage"},"thumbnailUrl":"https:\/\/rutessilviarovira.com\/wp-content\/uploads\/2019\/05\/MG_0444-1-1024x683.jpg","datePublished":"2018-02-06T08:28:22+00:00","dateModified":"2025-12-16T19:43:41+00:00","description":"Wanderreiseb\u00fcro. Entdecken Sie die sch\u00f6nsten Rad- und Wanderwege mit der erfahrenen Wanderf\u00fchrerin S\u00edlvia Rovira. Genie\u00dfen Sie das Erlebnis.","breadcrumb":{"@id":"https:\/\/rutessilviarovira.com\/de\/silvia-rovira\/#breadcrumb"},"inLanguage":"de","potentialAction":[{"@type":"ReadAction","target":["https:\/\/rutessilviarovira.com\/de\/silvia-rovira\/"]}]},{"@type":"ImageObject","inLanguage":"de","@id":"https:\/\/rutessilviarovira.com\/de\/silvia-rovira\/#primaryimage","url":"https:\/\/rutessilviarovira.com\/wp-content\/uploads\/2019\/05\/MG_0444-1-1024x683.jpg","contentUrl":"https:\/\/rutessilviarovira.com\/wp-content\/uploads\/2019\/05\/MG_0444-1-1024x683.jpg"},{"@type":"BreadcrumbList","@id":"https:\/\/rutessilviarovira.com\/de\/silvia-rovira\/#breadcrumb","itemListElement":[{"@type":"ListItem","position":1,"name":"Portada","item":"https:\/\/rutessilviarovira.com\/de\/heim\/"},{"@type":"ListItem","position":2,"name":"Silvia Rovira"}]},{"@type":"WebSite","@id":"https:\/\/rutessilviarovira.com\/#website","url":"https:\/\/rutessilviarovira.com\/","name":"Rutes S\u00edlvia Rovira","description":"Rutes de btt,Senderisme,Trekking i raquetes de neu","publisher":{"@id":"https:\/\/rutessilviarovira.com\/#organization"},"potentialAction":[{"@type":"SearchAction","target":{"@type":"EntryPoint","urlTemplate":"https:\/\/rutessilviarovira.com\/?s={search_term_string}"},"query-input":"required name=search_term_string"}],"inLanguage":"de"},{"@type":"Organization","@id":"https:\/\/rutessilviarovira.com\/#organization","name":"Rutes S\u00edvia Rovira","url":"https:\/\/rutessilviarovira.com\/","logo":{"@type":"ImageObject","inLanguage":"de","@id":"https:\/\/rutessilviarovira.com\/#\/schema\/logo\/image\/","url":"https:\/\/rutessilviarovira.com\/wp-content\/uploads\/2019\/04\/cropped-LOGO-1.png","contentUrl":"https:\/\/rutessilviarovira.com\/wp-content\/uploads\/2019\/04\/cropped-LOGO-1.png","width":512,"height":512,"caption":"Rutes S\u00edvia Rovira"},"image":{"@id":"https:\/\/rutessilviarovira.com\/#\/schema\/logo\/image\/"}}]}},"_links":{"self":[{"href":"https:\/\/rutessilviarovira.com\/de\/wp-json\/wp\/v2\/pages\/9456"}],"collection":[{"href":"https:\/\/rutessilviarovira.com\/de\/wp-json\/wp\/v2\/pages"}],"about":[{"href":"https:\/\/rutessilviarovira.com\/de\/wp-json\/wp\/v2\/types\/page"}],"author":[{"embeddable":true,"href":"https:\/\/rutessilviarovira.com\/de\/wp-json\/wp\/v2\/users\/2"}],"replies":[{"embeddable":true,"href":"https:\/\/rutessilviarovira.com\/de\/wp-json\/wp\/v2\/comments?post=9456"}],"version-history":[{"count":2,"href":"https:\/\/rutessilviarovira.com\/de\/wp-json\/wp\/v2\/pages\/9456\/revisions"}],"predecessor-version":[{"id":9463,"href":"https:\/\/rutessilviarovira.com\/de\/wp-json\/wp\/v2\/pages\/9456\/revisions\/9463"}],"wp:attachment":[{"href":"https:\/\/rutessilviarovira.com\/de\/wp-json\/wp\/v2\/media?parent=9456"}],"curies":[{"name":"wp","href":"https:\/\/api.w.org\/{rel}","templated":true}]}}