{"id":9476,"date":"2019-05-19T22:10:15","date_gmt":"2019-05-19T20:10:15","guid":{"rendered":"https:\/\/rutessilviarovira.com\/schlaeger\/"},"modified":"2025-12-16T20:49:02","modified_gmt":"2025-12-16T19:49:02","slug":"schlaeger","status":"publish","type":"page","link":"https:\/\/rutessilviarovira.com\/de\/schlaeger\/","title":{"rendered":"Schl\u00e4ger"},"content":{"rendered":"<p>[vc_row row_background_shadow=&#8220;no&#8220;][vc_column]<div class=\"mkdf-event-list-holder mkdf-event-list-standard mkdf-event-list-col-3\" data-next-page= \"2\" data-type= \"standard\" data-columns= \"3\" data-order-by= \"date\" data-order= \"ASC\" data-event-status= \"all\" data-number= \"-1\" data-image-size= \"original\" data-category= \"RAQUETES\" data-show-more= \"none\" data-title-tag= \"h4\" data-max-num-pages = 0><div class=\"mkdf-event-list-holder-inner \" data-number-of-items=\"3\"><div class=\"mkdf-el-item mkdf-el-item-odd\">\n    <div class=\"mkdf-el-item-inner\">\n        <div class=\"mkdf-el-item-inner-holder\">\n            <div class=\"mkdf-el-item-image\">\n                <a href=\"https:\/\/rutessilviarovira.com\/de\/event\/silvester-in-den-italienischen-alpen-mit-schneeschuhen\/\">\n                    <img decoding=\"async\" width=\"900\" height=\"574\" src=\"https:\/\/rutessilviarovira.com\/wp-content\/uploads\/2023\/12\/P1350172-scaled-e1723831975214.jpg\" class=\"attachment-full size-full wp-post-image\" alt=\"\" srcset=\"https:\/\/rutessilviarovira.com\/wp-content\/uploads\/2023\/12\/P1350172-scaled-e1723831975214.jpg 900w, https:\/\/rutessilviarovira.com\/wp-content\/uploads\/2023\/12\/P1350172-scaled-e1723831975214-300x191.jpg 300w, https:\/\/rutessilviarovira.com\/wp-content\/uploads\/2023\/12\/P1350172-scaled-e1723831975214-768x490.jpg 768w\" sizes=\"(max-width: 900px) 100vw, 900px\" \/>                <\/a>\n            <\/div>\n                        <div class=\"mkdf-el-item-content\" >\n                <div class=\"mkdf-el-item-location-title-holder\">\n                    <h4 class=\"mkdf-el-item-title\">\n                    <a href=\"https:\/\/rutessilviarovira.com\/de\/event\/silvester-in-den-italienischen-alpen-mit-schneeschuhen\/\">\n                        Silvester in den italienischen Alpen mit Schneeschuhen                    <\/a>\n                <\/h4>\n                                                    <div class=\"mkdf-el-item-time\">\n\t\t\t\t            <span>\n\t\t\t\t            \tAuf Anfrage erh\u00e4ltlich\t\t\t\t            <\/span>\n                    <\/div>\n                                <div class=\"mkdf-el-read-more-link\">\n                    <a href=\"https:\/\/rutessilviarovira.com\/de\/event\/silvester-in-den-italienischen-alpen-mit-schneeschuhen\/\">Llegeix m\u00e9s<\/a>\n                <\/div>\n            <\/div>\n        <\/div>\n    <\/div>\n<\/div>\n<\/div><div class=\"mkdf-el-item mkdf-el-item-even\">\n    <div class=\"mkdf-el-item-inner\">\n        <div class=\"mkdf-el-item-inner-holder\">\n            <div class=\"mkdf-el-item-image\">\n                <a href=\"https:\/\/rutessilviarovira.com\/de\/event\/schneeschuhe-port-del-comte\/\">\n                    <img decoding=\"async\" width=\"2560\" height=\"1920\" src=\"https:\/\/rutessilviarovira.com\/wp-content\/uploads\/2025\/01\/P1390075-scaled-e1768235463793.jpg\" class=\"attachment-full size-full wp-post-image\" alt=\"Raquetes Port del Comte Rutes SR\" \/>                <\/a>\n            <\/div>\n                        <div class=\"mkdf-el-item-content\" >\n                <div class=\"mkdf-el-item-location-title-holder\">\n                    <h4 class=\"mkdf-el-item-title\">\n                    <a href=\"https:\/\/rutessilviarovira.com\/de\/event\/schneeschuhe-port-del-comte\/\">\n                        Schneeschuhe Port del Comte                    <\/a>\n                <\/h4>\n                                                    <div class=\"mkdf-el-item-time\">\n\t\t\t\t            <span>\n\t\t\t\t            \tAuf Anfrage erh\u00e4ltlich\t\t\t\t            <\/span>\n                    <\/div>\n                                <div class=\"mkdf-el-read-more-link\">\n                    <a href=\"https:\/\/rutessilviarovira.com\/de\/event\/schneeschuhe-port-del-comte\/\">Llegeix m\u00e9s<\/a>\n                <\/div>\n            <\/div>\n        <\/div>\n    <\/div>\n<\/div>\n<\/div><div class=\"mkdf-el-item mkdf-el-item-odd\">\n    <div class=\"mkdf-el-item-inner\">\n        <div class=\"mkdf-el-item-inner-holder\">\n            <div class=\"mkdf-el-item-image\">\n                <a href=\"https:\/\/rutessilviarovira.com\/de\/event\/pedro-dels-quatre-batlles-50-cims\/\">\n                    <img decoding=\"async\" width=\"1160\" height=\"733\" src=\"https:\/\/rutessilviarovira.com\/wp-content\/uploads\/2019\/11\/P1090524-e1611508541496.jpg\" class=\"attachment-full size-full wp-post-image\" alt=\"\" srcset=\"https:\/\/rutessilviarovira.com\/wp-content\/uploads\/2019\/11\/P1090524-e1611508541496.jpg 1160w, https:\/\/rutessilviarovira.com\/wp-content\/uploads\/2019\/11\/P1090524-e1611508541496-600x379.jpg 600w, https:\/\/rutessilviarovira.com\/wp-content\/uploads\/2019\/11\/P1090524-e1611508541496-300x190.jpg 300w, https:\/\/rutessilviarovira.com\/wp-content\/uploads\/2019\/11\/P1090524-e1611508541496-768x485.jpg 768w, https:\/\/rutessilviarovira.com\/wp-content\/uploads\/2019\/11\/P1090524-e1611508541496-1024x647.jpg 1024w\" sizes=\"(max-width: 1160px) 100vw, 1160px\" \/>                <\/a>\n            <\/div>\n                        <div class=\"mkdf-el-item-content\" >\n                <div class=\"mkdf-el-item-location-title-holder\">\n                    <h4 class=\"mkdf-el-item-title\">\n                    <a href=\"https:\/\/rutessilviarovira.com\/de\/event\/pedro-dels-quatre-batlles-50-cims\/\">\n                        Pedr\u00f3 dels Quatre Batlles, 50 Cims                    <\/a>\n                <\/h4>\n                                                    <div class=\"mkdf-el-item-time\">\n\t\t\t\t            <span>\n\t\t\t\t            \tAuf Anfrage erh\u00e4ltlich\t\t\t\t            <\/span>\n                    <\/div>\n                                <div class=\"mkdf-el-read-more-link\">\n                    <a href=\"https:\/\/rutessilviarovira.com\/de\/event\/pedro-dels-quatre-batlles-50-cims\/\">Llegeix m\u00e9s<\/a>\n                <\/div>\n            <\/div>\n        <\/div>\n    <\/div>\n<\/div>\n<\/div><div class=\"mkdf-el-item mkdf-el-item-even\">\n    <div class=\"mkdf-el-item-inner\">\n        <div class=\"mkdf-el-item-inner-holder\">\n            <div class=\"mkdf-el-item-image\">\n                <a href=\"https:\/\/rutessilviarovira.com\/de\/event\/schneeschuhe-andorra\/\">\n                    <img decoding=\"async\" width=\"1022\" height=\"656\" src=\"https:\/\/rutessilviarovira.com\/wp-content\/uploads\/2022\/01\/P1000340.9-scaled-e1671446719813.jpg\" class=\"attachment-full size-full wp-post-image\" alt=\"\" srcset=\"https:\/\/rutessilviarovira.com\/wp-content\/uploads\/2022\/01\/P1000340.9-scaled-e1671446719813.jpg 1022w, https:\/\/rutessilviarovira.com\/wp-content\/uploads\/2022\/01\/P1000340.9-scaled-e1671446719813-300x193.jpg 300w, https:\/\/rutessilviarovira.com\/wp-content\/uploads\/2022\/01\/P1000340.9-scaled-e1671446719813-768x493.jpg 768w\" sizes=\"(max-width: 1022px) 100vw, 1022px\" \/>                <\/a>\n            <\/div>\n                        <div class=\"mkdf-el-item-content\" >\n                <div class=\"mkdf-el-item-location-title-holder\">\n                    <h4 class=\"mkdf-el-item-title\">\n                    <a href=\"https:\/\/rutessilviarovira.com\/de\/event\/schneeschuhe-andorra\/\">\n                        Schneeschuhe Andorra                    <\/a>\n                <\/h4>\n                                                    <div class=\"mkdf-el-item-time\">\n\t\t\t\t            <span>\n\t\t\t\t            \tAuf Anfrage erh\u00e4ltlich\t\t\t\t            <\/span>\n                    <\/div>\n                                <div class=\"mkdf-el-read-more-link\">\n                    <a href=\"https:\/\/rutessilviarovira.com\/de\/event\/schneeschuhe-andorra\/\">Llegeix m\u00e9s<\/a>\n                <\/div>\n            <\/div>\n        <\/div>\n    <\/div>\n<\/div>\n<\/div><div class=\"mkdf-el-item mkdf-el-item-odd\">\n    <div class=\"mkdf-el-item-inner\">\n        <div class=\"mkdf-el-item-inner-holder\">\n            <div class=\"mkdf-el-item-image\">\n                <a href=\"https:\/\/rutessilviarovira.com\/de\/event\/schneeschuhwandern-in-cerdanya\/\">\n                    <img decoding=\"async\" width=\"1090\" height=\"716\" src=\"https:\/\/rutessilviarovira.com\/wp-content\/uploads\/2024\/08\/P1000273.9-scaled-e1724840916925.jpg\" class=\"attachment-full size-full wp-post-image\" alt=\"\" \/>                <\/a>\n            <\/div>\n                        <div class=\"mkdf-el-item-content\" >\n                <div class=\"mkdf-el-item-location-title-holder\">\n                    <h4 class=\"mkdf-el-item-title\">\n                    <a href=\"https:\/\/rutessilviarovira.com\/de\/event\/schneeschuhwandern-in-cerdanya\/\">\n                        Schneeschuhwandern in Cerdanya                    <\/a>\n                <\/h4>\n                                                    <div class=\"mkdf-el-item-time\">\n\t\t\t\t            <span>\n\t\t\t\t            \tAuf Anfrage erh\u00e4ltlich\t\t\t\t            <\/span>\n                    <\/div>\n                                <div class=\"mkdf-el-read-more-link\">\n                    <a href=\"https:\/\/rutessilviarovira.com\/de\/event\/schneeschuhwandern-in-cerdanya\/\">Llegeix m\u00e9s<\/a>\n                <\/div>\n            <\/div>\n        <\/div>\n    <\/div>\n<\/div>\n<\/div><\/div><\/div>[\/vc_column][\/vc_row][vc_row row_background_shadow=&#8220;no&#8220;][vc_column][vc_column_text]Demn\u00e4chst verf\u00fcgbar&#8230;[\/vc_column_text][\/vc_column][\/vc_row]<\/p>\n","protected":false},"excerpt":{"rendered":"<p>[vc_row row_background_shadow=&#8220;no&#8220;][vc_column][\/vc_column][\/vc_row][vc_row row_background_shadow=&#8220;no&#8220;][vc_column][vc_column_text]Demn\u00e4chst verf\u00fcgbar&#8230;[\/vc_column_text][\/vc_column][\/vc_row]<\/p>\n","protected":false},"author":2,"featured_media":0,"parent":0,"menu_order":7,"comment_status":"closed","ping_status":"open","template":"","meta":{"footnotes":""},"class_list":["post-9476","page","type-page","status-publish","hentry"],"yoast_head":"<!-- This site is optimized with the Yoast SEO plugin v22.9 - https:\/\/yoast.com\/wordpress\/plugins\/seo\/ -->\n<title>Gef\u00fchrte Schneeschuhwanderungen in Katalonien<\/title>\n<meta name=\"description\" content=\"Melden Sie sich f\u00fcr gef\u00fchrte Schneeschuhwanderungen durch Katalonien an. Erkunden Sie die verschneiten Landschaften der Pyren\u00e4en mit erfahrenen Guides.\" \/>\n<meta name=\"robots\" content=\"index, follow, max-snippet:-1, max-image-preview:large, max-video-preview:-1\" \/>\n<link rel=\"canonical\" href=\"https:\/\/rutessilviarovira.com\/de\/schlaeger\/\" \/>\n<meta property=\"og:locale\" content=\"de_DE\" \/>\n<meta property=\"og:type\" content=\"article\" \/>\n<meta property=\"og:title\" content=\"Gef\u00fchrte Schneeschuhwanderungen in Katalonien\" \/>\n<meta property=\"og:description\" content=\"Melden Sie sich f\u00fcr gef\u00fchrte Schneeschuhwanderungen durch Katalonien an. Erkunden Sie die verschneiten Landschaften der Pyren\u00e4en mit erfahrenen Guides.\" \/>\n<meta property=\"og:url\" content=\"https:\/\/rutessilviarovira.com\/de\/schlaeger\/\" \/>\n<meta property=\"og:site_name\" content=\"Rutes S\u00edlvia Rovira\" \/>\n<meta property=\"article:modified_time\" content=\"2025-12-16T19:49:02+00:00\" \/>\n<meta name=\"twitter:card\" content=\"summary_large_image\" \/>\n<script type=\"application\/ld+json\" class=\"yoast-schema-graph\">{\"@context\":\"https:\/\/schema.org\",\"@graph\":[{\"@type\":\"WebPage\",\"@id\":\"https:\/\/rutessilviarovira.com\/de\/schlaeger\/\",\"url\":\"https:\/\/rutessilviarovira.com\/de\/schlaeger\/\",\"name\":\"Gef\u00fchrte Schneeschuhwanderungen in Katalonien\",\"isPartOf\":{\"@id\":\"https:\/\/rutessilviarovira.com\/#website\"},\"datePublished\":\"2019-05-19T20:10:15+00:00\",\"dateModified\":\"2025-12-16T19:49:02+00:00\",\"description\":\"Melden Sie sich f\u00fcr gef\u00fchrte Schneeschuhwanderungen durch Katalonien an. Erkunden Sie die verschneiten Landschaften der Pyren\u00e4en mit erfahrenen Guides.\",\"breadcrumb\":{\"@id\":\"https:\/\/rutessilviarovira.com\/de\/schlaeger\/#breadcrumb\"},\"inLanguage\":\"de\",\"potentialAction\":[{\"@type\":\"ReadAction\",\"target\":[\"https:\/\/rutessilviarovira.com\/de\/schlaeger\/\"]}]},{\"@type\":\"BreadcrumbList\",\"@id\":\"https:\/\/rutessilviarovira.com\/de\/schlaeger\/#breadcrumb\",\"itemListElement\":[{\"@type\":\"ListItem\",\"position\":1,\"name\":\"Portada\",\"item\":\"https:\/\/rutessilviarovira.com\/de\/heim\/\"},{\"@type\":\"ListItem\",\"position\":2,\"name\":\"Schl\u00e4ger\"}]},{\"@type\":\"WebSite\",\"@id\":\"https:\/\/rutessilviarovira.com\/#website\",\"url\":\"https:\/\/rutessilviarovira.com\/\",\"name\":\"Rutes S\u00edlvia Rovira\",\"description\":\"Rutes de btt,Senderisme,Trekking i raquetes de neu\",\"publisher\":{\"@id\":\"https:\/\/rutessilviarovira.com\/#organization\"},\"potentialAction\":[{\"@type\":\"SearchAction\",\"target\":{\"@type\":\"EntryPoint\",\"urlTemplate\":\"https:\/\/rutessilviarovira.com\/?s={search_term_string}\"},\"query-input\":\"required name=search_term_string\"}],\"inLanguage\":\"de\"},{\"@type\":\"Organization\",\"@id\":\"https:\/\/rutessilviarovira.com\/#organization\",\"name\":\"Rutes S\u00edvia Rovira\",\"url\":\"https:\/\/rutessilviarovira.com\/\",\"logo\":{\"@type\":\"ImageObject\",\"inLanguage\":\"de\",\"@id\":\"https:\/\/rutessilviarovira.com\/#\/schema\/logo\/image\/\",\"url\":\"https:\/\/rutessilviarovira.com\/wp-content\/uploads\/2019\/04\/cropped-LOGO-1.png\",\"contentUrl\":\"https:\/\/rutessilviarovira.com\/wp-content\/uploads\/2019\/04\/cropped-LOGO-1.png\",\"width\":512,\"height\":512,\"caption\":\"Rutes S\u00edvia Rovira\"},\"image\":{\"@id\":\"https:\/\/rutessilviarovira.com\/#\/schema\/logo\/image\/\"}}]}<\/script>\n<!-- \/ Yoast SEO plugin. -->","yoast_head_json":{"title":"Gef\u00fchrte Schneeschuhwanderungen in Katalonien","description":"Melden Sie sich f\u00fcr gef\u00fchrte Schneeschuhwanderungen durch Katalonien an. Erkunden Sie die verschneiten Landschaften der Pyren\u00e4en mit erfahrenen Guides.","robots":{"index":"index","follow":"follow","max-snippet":"max-snippet:-1","max-image-preview":"max-image-preview:large","max-video-preview":"max-video-preview:-1"},"canonical":"https:\/\/rutessilviarovira.com\/de\/schlaeger\/","og_locale":"de_DE","og_type":"article","og_title":"Gef\u00fchrte Schneeschuhwanderungen in Katalonien","og_description":"Melden Sie sich f\u00fcr gef\u00fchrte Schneeschuhwanderungen durch Katalonien an. Erkunden Sie die verschneiten Landschaften der Pyren\u00e4en mit erfahrenen Guides.","og_url":"https:\/\/rutessilviarovira.com\/de\/schlaeger\/","og_site_name":"Rutes S\u00edlvia Rovira","article_modified_time":"2025-12-16T19:49:02+00:00","twitter_card":"summary_large_image","schema":{"@context":"https:\/\/schema.org","@graph":[{"@type":"WebPage","@id":"https:\/\/rutessilviarovira.com\/de\/schlaeger\/","url":"https:\/\/rutessilviarovira.com\/de\/schlaeger\/","name":"Gef\u00fchrte Schneeschuhwanderungen in Katalonien","isPartOf":{"@id":"https:\/\/rutessilviarovira.com\/#website"},"datePublished":"2019-05-19T20:10:15+00:00","dateModified":"2025-12-16T19:49:02+00:00","description":"Melden Sie sich f\u00fcr gef\u00fchrte Schneeschuhwanderungen durch Katalonien an. Erkunden Sie die verschneiten Landschaften der Pyren\u00e4en mit erfahrenen Guides.","breadcrumb":{"@id":"https:\/\/rutessilviarovira.com\/de\/schlaeger\/#breadcrumb"},"inLanguage":"de","potentialAction":[{"@type":"ReadAction","target":["https:\/\/rutessilviarovira.com\/de\/schlaeger\/"]}]},{"@type":"BreadcrumbList","@id":"https:\/\/rutessilviarovira.com\/de\/schlaeger\/#breadcrumb","itemListElement":[{"@type":"ListItem","position":1,"name":"Portada","item":"https:\/\/rutessilviarovira.com\/de\/heim\/"},{"@type":"ListItem","position":2,"name":"Schl\u00e4ger"}]},{"@type":"WebSite","@id":"https:\/\/rutessilviarovira.com\/#website","url":"https:\/\/rutessilviarovira.com\/","name":"Rutes S\u00edlvia Rovira","description":"Rutes de btt,Senderisme,Trekking i raquetes de neu","publisher":{"@id":"https:\/\/rutessilviarovira.com\/#organization"},"potentialAction":[{"@type":"SearchAction","target":{"@type":"EntryPoint","urlTemplate":"https:\/\/rutessilviarovira.com\/?s={search_term_string}"},"query-input":"required name=search_term_string"}],"inLanguage":"de"},{"@type":"Organization","@id":"https:\/\/rutessilviarovira.com\/#organization","name":"Rutes S\u00edvia Rovira","url":"https:\/\/rutessilviarovira.com\/","logo":{"@type":"ImageObject","inLanguage":"de","@id":"https:\/\/rutessilviarovira.com\/#\/schema\/logo\/image\/","url":"https:\/\/rutessilviarovira.com\/wp-content\/uploads\/2019\/04\/cropped-LOGO-1.png","contentUrl":"https:\/\/rutessilviarovira.com\/wp-content\/uploads\/2019\/04\/cropped-LOGO-1.png","width":512,"height":512,"caption":"Rutes S\u00edvia Rovira"},"image":{"@id":"https:\/\/rutessilviarovira.com\/#\/schema\/logo\/image\/"}}]}},"_links":{"self":[{"href":"https:\/\/rutessilviarovira.com\/de\/wp-json\/wp\/v2\/pages\/9476"}],"collection":[{"href":"https:\/\/rutessilviarovira.com\/de\/wp-json\/wp\/v2\/pages"}],"about":[{"href":"https:\/\/rutessilviarovira.com\/de\/wp-json\/wp\/v2\/types\/page"}],"author":[{"embeddable":true,"href":"https:\/\/rutessilviarovira.com\/de\/wp-json\/wp\/v2\/users\/2"}],"replies":[{"embeddable":true,"href":"https:\/\/rutessilviarovira.com\/de\/wp-json\/wp\/v2\/comments?post=9476"}],"version-history":[{"count":2,"href":"https:\/\/rutessilviarovira.com\/de\/wp-json\/wp\/v2\/pages\/9476\/revisions"}],"predecessor-version":[{"id":9479,"href":"https:\/\/rutessilviarovira.com\/de\/wp-json\/wp\/v2\/pages\/9476\/revisions\/9479"}],"wp:attachment":[{"href":"https:\/\/rutessilviarovira.com\/de\/wp-json\/wp\/v2\/media?parent=9476"}],"curies":[{"name":"wp","href":"https:\/\/api.w.org\/{rel}","templated":true}]}}