{"id":9480,"date":"2024-06-11T10:24:17","date_gmt":"2024-06-11T08:24:17","guid":{"rendered":"https:\/\/rutessilviarovira.com\/gravelbike-rennrad\/"},"modified":"2025-12-16T20:49:12","modified_gmt":"2025-12-16T19:49:12","slug":"gravelbike-rennrad","status":"publish","type":"page","link":"https:\/\/rutessilviarovira.com\/de\/gravelbike-rennrad\/","title":{"rendered":"Gravelbike\/Rennrad"},"content":{"rendered":"<p>[vc_row row_background_shadow=&#8220;no&#8220;][vc_column][vc_wp_text]Entdecke Wege und Pfade, die ideal f\u00fcr Schotter geeignet sind. Ob auf eigene Faust oder mit F\u00fchrung \u2013 wir organisieren alles f\u00fcr dich! Ein einzigartiges Abenteuer erwartet dich!   <\/p>\n<p>Wir k\u00f6nnen die Tour auch f\u00fcr Sie mit Rennr\u00e4dern \u00fcber Nebenstra\u00dfen organisieren.[\/vc_wp_text]<div class=\"mkdf-event-list-holder mkdf-event-list-standard mkdf-event-list-col-3\" data-next-page= \"2\" data-type= \"standard\" data-columns= \"3\" data-order-by= \"date\" data-order= \"ASC\" data-event-status= \"all\" data-number= \"-1\" data-image-size= \"original\" data-category= \"GRAVEL\/BICI CARRETERA\" data-show-more= \"none\" data-title-tag= \"h4\" data-max-num-pages = 0><div class=\"mkdf-event-list-holder-inner \" data-number-of-items=\"3\"><p>Sorry, no posts matched your criteria.<\/p><\/div><\/div>[\/vc_column][\/vc_row]<\/p>\n","protected":false},"excerpt":{"rendered":"<p>[vc_row row_background_shadow=&#8220;no&#8220;][vc_column][vc_wp_text]Entdecke Wege und Pfade, die ideal f\u00fcr Schotter geeignet sind. Ob auf eigene Faust oder mit F\u00fchrung \u2013 wir organisieren alles f\u00fcr dich! Ein einzigartiges Abenteuer erwartet dich! Wir k\u00f6nnen die Tour auch f\u00fcr Sie mit Rennr\u00e4dern \u00fcber Nebenstra\u00dfen organisieren.[\/vc_wp_text][\/vc_column][\/vc_row]<\/p>\n","protected":false},"author":1,"featured_media":0,"parent":0,"menu_order":6,"comment_status":"closed","ping_status":"open","template":"","meta":{"footnotes":""},"class_list":["post-9480","page","type-page","status-publish","hentry"],"yoast_head":"<!-- This site is optimized with the Yoast SEO plugin v22.9 - https:\/\/yoast.com\/wordpress\/plugins\/seo\/ -->\n<title>Gravelbike-Routen - Transpyren\u00e4en-Route<\/title>\n<meta name=\"description\" content=\"Entdecke unsere Gravelbike-Strecken: ideale Wege und Pfade f\u00fcr Gravelbike-Touren. Ob selbstgef\u00fchrt oder mit Guide \u2013 wir organisieren alles f\u00fcr dich!\" \/>\n<meta name=\"robots\" content=\"index, follow, max-snippet:-1, max-image-preview:large, max-video-preview:-1\" \/>\n<link rel=\"canonical\" href=\"https:\/\/rutessilviarovira.com\/de\/gravelbike-rennrad\/\" \/>\n<meta property=\"og:locale\" content=\"de_DE\" \/>\n<meta property=\"og:type\" content=\"article\" \/>\n<meta property=\"og:title\" content=\"Gravelbike-Routen - Transpyren\u00e4en-Route\" \/>\n<meta property=\"og:description\" content=\"Entdecke unsere Gravelbike-Strecken: ideale Wege und Pfade f\u00fcr Gravelbike-Touren. Ob selbstgef\u00fchrt oder mit Guide \u2013 wir organisieren alles f\u00fcr dich!\" \/>\n<meta property=\"og:url\" content=\"https:\/\/rutessilviarovira.com\/de\/gravelbike-rennrad\/\" \/>\n<meta property=\"og:site_name\" content=\"Rutes S\u00edlvia Rovira\" \/>\n<meta property=\"article:modified_time\" content=\"2025-12-16T19:49:12+00:00\" \/>\n<meta name=\"twitter:card\" content=\"summary_large_image\" \/>\n<script type=\"application\/ld+json\" class=\"yoast-schema-graph\">{\"@context\":\"https:\/\/schema.org\",\"@graph\":[{\"@type\":\"WebPage\",\"@id\":\"https:\/\/rutessilviarovira.com\/de\/gravelbike-rennrad\/\",\"url\":\"https:\/\/rutessilviarovira.com\/de\/gravelbike-rennrad\/\",\"name\":\"Gravelbike-Routen - Transpyren\u00e4en-Route\",\"isPartOf\":{\"@id\":\"https:\/\/rutessilviarovira.com\/#website\"},\"datePublished\":\"2024-06-11T08:24:17+00:00\",\"dateModified\":\"2025-12-16T19:49:12+00:00\",\"description\":\"Entdecke unsere Gravelbike-Strecken: ideale Wege und Pfade f\u00fcr Gravelbike-Touren. Ob selbstgef\u00fchrt oder mit Guide \u2013 wir organisieren alles f\u00fcr dich!\",\"breadcrumb\":{\"@id\":\"https:\/\/rutessilviarovira.com\/de\/gravelbike-rennrad\/#breadcrumb\"},\"inLanguage\":\"de\",\"potentialAction\":[{\"@type\":\"ReadAction\",\"target\":[\"https:\/\/rutessilviarovira.com\/de\/gravelbike-rennrad\/\"]}]},{\"@type\":\"BreadcrumbList\",\"@id\":\"https:\/\/rutessilviarovira.com\/de\/gravelbike-rennrad\/#breadcrumb\",\"itemListElement\":[{\"@type\":\"ListItem\",\"position\":1,\"name\":\"Portada\",\"item\":\"https:\/\/rutessilviarovira.com\/de\/heim\/\"},{\"@type\":\"ListItem\",\"position\":2,\"name\":\"Gravelbike\/Rennrad\"}]},{\"@type\":\"WebSite\",\"@id\":\"https:\/\/rutessilviarovira.com\/#website\",\"url\":\"https:\/\/rutessilviarovira.com\/\",\"name\":\"Rutes S\u00edlvia Rovira\",\"description\":\"Rutes de btt,Senderisme,Trekking i raquetes de neu\",\"publisher\":{\"@id\":\"https:\/\/rutessilviarovira.com\/#organization\"},\"potentialAction\":[{\"@type\":\"SearchAction\",\"target\":{\"@type\":\"EntryPoint\",\"urlTemplate\":\"https:\/\/rutessilviarovira.com\/?s={search_term_string}\"},\"query-input\":\"required name=search_term_string\"}],\"inLanguage\":\"de\"},{\"@type\":\"Organization\",\"@id\":\"https:\/\/rutessilviarovira.com\/#organization\",\"name\":\"Rutes S\u00edvia Rovira\",\"url\":\"https:\/\/rutessilviarovira.com\/\",\"logo\":{\"@type\":\"ImageObject\",\"inLanguage\":\"de\",\"@id\":\"https:\/\/rutessilviarovira.com\/#\/schema\/logo\/image\/\",\"url\":\"https:\/\/rutessilviarovira.com\/wp-content\/uploads\/2019\/04\/cropped-LOGO-1.png\",\"contentUrl\":\"https:\/\/rutessilviarovira.com\/wp-content\/uploads\/2019\/04\/cropped-LOGO-1.png\",\"width\":512,\"height\":512,\"caption\":\"Rutes S\u00edvia Rovira\"},\"image\":{\"@id\":\"https:\/\/rutessilviarovira.com\/#\/schema\/logo\/image\/\"}}]}<\/script>\n<!-- \/ Yoast SEO plugin. -->","yoast_head_json":{"title":"Gravelbike-Routen - Transpyren\u00e4en-Route","description":"Entdecke unsere Gravelbike-Strecken: ideale Wege und Pfade f\u00fcr Gravelbike-Touren. Ob selbstgef\u00fchrt oder mit Guide \u2013 wir organisieren alles f\u00fcr dich!","robots":{"index":"index","follow":"follow","max-snippet":"max-snippet:-1","max-image-preview":"max-image-preview:large","max-video-preview":"max-video-preview:-1"},"canonical":"https:\/\/rutessilviarovira.com\/de\/gravelbike-rennrad\/","og_locale":"de_DE","og_type":"article","og_title":"Gravelbike-Routen - Transpyren\u00e4en-Route","og_description":"Entdecke unsere Gravelbike-Strecken: ideale Wege und Pfade f\u00fcr Gravelbike-Touren. Ob selbstgef\u00fchrt oder mit Guide \u2013 wir organisieren alles f\u00fcr dich!","og_url":"https:\/\/rutessilviarovira.com\/de\/gravelbike-rennrad\/","og_site_name":"Rutes S\u00edlvia Rovira","article_modified_time":"2025-12-16T19:49:12+00:00","twitter_card":"summary_large_image","schema":{"@context":"https:\/\/schema.org","@graph":[{"@type":"WebPage","@id":"https:\/\/rutessilviarovira.com\/de\/gravelbike-rennrad\/","url":"https:\/\/rutessilviarovira.com\/de\/gravelbike-rennrad\/","name":"Gravelbike-Routen - Transpyren\u00e4en-Route","isPartOf":{"@id":"https:\/\/rutessilviarovira.com\/#website"},"datePublished":"2024-06-11T08:24:17+00:00","dateModified":"2025-12-16T19:49:12+00:00","description":"Entdecke unsere Gravelbike-Strecken: ideale Wege und Pfade f\u00fcr Gravelbike-Touren. Ob selbstgef\u00fchrt oder mit Guide \u2013 wir organisieren alles f\u00fcr dich!","breadcrumb":{"@id":"https:\/\/rutessilviarovira.com\/de\/gravelbike-rennrad\/#breadcrumb"},"inLanguage":"de","potentialAction":[{"@type":"ReadAction","target":["https:\/\/rutessilviarovira.com\/de\/gravelbike-rennrad\/"]}]},{"@type":"BreadcrumbList","@id":"https:\/\/rutessilviarovira.com\/de\/gravelbike-rennrad\/#breadcrumb","itemListElement":[{"@type":"ListItem","position":1,"name":"Portada","item":"https:\/\/rutessilviarovira.com\/de\/heim\/"},{"@type":"ListItem","position":2,"name":"Gravelbike\/Rennrad"}]},{"@type":"WebSite","@id":"https:\/\/rutessilviarovira.com\/#website","url":"https:\/\/rutessilviarovira.com\/","name":"Rutes S\u00edlvia Rovira","description":"Rutes de btt,Senderisme,Trekking i raquetes de neu","publisher":{"@id":"https:\/\/rutessilviarovira.com\/#organization"},"potentialAction":[{"@type":"SearchAction","target":{"@type":"EntryPoint","urlTemplate":"https:\/\/rutessilviarovira.com\/?s={search_term_string}"},"query-input":"required name=search_term_string"}],"inLanguage":"de"},{"@type":"Organization","@id":"https:\/\/rutessilviarovira.com\/#organization","name":"Rutes S\u00edvia Rovira","url":"https:\/\/rutessilviarovira.com\/","logo":{"@type":"ImageObject","inLanguage":"de","@id":"https:\/\/rutessilviarovira.com\/#\/schema\/logo\/image\/","url":"https:\/\/rutessilviarovira.com\/wp-content\/uploads\/2019\/04\/cropped-LOGO-1.png","contentUrl":"https:\/\/rutessilviarovira.com\/wp-content\/uploads\/2019\/04\/cropped-LOGO-1.png","width":512,"height":512,"caption":"Rutes S\u00edvia Rovira"},"image":{"@id":"https:\/\/rutessilviarovira.com\/#\/schema\/logo\/image\/"}}]}},"_links":{"self":[{"href":"https:\/\/rutessilviarovira.com\/de\/wp-json\/wp\/v2\/pages\/9480"}],"collection":[{"href":"https:\/\/rutessilviarovira.com\/de\/wp-json\/wp\/v2\/pages"}],"about":[{"href":"https:\/\/rutessilviarovira.com\/de\/wp-json\/wp\/v2\/types\/page"}],"author":[{"embeddable":true,"href":"https:\/\/rutessilviarovira.com\/de\/wp-json\/wp\/v2\/users\/1"}],"replies":[{"embeddable":true,"href":"https:\/\/rutessilviarovira.com\/de\/wp-json\/wp\/v2\/comments?post=9480"}],"version-history":[{"count":2,"href":"https:\/\/rutessilviarovira.com\/de\/wp-json\/wp\/v2\/pages\/9480\/revisions"}],"predecessor-version":[{"id":9483,"href":"https:\/\/rutessilviarovira.com\/de\/wp-json\/wp\/v2\/pages\/9480\/revisions\/9483"}],"wp:attachment":[{"href":"https:\/\/rutessilviarovira.com\/de\/wp-json\/wp\/v2\/media?parent=9480"}],"curies":[{"name":"wp","href":"https:\/\/api.w.org\/{rel}","templated":true}]}}