{"id":9484,"date":"2021-02-04T11:04:52","date_gmt":"2021-02-04T10:04:52","guid":{"rendered":"https:\/\/rutessilviarovira.com\/der-weg-der-guten-maenner\/"},"modified":"2025-12-16T20:49:40","modified_gmt":"2025-12-16T19:49:40","slug":"der-weg-der-guten-maenner","status":"publish","type":"page","link":"https:\/\/rutessilviarovira.com\/de\/tolle-routen\/der-weg-der-guten-maenner\/","title":{"rendered":"Der Weg der guten M\u00e4nner"},"content":{"rendered":"<p>[vc_row row_background_shadow=&#8220;no&#8220;][vc_column]<div class=\"mkdf-event-list-holder mkdf-event-list-standard mkdf-event-list-col-3\" data-next-page= \"2\" data-type= \"standard\" data-columns= \"3\" data-order-by= \"menu_order\" data-order= \"ASC\" data-event-status= \"all\" data-number= \"-1\" data-image-size= \"original\" data-category= \"GRANS RECORREGUTS\" data-show-more= \"none\" data-title-tag= \"h4\" data-max-num-pages = 0><div class=\"mkdf-event-list-holder-inner \" data-number-of-items=\"3\"><p>Sorry, no posts matched your criteria.<\/p><\/div><\/div>[vc_column_text]Ob zu Fu\u00df, mit dem Mountainbike oder zu Pferd \u2013 fragen Sie uns nach Informationen, wir organisieren es f\u00fcr Sie.<\/p>\n<p>Kommen Sie und entdecken Sie diese Wege unter der F\u00fchrung von S\u00edlvia Rovira, entweder zu Fu\u00df in Ihrem eigenen Tempo oder mit dem Mountainbike.<\/p>\n<p>Wir bieten Ihnen vor jeder Etappe alle Services wie Unterkunftsreservierung, Gep\u00e4cktransport und auf Wunsch auch Routenberatung an&#8230; Sie werden nicht allein sein!<\/p>\n<p>Der Weg der Guten M\u00e4nner erinnert an die Migrationsrouten der Katharer, der gefl\u00fcchteten Guten M\u00e4nner. Er ist eine Route zwischen dem Schloss Monts\u00e9gur (D\u00e9partement Ari\u00e8ge, Frankreich) und dem Heiligtum von Queralt (D\u00e9partement Berga, Provinz Bergued\u00e0), die durch D\u00f6rfer mit historischer Verbindung zum Katharismus f\u00fchrt und dabei das franz\u00f6sische D\u00e9partement Ari\u00e8ge sowie die katalanischen Grafschaften Cerdanya und Bergued\u00e0 durchquert. <\/p>\n<p>Auf ihrer Flucht vor der Verfolgung suchten die Katharer Zuflucht in Katalonien. Sie gelangten dorthin \u00fcber einen Weg, den sp\u00e4ter auch Hugenotten, Banditen, Schmuggler und Fl\u00fcchtlinge aus dem Krieg zwischen Frankreich und Spanien nutzen sollten. <\/p>\n<p>Was wir tats\u00e4chlich sehen werden, ist nicht nur ein historischer Pfad. Was wir heute vorfinden werden, ist eine grandiose Landschaft mit einer f\u00fcr die H\u00f6henlage und s\u00fcdliche Lage der Pyren\u00e4en typischen Artenvielfalt, einladende Stra\u00dfen mit vielf\u00e4ltiger Gastronomie, romanische Kirchen und befestigte D\u00f6rfer, die an das Leben tugendhafter M\u00e4nner erinnern. <\/p>\n<p>Bei allen unseren Dienstleistungen; fordern Sie ein Angebot an, wir passen es Ihren Bed\u00fcrfnissen an; <strong><a href=\"https:\/\/rutessilviarovira.com\/de\/kontakt\/\">Kontakt\/RutesSR<\/a><\/strong>[\/vc_column_text][\/vc_column][\/vc_row]<\/p>\n","protected":false},"excerpt":{"rendered":"<p>[vc_row row_background_shadow=&#8220;no&#8220;][vc_column][vc_column_text]Ob zu Fu\u00df, mit dem Mountainbike oder zu Pferd \u2013 fragen Sie uns nach Informationen, wir organisieren es f\u00fcr Sie. Kommen Sie und entdecken Sie diese Wege unter der F\u00fchrung von S\u00edlvia Rovira, entweder zu Fu\u00df in Ihrem eigenen Tempo oder mit dem Mountainbike. Wir bieten Ihnen vor jeder Etappe alle Services wie Unterkunftsreservierung, Gep\u00e4cktransport und auf Wunsch auch Routenberatung an&#8230; Sie werden nicht allein sein! Der Weg der Guten M\u00e4nner erinnert an die Migrationsrouten der Katharer, der gefl\u00fcchteten Guten M\u00e4nner. Er ist eine Route zwischen dem Schloss Monts\u00e9gur (D\u00e9partement Ari\u00e8ge, Frankreich) und dem Heiligtum von Queralt (D\u00e9partement Berga, Provinz Bergued\u00e0), die durch D\u00f6rfer mit historischer Verbindung zum Katharismus f\u00fchrt und dabei das franz\u00f6sische D\u00e9partement Ari\u00e8ge sowie die katalanischen Grafschaften Cerdanya und Bergued\u00e0 durchquert. Auf ihrer Flucht vor der Verfolgung suchten die Katharer Zuflucht in Katalonien. Sie gelangten dorthin \u00fcber einen Weg, den sp\u00e4ter auch Hugenotten, Banditen, Schmuggler und [&hellip;]<\/p>\n","protected":false},"author":1,"featured_media":9486,"parent":9489,"menu_order":0,"comment_status":"closed","ping_status":"open","template":"","meta":{"footnotes":""},"class_list":["post-9484","page","type-page","status-publish","has-post-thumbnail","hentry"],"yoast_head":"<!-- This site is optimized with the Yoast SEO plugin v22.9 - https:\/\/yoast.com\/wordpress\/plugins\/seo\/ -->\n<title>Good Men&#039;s Path - Gef\u00fchrte Route entlang des GR-107<\/title>\n<meta name=\"description\" content=\"Entdecken Sie die Cam\u00ed dels Bons Homes (GR-107) mit der fachkundigen F\u00fchrung von S\u00edlvia Rovira. Wir bieten Ihnen alle Services rund um die Unterkunftsreservierung und den Gep\u00e4cktransport.\" \/>\n<meta name=\"robots\" content=\"index, follow, max-snippet:-1, max-image-preview:large, max-video-preview:-1\" \/>\n<link rel=\"canonical\" href=\"https:\/\/rutessilviarovira.com\/de\/tolle-routen\/der-weg-der-guten-maenner\/\" \/>\n<meta property=\"og:locale\" content=\"de_DE\" \/>\n<meta property=\"og:type\" content=\"article\" \/>\n<meta property=\"og:title\" content=\"Good Men&#039;s Path - Gef\u00fchrte Route entlang des GR-107\" \/>\n<meta property=\"og:description\" content=\"Entdecken Sie die Cam\u00ed dels Bons Homes (GR-107) mit der fachkundigen F\u00fchrung von S\u00edlvia Rovira. Wir bieten Ihnen alle Services rund um die Unterkunftsreservierung und den Gep\u00e4cktransport.\" \/>\n<meta property=\"og:url\" content=\"https:\/\/rutessilviarovira.com\/de\/tolle-routen\/der-weg-der-guten-maenner\/\" \/>\n<meta property=\"og:site_name\" content=\"Rutes S\u00edlvia Rovira\" \/>\n<meta property=\"article:modified_time\" content=\"2025-12-16T19:49:40+00:00\" \/>\n<meta property=\"og:image\" content=\"https:\/\/rutessilviarovira.com\/wp-content\/uploads\/2021\/02\/P1220796-scaled-e1612208865723.jpg\" \/>\n\t<meta property=\"og:image:width\" content=\"1160\" \/>\n\t<meta property=\"og:image:height\" content=\"870\" \/>\n\t<meta property=\"og:image:type\" content=\"image\/jpeg\" \/>\n<meta name=\"twitter:card\" content=\"summary_large_image\" \/>\n<meta name=\"twitter:label1\" content=\"Gesch\u00e4tzte Lesezeit\" \/>\n\t<meta name=\"twitter:data1\" content=\"1\u00a0Minute\" \/>\n<script type=\"application\/ld+json\" class=\"yoast-schema-graph\">{\"@context\":\"https:\/\/schema.org\",\"@graph\":[{\"@type\":\"WebPage\",\"@id\":\"https:\/\/rutessilviarovira.com\/de\/tolle-routen\/der-weg-der-guten-maenner\/\",\"url\":\"https:\/\/rutessilviarovira.com\/de\/tolle-routen\/der-weg-der-guten-maenner\/\",\"name\":\"Good Men's Path - Gef\u00fchrte Route entlang des GR-107\",\"isPartOf\":{\"@id\":\"https:\/\/rutessilviarovira.com\/#website\"},\"primaryImageOfPage\":{\"@id\":\"https:\/\/rutessilviarovira.com\/de\/tolle-routen\/der-weg-der-guten-maenner\/#primaryimage\"},\"image\":{\"@id\":\"https:\/\/rutessilviarovira.com\/de\/tolle-routen\/der-weg-der-guten-maenner\/#primaryimage\"},\"thumbnailUrl\":\"https:\/\/rutessilviarovira.com\/wp-content\/uploads\/2021\/02\/P1220796-scaled-e1612208865723.jpg\",\"datePublished\":\"2021-02-04T10:04:52+00:00\",\"dateModified\":\"2025-12-16T19:49:40+00:00\",\"description\":\"Entdecken Sie die Cam\u00ed dels Bons Homes (GR-107) mit der fachkundigen F\u00fchrung von S\u00edlvia Rovira. Wir bieten Ihnen alle Services rund um die Unterkunftsreservierung und den Gep\u00e4cktransport.\",\"breadcrumb\":{\"@id\":\"https:\/\/rutessilviarovira.com\/de\/tolle-routen\/der-weg-der-guten-maenner\/#breadcrumb\"},\"inLanguage\":\"de\",\"potentialAction\":[{\"@type\":\"ReadAction\",\"target\":[\"https:\/\/rutessilviarovira.com\/de\/tolle-routen\/der-weg-der-guten-maenner\/\"]}]},{\"@type\":\"ImageObject\",\"inLanguage\":\"de\",\"@id\":\"https:\/\/rutessilviarovira.com\/de\/tolle-routen\/der-weg-der-guten-maenner\/#primaryimage\",\"url\":\"https:\/\/rutessilviarovira.com\/wp-content\/uploads\/2021\/02\/P1220796-scaled-e1612208865723.jpg\",\"contentUrl\":\"https:\/\/rutessilviarovira.com\/wp-content\/uploads\/2021\/02\/P1220796-scaled-e1612208865723.jpg\",\"width\":1160,\"height\":870},{\"@type\":\"BreadcrumbList\",\"@id\":\"https:\/\/rutessilviarovira.com\/de\/tolle-routen\/der-weg-der-guten-maenner\/#breadcrumb\",\"itemListElement\":[{\"@type\":\"ListItem\",\"position\":1,\"name\":\"Portada\",\"item\":\"https:\/\/rutessilviarovira.com\/de\/heim\/\"},{\"@type\":\"ListItem\",\"position\":2,\"name\":\"Tolle Routen\",\"item\":\"https:\/\/rutessilviarovira.com\/de\/tolle-routen\/\"},{\"@type\":\"ListItem\",\"position\":3,\"name\":\"Der Weg der guten M\u00e4nner\"}]},{\"@type\":\"WebSite\",\"@id\":\"https:\/\/rutessilviarovira.com\/#website\",\"url\":\"https:\/\/rutessilviarovira.com\/\",\"name\":\"Rutes S\u00edlvia Rovira\",\"description\":\"Rutes de btt,Senderisme,Trekking i raquetes de neu\",\"publisher\":{\"@id\":\"https:\/\/rutessilviarovira.com\/#organization\"},\"potentialAction\":[{\"@type\":\"SearchAction\",\"target\":{\"@type\":\"EntryPoint\",\"urlTemplate\":\"https:\/\/rutessilviarovira.com\/?s={search_term_string}\"},\"query-input\":\"required name=search_term_string\"}],\"inLanguage\":\"de\"},{\"@type\":\"Organization\",\"@id\":\"https:\/\/rutessilviarovira.com\/#organization\",\"name\":\"Rutes S\u00edvia Rovira\",\"url\":\"https:\/\/rutessilviarovira.com\/\",\"logo\":{\"@type\":\"ImageObject\",\"inLanguage\":\"de\",\"@id\":\"https:\/\/rutessilviarovira.com\/#\/schema\/logo\/image\/\",\"url\":\"https:\/\/rutessilviarovira.com\/wp-content\/uploads\/2019\/04\/cropped-LOGO-1.png\",\"contentUrl\":\"https:\/\/rutessilviarovira.com\/wp-content\/uploads\/2019\/04\/cropped-LOGO-1.png\",\"width\":512,\"height\":512,\"caption\":\"Rutes S\u00edvia Rovira\"},\"image\":{\"@id\":\"https:\/\/rutessilviarovira.com\/#\/schema\/logo\/image\/\"}}]}<\/script>\n<!-- \/ Yoast SEO plugin. -->","yoast_head_json":{"title":"Good Men's Path - Gef\u00fchrte Route entlang des GR-107","description":"Entdecken Sie die Cam\u00ed dels Bons Homes (GR-107) mit der fachkundigen F\u00fchrung von S\u00edlvia Rovira. Wir bieten Ihnen alle Services rund um die Unterkunftsreservierung und den Gep\u00e4cktransport.","robots":{"index":"index","follow":"follow","max-snippet":"max-snippet:-1","max-image-preview":"max-image-preview:large","max-video-preview":"max-video-preview:-1"},"canonical":"https:\/\/rutessilviarovira.com\/de\/tolle-routen\/der-weg-der-guten-maenner\/","og_locale":"de_DE","og_type":"article","og_title":"Good Men's Path - Gef\u00fchrte Route entlang des GR-107","og_description":"Entdecken Sie die Cam\u00ed dels Bons Homes (GR-107) mit der fachkundigen F\u00fchrung von S\u00edlvia Rovira. Wir bieten Ihnen alle Services rund um die Unterkunftsreservierung und den Gep\u00e4cktransport.","og_url":"https:\/\/rutessilviarovira.com\/de\/tolle-routen\/der-weg-der-guten-maenner\/","og_site_name":"Rutes S\u00edlvia Rovira","article_modified_time":"2025-12-16T19:49:40+00:00","og_image":[{"width":1160,"height":870,"url":"https:\/\/rutessilviarovira.com\/wp-content\/uploads\/2021\/02\/P1220796-scaled-e1612208865723.jpg","type":"image\/jpeg"}],"twitter_card":"summary_large_image","twitter_misc":{"Gesch\u00e4tzte Lesezeit":"1\u00a0Minute"},"schema":{"@context":"https:\/\/schema.org","@graph":[{"@type":"WebPage","@id":"https:\/\/rutessilviarovira.com\/de\/tolle-routen\/der-weg-der-guten-maenner\/","url":"https:\/\/rutessilviarovira.com\/de\/tolle-routen\/der-weg-der-guten-maenner\/","name":"Good Men's Path - Gef\u00fchrte Route entlang des GR-107","isPartOf":{"@id":"https:\/\/rutessilviarovira.com\/#website"},"primaryImageOfPage":{"@id":"https:\/\/rutessilviarovira.com\/de\/tolle-routen\/der-weg-der-guten-maenner\/#primaryimage"},"image":{"@id":"https:\/\/rutessilviarovira.com\/de\/tolle-routen\/der-weg-der-guten-maenner\/#primaryimage"},"thumbnailUrl":"https:\/\/rutessilviarovira.com\/wp-content\/uploads\/2021\/02\/P1220796-scaled-e1612208865723.jpg","datePublished":"2021-02-04T10:04:52+00:00","dateModified":"2025-12-16T19:49:40+00:00","description":"Entdecken Sie die Cam\u00ed dels Bons Homes (GR-107) mit der fachkundigen F\u00fchrung von S\u00edlvia Rovira. Wir bieten Ihnen alle Services rund um die Unterkunftsreservierung und den Gep\u00e4cktransport.","breadcrumb":{"@id":"https:\/\/rutessilviarovira.com\/de\/tolle-routen\/der-weg-der-guten-maenner\/#breadcrumb"},"inLanguage":"de","potentialAction":[{"@type":"ReadAction","target":["https:\/\/rutessilviarovira.com\/de\/tolle-routen\/der-weg-der-guten-maenner\/"]}]},{"@type":"ImageObject","inLanguage":"de","@id":"https:\/\/rutessilviarovira.com\/de\/tolle-routen\/der-weg-der-guten-maenner\/#primaryimage","url":"https:\/\/rutessilviarovira.com\/wp-content\/uploads\/2021\/02\/P1220796-scaled-e1612208865723.jpg","contentUrl":"https:\/\/rutessilviarovira.com\/wp-content\/uploads\/2021\/02\/P1220796-scaled-e1612208865723.jpg","width":1160,"height":870},{"@type":"BreadcrumbList","@id":"https:\/\/rutessilviarovira.com\/de\/tolle-routen\/der-weg-der-guten-maenner\/#breadcrumb","itemListElement":[{"@type":"ListItem","position":1,"name":"Portada","item":"https:\/\/rutessilviarovira.com\/de\/heim\/"},{"@type":"ListItem","position":2,"name":"Tolle Routen","item":"https:\/\/rutessilviarovira.com\/de\/tolle-routen\/"},{"@type":"ListItem","position":3,"name":"Der Weg der guten M\u00e4nner"}]},{"@type":"WebSite","@id":"https:\/\/rutessilviarovira.com\/#website","url":"https:\/\/rutessilviarovira.com\/","name":"Rutes S\u00edlvia Rovira","description":"Rutes de btt,Senderisme,Trekking i raquetes de neu","publisher":{"@id":"https:\/\/rutessilviarovira.com\/#organization"},"potentialAction":[{"@type":"SearchAction","target":{"@type":"EntryPoint","urlTemplate":"https:\/\/rutessilviarovira.com\/?s={search_term_string}"},"query-input":"required name=search_term_string"}],"inLanguage":"de"},{"@type":"Organization","@id":"https:\/\/rutessilviarovira.com\/#organization","name":"Rutes S\u00edvia Rovira","url":"https:\/\/rutessilviarovira.com\/","logo":{"@type":"ImageObject","inLanguage":"de","@id":"https:\/\/rutessilviarovira.com\/#\/schema\/logo\/image\/","url":"https:\/\/rutessilviarovira.com\/wp-content\/uploads\/2019\/04\/cropped-LOGO-1.png","contentUrl":"https:\/\/rutessilviarovira.com\/wp-content\/uploads\/2019\/04\/cropped-LOGO-1.png","width":512,"height":512,"caption":"Rutes S\u00edvia Rovira"},"image":{"@id":"https:\/\/rutessilviarovira.com\/#\/schema\/logo\/image\/"}}]}},"_links":{"self":[{"href":"https:\/\/rutessilviarovira.com\/de\/wp-json\/wp\/v2\/pages\/9484"}],"collection":[{"href":"https:\/\/rutessilviarovira.com\/de\/wp-json\/wp\/v2\/pages"}],"about":[{"href":"https:\/\/rutessilviarovira.com\/de\/wp-json\/wp\/v2\/types\/page"}],"author":[{"embeddable":true,"href":"https:\/\/rutessilviarovira.com\/de\/wp-json\/wp\/v2\/users\/1"}],"replies":[{"embeddable":true,"href":"https:\/\/rutessilviarovira.com\/de\/wp-json\/wp\/v2\/comments?post=9484"}],"version-history":[{"count":2,"href":"https:\/\/rutessilviarovira.com\/de\/wp-json\/wp\/v2\/pages\/9484\/revisions"}],"predecessor-version":[{"id":9488,"href":"https:\/\/rutessilviarovira.com\/de\/wp-json\/wp\/v2\/pages\/9484\/revisions\/9488"}],"up":[{"embeddable":true,"href":"https:\/\/rutessilviarovira.com\/de\/wp-json\/wp\/v2\/pages\/9489"}],"wp:featuredmedia":[{"embeddable":true,"href":"https:\/\/rutessilviarovira.com\/de\/wp-json\/wp\/v2\/media\/9486"}],"wp:attachment":[{"href":"https:\/\/rutessilviarovira.com\/de\/wp-json\/wp\/v2\/media?parent=9484"}],"curies":[{"name":"wp","href":"https:\/\/api.w.org\/{rel}","templated":true}]}}