{"id":7236,"date":"2019-04-19T22:08:56","date_gmt":"2019-04-19T20:08:56","guid":{"rendered":"https:\/\/rutessilviarovira.com\/50-cumbres\/"},"modified":"2024-11-14T10:20:49","modified_gmt":"2024-11-14T09:20:49","slug":"50-cumbres","status":"publish","type":"page","link":"https:\/\/rutessilviarovira.com\/es\/50-cumbres\/","title":{"rendered":"50 Cumbres"},"content":{"rendered":"<p>[vc_row row_background_shadow=\u00bbno\u00bb][vc_column]<div class=\"mkdf-event-list-holder mkdf-event-list-standard mkdf-event-list-col-3\" data-next-page= \"2\" data-type= \"standard\" data-columns= \"3\" data-order-by= \"date\" data-order= \"ASC\" data-event-status= \"all\" data-number= \"-1\" data-image-size= \"original\" data-category= \"50 CIMS\" data-show-more= \"none\" data-title-tag= \"h4\" data-max-num-pages = 0><div class=\"mkdf-event-list-holder-inner \" data-number-of-items=\"3\"><div class=\"mkdf-el-item mkdf-el-item-odd\">\n    <div class=\"mkdf-el-item-inner\">\n        <div class=\"mkdf-el-item-inner-holder\">\n            <div class=\"mkdf-el-item-image\">\n                <a href=\"https:\/\/rutessilviarovira.com\/es\/event\/50-cumbres-mas-informacion\/\">\n                    <img decoding=\"async\" width=\"600\" height=\"436\" src=\"https:\/\/rutessilviarovira.com\/wp-content\/uploads\/2019\/04\/myegoo_p13309759_s-e1612467499611.jpg\" class=\"attachment-full size-full wp-post-image\" alt=\"\" srcset=\"https:\/\/rutessilviarovira.com\/wp-content\/uploads\/2019\/04\/myegoo_p13309759_s-e1612467499611.jpg 600w, https:\/\/rutessilviarovira.com\/wp-content\/uploads\/2019\/04\/myegoo_p13309759_s-e1612467499611-300x218.jpg 300w\" sizes=\"(max-width: 600px) 100vw, 600px\" \/>                <\/a>\n            <\/div>\n                        <div class=\"mkdf-el-item-content\" >\n                <div class=\"mkdf-el-item-location-title-holder\">\n                    <h4 class=\"mkdf-el-item-title\">\n                    <a href=\"https:\/\/rutessilviarovira.com\/es\/event\/50-cumbres-mas-informacion\/\">\n                        50 Cumbres M\u00c1S INFORMACI\u00d3N                    <\/a>\n                <\/h4>\n                                                    <div class=\"mkdf-el-item-time\">\n\t\t\t\t            <span>\n\t\t\t\t            \tDisponible bajo petici\u00f3n\t\t\t\t            <\/span>\n                    <\/div>\n                                <div class=\"mkdf-el-read-more-link\">\n                    <a href=\"https:\/\/rutessilviarovira.com\/es\/event\/50-cumbres-mas-informacion\/\">Llegeix m\u00e9s<\/a>\n                <\/div>\n            <\/div>\n        <\/div>\n    <\/div>\n<\/div>\n<\/div><div class=\"mkdf-el-item mkdf-el-item-even\">\n    <div class=\"mkdf-el-item-inner\">\n        <div class=\"mkdf-el-item-inner-holder\">\n            <div class=\"mkdf-el-item-image\">\n                <a href=\"https:\/\/rutessilviarovira.com\/es\/event\/montmelus-y-pessons-50-cumbres\/\">\n                    <img decoding=\"async\" width=\"1060\" height=\"665\" src=\"https:\/\/rutessilviarovira.com\/wp-content\/uploads\/2021\/07\/P1020216.9-scaled-e1626211962865.jpg\" class=\"attachment-full size-full wp-post-image\" alt=\"\" srcset=\"https:\/\/rutessilviarovira.com\/wp-content\/uploads\/2021\/07\/P1020216.9-scaled-e1626211962865.jpg 1060w, https:\/\/rutessilviarovira.com\/wp-content\/uploads\/2021\/07\/P1020216.9-scaled-e1626211962865-600x376.jpg 600w\" sizes=\"(max-width: 1060px) 100vw, 1060px\" \/>                <\/a>\n            <\/div>\n                        <div class=\"mkdf-el-item-content\" >\n                <div class=\"mkdf-el-item-location-title-holder\">\n                    <h4 class=\"mkdf-el-item-title\">\n                    <a href=\"https:\/\/rutessilviarovira.com\/es\/event\/montmelus-y-pessons-50-cumbres\/\">\n                        Montmelus y Pessons 50 Cumbres                    <\/a>\n                <\/h4>\n                                                    <div class=\"mkdf-el-item-time\">\n\t\t\t\t            <span>\n\t\t\t\t            \tDisponible bajo petici\u00f3n\t\t\t\t            <\/span>\n                    <\/div>\n                                <div class=\"mkdf-el-read-more-link\">\n                    <a href=\"https:\/\/rutessilviarovira.com\/es\/event\/montmelus-y-pessons-50-cumbres\/\">Llegeix m\u00e9s<\/a>\n                <\/div>\n            <\/div>\n        <\/div>\n    <\/div>\n<\/div>\n<\/div><div class=\"mkdf-el-item mkdf-el-item-odd\">\n    <div class=\"mkdf-el-item-inner\">\n        <div class=\"mkdf-el-item-inner-holder\">\n            <div class=\"mkdf-el-item-image\">\n                <a href=\"https:\/\/rutessilviarovira.com\/es\/event\/travesia-con-raquetas-port-del-comte-50cims\/\">\n                    <img decoding=\"async\" width=\"2048\" height=\"1536\" src=\"https:\/\/rutessilviarovira.com\/wp-content\/uploads\/2024\/01\/20170129_115720.9-e1704707578725.jpg\" class=\"attachment-full size-full wp-post-image\" alt=\"Raquetes Port del Comte SR\" \/>                <\/a>\n            <\/div>\n                        <div class=\"mkdf-el-item-content\" >\n                <div class=\"mkdf-el-item-location-title-holder\">\n                    <h4 class=\"mkdf-el-item-title\">\n                    <a href=\"https:\/\/rutessilviarovira.com\/es\/event\/travesia-con-raquetas-port-del-comte-50cims\/\">\n                        Traves\u00eda con Raquetas Port del Comte, 50Cims                    <\/a>\n                <\/h4>\n                                                    <div class=\"mkdf-el-item-time\">\n\t\t\t\t            <span>\n\t\t\t\t            \tDisponible bajo petici\u00f3n\t\t\t\t            <\/span>\n                    <\/div>\n                                <div class=\"mkdf-el-read-more-link\">\n                    <a href=\"https:\/\/rutessilviarovira.com\/es\/event\/travesia-con-raquetas-port-del-comte-50cims\/\">Llegeix m\u00e9s<\/a>\n                <\/div>\n            <\/div>\n        <\/div>\n    <\/div>\n<\/div>\n<\/div><div class=\"mkdf-el-item mkdf-el-item-even\">\n    <div class=\"mkdf-el-item-inner\">\n        <div class=\"mkdf-el-item-inner-holder\">\n            <div class=\"mkdf-el-item-image\">\n                <a href=\"https:\/\/rutessilviarovira.com\/es\/event\/santuario-del-mon-canigo-ruta-verdaguer-2a-parte\/\">\n                    <img decoding=\"async\" width=\"1037\" height=\"672\" src=\"https:\/\/rutessilviarovira.com\/wp-content\/uploads\/2023\/06\/P1260121-e1712145928968.jpg\" class=\"attachment-full size-full wp-post-image\" alt=\"\" \/>                <\/a>\n            <\/div>\n                        <div class=\"mkdf-el-item-content\" >\n                <div class=\"mkdf-el-item-location-title-holder\">\n                    <h4 class=\"mkdf-el-item-title\">\n                    <a href=\"https:\/\/rutessilviarovira.com\/es\/event\/santuario-del-mon-canigo-ruta-verdaguer-2a-parte\/\">\n                        Santuario del Mon-Canig\u00f3; Ruta Verdaguer 2\u00aa parte                    <\/a>\n                <\/h4>\n                                                    <div class=\"mkdf-el-item-time\">\n\t\t\t\t            <span>\n\t\t\t\t            \tDisponible bajo petici\u00f3n\t\t\t\t            <\/span>\n                    <\/div>\n                                <div class=\"mkdf-el-read-more-link\">\n                    <a href=\"https:\/\/rutessilviarovira.com\/es\/event\/santuario-del-mon-canigo-ruta-verdaguer-2a-parte\/\">Llegeix m\u00e9s<\/a>\n                <\/div>\n            <\/div>\n        <\/div>\n    <\/div>\n<\/div>\n<\/div><div class=\"mkdf-el-item mkdf-el-item-odd\">\n    <div class=\"mkdf-el-item-inner\">\n        <div class=\"mkdf-el-item-inner-holder\">\n            <div class=\"mkdf-el-item-image\">\n                <a href=\"https:\/\/rutessilviarovira.com\/es\/event\/ruta-alpina-en-el-coma-dor-y-en-el-puigpedros-de-lanos-50-cumbres\/\">\n                    <img decoding=\"async\" width=\"2560\" height=\"1920\" src=\"https:\/\/rutessilviarovira.com\/wp-content\/uploads\/2024\/10\/1360860-scaled-e1757698277269.jpg\" class=\"attachment-full size-full wp-post-image\" alt=\"\" \/>                <\/a>\n            <\/div>\n                            <div class=\"mkdf-el-item-date\">\n                                        <span class=\"mkdf-el-item-day\">25<\/span>\n                    <div class=\"mkdf-el-item-my\">\n                        <span class=\"mkdf-el-item-month\">Octubre<\/span>\n                    <\/div>\n                <\/div>\n                        <div class=\"mkdf-el-item-content\" >\n                <div class=\"mkdf-el-item-location-title-holder\">\n                    <h4 class=\"mkdf-el-item-title\">\n                    <a href=\"https:\/\/rutessilviarovira.com\/es\/event\/ruta-alpina-en-el-coma-dor-y-en-el-puigpedros-de-lanos-50-cumbres\/\">\n                        Ruta Alpina en el Coma d&#8217;Or y en el Puigpedr\u00f3s de Lan\u00f3s; 50 Cumbres                    <\/a>\n                <\/h4>\n                                                    <div class=\"mkdf-el-item-time\">\n\t\t\t\t            <span>\n\t\t\t\t            \t2 Dies\t\t\t\t            <\/span>\n                    <\/div>\n                                <div class=\"mkdf-el-read-more-link\">\n                    <a href=\"https:\/\/rutessilviarovira.com\/es\/event\/ruta-alpina-en-el-coma-dor-y-en-el-puigpedros-de-lanos-50-cumbres\/\">Llegeix m\u00e9s<\/a>\n                <\/div>\n            <\/div>\n        <\/div>\n    <\/div>\n<\/div>\n<\/div><div class=\"mkdf-el-item mkdf-el-item-even\">\n    <div class=\"mkdf-el-item-inner\">\n        <div class=\"mkdf-el-item-inner-holder\">\n            <div class=\"mkdf-el-item-image\">\n                <a href=\"https:\/\/rutessilviarovira.com\/es\/event\/ascenso-al-tallon-3020m-50-cumbres\/\">\n                    <img decoding=\"async\" width=\"2560\" height=\"1920\" src=\"https:\/\/rutessilviarovira.com\/wp-content\/uploads\/2024\/06\/P1330790-scaled-e1718105429341.jpg\" class=\"attachment-full size-full wp-post-image\" alt=\"Tallon 50 Cims Rutes SR\" \/>                <\/a>\n            <\/div>\n                        <div class=\"mkdf-el-item-content\" >\n                <div class=\"mkdf-el-item-location-title-holder\">\n                    <h4 class=\"mkdf-el-item-title\">\n                    <a href=\"https:\/\/rutessilviarovira.com\/es\/event\/ascenso-al-tallon-3020m-50-cumbres\/\">\n                        Ascenso al Tall\u00f3n 3020m; 50 Cumbres                    <\/a>\n                <\/h4>\n                                                    <div class=\"mkdf-el-item-time\">\n\t\t\t\t            <span>\n\t\t\t\t            \tDisponible bajo petici\u00f3n\t\t\t\t            <\/span>\n                    <\/div>\n                                <div class=\"mkdf-el-read-more-link\">\n                    <a href=\"https:\/\/rutessilviarovira.com\/es\/event\/ascenso-al-tallon-3020m-50-cumbres\/\">Llegeix m\u00e9s<\/a>\n                <\/div>\n            <\/div>\n        <\/div>\n    <\/div>\n<\/div>\n<\/div><\/div><\/div>[vc_column_text]En 2017 empezamos un proyecto de 50 cimas. Consiste en hacer las 50 cimas m\u00e1s emblem\u00e1ticas de Catalu\u00f1a y Pirineo de f\u00e1cil ascensi\u00f3n, como la excursi\u00f3n a la cima del Canig\u00f3. Todo excursionista deber\u00eda hacerlos, sea por su situaci\u00f3n, los paisajes, valor hist\u00f3rico o cultural, independientemente de su altura. Haremos tanto 1500 m como 3000 m. Te proponemos, cada a\u00f1o hacer entre 8 y 10 cimas, una por mes, algunos meses no se har\u00e1, al tener otras salidas programadas. Entre ellos estar\u00e1n, la Pica de estados, Puigmal, Canig\u00f3, Carlit, etc.[\/vc_column_text][\/vc_column][\/vc_row]<\/p>\n","protected":false},"excerpt":{"rendered":"<p>[vc_row row_background_shadow=\u00bbno\u00bb][vc_column][vc_column_text]En 2017 empezamos un proyecto de 50 cimas. Consiste en hacer las 50 cimas m\u00e1s emblem\u00e1ticas de Catalu\u00f1a y Pirineo de f\u00e1cil ascensi\u00f3n, como la excursi\u00f3n a la cima del Canig\u00f3. Todo excursionista deber\u00eda hacerlos, sea por su situaci\u00f3n, los paisajes, valor hist\u00f3rico o cultural, independientemente de su altura. Haremos tanto 1500 m como 3000 m. Te proponemos, cada a\u00f1o hacer entre 8 y 10 cimas, una por mes, algunos meses no se har\u00e1, al tener otras salidas programadas. Entre ellos estar\u00e1n, la Pica de estados, Puigmal, Canig\u00f3, Carlit, etc.[\/vc_column_text][\/vc_column][\/vc_row]<\/p>\n","protected":false},"author":2,"featured_media":6788,"parent":0,"menu_order":0,"comment_status":"closed","ping_status":"open","template":"","meta":{"footnotes":""},"class_list":["post-7236","page","type-page","status-publish","has-post-thumbnail","hentry"],"yoast_head":"<!-- This site is optimized with the Yoast SEO plugin v22.9 - https:\/\/yoast.com\/wordpress\/plugins\/seo\/ -->\n<title>Excursi\u00f3n a la cima Canig\u00f3, Pedraforca y otros - Senderismo \u00e9pico<\/title>\n<meta name=\"description\" content=\"Vive la aventura con la excursi\u00f3n a la cima Canig\u00f3 y Pedraforca. Rutas guiadas de senderismo por apasionados del Pirineo. \u00a1Grandes experiencias!\" \/>\n<meta name=\"robots\" content=\"index, follow, max-snippet:-1, max-image-preview:large, max-video-preview:-1\" \/>\n<link rel=\"canonical\" href=\"https:\/\/rutessilviarovira.com\/es\/50-cumbres\/\" \/>\n<meta property=\"og:locale\" content=\"es_ES\" \/>\n<meta property=\"og:type\" content=\"article\" \/>\n<meta property=\"og:title\" content=\"Excursi\u00f3n a la cima Canig\u00f3, Pedraforca y otros - Senderismo \u00e9pico\" \/>\n<meta property=\"og:description\" content=\"Vive la aventura con la excursi\u00f3n a la cima Canig\u00f3 y Pedraforca. Rutas guiadas de senderismo por apasionados del Pirineo. \u00a1Grandes experiencias!\" \/>\n<meta property=\"og:url\" content=\"https:\/\/rutessilviarovira.com\/es\/50-cumbres\/\" \/>\n<meta property=\"og:site_name\" content=\"Rutes S\u00edlvia Rovira\" \/>\n<meta property=\"article:modified_time\" content=\"2024-11-14T09:20:49+00:00\" \/>\n<meta property=\"og:image\" content=\"https:\/\/rutessilviarovira.com\/wp-content\/uploads\/2019\/04\/P1020339.9-900-x-675-e1702747125536.jpg\" \/>\n\t<meta property=\"og:image:width\" content=\"900\" \/>\n\t<meta property=\"og:image:height\" content=\"627\" \/>\n\t<meta property=\"og:image:type\" content=\"image\/jpeg\" \/>\n<meta name=\"twitter:card\" content=\"summary_large_image\" \/>\n<meta name=\"twitter:label1\" content=\"Tiempo de lectura\" \/>\n\t<meta name=\"twitter:data1\" content=\"1 minuto\" \/>\n<script type=\"application\/ld+json\" class=\"yoast-schema-graph\">{\"@context\":\"https:\/\/schema.org\",\"@graph\":[{\"@type\":\"WebPage\",\"@id\":\"https:\/\/rutessilviarovira.com\/es\/50-cumbres\/\",\"url\":\"https:\/\/rutessilviarovira.com\/es\/50-cumbres\/\",\"name\":\"Excursi\u00f3n a la cima Canig\u00f3, Pedraforca y otros - Senderismo \u00e9pico\",\"isPartOf\":{\"@id\":\"https:\/\/rutessilviarovira.com\/#website\"},\"primaryImageOfPage\":{\"@id\":\"https:\/\/rutessilviarovira.com\/es\/50-cumbres\/#primaryimage\"},\"image\":{\"@id\":\"https:\/\/rutessilviarovira.com\/es\/50-cumbres\/#primaryimage\"},\"thumbnailUrl\":\"https:\/\/rutessilviarovira.com\/wp-content\/uploads\/2019\/04\/P1020339.9-900-x-675-e1702747125536.jpg\",\"datePublished\":\"2019-04-19T20:08:56+00:00\",\"dateModified\":\"2024-11-14T09:20:49+00:00\",\"description\":\"Vive la aventura con la excursi\u00f3n a la cima Canig\u00f3 y Pedraforca. Rutas guiadas de senderismo por apasionados del Pirineo. \u00a1Grandes experiencias!\",\"breadcrumb\":{\"@id\":\"https:\/\/rutessilviarovira.com\/es\/50-cumbres\/#breadcrumb\"},\"inLanguage\":\"es\",\"potentialAction\":[{\"@type\":\"ReadAction\",\"target\":[\"https:\/\/rutessilviarovira.com\/es\/50-cumbres\/\"]}]},{\"@type\":\"ImageObject\",\"inLanguage\":\"es\",\"@id\":\"https:\/\/rutessilviarovira.com\/es\/50-cumbres\/#primaryimage\",\"url\":\"https:\/\/rutessilviarovira.com\/wp-content\/uploads\/2019\/04\/P1020339.9-900-x-675-e1702747125536.jpg\",\"contentUrl\":\"https:\/\/rutessilviarovira.com\/wp-content\/uploads\/2019\/04\/P1020339.9-900-x-675-e1702747125536.jpg\",\"width\":900,\"height\":627},{\"@type\":\"BreadcrumbList\",\"@id\":\"https:\/\/rutessilviarovira.com\/es\/50-cumbres\/#breadcrumb\",\"itemListElement\":[{\"@type\":\"ListItem\",\"position\":1,\"name\":\"Portada\",\"item\":\"https:\/\/rutessilviarovira.com\/es\/inicio\/\"},{\"@type\":\"ListItem\",\"position\":2,\"name\":\"50 Cumbres\"}]},{\"@type\":\"WebSite\",\"@id\":\"https:\/\/rutessilviarovira.com\/#website\",\"url\":\"https:\/\/rutessilviarovira.com\/\",\"name\":\"Rutes S\u00edlvia Rovira\",\"description\":\"Rutes de btt,Senderisme,Trekking i raquetes de neu\",\"publisher\":{\"@id\":\"https:\/\/rutessilviarovira.com\/#organization\"},\"potentialAction\":[{\"@type\":\"SearchAction\",\"target\":{\"@type\":\"EntryPoint\",\"urlTemplate\":\"https:\/\/rutessilviarovira.com\/?s={search_term_string}\"},\"query-input\":\"required name=search_term_string\"}],\"inLanguage\":\"es\"},{\"@type\":\"Organization\",\"@id\":\"https:\/\/rutessilviarovira.com\/#organization\",\"name\":\"Rutes S\u00edvia Rovira\",\"url\":\"https:\/\/rutessilviarovira.com\/\",\"logo\":{\"@type\":\"ImageObject\",\"inLanguage\":\"es\",\"@id\":\"https:\/\/rutessilviarovira.com\/#\/schema\/logo\/image\/\",\"url\":\"https:\/\/rutessilviarovira.com\/wp-content\/uploads\/2019\/04\/cropped-LOGO-1.png\",\"contentUrl\":\"https:\/\/rutessilviarovira.com\/wp-content\/uploads\/2019\/04\/cropped-LOGO-1.png\",\"width\":512,\"height\":512,\"caption\":\"Rutes S\u00edvia Rovira\"},\"image\":{\"@id\":\"https:\/\/rutessilviarovira.com\/#\/schema\/logo\/image\/\"}}]}<\/script>\n<!-- \/ Yoast SEO plugin. -->","yoast_head_json":{"title":"Excursi\u00f3n a la cima Canig\u00f3, Pedraforca y otros - Senderismo \u00e9pico","description":"Vive la aventura con la excursi\u00f3n a la cima Canig\u00f3 y Pedraforca. Rutas guiadas de senderismo por apasionados del Pirineo. \u00a1Grandes experiencias!","robots":{"index":"index","follow":"follow","max-snippet":"max-snippet:-1","max-image-preview":"max-image-preview:large","max-video-preview":"max-video-preview:-1"},"canonical":"https:\/\/rutessilviarovira.com\/es\/50-cumbres\/","og_locale":"es_ES","og_type":"article","og_title":"Excursi\u00f3n a la cima Canig\u00f3, Pedraforca y otros - Senderismo \u00e9pico","og_description":"Vive la aventura con la excursi\u00f3n a la cima Canig\u00f3 y Pedraforca. Rutas guiadas de senderismo por apasionados del Pirineo. \u00a1Grandes experiencias!","og_url":"https:\/\/rutessilviarovira.com\/es\/50-cumbres\/","og_site_name":"Rutes S\u00edlvia Rovira","article_modified_time":"2024-11-14T09:20:49+00:00","og_image":[{"width":900,"height":627,"url":"https:\/\/rutessilviarovira.com\/wp-content\/uploads\/2019\/04\/P1020339.9-900-x-675-e1702747125536.jpg","type":"image\/jpeg"}],"twitter_card":"summary_large_image","twitter_misc":{"Tiempo de lectura":"1 minuto"},"schema":{"@context":"https:\/\/schema.org","@graph":[{"@type":"WebPage","@id":"https:\/\/rutessilviarovira.com\/es\/50-cumbres\/","url":"https:\/\/rutessilviarovira.com\/es\/50-cumbres\/","name":"Excursi\u00f3n a la cima Canig\u00f3, Pedraforca y otros - Senderismo \u00e9pico","isPartOf":{"@id":"https:\/\/rutessilviarovira.com\/#website"},"primaryImageOfPage":{"@id":"https:\/\/rutessilviarovira.com\/es\/50-cumbres\/#primaryimage"},"image":{"@id":"https:\/\/rutessilviarovira.com\/es\/50-cumbres\/#primaryimage"},"thumbnailUrl":"https:\/\/rutessilviarovira.com\/wp-content\/uploads\/2019\/04\/P1020339.9-900-x-675-e1702747125536.jpg","datePublished":"2019-04-19T20:08:56+00:00","dateModified":"2024-11-14T09:20:49+00:00","description":"Vive la aventura con la excursi\u00f3n a la cima Canig\u00f3 y Pedraforca. Rutas guiadas de senderismo por apasionados del Pirineo. \u00a1Grandes experiencias!","breadcrumb":{"@id":"https:\/\/rutessilviarovira.com\/es\/50-cumbres\/#breadcrumb"},"inLanguage":"es","potentialAction":[{"@type":"ReadAction","target":["https:\/\/rutessilviarovira.com\/es\/50-cumbres\/"]}]},{"@type":"ImageObject","inLanguage":"es","@id":"https:\/\/rutessilviarovira.com\/es\/50-cumbres\/#primaryimage","url":"https:\/\/rutessilviarovira.com\/wp-content\/uploads\/2019\/04\/P1020339.9-900-x-675-e1702747125536.jpg","contentUrl":"https:\/\/rutessilviarovira.com\/wp-content\/uploads\/2019\/04\/P1020339.9-900-x-675-e1702747125536.jpg","width":900,"height":627},{"@type":"BreadcrumbList","@id":"https:\/\/rutessilviarovira.com\/es\/50-cumbres\/#breadcrumb","itemListElement":[{"@type":"ListItem","position":1,"name":"Portada","item":"https:\/\/rutessilviarovira.com\/es\/inicio\/"},{"@type":"ListItem","position":2,"name":"50 Cumbres"}]},{"@type":"WebSite","@id":"https:\/\/rutessilviarovira.com\/#website","url":"https:\/\/rutessilviarovira.com\/","name":"Rutes S\u00edlvia Rovira","description":"Rutes de btt,Senderisme,Trekking i raquetes de neu","publisher":{"@id":"https:\/\/rutessilviarovira.com\/#organization"},"potentialAction":[{"@type":"SearchAction","target":{"@type":"EntryPoint","urlTemplate":"https:\/\/rutessilviarovira.com\/?s={search_term_string}"},"query-input":"required name=search_term_string"}],"inLanguage":"es"},{"@type":"Organization","@id":"https:\/\/rutessilviarovira.com\/#organization","name":"Rutes S\u00edvia Rovira","url":"https:\/\/rutessilviarovira.com\/","logo":{"@type":"ImageObject","inLanguage":"es","@id":"https:\/\/rutessilviarovira.com\/#\/schema\/logo\/image\/","url":"https:\/\/rutessilviarovira.com\/wp-content\/uploads\/2019\/04\/cropped-LOGO-1.png","contentUrl":"https:\/\/rutessilviarovira.com\/wp-content\/uploads\/2019\/04\/cropped-LOGO-1.png","width":512,"height":512,"caption":"Rutes S\u00edvia Rovira"},"image":{"@id":"https:\/\/rutessilviarovira.com\/#\/schema\/logo\/image\/"}}]}},"_links":{"self":[{"href":"https:\/\/rutessilviarovira.com\/es\/wp-json\/wp\/v2\/pages\/7236"}],"collection":[{"href":"https:\/\/rutessilviarovira.com\/es\/wp-json\/wp\/v2\/pages"}],"about":[{"href":"https:\/\/rutessilviarovira.com\/es\/wp-json\/wp\/v2\/types\/page"}],"author":[{"embeddable":true,"href":"https:\/\/rutessilviarovira.com\/es\/wp-json\/wp\/v2\/users\/2"}],"replies":[{"embeddable":true,"href":"https:\/\/rutessilviarovira.com\/es\/wp-json\/wp\/v2\/comments?post=7236"}],"version-history":[{"count":9,"href":"https:\/\/rutessilviarovira.com\/es\/wp-json\/wp\/v2\/pages\/7236\/revisions"}],"predecessor-version":[{"id":8414,"href":"https:\/\/rutessilviarovira.com\/es\/wp-json\/wp\/v2\/pages\/7236\/revisions\/8414"}],"wp:featuredmedia":[{"embeddable":true,"href":"https:\/\/rutessilviarovira.com\/es\/wp-json\/wp\/v2\/media\/6788"}],"wp:attachment":[{"href":"https:\/\/rutessilviarovira.com\/es\/wp-json\/wp\/v2\/media?parent=7236"}],"curies":[{"name":"wp","href":"https:\/\/api.w.org\/{rel}","templated":true}]}}