{"id":8127,"date":"2019-05-11T23:16:57","date_gmt":"2019-05-11T21:16:57","guid":{"rendered":"https:\/\/rutessilviarovira.com\/aviso-legal\/"},"modified":"2019-05-11T23:16:57","modified_gmt":"2019-05-11T21:16:57","slug":"aviso-legal","status":"publish","type":"page","link":"https:\/\/rutessilviarovira.com\/es\/aviso-legal\/","title":{"rendered":"Aviso Legal"},"content":{"rendered":"<div class=\"gs\">\n<div class=\"\">\n<div id=\":ot\" class=\"ii gt adO\">\n<div id=\":os\" class=\"a3s aXjCH \">\n<div dir=\"ltr\">\n<p>DERECHOS DE PROPIEDAD INTELECTUAL E INDUSTRIAL, DERECHOS DE AUTOR Y MARCA. Todo el contenido de esta web y las fotos son propiedad de Rutes S\u00edlvia Rovira; queda prohibida la reproducci\u00f3n por cualquier medio, sin permiso. Los contenidos de esta web, excepto donde se indique lo contrario, se puede distribuir el contenido siempre que: &#8211; lo notifique previamente por correo electr\u00f3nico al enlace de &#8216;contacta&#8217; en la web &#8211; Indique qui\u00e9n es el autor. Es una buena regla tambi\u00e9n poner un v\u00ednculo hacia la p\u00e1gina de donde se ha quitado la informaci\u00f3n. &#8211; No utilizarlo para fines comerciales. Modificaciones , Silvia Rovira se reserva el derecho a realizar las modificaciones que considere oportunas, sin previo aviso, en el contenido de su sitio web. Tanto en lo que se refiere a los contenidos del sitio web, como en las condiciones de uso o cambios en las salidas, o en las condiciones generales de contrataci\u00f3n. Contrataci\u00f3n: La contrataci\u00f3n de cualquiera de las salidas, requerir\u00e1 la lectura y aceptaci\u00f3n obligatoria de las condiciones generales de contrataci\u00f3n establecidas al efecto por S\u00edlvia Rovira. Protecci\u00f3n de datos De conformidad con lo establecido en la Ley Org\u00e1nica 15\/1999 de Protecci\u00f3n de Datos de Car\u00e1cter Personal (LOPD), S\u00edlvia Rovira, informa a los usuarios de su sitio web que los datos personales recogidos por la empresa, mediante los formularios de contacto, ser\u00e1n tratados \u00fanica y exclusivamente por car\u00e1cter informativo de las salidas que realizamos, sea en bici, trekking o raquetas de nieve. Asimismo informamos de la posibilidad de ejercitar los derechos de acceso, rectificaci\u00f3n, cancelaci\u00f3n y oposici\u00f3n mediante un escrito en el mismo mail <a href=\"mailto:silviarovira@rutes.es\" target=\"_blank\" rel=\"noopener noreferrer\">silviarovira@rutes.es<\/a> . si el usuario no comunica lo contrario Rutes S\u00edlvia Rovira, entender\u00e1 que sus datos no han sido modificados, que el usuario se compromete a notificar, si existe alguna variaci\u00f3n en el consentimiento para utilizarlos, a fin de poder mantener una buena relaci\u00f3n entre las partes. R\u00e9gimen de responsabilidades. contrariamente a lo dispuesto por las presentes condiciones, la Ley, la moral, las buenas costumbres o el orden p\u00fablico, o que de cualquier otra forma pueda suponer lesi\u00f3n de los derechos de terceros o del propio funcionamiento de los sitios web. Pol\u00edtica de enlaces y exenciones de responsabilidad S\u00edlvia Rovira no se hace responsable del contenido de los sitios web a los que el usuario pueda acceder a trav\u00e9s de los enlaces establecidos en su sitio web, declaran que no ejercita ning\u00fan tipo de control sobre el contenido de otros sitios de la red. Asimismo, tampoco garantizar\u00e1 la disponibilidad t\u00e9cnica, exactitud, veracidad, validez o legalidad de sitios ajenos a su propiedad a los que se pueda acceder por medio de los enlaces. Reembolso del pago: Para poder cancelar una inscripci\u00f3n poder disfrutar del reembolso de las cantidades de prepago, deber\u00e1 cumplirse los siguientes requisitos, la estimaci\u00f3n estar\u00e1 determinada por el importe total del viaje, y siempre que no haya habido pagos por adelantado sin retorno de la reserva, como pueden ser vuelos o alg\u00fan tipo de alojamiento. El precentaje de reembolso es el siguiente.   <\/p>\n<p>  Fecha de desistimiento antes del evento Porcentaje de reembolso Menos de 30 d\u00edas 90% De 29 a 15 d\u00edas 15% De 14 a 8 d\u00edas 25% Menos de 8 d\u00edas 0% Datos identificativos; Silvia Rovira DNI. 77736511-F Nombre de Marca: Rutas S\u00edlvia Rovira N\u00famero de Registro de Turismo de Catalu\u00f1a, como agente de viajes: GC-004498<\/p>\n<\/div>\n<\/div>\n<\/div>\n<\/div>\n<\/div>\n","protected":false},"excerpt":{"rendered":"<p>DERECHOS DE PROPIEDAD INTELECTUAL E INDUSTRIAL, DERECHOS DE AUTOR Y MARCA. Todo el contenido de esta web y las fotos son propiedad de Rutes S\u00edlvia Rovira; queda prohibida la reproducci\u00f3n por cualquier medio, sin permiso. Los contenidos de esta web, excepto donde se indique lo contrario, se puede distribuir el contenido siempre que: &#8211; lo notifique previamente por correo electr\u00f3nico al enlace de &#8216;contacta&#8217; en la web &#8211; Indique qui\u00e9n es el autor. Es una buena regla tambi\u00e9n poner un v\u00ednculo hacia la p\u00e1gina de donde se ha quitado la informaci\u00f3n. &#8211; No utilizarlo para fines comerciales. Modificaciones , Silvia Rovira se reserva el derecho a realizar las modificaciones que considere oportunas, sin previo aviso, en el contenido de su sitio web. Tanto en lo que se refiere a los contenidos del sitio web, como en las condiciones de uso o cambios en las salidas, o en las condiciones generales [&hellip;]<\/p>\n","protected":false},"author":2,"featured_media":0,"parent":0,"menu_order":0,"comment_status":"closed","ping_status":"closed","template":"","meta":{"footnotes":""},"class_list":["post-8127","page","type-page","status-publish","hentry"],"yoast_head":"<!-- This site is optimized with the Yoast SEO plugin v22.9 - https:\/\/yoast.com\/wordpress\/plugins\/seo\/ -->\n<title>Aviso Legal - Rutes S\u00edlvia Rovira<\/title>\n<meta name=\"description\" content=\"P\u00e1gina de Aviso Legal\" \/>\n<meta name=\"robots\" content=\"noindex, nofollow\" \/>\n<meta property=\"og:locale\" content=\"es_ES\" \/>\n<meta property=\"og:type\" content=\"article\" \/>\n<meta property=\"og:title\" content=\"Aviso Legal - Rutes S\u00edlvia Rovira\" \/>\n<meta property=\"og:description\" content=\"P\u00e1gina de Aviso Legal\" \/>\n<meta property=\"og:url\" content=\"https:\/\/rutessilviarovira.com\/es\/aviso-legal\/\" \/>\n<meta property=\"og:site_name\" content=\"Rutes S\u00edlvia Rovira\" \/>\n<meta name=\"twitter:card\" content=\"summary_large_image\" \/>\n<meta name=\"twitter:label1\" content=\"Tiempo de lectura\" \/>\n\t<meta name=\"twitter:data1\" content=\"3 minutos\" \/>\n<script type=\"application\/ld+json\" class=\"yoast-schema-graph\">{\"@context\":\"https:\/\/schema.org\",\"@graph\":[{\"@type\":\"WebPage\",\"@id\":\"https:\/\/rutessilviarovira.com\/es\/aviso-legal\/\",\"url\":\"https:\/\/rutessilviarovira.com\/es\/aviso-legal\/\",\"name\":\"Aviso Legal - Rutes S\u00edlvia Rovira\",\"isPartOf\":{\"@id\":\"https:\/\/rutessilviarovira.com\/#website\"},\"datePublished\":\"2019-05-11T21:16:57+00:00\",\"dateModified\":\"2019-05-11T21:16:57+00:00\",\"description\":\"P\u00e1gina de Aviso Legal\",\"breadcrumb\":{\"@id\":\"https:\/\/rutessilviarovira.com\/es\/aviso-legal\/#breadcrumb\"},\"inLanguage\":\"es\",\"potentialAction\":[{\"@type\":\"ReadAction\",\"target\":[\"https:\/\/rutessilviarovira.com\/es\/aviso-legal\/\"]}]},{\"@type\":\"BreadcrumbList\",\"@id\":\"https:\/\/rutessilviarovira.com\/es\/aviso-legal\/#breadcrumb\",\"itemListElement\":[{\"@type\":\"ListItem\",\"position\":1,\"name\":\"Portada\",\"item\":\"https:\/\/rutessilviarovira.com\/es\/inicio\/\"},{\"@type\":\"ListItem\",\"position\":2,\"name\":\"Aviso Legal\"}]},{\"@type\":\"WebSite\",\"@id\":\"https:\/\/rutessilviarovira.com\/#website\",\"url\":\"https:\/\/rutessilviarovira.com\/\",\"name\":\"Rutes S\u00edlvia Rovira\",\"description\":\"Rutes de btt,Senderisme,Trekking i raquetes de neu\",\"publisher\":{\"@id\":\"https:\/\/rutessilviarovira.com\/#organization\"},\"potentialAction\":[{\"@type\":\"SearchAction\",\"target\":{\"@type\":\"EntryPoint\",\"urlTemplate\":\"https:\/\/rutessilviarovira.com\/?s={search_term_string}\"},\"query-input\":\"required name=search_term_string\"}],\"inLanguage\":\"es\"},{\"@type\":\"Organization\",\"@id\":\"https:\/\/rutessilviarovira.com\/#organization\",\"name\":\"Rutes S\u00edvia Rovira\",\"url\":\"https:\/\/rutessilviarovira.com\/\",\"logo\":{\"@type\":\"ImageObject\",\"inLanguage\":\"es\",\"@id\":\"https:\/\/rutessilviarovira.com\/#\/schema\/logo\/image\/\",\"url\":\"https:\/\/rutessilviarovira.com\/wp-content\/uploads\/2019\/04\/cropped-LOGO-1.png\",\"contentUrl\":\"https:\/\/rutessilviarovira.com\/wp-content\/uploads\/2019\/04\/cropped-LOGO-1.png\",\"width\":512,\"height\":512,\"caption\":\"Rutes S\u00edvia Rovira\"},\"image\":{\"@id\":\"https:\/\/rutessilviarovira.com\/#\/schema\/logo\/image\/\"}}]}<\/script>\n<!-- \/ Yoast SEO plugin. -->","yoast_head_json":{"title":"Aviso Legal - Rutes S\u00edlvia Rovira","description":"P\u00e1gina de Aviso Legal","robots":{"index":"noindex","follow":"nofollow"},"og_locale":"es_ES","og_type":"article","og_title":"Aviso Legal - Rutes S\u00edlvia Rovira","og_description":"P\u00e1gina de Aviso Legal","og_url":"https:\/\/rutessilviarovira.com\/es\/aviso-legal\/","og_site_name":"Rutes S\u00edlvia Rovira","twitter_card":"summary_large_image","twitter_misc":{"Tiempo de lectura":"3 minutos"},"schema":{"@context":"https:\/\/schema.org","@graph":[{"@type":"WebPage","@id":"https:\/\/rutessilviarovira.com\/es\/aviso-legal\/","url":"https:\/\/rutessilviarovira.com\/es\/aviso-legal\/","name":"Aviso Legal - Rutes S\u00edlvia Rovira","isPartOf":{"@id":"https:\/\/rutessilviarovira.com\/#website"},"datePublished":"2019-05-11T21:16:57+00:00","dateModified":"2019-05-11T21:16:57+00:00","description":"P\u00e1gina de Aviso Legal","breadcrumb":{"@id":"https:\/\/rutessilviarovira.com\/es\/aviso-legal\/#breadcrumb"},"inLanguage":"es","potentialAction":[{"@type":"ReadAction","target":["https:\/\/rutessilviarovira.com\/es\/aviso-legal\/"]}]},{"@type":"BreadcrumbList","@id":"https:\/\/rutessilviarovira.com\/es\/aviso-legal\/#breadcrumb","itemListElement":[{"@type":"ListItem","position":1,"name":"Portada","item":"https:\/\/rutessilviarovira.com\/es\/inicio\/"},{"@type":"ListItem","position":2,"name":"Aviso Legal"}]},{"@type":"WebSite","@id":"https:\/\/rutessilviarovira.com\/#website","url":"https:\/\/rutessilviarovira.com\/","name":"Rutes S\u00edlvia Rovira","description":"Rutes de btt,Senderisme,Trekking i raquetes de neu","publisher":{"@id":"https:\/\/rutessilviarovira.com\/#organization"},"potentialAction":[{"@type":"SearchAction","target":{"@type":"EntryPoint","urlTemplate":"https:\/\/rutessilviarovira.com\/?s={search_term_string}"},"query-input":"required name=search_term_string"}],"inLanguage":"es"},{"@type":"Organization","@id":"https:\/\/rutessilviarovira.com\/#organization","name":"Rutes S\u00edvia Rovira","url":"https:\/\/rutessilviarovira.com\/","logo":{"@type":"ImageObject","inLanguage":"es","@id":"https:\/\/rutessilviarovira.com\/#\/schema\/logo\/image\/","url":"https:\/\/rutessilviarovira.com\/wp-content\/uploads\/2019\/04\/cropped-LOGO-1.png","contentUrl":"https:\/\/rutessilviarovira.com\/wp-content\/uploads\/2019\/04\/cropped-LOGO-1.png","width":512,"height":512,"caption":"Rutes S\u00edvia Rovira"},"image":{"@id":"https:\/\/rutessilviarovira.com\/#\/schema\/logo\/image\/"}}]}},"_links":{"self":[{"href":"https:\/\/rutessilviarovira.com\/es\/wp-json\/wp\/v2\/pages\/8127"}],"collection":[{"href":"https:\/\/rutessilviarovira.com\/es\/wp-json\/wp\/v2\/pages"}],"about":[{"href":"https:\/\/rutessilviarovira.com\/es\/wp-json\/wp\/v2\/types\/page"}],"author":[{"embeddable":true,"href":"https:\/\/rutessilviarovira.com\/es\/wp-json\/wp\/v2\/users\/2"}],"replies":[{"embeddable":true,"href":"https:\/\/rutessilviarovira.com\/es\/wp-json\/wp\/v2\/comments?post=8127"}],"version-history":[{"count":0,"href":"https:\/\/rutessilviarovira.com\/es\/wp-json\/wp\/v2\/pages\/8127\/revisions"}],"wp:attachment":[{"href":"https:\/\/rutessilviarovira.com\/es\/wp-json\/wp\/v2\/media?parent=8127"}],"curies":[{"name":"wp","href":"https:\/\/api.w.org\/{rel}","templated":true}]}}