{"id":8241,"date":"2018-02-06T09:28:22","date_gmt":"2018-02-06T08:28:22","guid":{"rendered":"https:\/\/rutessilviarovira.com\/silvia-rovira\/"},"modified":"2025-12-16T20:45:16","modified_gmt":"2025-12-16T19:45:16","slug":"silvia-rovira","status":"publish","type":"page","link":"https:\/\/rutessilviarovira.com\/es\/silvia-rovira\/","title":{"rendered":"Silvia Rovira"},"content":{"rendered":"<p>[vc_row row_content_width=\u00bbgrid\u00bb row_background_shadow=\u00bbno\u00bb css=\u00bb.vc_custom_1517919154668{padding-top: 132px !important;padding-bottom: 56px !important;}\u00bb][vc_column]<div class=\"mkdf-elements-holder   mkdf-one-column  mkdf-responsive-mode-768 \" ><div class=\"mkdf-eh-item    \"  data-item-class=\"mkdf-eh-custom-3513\" data-1280-1600=\"0 19%\" data-1024-1280=\"0 19%\" data-768-1024=\"0 6%\" data-680-768=\"0 0%\" data-680=\"0 0\">\n\t<div class=\"mkdf-eh-item-inner\">\n\t\t<div class=\"mkdf-eh-item-content mkdf-eh-custom-3513\" style=\"padding: 0 24%\">\n\t\t\t<div class=\"mkdf-section-title-holder  mkdf-st-standard \" >\n\t<div class=\"mkdf-st-inner\">\n\t\t\t\t\t<h1 class=\"mkdf-st-title\" >\n\t\t\t\tSilvia Rovira\t\t\t<\/h1>\n\t\t\t\t\t\t\t<div class=\"mkdf-separator-holder clearfix\">\n\t\t\t\t<div class=\"mkdf-separator\" ><\/div>\n\t\t\t<\/div>\n\t\t\t\t\t\t\t<p class=\"mkdf-st-text\" style=\"font-size: 25px\">\n\t\t\t\tRutes,Senderisme,Btt,Raquetes.\t\t\t<\/p>\n\t\t\t<\/div>\n<\/div>\t\t<\/div>\n\t<\/div>\n<\/div><\/div>[vc_column_text]<img decoding=\"async\" class=\" wp-image-3023 aligncenter\" src=\"https:\/\/rutessilviarovira.com\/wp-content\/uploads\/2019\/05\/MG_0444-1-1024x683.jpg\" alt=\"\" width=\"406\" height=\"271\" srcset=\"https:\/\/rutessilviarovira.com\/wp-content\/uploads\/2019\/05\/MG_0444-1-1024x683.jpg 1024w, https:\/\/rutessilviarovira.com\/wp-content\/uploads\/2019\/05\/MG_0444-1-600x400.jpg 600w, https:\/\/rutessilviarovira.com\/wp-content\/uploads\/2019\/05\/MG_0444-1-300x200.jpg 300w, https:\/\/rutessilviarovira.com\/wp-content\/uploads\/2019\/05\/MG_0444-1-768x512.jpg 768w\" sizes=\"(max-width: 406px) 100vw, 406px\" \/><\/p>\n<h4><span style=\"color: #000000;\">Rutas Dise\u00f1adas Por S\u00edlvia Rovira Campeona de Espa\u00f1a y subcampeona de Europa de BTT.<\/span><\/h4>\n<p>Para quienes no me conocen, he sido corredora profesional de MTB durante muchos a\u00f1os. He entrenado por carreteras, y sobre todo, por caminos de monta\u00f1a; por eso me conozco muy bien cada rinc\u00f3n, sobre todo la zona de Bages, Bergued\u00e0 y Solson\u00e8s.<\/p>\n<p>Es una suerte vivir en un lugar tan privilegiado para la pr\u00e1ctica del BTT, donde podemos encontrar todo tipo de rutas, desde llanuras por valles y r\u00edos a bastante exigentes por alta monta\u00f1a, siempre pasando por paisajes inigualables, donde tambi\u00e9n podemos ver castillos, iglesias, santuarios, lagos, tumbas, puentes medievales, peque\u00f1os pueblos y mas\u00edas.<\/p>\n<p>Hemos preparado una serie de recorridos de diferentes niveles que pueden realizarse en cualquier d\u00eda que se solicite, durante todo el a\u00f1o. Para los grupos que lo deseen, y tal y como se hace en las salidas organizadas, se pueden programar avituallamientos a lo largo del circuito, coche de apoyo, reserva de alojamiento y recuerdos por los \u00bb <em>finishers<\/em> \u00ab, en los circuitos largos. <\/p>\n<p>Mi pasi\u00f3n por la bicicleta y el trekking por la monta\u00f1a, tambi\u00e9n me ha llevado a realizar salidas por toda Catalu\u00f1a y por el mundo. Ahora mismo, mi meta, es dar a conocer estas rutas y caminos, por los mejores destinos que tenemos en Catalu\u00f1a, Europa y otros continentes. Especialmente, en el Atlas, Nepal y Kilimanjaro.  <\/p>\n<p>Guiando su aventura, pasando por lugares de inter\u00e9s y buscando siempre los objetivos de deporte, naturaleza y vivir grandes experiencias haciendo turismo activo, en bici, a pie o raquetas de nieve.<\/p>\n<h4><strong>Titulaci\u00f3n:  <\/strong><\/h4>\n<p>&#8211; Conducci\u00f3n de actividades en el medio natural<\/p>\n<p>&#8211; Gu\u00eda de media monta\u00f1a<\/p>\n<p>&#8211; Subcampeona de Europa (95&#8242;) en la Rep. Checa.<\/p>\n<p>&#8211; 3 veces campeona de Espa\u00f1a.<\/p>\n<p>&#8211; 5\u201d subcampeona de Espa\u00f1a.<\/p>\n<p>&#8211; 6\u201d campeona del Open de Espa\u00f1a.<\/p>\n<p>&#8211; 6\u201d campeona del \u201c <em>Gran Premio Coronas (Copa de Espa\u00f1a)<\/em> \u201d.<\/p>\n<p>&#8211; 1\u201d campeona de Espa\u00f1a de Descenso.<\/p>\n<p>&#8211; Otros resultados, Copas del Mundo: 6\u00aa posici\u00f3n Dinamarca-97&#8242;, 8\u00aa en Alemania-01&#8242;, 9\u00aa Italia-96&#8242;, 10\u00aa Portugal-99&#8242;.<\/p>\n<h4><strong>Campeonatos del Mundo:<\/strong><\/h4>\n<p>&#8211; 10a en Suecia-99&#8242;, 16a en USA-01&#8242;<\/p>\n<h4><strong>Participando 2 veces Olimpiadas:<\/strong><\/h4>\n<p>&#8211; Atlanta-96&#8242; y Sydney-00&#8242;.<\/p>\n<p>&#8211; Top-ten mundial del ranking UCI de MTB.<\/p>\n<p>&nbsp;<\/p>\n<p>&nbsp;<\/p>\n<p><img decoding=\"async\" class=\"alignnone size-full wp-image-4085\" src=\"https:\/\/rutessilviarovira.com\/wp-content\/uploads\/2021\/03\/unnamed.jpg\" alt=\"\" width=\"150\" height=\"171\"><img decoding=\"async\" class=\"wp-image-3024 alignleft\" src=\"https:\/\/rutessilviarovira.com\/wp-content\/uploads\/2019\/05\/MTB-002.jpg\" alt=\"\" width=\"313\" height=\"453\" srcset=\"https:\/\/rutessilviarovira.com\/wp-content\/uploads\/2019\/05\/MTB-002.jpg 1169w, https:\/\/rutessilviarovira.com\/wp-content\/uploads\/2019\/05\/MTB-002-600x869.jpg 600w, https:\/\/rutessilviarovira.com\/wp-content\/uploads\/2019\/05\/MTB-002-207x300.jpg 207w, https:\/\/rutessilviarovira.com\/wp-content\/uploads\/2019\/05\/MTB-002-768x1113.jpg 768w, https:\/\/rutessilviarovira.com\/wp-content\/uploads\/2019\/05\/MTB-002-707x1024.jpg 707w\" sizes=\"(max-width: 313px) 100vw, 313px\" \/><img decoding=\"async\" class=\"wp-image-3022 alignleft\" src=\"https:\/\/rutessilviarovira.com\/wp-content\/uploads\/2019\/05\/MG_0374-2.jpg\" alt=\"\" width=\"314\" height=\"470\" srcset=\"https:\/\/rutessilviarovira.com\/wp-content\/uploads\/2019\/05\/MG_0374-2.jpg 1330w, https:\/\/rutessilviarovira.com\/wp-content\/uploads\/2019\/05\/MG_0374-2-600x898.jpg 600w, https:\/\/rutessilviarovira.com\/wp-content\/uploads\/2019\/05\/MG_0374-2-200x300.jpg 200w, https:\/\/rutessilviarovira.com\/wp-content\/uploads\/2019\/05\/MG_0374-2-768x1150.jpg 768w, https:\/\/rutessilviarovira.com\/wp-content\/uploads\/2019\/05\/MG_0374-2-684x1024.jpg 684w\" sizes=\"(max-width: 314px) 100vw, 314px\" \/>[\/vc_column_text][\/vc_column][\/vc_row][vc_row row_content_width=\u00bbgrid\u00bb row_background_shadow=\u00bbno\u00bb css=\u00bb.vc_custom_1518018286969{padding-top: 132px !important;padding-bottom: 70px !important;}\u00bb][vc_column]<div class=\"mkdf-elements-holder   mkdf-one-column  mkdf-responsive-mode-768 \" ><div class=\"mkdf-eh-item    \"  data-item-class=\"mkdf-eh-custom-1630\" data-1280-1600=\"0 19%\" data-1024-1280=\"0 19%\" data-768-1024=\"0 6%\" data-680-768=\"0 0%\" data-680=\"0 0\">\n\t<div class=\"mkdf-eh-item-inner\">\n\t\t<div class=\"mkdf-eh-item-content mkdf-eh-custom-1630\" style=\"padding: 0 24%\">\n\t\t\t\t\t<\/div>\n\t<\/div>\n<\/div><\/div>[\/vc_column][\/vc_row]<\/p>\n","protected":false},"excerpt":{"rendered":"<p>[vc_row row_content_width=\u00bbgrid\u00bb row_background_shadow=\u00bbno\u00bb css=\u00bb.vc_custom_1517919154668{padding-top: 132px !important;padding-bottom: 56px !important;}\u00bb][vc_column][vc_column_text] Rutas Dise\u00f1adas Por S\u00edlvia Rovira Campeona de Espa\u00f1a y subcampeona de Europa de BTT. Para quienes no me conocen, he sido corredora profesional de MTB durante muchos a\u00f1os. He entrenado por carreteras, y sobre todo, por caminos de monta\u00f1a; por eso me conozco muy bien cada rinc\u00f3n, sobre todo la zona de Bages, Bergued\u00e0 y Solson\u00e8s. Es una suerte vivir en un lugar tan privilegiado para la pr\u00e1ctica del BTT, donde podemos encontrar todo tipo de rutas, desde llanuras por valles y r\u00edos a bastante exigentes por alta monta\u00f1a, siempre pasando por paisajes inigualables, donde tambi\u00e9n podemos ver castillos, iglesias, santuarios, lagos, tumbas, puentes medievales, peque\u00f1os pueblos y mas\u00edas. Hemos preparado una serie de recorridos de diferentes niveles que pueden realizarse en cualquier d\u00eda que se solicite, durante todo el a\u00f1o. Para los grupos que lo deseen, y tal y como se [&hellip;]<\/p>\n","protected":false},"author":2,"featured_media":0,"parent":0,"menu_order":0,"comment_status":"closed","ping_status":"closed","template":"full-width.php","meta":{"footnotes":""},"class_list":["post-8241","page","type-page","status-publish","hentry"],"yoast_head":"<!-- This site is optimized with the Yoast SEO plugin v22.9 - https:\/\/yoast.com\/wordpress\/plugins\/seo\/ -->\n<title>Agencia de viajes de senderismo y rutas en bicicleta por el Pirineo<\/title>\n<meta name=\"description\" content=\"Agencia de viajes de senderismo. Descubra las mejores rutas de bicicleta y senderismo con la campeona Silvia Rovira como gu\u00eda. Disfruta de la experiencia.\" \/>\n<meta name=\"robots\" content=\"index, follow, max-snippet:-1, max-image-preview:large, max-video-preview:-1\" \/>\n<link rel=\"canonical\" href=\"https:\/\/rutessilviarovira.com\/es\/silvia-rovira\/\" \/>\n<meta property=\"og:locale\" content=\"es_ES\" \/>\n<meta property=\"og:type\" content=\"article\" \/>\n<meta property=\"og:title\" content=\"Agencia de viajes de senderismo y rutas en bicicleta por el Pirineo\" \/>\n<meta property=\"og:description\" content=\"Agencia de viajes de senderismo. Descubra las mejores rutas de bicicleta y senderismo con la campeona Silvia Rovira como gu\u00eda. Disfruta de la experiencia.\" \/>\n<meta property=\"og:url\" content=\"https:\/\/rutessilviarovira.com\/es\/silvia-rovira\/\" \/>\n<meta property=\"og:site_name\" content=\"Rutes S\u00edlvia Rovira\" \/>\n<meta property=\"article:modified_time\" content=\"2025-12-16T19:45:16+00:00\" \/>\n<meta property=\"og:image\" content=\"https:\/\/rutessilviarovira.com\/wp-content\/uploads\/2019\/05\/MG_0444-1-1024x683.jpg\" \/>\n<meta name=\"twitter:card\" content=\"summary_large_image\" \/>\n<meta name=\"twitter:label1\" content=\"Tiempo de lectura\" \/>\n\t<meta name=\"twitter:data1\" content=\"3 minutos\" \/>\n<script type=\"application\/ld+json\" class=\"yoast-schema-graph\">{\"@context\":\"https:\/\/schema.org\",\"@graph\":[{\"@type\":\"WebPage\",\"@id\":\"https:\/\/rutessilviarovira.com\/es\/silvia-rovira\/\",\"url\":\"https:\/\/rutessilviarovira.com\/es\/silvia-rovira\/\",\"name\":\"Agencia de viajes de senderismo y rutas en bicicleta por el Pirineo\",\"isPartOf\":{\"@id\":\"https:\/\/rutessilviarovira.com\/#website\"},\"primaryImageOfPage\":{\"@id\":\"https:\/\/rutessilviarovira.com\/es\/silvia-rovira\/#primaryimage\"},\"image\":{\"@id\":\"https:\/\/rutessilviarovira.com\/es\/silvia-rovira\/#primaryimage\"},\"thumbnailUrl\":\"https:\/\/rutessilviarovira.com\/wp-content\/uploads\/2019\/05\/MG_0444-1-1024x683.jpg\",\"datePublished\":\"2018-02-06T08:28:22+00:00\",\"dateModified\":\"2025-12-16T19:45:16+00:00\",\"description\":\"Agencia de viajes de senderismo. Descubra las mejores rutas de bicicleta y senderismo con la campeona Silvia Rovira como gu\u00eda. Disfruta de la experiencia.\",\"breadcrumb\":{\"@id\":\"https:\/\/rutessilviarovira.com\/es\/silvia-rovira\/#breadcrumb\"},\"inLanguage\":\"es\",\"potentialAction\":[{\"@type\":\"ReadAction\",\"target\":[\"https:\/\/rutessilviarovira.com\/es\/silvia-rovira\/\"]}]},{\"@type\":\"ImageObject\",\"inLanguage\":\"es\",\"@id\":\"https:\/\/rutessilviarovira.com\/es\/silvia-rovira\/#primaryimage\",\"url\":\"https:\/\/rutessilviarovira.com\/wp-content\/uploads\/2019\/05\/MG_0444-1-1024x683.jpg\",\"contentUrl\":\"https:\/\/rutessilviarovira.com\/wp-content\/uploads\/2019\/05\/MG_0444-1-1024x683.jpg\"},{\"@type\":\"BreadcrumbList\",\"@id\":\"https:\/\/rutessilviarovira.com\/es\/silvia-rovira\/#breadcrumb\",\"itemListElement\":[{\"@type\":\"ListItem\",\"position\":1,\"name\":\"Portada\",\"item\":\"https:\/\/rutessilviarovira.com\/es\/inicio\/\"},{\"@type\":\"ListItem\",\"position\":2,\"name\":\"Silvia Rovira\"}]},{\"@type\":\"WebSite\",\"@id\":\"https:\/\/rutessilviarovira.com\/#website\",\"url\":\"https:\/\/rutessilviarovira.com\/\",\"name\":\"Rutes S\u00edlvia Rovira\",\"description\":\"Rutes de btt,Senderisme,Trekking i raquetes de neu\",\"publisher\":{\"@id\":\"https:\/\/rutessilviarovira.com\/#organization\"},\"potentialAction\":[{\"@type\":\"SearchAction\",\"target\":{\"@type\":\"EntryPoint\",\"urlTemplate\":\"https:\/\/rutessilviarovira.com\/?s={search_term_string}\"},\"query-input\":\"required name=search_term_string\"}],\"inLanguage\":\"es\"},{\"@type\":\"Organization\",\"@id\":\"https:\/\/rutessilviarovira.com\/#organization\",\"name\":\"Rutes S\u00edvia Rovira\",\"url\":\"https:\/\/rutessilviarovira.com\/\",\"logo\":{\"@type\":\"ImageObject\",\"inLanguage\":\"es\",\"@id\":\"https:\/\/rutessilviarovira.com\/#\/schema\/logo\/image\/\",\"url\":\"https:\/\/rutessilviarovira.com\/wp-content\/uploads\/2019\/04\/cropped-LOGO-1.png\",\"contentUrl\":\"https:\/\/rutessilviarovira.com\/wp-content\/uploads\/2019\/04\/cropped-LOGO-1.png\",\"width\":512,\"height\":512,\"caption\":\"Rutes S\u00edvia Rovira\"},\"image\":{\"@id\":\"https:\/\/rutessilviarovira.com\/#\/schema\/logo\/image\/\"}}]}<\/script>\n<!-- \/ Yoast SEO plugin. -->","yoast_head_json":{"title":"Agencia de viajes de senderismo y rutas en bicicleta por el Pirineo","description":"Agencia de viajes de senderismo. Descubra las mejores rutas de bicicleta y senderismo con la campeona Silvia Rovira como gu\u00eda. Disfruta de la experiencia.","robots":{"index":"index","follow":"follow","max-snippet":"max-snippet:-1","max-image-preview":"max-image-preview:large","max-video-preview":"max-video-preview:-1"},"canonical":"https:\/\/rutessilviarovira.com\/es\/silvia-rovira\/","og_locale":"es_ES","og_type":"article","og_title":"Agencia de viajes de senderismo y rutas en bicicleta por el Pirineo","og_description":"Agencia de viajes de senderismo. Descubra las mejores rutas de bicicleta y senderismo con la campeona Silvia Rovira como gu\u00eda. Disfruta de la experiencia.","og_url":"https:\/\/rutessilviarovira.com\/es\/silvia-rovira\/","og_site_name":"Rutes S\u00edlvia Rovira","article_modified_time":"2025-12-16T19:45:16+00:00","og_image":[{"url":"https:\/\/rutessilviarovira.com\/wp-content\/uploads\/2019\/05\/MG_0444-1-1024x683.jpg"}],"twitter_card":"summary_large_image","twitter_misc":{"Tiempo de lectura":"3 minutos"},"schema":{"@context":"https:\/\/schema.org","@graph":[{"@type":"WebPage","@id":"https:\/\/rutessilviarovira.com\/es\/silvia-rovira\/","url":"https:\/\/rutessilviarovira.com\/es\/silvia-rovira\/","name":"Agencia de viajes de senderismo y rutas en bicicleta por el Pirineo","isPartOf":{"@id":"https:\/\/rutessilviarovira.com\/#website"},"primaryImageOfPage":{"@id":"https:\/\/rutessilviarovira.com\/es\/silvia-rovira\/#primaryimage"},"image":{"@id":"https:\/\/rutessilviarovira.com\/es\/silvia-rovira\/#primaryimage"},"thumbnailUrl":"https:\/\/rutessilviarovira.com\/wp-content\/uploads\/2019\/05\/MG_0444-1-1024x683.jpg","datePublished":"2018-02-06T08:28:22+00:00","dateModified":"2025-12-16T19:45:16+00:00","description":"Agencia de viajes de senderismo. Descubra las mejores rutas de bicicleta y senderismo con la campeona Silvia Rovira como gu\u00eda. Disfruta de la experiencia.","breadcrumb":{"@id":"https:\/\/rutessilviarovira.com\/es\/silvia-rovira\/#breadcrumb"},"inLanguage":"es","potentialAction":[{"@type":"ReadAction","target":["https:\/\/rutessilviarovira.com\/es\/silvia-rovira\/"]}]},{"@type":"ImageObject","inLanguage":"es","@id":"https:\/\/rutessilviarovira.com\/es\/silvia-rovira\/#primaryimage","url":"https:\/\/rutessilviarovira.com\/wp-content\/uploads\/2019\/05\/MG_0444-1-1024x683.jpg","contentUrl":"https:\/\/rutessilviarovira.com\/wp-content\/uploads\/2019\/05\/MG_0444-1-1024x683.jpg"},{"@type":"BreadcrumbList","@id":"https:\/\/rutessilviarovira.com\/es\/silvia-rovira\/#breadcrumb","itemListElement":[{"@type":"ListItem","position":1,"name":"Portada","item":"https:\/\/rutessilviarovira.com\/es\/inicio\/"},{"@type":"ListItem","position":2,"name":"Silvia Rovira"}]},{"@type":"WebSite","@id":"https:\/\/rutessilviarovira.com\/#website","url":"https:\/\/rutessilviarovira.com\/","name":"Rutes S\u00edlvia Rovira","description":"Rutes de btt,Senderisme,Trekking i raquetes de neu","publisher":{"@id":"https:\/\/rutessilviarovira.com\/#organization"},"potentialAction":[{"@type":"SearchAction","target":{"@type":"EntryPoint","urlTemplate":"https:\/\/rutessilviarovira.com\/?s={search_term_string}"},"query-input":"required name=search_term_string"}],"inLanguage":"es"},{"@type":"Organization","@id":"https:\/\/rutessilviarovira.com\/#organization","name":"Rutes S\u00edvia Rovira","url":"https:\/\/rutessilviarovira.com\/","logo":{"@type":"ImageObject","inLanguage":"es","@id":"https:\/\/rutessilviarovira.com\/#\/schema\/logo\/image\/","url":"https:\/\/rutessilviarovira.com\/wp-content\/uploads\/2019\/04\/cropped-LOGO-1.png","contentUrl":"https:\/\/rutessilviarovira.com\/wp-content\/uploads\/2019\/04\/cropped-LOGO-1.png","width":512,"height":512,"caption":"Rutes S\u00edvia Rovira"},"image":{"@id":"https:\/\/rutessilviarovira.com\/#\/schema\/logo\/image\/"}}]}},"_links":{"self":[{"href":"https:\/\/rutessilviarovira.com\/es\/wp-json\/wp\/v2\/pages\/8241"}],"collection":[{"href":"https:\/\/rutessilviarovira.com\/es\/wp-json\/wp\/v2\/pages"}],"about":[{"href":"https:\/\/rutessilviarovira.com\/es\/wp-json\/wp\/v2\/types\/page"}],"author":[{"embeddable":true,"href":"https:\/\/rutessilviarovira.com\/es\/wp-json\/wp\/v2\/users\/2"}],"replies":[{"embeddable":true,"href":"https:\/\/rutessilviarovira.com\/es\/wp-json\/wp\/v2\/comments?post=8241"}],"version-history":[{"count":10,"href":"https:\/\/rutessilviarovira.com\/es\/wp-json\/wp\/v2\/pages\/8241\/revisions"}],"predecessor-version":[{"id":9465,"href":"https:\/\/rutessilviarovira.com\/es\/wp-json\/wp\/v2\/pages\/8241\/revisions\/9465"}],"wp:attachment":[{"href":"https:\/\/rutessilviarovira.com\/es\/wp-json\/wp\/v2\/media?parent=8241"}],"curies":[{"name":"wp","href":"https:\/\/api.w.org\/{rel}","templated":true}]}}