{"id":8245,"date":"2019-05-19T22:12:00","date_gmt":"2019-05-19T20:12:00","guid":{"rendered":"https:\/\/rutessilviarovira.com\/salidas-familiares\/"},"modified":"2024-11-14T09:55:33","modified_gmt":"2024-11-14T08:55:33","slug":"salidas-familiares","status":"publish","type":"page","link":"https:\/\/rutessilviarovira.com\/es\/salidas-familiares\/","title":{"rendered":"Salidas familiares"},"content":{"rendered":"<p>[vc_row row_background_shadow=\u00bbno\u00bb][vc_column]<div class=\"mkdf-event-list-holder mkdf-event-list-standard mkdf-event-list-col-3\" data-next-page= \"2\" data-type= \"standard\" data-columns= \"3\" data-order-by= \"title\" data-order= \"ASC\" data-event-status= \"all\" data-number= \"-1\" data-image-size= \"original\" data-category= \"SORTIDES FAMILIARS\" data-show-more= \"none\" data-title-tag= \"h4\" data-max-num-pages = 0><div class=\"mkdf-event-list-holder-inner \" data-number-of-items=\"3\"><div class=\"mkdf-el-item mkdf-el-item-odd\">\n    <div class=\"mkdf-el-item-inner\">\n        <div class=\"mkdf-el-item-inner-holder\">\n            <div class=\"mkdf-el-item-image\">\n                <a href=\"https:\/\/rutessilviarovira.com\/es\/event\/salidas-familiares-vall-dora\/\">\n                    <img decoding=\"async\" width=\"600\" height=\"398\" src=\"https:\/\/rutessilviarovira.com\/wp-content\/uploads\/2019\/04\/myegoo_wp15stamdesorba_s.jpg\" class=\"attachment-full size-full wp-post-image\" alt=\"\" srcset=\"https:\/\/rutessilviarovira.com\/wp-content\/uploads\/2019\/04\/myegoo_wp15stamdesorba_s.jpg 600w, https:\/\/rutessilviarovira.com\/wp-content\/uploads\/2019\/04\/myegoo_wp15stamdesorba_s-300x199.jpg 300w\" sizes=\"(max-width: 600px) 100vw, 600px\" \/>                <\/a>\n            <\/div>\n                        <div class=\"mkdf-el-item-content\" >\n                <div class=\"mkdf-el-item-location-title-holder\">\n                    <h4 class=\"mkdf-el-item-title\">\n                    <a href=\"https:\/\/rutessilviarovira.com\/es\/event\/salidas-familiares-vall-dora\/\">\n                        Salidas familiares Vall d&#8217;Ora                    <\/a>\n                <\/h4>\n                                                    <div class=\"mkdf-el-item-time\">\n\t\t\t\t            <span>\n\t\t\t\t            \tDisponible bajo petici\u00f3n\t\t\t\t            <\/span>\n                    <\/div>\n                                <div class=\"mkdf-el-read-more-link\">\n                    <a href=\"https:\/\/rutessilviarovira.com\/es\/event\/salidas-familiares-vall-dora\/\">Llegeix m\u00e9s<\/a>\n                <\/div>\n            <\/div>\n        <\/div>\n    <\/div>\n<\/div>\n<\/div><div class=\"mkdf-el-item mkdf-el-item-even\">\n    <div class=\"mkdf-el-item-inner\">\n        <div class=\"mkdf-el-item-inner-holder\">\n            <div class=\"mkdf-el-item-image\">\n                <a href=\"https:\/\/rutessilviarovira.com\/es\/event\/senderismo-por-el-valle-salina\/\">\n                    <img decoding=\"async\" width=\"1156\" height=\"691\" src=\"https:\/\/rutessilviarovira.com\/wp-content\/uploads\/2020\/05\/P1310278.9-e1588665809962.jpg\" class=\"attachment-full size-full wp-post-image\" alt=\"\" srcset=\"https:\/\/rutessilviarovira.com\/wp-content\/uploads\/2020\/05\/P1310278.9-e1588665809962.jpg 1156w, https:\/\/rutessilviarovira.com\/wp-content\/uploads\/2020\/05\/P1310278.9-e1588665809962-600x359.jpg 600w\" sizes=\"(max-width: 1156px) 100vw, 1156px\" \/>                <\/a>\n            <\/div>\n                        <div class=\"mkdf-el-item-content\" >\n                <div class=\"mkdf-el-item-location-title-holder\">\n                    <h4 class=\"mkdf-el-item-title\">\n                    <a href=\"https:\/\/rutessilviarovira.com\/es\/event\/senderismo-por-el-valle-salina\/\">\n                        Senderismo por el Valle Salina                    <\/a>\n                <\/h4>\n                                                    <div class=\"mkdf-el-item-time\">\n\t\t\t\t            <span>\n\t\t\t\t            \tDisponible bajo petici\u00f3n\t\t\t\t            <\/span>\n                    <\/div>\n                                <div class=\"mkdf-el-read-more-link\">\n                    <a href=\"https:\/\/rutessilviarovira.com\/es\/event\/senderismo-por-el-valle-salina\/\">Llegeix m\u00e9s<\/a>\n                <\/div>\n            <\/div>\n        <\/div>\n    <\/div>\n<\/div>\n<\/div><\/div><\/div>[\/vc_column][\/vc_row]<\/p>\n","protected":false},"excerpt":{"rendered":"<p>[vc_row row_background_shadow=\u00bbno\u00bb][vc_column][\/vc_column][\/vc_row]<\/p>\n","protected":false},"author":2,"featured_media":0,"parent":0,"menu_order":8,"comment_status":"closed","ping_status":"open","template":"","meta":{"footnotes":""},"class_list":["post-8245","page","type-page","status-publish","hentry"],"yoast_head":"<!-- This site is optimized with the Yoast SEO plugin v22.9 - https:\/\/yoast.com\/wordpress\/plugins\/seo\/ -->\n<title>Rutas en bicicleta con ni\u00f1os por Catalu\u00f1a - Aventuras en familia<\/title>\n<meta name=\"description\" content=\"Descubre rutas en bicicleta con ni\u00f1os seguros y divertidos en Catalu\u00f1a. Perfecto para ni\u00f1os, ni\u00f1as, padres y madres. Aventuras en bicicleta.\" \/>\n<meta name=\"robots\" content=\"index, follow, max-snippet:-1, max-image-preview:large, max-video-preview:-1\" \/>\n<link rel=\"canonical\" href=\"https:\/\/rutessilviarovira.com\/es\/salidas-familiares\/\" \/>\n<meta property=\"og:locale\" content=\"es_ES\" \/>\n<meta property=\"og:type\" content=\"article\" \/>\n<meta property=\"og:title\" content=\"Rutas en bicicleta con ni\u00f1os por Catalu\u00f1a - Aventuras en familia\" \/>\n<meta property=\"og:description\" content=\"Descubre rutas en bicicleta con ni\u00f1os seguros y divertidos en Catalu\u00f1a. Perfecto para ni\u00f1os, ni\u00f1as, padres y madres. Aventuras en bicicleta.\" \/>\n<meta property=\"og:url\" content=\"https:\/\/rutessilviarovira.com\/es\/salidas-familiares\/\" \/>\n<meta property=\"og:site_name\" content=\"Rutes S\u00edlvia Rovira\" \/>\n<meta property=\"article:modified_time\" content=\"2024-11-14T08:55:33+00:00\" \/>\n<meta name=\"twitter:card\" content=\"summary_large_image\" \/>\n<script type=\"application\/ld+json\" class=\"yoast-schema-graph\">{\"@context\":\"https:\/\/schema.org\",\"@graph\":[{\"@type\":\"WebPage\",\"@id\":\"https:\/\/rutessilviarovira.com\/es\/salidas-familiares\/\",\"url\":\"https:\/\/rutessilviarovira.com\/es\/salidas-familiares\/\",\"name\":\"Rutas en bicicleta con ni\u00f1os por Catalu\u00f1a - Aventuras en familia\",\"isPartOf\":{\"@id\":\"https:\/\/rutessilviarovira.com\/#website\"},\"datePublished\":\"2019-05-19T20:12:00+00:00\",\"dateModified\":\"2024-11-14T08:55:33+00:00\",\"description\":\"Descubre rutas en bicicleta con ni\u00f1os seguros y divertidos en Catalu\u00f1a. Perfecto para ni\u00f1os, ni\u00f1as, padres y madres. Aventuras en bicicleta.\",\"breadcrumb\":{\"@id\":\"https:\/\/rutessilviarovira.com\/es\/salidas-familiares\/#breadcrumb\"},\"inLanguage\":\"es\",\"potentialAction\":[{\"@type\":\"ReadAction\",\"target\":[\"https:\/\/rutessilviarovira.com\/es\/salidas-familiares\/\"]}]},{\"@type\":\"BreadcrumbList\",\"@id\":\"https:\/\/rutessilviarovira.com\/es\/salidas-familiares\/#breadcrumb\",\"itemListElement\":[{\"@type\":\"ListItem\",\"position\":1,\"name\":\"Portada\",\"item\":\"https:\/\/rutessilviarovira.com\/es\/inicio\/\"},{\"@type\":\"ListItem\",\"position\":2,\"name\":\"Salidas familiares\"}]},{\"@type\":\"WebSite\",\"@id\":\"https:\/\/rutessilviarovira.com\/#website\",\"url\":\"https:\/\/rutessilviarovira.com\/\",\"name\":\"Rutes S\u00edlvia Rovira\",\"description\":\"Rutes de btt,Senderisme,Trekking i raquetes de neu\",\"publisher\":{\"@id\":\"https:\/\/rutessilviarovira.com\/#organization\"},\"potentialAction\":[{\"@type\":\"SearchAction\",\"target\":{\"@type\":\"EntryPoint\",\"urlTemplate\":\"https:\/\/rutessilviarovira.com\/?s={search_term_string}\"},\"query-input\":\"required name=search_term_string\"}],\"inLanguage\":\"es\"},{\"@type\":\"Organization\",\"@id\":\"https:\/\/rutessilviarovira.com\/#organization\",\"name\":\"Rutes S\u00edvia Rovira\",\"url\":\"https:\/\/rutessilviarovira.com\/\",\"logo\":{\"@type\":\"ImageObject\",\"inLanguage\":\"es\",\"@id\":\"https:\/\/rutessilviarovira.com\/#\/schema\/logo\/image\/\",\"url\":\"https:\/\/rutessilviarovira.com\/wp-content\/uploads\/2019\/04\/cropped-LOGO-1.png\",\"contentUrl\":\"https:\/\/rutessilviarovira.com\/wp-content\/uploads\/2019\/04\/cropped-LOGO-1.png\",\"width\":512,\"height\":512,\"caption\":\"Rutes S\u00edvia Rovira\"},\"image\":{\"@id\":\"https:\/\/rutessilviarovira.com\/#\/schema\/logo\/image\/\"}}]}<\/script>\n<!-- \/ Yoast SEO plugin. -->","yoast_head_json":{"title":"Rutas en bicicleta con ni\u00f1os por Catalu\u00f1a - Aventuras en familia","description":"Descubre rutas en bicicleta con ni\u00f1os seguros y divertidos en Catalu\u00f1a. Perfecto para ni\u00f1os, ni\u00f1as, padres y madres. Aventuras en bicicleta.","robots":{"index":"index","follow":"follow","max-snippet":"max-snippet:-1","max-image-preview":"max-image-preview:large","max-video-preview":"max-video-preview:-1"},"canonical":"https:\/\/rutessilviarovira.com\/es\/salidas-familiares\/","og_locale":"es_ES","og_type":"article","og_title":"Rutas en bicicleta con ni\u00f1os por Catalu\u00f1a - Aventuras en familia","og_description":"Descubre rutas en bicicleta con ni\u00f1os seguros y divertidos en Catalu\u00f1a. Perfecto para ni\u00f1os, ni\u00f1as, padres y madres. Aventuras en bicicleta.","og_url":"https:\/\/rutessilviarovira.com\/es\/salidas-familiares\/","og_site_name":"Rutes S\u00edlvia Rovira","article_modified_time":"2024-11-14T08:55:33+00:00","twitter_card":"summary_large_image","schema":{"@context":"https:\/\/schema.org","@graph":[{"@type":"WebPage","@id":"https:\/\/rutessilviarovira.com\/es\/salidas-familiares\/","url":"https:\/\/rutessilviarovira.com\/es\/salidas-familiares\/","name":"Rutas en bicicleta con ni\u00f1os por Catalu\u00f1a - Aventuras en familia","isPartOf":{"@id":"https:\/\/rutessilviarovira.com\/#website"},"datePublished":"2019-05-19T20:12:00+00:00","dateModified":"2024-11-14T08:55:33+00:00","description":"Descubre rutas en bicicleta con ni\u00f1os seguros y divertidos en Catalu\u00f1a. Perfecto para ni\u00f1os, ni\u00f1as, padres y madres. Aventuras en bicicleta.","breadcrumb":{"@id":"https:\/\/rutessilviarovira.com\/es\/salidas-familiares\/#breadcrumb"},"inLanguage":"es","potentialAction":[{"@type":"ReadAction","target":["https:\/\/rutessilviarovira.com\/es\/salidas-familiares\/"]}]},{"@type":"BreadcrumbList","@id":"https:\/\/rutessilviarovira.com\/es\/salidas-familiares\/#breadcrumb","itemListElement":[{"@type":"ListItem","position":1,"name":"Portada","item":"https:\/\/rutessilviarovira.com\/es\/inicio\/"},{"@type":"ListItem","position":2,"name":"Salidas familiares"}]},{"@type":"WebSite","@id":"https:\/\/rutessilviarovira.com\/#website","url":"https:\/\/rutessilviarovira.com\/","name":"Rutes S\u00edlvia Rovira","description":"Rutes de btt,Senderisme,Trekking i raquetes de neu","publisher":{"@id":"https:\/\/rutessilviarovira.com\/#organization"},"potentialAction":[{"@type":"SearchAction","target":{"@type":"EntryPoint","urlTemplate":"https:\/\/rutessilviarovira.com\/?s={search_term_string}"},"query-input":"required name=search_term_string"}],"inLanguage":"es"},{"@type":"Organization","@id":"https:\/\/rutessilviarovira.com\/#organization","name":"Rutes S\u00edvia Rovira","url":"https:\/\/rutessilviarovira.com\/","logo":{"@type":"ImageObject","inLanguage":"es","@id":"https:\/\/rutessilviarovira.com\/#\/schema\/logo\/image\/","url":"https:\/\/rutessilviarovira.com\/wp-content\/uploads\/2019\/04\/cropped-LOGO-1.png","contentUrl":"https:\/\/rutessilviarovira.com\/wp-content\/uploads\/2019\/04\/cropped-LOGO-1.png","width":512,"height":512,"caption":"Rutes S\u00edvia Rovira"},"image":{"@id":"https:\/\/rutessilviarovira.com\/#\/schema\/logo\/image\/"}}]}},"_links":{"self":[{"href":"https:\/\/rutessilviarovira.com\/es\/wp-json\/wp\/v2\/pages\/8245"}],"collection":[{"href":"https:\/\/rutessilviarovira.com\/es\/wp-json\/wp\/v2\/pages"}],"about":[{"href":"https:\/\/rutessilviarovira.com\/es\/wp-json\/wp\/v2\/types\/page"}],"author":[{"embeddable":true,"href":"https:\/\/rutessilviarovira.com\/es\/wp-json\/wp\/v2\/users\/2"}],"replies":[{"embeddable":true,"href":"https:\/\/rutessilviarovira.com\/es\/wp-json\/wp\/v2\/comments?post=8245"}],"version-history":[{"count":1,"href":"https:\/\/rutessilviarovira.com\/es\/wp-json\/wp\/v2\/pages\/8245\/revisions"}],"predecessor-version":[{"id":8247,"href":"https:\/\/rutessilviarovira.com\/es\/wp-json\/wp\/v2\/pages\/8245\/revisions\/8247"}],"wp:attachment":[{"href":"https:\/\/rutessilviarovira.com\/es\/wp-json\/wp\/v2\/media?parent=8245"}],"curies":[{"name":"wp","href":"https:\/\/api.w.org\/{rel}","templated":true}]}}