{"id":8263,"date":"2019-04-22T12:19:33","date_gmt":"2019-04-22T10:19:33","guid":{"rendered":"https:\/\/rutessilviarovira.com\/rutas\/"},"modified":"2024-11-14T09:56:44","modified_gmt":"2024-11-14T08:56:44","slug":"rutas","status":"publish","type":"page","link":"https:\/\/rutessilviarovira.com\/es\/rutas\/","title":{"rendered":"Rutas"},"content":{"rendered":"<p>[vc_row row_background_shadow=\u00bbno\u00bb][vc_column][vc_column_text]Aqu\u00ed puedes encontrar las diferentes rutas que te proponemos, busca tu modalidad, trerkking, bici, btt, gravel o raquetas de nieve. Dise\u00f1o rutas por los mejores parajes o tambi\u00e9n organizamos por las rutas m\u00edticas. Siempre por los mejores lugares de Catalu\u00f1a, los Pirineos, y tambi\u00e9n Dolomitas, Himalaya, Kilimanjaro y otros&#8230; Las rutas est\u00e1n adaptadas a diferente dificultad, duraci\u00f3n&#8230;tanto a p\u00fablico familiar como m\u00e1s experto. Puedes venir a guiarlas oa tu aire. Visita la web regularmente!!\u2026hacemos salidas organizadas y se ir\u00e1n actualizando! y si no tienes lo que buscas te la hacemos a medida&#8230; Ven a vivir una gran experiencia.<\/p>\n<p>[\/vc_column_text][vc_empty_space height=\u00bb20px\u00bb][\/vc_column][\/vc_row][vc_row row_content_width=\u00bbgrid\u00bb row_background_shadow=\u00bbno\u00bb][vc_column][vc_row_inner][vc_column_inner width=\u00bb1\/2&#8243;]<div class=\"mkdf-interactive-boxes-holder\">\n    <div class=\"mkdf-ib-text-holder\">\n                <h4 class=\"mkdf-ib-title\" >CALENDARIO EVENTOS<\/h4>\n                            <\/div>\n    <div class=\"mkdf-ib-image\">\n                    <a itemprop=\"url\" href=\"https:\/\/rutessilviarovira.com\/calendarievents\" target=\"_blank\">\n                <img decoding=\"async\" width=\"812\" height=\"330\" src=\"https:\/\/rutessilviarovira.com\/wp-content\/uploads\/2019\/10\/Movil-2015-504-2.jpg\" class=\"attachment-full size-full\" alt=\"Rutes de senderisme i rutes en bicicleta\" srcset=\"https:\/\/rutessilviarovira.com\/wp-content\/uploads\/2019\/10\/Movil-2015-504-2.jpg 812w, https:\/\/rutessilviarovira.com\/wp-content\/uploads\/2019\/10\/Movil-2015-504-2-600x244.jpg 600w, https:\/\/rutessilviarovira.com\/wp-content\/uploads\/2019\/10\/Movil-2015-504-2-300x122.jpg 300w, https:\/\/rutessilviarovira.com\/wp-content\/uploads\/2019\/10\/Movil-2015-504-2-768x312.jpg 768w\" sizes=\"(max-width: 812px) 100vw, 812px\" \/>                    <\/a>\n            <\/div>\n<\/div>[\/vc_column_inner][vc_column_inner width=\u00bb1\/2&#8243;]<div class=\"mkdf-interactive-boxes-holder\">\n    <div class=\"mkdf-ib-text-holder\">\n                <h4 class=\"mkdf-ib-title\" >BTT<\/h4>\n                            <\/div>\n    <div class=\"mkdf-ib-image\">\n                    <a itemprop=\"url\" href=\"https:\/\/rutessilviarovira.com\/btt\/\" target=\"_blank\">\n                <img decoding=\"async\" width=\"780\" height=\"300\" src=\"https:\/\/rutessilviarovira.com\/wp-content\/uploads\/2019\/10\/Tatiana3.jpg\" class=\"attachment-full size-full\" alt=\"\" srcset=\"https:\/\/rutessilviarovira.com\/wp-content\/uploads\/2019\/10\/Tatiana3.jpg 780w, https:\/\/rutessilviarovira.com\/wp-content\/uploads\/2019\/10\/Tatiana3-600x231.jpg 600w, https:\/\/rutessilviarovira.com\/wp-content\/uploads\/2019\/10\/Tatiana3-300x115.jpg 300w, https:\/\/rutessilviarovira.com\/wp-content\/uploads\/2019\/10\/Tatiana3-768x295.jpg 768w\" sizes=\"(max-width: 780px) 100vw, 780px\" \/>                    <\/a>\n            <\/div>\n<\/div>[\/vc_column_inner][\/vc_row_inner][vc_row_inner][vc_column_inner width=\u00bb1\/2&#8243;]<div class=\"mkdf-interactive-boxes-holder\">\n    <div class=\"mkdf-ib-text-holder\">\n                <h4 class=\"mkdf-ib-title\" >SENDERISMO<\/h4>\n                            <\/div>\n    <div class=\"mkdf-ib-image\">\n                    <a itemprop=\"url\" href=\"https:\/\/rutessilviarovira.com\/senderisme\" target=\"_blank\">\n                <img decoding=\"async\" width=\"811\" height=\"332\" src=\"https:\/\/rutessilviarovira.com\/wp-content\/uploads\/2019\/10\/P1070181.24-1.jpg\" class=\"attachment-full size-full\" alt=\"\" srcset=\"https:\/\/rutessilviarovira.com\/wp-content\/uploads\/2019\/10\/P1070181.24-1.jpg 811w, https:\/\/rutessilviarovira.com\/wp-content\/uploads\/2019\/10\/P1070181.24-1-600x246.jpg 600w, https:\/\/rutessilviarovira.com\/wp-content\/uploads\/2019\/10\/P1070181.24-1-300x123.jpg 300w, https:\/\/rutessilviarovira.com\/wp-content\/uploads\/2019\/10\/P1070181.24-1-768x314.jpg 768w\" sizes=\"(max-width: 811px) 100vw, 811px\" \/>                    <\/a>\n            <\/div>\n<\/div>[\/vc_column_inner][vc_column_inner width=\u00bb1\/2&#8243;]<div class=\"mkdf-interactive-boxes-holder\">\n    <div class=\"mkdf-ib-text-holder\">\n                <h4 class=\"mkdf-ib-title\" >RUTAS SR<\/h4>\n                            <\/div>\n    <div class=\"mkdf-ib-image\">\n                    <a itemprop=\"url\" href=\"https:\/\/rutessilviarovira.com\/rutessr\" target=\"_blank\">\n                <img decoding=\"async\" width=\"812\" height=\"332\" src=\"https:\/\/rutessilviarovira.com\/wp-content\/uploads\/2019\/10\/P1000914.91-3.jpg\" class=\"attachment-full size-full\" alt=\"\" srcset=\"https:\/\/rutessilviarovira.com\/wp-content\/uploads\/2019\/10\/P1000914.91-3.jpg 812w, https:\/\/rutessilviarovira.com\/wp-content\/uploads\/2019\/10\/P1000914.91-3-600x245.jpg 600w, https:\/\/rutessilviarovira.com\/wp-content\/uploads\/2019\/10\/P1000914.91-3-300x123.jpg 300w, https:\/\/rutessilviarovira.com\/wp-content\/uploads\/2019\/10\/P1000914.91-3-768x314.jpg 768w\" sizes=\"(max-width: 812px) 100vw, 812px\" \/>                    <\/a>\n            <\/div>\n<\/div>[\/vc_column_inner][\/vc_row_inner][vc_row_inner][vc_column_inner width=\u00bb1\/2&#8243;]<div class=\"mkdf-interactive-boxes-holder\">\n    <div class=\"mkdf-ib-text-holder\">\n                <h4 class=\"mkdf-ib-title\" >50 CIMAS<\/h4>\n                            <\/div>\n    <div class=\"mkdf-ib-image\">\n                    <a itemprop=\"url\" href=\"https:\/\/rutessilviarovira.com\/50cims\" target=\"_blank\">\n                <img decoding=\"async\" width=\"812\" height=\"331\" src=\"https:\/\/rutessilviarovira.com\/wp-content\/uploads\/2019\/10\/P1070855.923.jpg\" class=\"attachment-full size-full\" alt=\"\" srcset=\"https:\/\/rutessilviarovira.com\/wp-content\/uploads\/2019\/10\/P1070855.923.jpg 812w, https:\/\/rutessilviarovira.com\/wp-content\/uploads\/2019\/10\/P1070855.923-600x245.jpg 600w, https:\/\/rutessilviarovira.com\/wp-content\/uploads\/2019\/10\/P1070855.923-300x122.jpg 300w, https:\/\/rutessilviarovira.com\/wp-content\/uploads\/2019\/10\/P1070855.923-768x313.jpg 768w\" sizes=\"(max-width: 812px) 100vw, 812px\" \/>                    <\/a>\n            <\/div>\n<\/div>[\/vc_column_inner][vc_column_inner width=\u00bb1\/2&#8243;]<div class=\"mkdf-interactive-boxes-holder\">\n    <div class=\"mkdf-ib-text-holder\">\n                <h4 class=\"mkdf-ib-title\" >GRANDES RECORRIDOS<\/h4>\n                            <\/div>\n    <div class=\"mkdf-ib-image\">\n                    <a itemprop=\"url\" href=\"https:\/\/rutessilviarovira.com\/gransrecorreguts\" target=\"_blank\">\n                <img decoding=\"async\" width=\"745\" height=\"308\" src=\"https:\/\/rutessilviarovira.com\/wp-content\/uploads\/2019\/10\/P1070999.11-2.jpg\" class=\"attachment-full size-full\" alt=\"\" srcset=\"https:\/\/rutessilviarovira.com\/wp-content\/uploads\/2019\/10\/P1070999.11-2.jpg 745w, https:\/\/rutessilviarovira.com\/wp-content\/uploads\/2019\/10\/P1070999.11-2-600x248.jpg 600w, https:\/\/rutessilviarovira.com\/wp-content\/uploads\/2019\/10\/P1070999.11-2-300x124.jpg 300w\" sizes=\"(max-width: 745px) 100vw, 745px\" \/>                    <\/a>\n            <\/div>\n<\/div>[\/vc_column_inner][\/vc_row_inner][vc_row_inner][vc_column_inner width=\u00bb1\/2&#8243;]<div class=\"mkdf-interactive-boxes-holder\">\n    <div class=\"mkdf-ib-text-holder\">\n                <h4 class=\"mkdf-ib-title\" >GRAVEL \/ BICI CARRETERA<\/h4>\n                            <\/div>\n    <div class=\"mkdf-ib-image\">\n                    <a itemprop=\"url\" href=\"https:\/\/rutessilviarovira.com\/gravel-bici-carretera\/\" target=\"_blank\">\n                <img decoding=\"async\" width=\"600\" height=\"185\" src=\"https:\/\/rutessilviarovira.com\/wp-content\/uploads\/2019\/05\/GRAVELOK.jpg\" class=\"attachment-full size-full\" alt=\"\" srcset=\"https:\/\/rutessilviarovira.com\/wp-content\/uploads\/2019\/05\/GRAVELOK.jpg 600w, https:\/\/rutessilviarovira.com\/wp-content\/uploads\/2019\/05\/GRAVELOK-300x93.jpg 300w\" sizes=\"(max-width: 600px) 100vw, 600px\" \/>                    <\/a>\n            <\/div>\n<\/div>[\/vc_column_inner][vc_column_inner width=\u00bb1\/2&#8243;]<div class=\"mkdf-interactive-boxes-holder\">\n    <div class=\"mkdf-ib-text-holder\">\n                <h4 class=\"mkdf-ib-title\" >MONTA\u00d1AS EMBLEM\u00c1TICAS DEL MEDITERR\u00c1NEO<\/h4>\n                            <\/div>\n    <div class=\"mkdf-ib-image\">\n                    <a itemprop=\"url\" href=\"https:\/\/rutessilviarovira.com\/muntanyes-emblematiquesdelmediterrani\" target=\"_blank\">\n                <img decoding=\"async\" width=\"741\" height=\"327\" src=\"https:\/\/rutessilviarovira.com\/wp-content\/uploads\/2019\/10\/P1120940.2-e1718093375717.jpg\" class=\"attachment-full size-full\" alt=\"\" srcset=\"https:\/\/rutessilviarovira.com\/wp-content\/uploads\/2019\/10\/P1120940.2-e1718093375717.jpg 741w, https:\/\/rutessilviarovira.com\/wp-content\/uploads\/2019\/10\/P1120940.2-e1718093375717-300x132.jpg 300w\" sizes=\"(max-width: 741px) 100vw, 741px\" \/>                    <\/a>\n            <\/div>\n<\/div>[\/vc_column_inner][\/vc_row_inner][vc_row_inner][vc_column_inner width=\u00bb1\/2&#8243;]<div class=\"mkdf-interactive-boxes-holder\">\n    <div class=\"mkdf-ib-text-holder\">\n                <h4 class=\"mkdf-ib-title\" >SALIDAS FAMILIARES<\/h4>\n                            <\/div>\n    <div class=\"mkdf-ib-image\">\n                    <a itemprop=\"url\" href=\"https:\/\/rutessilviarovira.com\/sortidesfamiliars\" target=\"_blank\">\n                <img decoding=\"async\" width=\"790\" height=\"323\" src=\"https:\/\/rutessilviarovira.com\/wp-content\/uploads\/2019\/10\/P1220751.14.jpg\" class=\"attachment-full size-full\" alt=\"\" srcset=\"https:\/\/rutessilviarovira.com\/wp-content\/uploads\/2019\/10\/P1220751.14.jpg 790w, https:\/\/rutessilviarovira.com\/wp-content\/uploads\/2019\/10\/P1220751.14-600x245.jpg 600w, https:\/\/rutessilviarovira.com\/wp-content\/uploads\/2019\/10\/P1220751.14-300x123.jpg 300w, https:\/\/rutessilviarovira.com\/wp-content\/uploads\/2019\/10\/P1220751.14-768x314.jpg 768w\" sizes=\"(max-width: 790px) 100vw, 790px\" \/>                    <\/a>\n            <\/div>\n<\/div>[\/vc_column_inner][vc_column_inner width=\u00bb1\/2&#8243;]<div class=\"mkdf-interactive-boxes-holder\">\n    <div class=\"mkdf-ib-text-holder\">\n                <h4 class=\"mkdf-ib-title\" >RAQUETAS<\/h4>\n                            <\/div>\n    <div class=\"mkdf-ib-image\">\n                    <a itemprop=\"url\" href=\"https:\/\/rutessilviarovira.com\/raquetes\" target=\"_blank\">\n                <img decoding=\"async\" width=\"726\" height=\"293\" src=\"https:\/\/rutessilviarovira.com\/wp-content\/uploads\/2019\/10\/P1080715.jpg\" class=\"attachment-full size-full\" alt=\"Port del Comte Rutes SR\" srcset=\"https:\/\/rutessilviarovira.com\/wp-content\/uploads\/2019\/10\/P1080715.jpg 726w, https:\/\/rutessilviarovira.com\/wp-content\/uploads\/2019\/10\/P1080715-600x242.jpg 600w, https:\/\/rutessilviarovira.com\/wp-content\/uploads\/2019\/10\/P1080715-300x121.jpg 300w\" sizes=\"(max-width: 726px) 100vw, 726px\" \/>                    <\/a>\n            <\/div>\n<\/div>[\/vc_column_inner][\/vc_row_inner][vc_row_inner][vc_column_inner width=\u00bb1\/2&#8243;]<div class=\"mkdf-interactive-boxes-holder\">\n    <div class=\"mkdf-ib-text-holder\">\n                <h4 class=\"mkdf-ib-title\" >RUTAS GUIADAS<\/h4>\n                            <\/div>\n    <div class=\"mkdf-ib-image\">\n                    <a itemprop=\"url\" href=\"https:\/\/rutessilviarovira.com\/rutesguiades\" target=\"_blank\">\n                <img decoding=\"async\" width=\"789\" height=\"331\" src=\"https:\/\/rutessilviarovira.com\/wp-content\/uploads\/2019\/10\/P1120093.31.jpg\" class=\"attachment-full size-full\" alt=\"\" srcset=\"https:\/\/rutessilviarovira.com\/wp-content\/uploads\/2019\/10\/P1120093.31.jpg 789w, https:\/\/rutessilviarovira.com\/wp-content\/uploads\/2019\/10\/P1120093.31-600x252.jpg 600w, https:\/\/rutessilviarovira.com\/wp-content\/uploads\/2019\/10\/P1120093.31-300x126.jpg 300w, https:\/\/rutessilviarovira.com\/wp-content\/uploads\/2019\/10\/P1120093.31-768x322.jpg 768w\" sizes=\"(max-width: 789px) 100vw, 789px\" \/>                    <\/a>\n            <\/div>\n<\/div>[\/vc_column_inner][vc_column_inner width=\u00bb1\/2&#8243;]<div class=\"mkdf-interactive-boxes-holder\">\n    <div class=\"mkdf-ib-text-holder\">\n                <h4 class=\"mkdf-ib-title\" >BICIOS DE ALQUILER<\/h4>\n                            <\/div>\n    <div class=\"mkdf-ib-image\">\n                    <a itemprop=\"url\" href=\"https:\/\/rutessilviarovira.com\/contacto\/\" target=\"_self\">\n                <img decoding=\"async\" width=\"555\" height=\"233\" src=\"https:\/\/rutessilviarovira.com\/wp-content\/uploads\/2021\/12\/Fotos-bicis.jpg\" class=\"attachment-full size-full\" alt=\"\" srcset=\"https:\/\/rutessilviarovira.com\/wp-content\/uploads\/2021\/12\/Fotos-bicis.jpg 555w, https:\/\/rutessilviarovira.com\/wp-content\/uploads\/2021\/12\/Fotos-bicis-300x126.jpg 300w\" sizes=\"(max-width: 555px) 100vw, 555px\" \/>                    <\/a>\n            <\/div>\n<\/div>[\/vc_column_inner][\/vc_row_inner][\/vc_column][\/vc_row]<\/p>\n","protected":false},"excerpt":{"rendered":"<p>[vc_row row_background_shadow=\u00bbno\u00bb][vc_column][vc_column_text]Aqu\u00ed puedes encontrar las diferentes rutas que te proponemos, busca tu modalidad, trerkking, bici, btt, gravel o raquetas de nieve. Dise\u00f1o rutas por los mejores parajes o tambi\u00e9n organizamos por las rutas m\u00edticas. Siempre por los mejores lugares de Catalu\u00f1a, los Pirineos, y tambi\u00e9n Dolomitas, Himalaya, Kilimanjaro y otros&#8230; Las rutas est\u00e1n adaptadas a diferente dificultad, duraci\u00f3n&#8230;tanto a p\u00fablico familiar como m\u00e1s experto. Puedes venir a guiarlas oa tu aire. Visita la web regularmente!!\u2026hacemos salidas organizadas y se ir\u00e1n actualizando! y si no tienes lo que buscas te la hacemos a medida&#8230; Ven a vivir una gran experiencia. [\/vc_column_text][vc_empty_space height=\u00bb20px\u00bb][\/vc_column][\/vc_row][vc_row row_content_width=\u00bbgrid\u00bb row_background_shadow=\u00bbno\u00bb][vc_column][vc_row_inner][vc_column_inner width=\u00bb1\/2&#8243;][\/vc_column_inner][vc_column_inner width=\u00bb1\/2&#8243;][\/vc_column_inner][\/vc_row_inner][vc_row_inner][vc_column_inner width=\u00bb1\/2&#8243;][\/vc_column_inner][vc_column_inner width=\u00bb1\/2&#8243;][\/vc_column_inner][\/vc_row_inner][vc_row_inner][vc_column_inner width=\u00bb1\/2&#8243;][\/vc_column_inner][vc_column_inner width=\u00bb1\/2&#8243;][\/vc_column_inner][\/vc_row_inner][vc_row_inner][vc_column_inner width=\u00bb1\/2&#8243;][\/vc_column_inner][vc_column_inner width=\u00bb1\/2&#8243;][\/vc_column_inner][\/vc_row_inner][vc_row_inner][vc_column_inner width=\u00bb1\/2&#8243;][\/vc_column_inner][vc_column_inner width=\u00bb1\/2&#8243;][\/vc_column_inner][\/vc_row_inner][vc_row_inner][vc_column_inner width=\u00bb1\/2&#8243;][\/vc_column_inner][vc_column_inner width=\u00bb1\/2&#8243;][\/vc_column_inner][\/vc_row_inner][\/vc_column][\/vc_row]<\/p>\n","protected":false},"author":2,"featured_media":0,"parent":0,"menu_order":0,"comment_status":"closed","ping_status":"closed","template":"","meta":{"footnotes":""},"class_list":["post-8263","page","type-page","status-publish","hentry"],"yoast_head":"<!-- This site is optimized with the Yoast SEO plugin v22.9 - https:\/\/yoast.com\/wordpress\/plugins\/seo\/ -->\n<title>Rutas guiadas en bicicleta, Btt o gravel, rutas a pie y trekkings<\/title>\n<meta name=\"description\" content=\"Disfruta de las mejores rutas guiadas en bicicleta Btt o gravel. Senderismo por paisajes naturales. Servicio de alquiler de bicis.\" \/>\n<meta name=\"robots\" content=\"index, follow, max-snippet:-1, max-image-preview:large, max-video-preview:-1\" \/>\n<link rel=\"canonical\" href=\"https:\/\/rutessilviarovira.com\/es\/rutas\/\" \/>\n<meta property=\"og:locale\" content=\"es_ES\" \/>\n<meta property=\"og:type\" content=\"article\" \/>\n<meta property=\"og:title\" content=\"Rutas guiadas en bicicleta, Btt o gravel, rutas a pie y trekkings\" \/>\n<meta property=\"og:description\" content=\"Disfruta de las mejores rutas guiadas en bicicleta Btt o gravel. Senderismo por paisajes naturales. Servicio de alquiler de bicis.\" \/>\n<meta property=\"og:url\" content=\"https:\/\/rutessilviarovira.com\/es\/rutas\/\" \/>\n<meta property=\"og:site_name\" content=\"Rutes S\u00edlvia Rovira\" \/>\n<meta property=\"article:modified_time\" content=\"2024-11-14T08:56:44+00:00\" \/>\n<meta name=\"twitter:card\" content=\"summary_large_image\" \/>\n<meta name=\"twitter:label1\" content=\"Tiempo de lectura\" \/>\n\t<meta name=\"twitter:data1\" content=\"2 minutos\" \/>\n<script type=\"application\/ld+json\" class=\"yoast-schema-graph\">{\"@context\":\"https:\/\/schema.org\",\"@graph\":[{\"@type\":\"WebPage\",\"@id\":\"https:\/\/rutessilviarovira.com\/es\/rutas\/\",\"url\":\"https:\/\/rutessilviarovira.com\/es\/rutas\/\",\"name\":\"Rutas guiadas en bicicleta, Btt o gravel, rutas a pie y trekkings\",\"isPartOf\":{\"@id\":\"https:\/\/rutessilviarovira.com\/#website\"},\"datePublished\":\"2019-04-22T10:19:33+00:00\",\"dateModified\":\"2024-11-14T08:56:44+00:00\",\"description\":\"Disfruta de las mejores rutas guiadas en bicicleta Btt o gravel. Senderismo por paisajes naturales. Servicio de alquiler de bicis.\",\"breadcrumb\":{\"@id\":\"https:\/\/rutessilviarovira.com\/es\/rutas\/#breadcrumb\"},\"inLanguage\":\"es\",\"potentialAction\":[{\"@type\":\"ReadAction\",\"target\":[\"https:\/\/rutessilviarovira.com\/es\/rutas\/\"]}]},{\"@type\":\"BreadcrumbList\",\"@id\":\"https:\/\/rutessilviarovira.com\/es\/rutas\/#breadcrumb\",\"itemListElement\":[{\"@type\":\"ListItem\",\"position\":1,\"name\":\"Portada\",\"item\":\"https:\/\/rutessilviarovira.com\/es\/inicio\/\"},{\"@type\":\"ListItem\",\"position\":2,\"name\":\"Rutas\"}]},{\"@type\":\"WebSite\",\"@id\":\"https:\/\/rutessilviarovira.com\/#website\",\"url\":\"https:\/\/rutessilviarovira.com\/\",\"name\":\"Rutes S\u00edlvia Rovira\",\"description\":\"Rutes de btt,Senderisme,Trekking i raquetes de neu\",\"publisher\":{\"@id\":\"https:\/\/rutessilviarovira.com\/#organization\"},\"potentialAction\":[{\"@type\":\"SearchAction\",\"target\":{\"@type\":\"EntryPoint\",\"urlTemplate\":\"https:\/\/rutessilviarovira.com\/?s={search_term_string}\"},\"query-input\":\"required name=search_term_string\"}],\"inLanguage\":\"es\"},{\"@type\":\"Organization\",\"@id\":\"https:\/\/rutessilviarovira.com\/#organization\",\"name\":\"Rutes S\u00edvia Rovira\",\"url\":\"https:\/\/rutessilviarovira.com\/\",\"logo\":{\"@type\":\"ImageObject\",\"inLanguage\":\"es\",\"@id\":\"https:\/\/rutessilviarovira.com\/#\/schema\/logo\/image\/\",\"url\":\"https:\/\/rutessilviarovira.com\/wp-content\/uploads\/2019\/04\/cropped-LOGO-1.png\",\"contentUrl\":\"https:\/\/rutessilviarovira.com\/wp-content\/uploads\/2019\/04\/cropped-LOGO-1.png\",\"width\":512,\"height\":512,\"caption\":\"Rutes S\u00edvia Rovira\"},\"image\":{\"@id\":\"https:\/\/rutessilviarovira.com\/#\/schema\/logo\/image\/\"}}]}<\/script>\n<!-- \/ Yoast SEO plugin. -->","yoast_head_json":{"title":"Rutas guiadas en bicicleta, Btt o gravel, rutas a pie y trekkings","description":"Disfruta de las mejores rutas guiadas en bicicleta Btt o gravel. Senderismo por paisajes naturales. Servicio de alquiler de bicis.","robots":{"index":"index","follow":"follow","max-snippet":"max-snippet:-1","max-image-preview":"max-image-preview:large","max-video-preview":"max-video-preview:-1"},"canonical":"https:\/\/rutessilviarovira.com\/es\/rutas\/","og_locale":"es_ES","og_type":"article","og_title":"Rutas guiadas en bicicleta, Btt o gravel, rutas a pie y trekkings","og_description":"Disfruta de las mejores rutas guiadas en bicicleta Btt o gravel. Senderismo por paisajes naturales. Servicio de alquiler de bicis.","og_url":"https:\/\/rutessilviarovira.com\/es\/rutas\/","og_site_name":"Rutes S\u00edlvia Rovira","article_modified_time":"2024-11-14T08:56:44+00:00","twitter_card":"summary_large_image","twitter_misc":{"Tiempo de lectura":"2 minutos"},"schema":{"@context":"https:\/\/schema.org","@graph":[{"@type":"WebPage","@id":"https:\/\/rutessilviarovira.com\/es\/rutas\/","url":"https:\/\/rutessilviarovira.com\/es\/rutas\/","name":"Rutas guiadas en bicicleta, Btt o gravel, rutas a pie y trekkings","isPartOf":{"@id":"https:\/\/rutessilviarovira.com\/#website"},"datePublished":"2019-04-22T10:19:33+00:00","dateModified":"2024-11-14T08:56:44+00:00","description":"Disfruta de las mejores rutas guiadas en bicicleta Btt o gravel. Senderismo por paisajes naturales. Servicio de alquiler de bicis.","breadcrumb":{"@id":"https:\/\/rutessilviarovira.com\/es\/rutas\/#breadcrumb"},"inLanguage":"es","potentialAction":[{"@type":"ReadAction","target":["https:\/\/rutessilviarovira.com\/es\/rutas\/"]}]},{"@type":"BreadcrumbList","@id":"https:\/\/rutessilviarovira.com\/es\/rutas\/#breadcrumb","itemListElement":[{"@type":"ListItem","position":1,"name":"Portada","item":"https:\/\/rutessilviarovira.com\/es\/inicio\/"},{"@type":"ListItem","position":2,"name":"Rutas"}]},{"@type":"WebSite","@id":"https:\/\/rutessilviarovira.com\/#website","url":"https:\/\/rutessilviarovira.com\/","name":"Rutes S\u00edlvia Rovira","description":"Rutes de btt,Senderisme,Trekking i raquetes de neu","publisher":{"@id":"https:\/\/rutessilviarovira.com\/#organization"},"potentialAction":[{"@type":"SearchAction","target":{"@type":"EntryPoint","urlTemplate":"https:\/\/rutessilviarovira.com\/?s={search_term_string}"},"query-input":"required name=search_term_string"}],"inLanguage":"es"},{"@type":"Organization","@id":"https:\/\/rutessilviarovira.com\/#organization","name":"Rutes S\u00edvia Rovira","url":"https:\/\/rutessilviarovira.com\/","logo":{"@type":"ImageObject","inLanguage":"es","@id":"https:\/\/rutessilviarovira.com\/#\/schema\/logo\/image\/","url":"https:\/\/rutessilviarovira.com\/wp-content\/uploads\/2019\/04\/cropped-LOGO-1.png","contentUrl":"https:\/\/rutessilviarovira.com\/wp-content\/uploads\/2019\/04\/cropped-LOGO-1.png","width":512,"height":512,"caption":"Rutes S\u00edvia Rovira"},"image":{"@id":"https:\/\/rutessilviarovira.com\/#\/schema\/logo\/image\/"}}]}},"_links":{"self":[{"href":"https:\/\/rutessilviarovira.com\/es\/wp-json\/wp\/v2\/pages\/8263"}],"collection":[{"href":"https:\/\/rutessilviarovira.com\/es\/wp-json\/wp\/v2\/pages"}],"about":[{"href":"https:\/\/rutessilviarovira.com\/es\/wp-json\/wp\/v2\/types\/page"}],"author":[{"embeddable":true,"href":"https:\/\/rutessilviarovira.com\/es\/wp-json\/wp\/v2\/users\/2"}],"replies":[{"embeddable":true,"href":"https:\/\/rutessilviarovira.com\/es\/wp-json\/wp\/v2\/comments?post=8263"}],"version-history":[{"count":2,"href":"https:\/\/rutessilviarovira.com\/es\/wp-json\/wp\/v2\/pages\/8263\/revisions"}],"predecessor-version":[{"id":8266,"href":"https:\/\/rutessilviarovira.com\/es\/wp-json\/wp\/v2\/pages\/8263\/revisions\/8266"}],"wp:attachment":[{"href":"https:\/\/rutessilviarovira.com\/es\/wp-json\/wp\/v2\/media?parent=8263"}],"curies":[{"name":"wp","href":"https:\/\/api.w.org\/{rel}","templated":true}]}}