{"id":9431,"date":"2021-02-16T22:44:50","date_gmt":"2021-02-16T21:44:50","guid":{"rendered":"https:\/\/rutessilviarovira.com\/politica-de-cookies\/"},"modified":"2021-02-16T22:44:50","modified_gmt":"2021-02-16T21:44:50","slug":"politica-de-cookies","status":"publish","type":"page","link":"https:\/\/rutessilviarovira.com\/es\/politica-de-cookies\/","title":{"rendered":"Pol\u00edtica de cookies"},"content":{"rendered":"<header class=\"page-header\">\n<h2 class=\"entry-title\"><span style=\"font-size: 40px;\">SOBRE LA POL\u00cdTICA DE COOKIES<\/span><\/h2>\n<\/header>\n<div class=\"page-content\">\n<p>Esta pol\u00edtica de cookies explica qu\u00e9 son las cookies y c\u00f3mo las utilizamos, los tipos de cookies que utilizamos, es decir, la informaci\u00f3n que recopilamos mediante cookies y c\u00f3mo se utiliza esta informaci\u00f3n y c\u00f3mo controlar las preferencias de cookies. Para obtener m\u00e1s informaci\u00f3n sobre c\u00f3mo utilizamos, almacenamos y mantenemos seguros sus datos personales, consulte nuestra <g id=\"gid_0\">pol\u00edtica de privacidad<\/g> . Puede cambiar o retirar su consentimiento en cualquier momento de la Declaraci\u00f3n de cookies de nuestro sitio web Obtenga m\u00e1s informaci\u00f3n sobre qui\u00e9nes somos, c\u00f3mo puede contactar con nosotros y c\u00f3mo procesamos los datos personales en nuestra <g id=\"gid_1\">pol\u00edtica de privacidad<\/g> . Su consentimiento se aplica a los siguientes dominios: rutessilviarovira.com. <\/p>\n<h3>\u00bfQUE SON LAS COOKIES?<\/h3>\n<p>Las cookies son peque\u00f1os archivos de texto que se utilizan para almacenar peque\u00f1os datos. Se almacenan en el dispositivo cuando se carga el sitio web en el navegador. Estas cookies nos ayudan a que el sitio web funcione correctamente, a hacerlo m\u00e1s seguro, a proporcionar una mejor experiencia de usuario ya entender el funcionamiento del sitio web y analizar qu\u00e9 funciona y d\u00f3nde necesita una mejora.  <\/p>\n<h3>\u00bfC\u00d3MO HACEMOS SERVIR LAS COOKIES?<\/h3>\n<p>Como la mayor\u00eda de los servicios online, nuestro sitio web utiliza cookies propias y de terceros para diversos prop\u00f3sitos. Las cookies propias son b\u00e1sicamente necesarias para que el sitio web funcione correctamente y no recopilan ninguno de sus datos de identificaci\u00f3n personal. Las cookies de terceros que se utilizan en nuestro sitio web sirven principalmente para entender el funcionamiento del sitio web, como interact\u00faa con nuestro sitio web, mantener seguros nuestros servicios, proporcionar anuncios que sean relevantes para usted y todo ello. proporcionando una experiencia de usuario mejorada y mejorada y ayudando a acelerar las futuras interacciones con nuestro sitio web.   <\/p>\n<h3>\u00bfQU\u00c9 TIPO DE COOKIES HACEMOS SERVIR?<\/h3>\n<p><strong>Necesarias:<\/strong> Algunas cookies son esenciales para que pueda experimentar la funcionalidad completa de nuestro sitio. Nos permiten mantener sesiones de usuarios y prevenir amenazas de seguridad. No recopilan ni almacenan informaci\u00f3n personal alguna. Por ejemplo, estas cookies le permiten iniciar la sesi\u00f3n en su cuenta y a\u00f1adir productos a la cesta y hacer la compra de forma segura. <g id=\"gid_1\">No necesarias:<\/g> Estas cookies almacenan informaci\u00f3n como el n\u00famero de visitantes del sitio web, el n\u00famero de visitantes \u00fanicos, qu\u00e9 p\u00e1ginas del sitio web se han visitado, la fuente de la visita, etc. Estos datos nos ayudan a comprender y analizar el rendimiento del sitio web y el sitio donde es necesario mejorarlo.   <\/p>\n<h3>\u00bfC\u00d3MO PUEDO CONTROLAR LAS PREFERENCIAS DE COOKIES?<\/h3>\n<p>Si decide cambiar sus preferencias m\u00e1s adelante a trav\u00e9s de la sesi\u00f3n de navegaci\u00f3n, puede hacer clic en la pesta\u00f1a \u201cOpciones de cookies\u201d de la pantalla Se mostrar\u00e1 de nuevo el aviso de consentimiento que le permitir\u00e1 cambiar sus preferencias o retirarlo lo completamente. Adem\u00e1s, diferentes navegadores proporcionan m\u00e9todos diferentes para bloquear y eliminar las cookies que utilizan los sitios web Puede cambiar la configuraci\u00f3n de su navegador para bloquear \/ eliminar las cookies. obtener m\u00e1s informaci\u00f3n sobre c\u00f3mo gestionar y eliminar las cookies, visite wikipedia.org. <\/p>\n<\/div>\n","protected":false},"excerpt":{"rendered":"<p>SOBRE LA POL\u00cdTICA DE COOKIES Esta pol\u00edtica de cookies explica qu\u00e9 son las cookies y c\u00f3mo las utilizamos, los tipos de cookies que utilizamos, es decir, la informaci\u00f3n que recopilamos mediante cookies y c\u00f3mo se utiliza esta informaci\u00f3n y c\u00f3mo controlar las preferencias de cookies. Para obtener m\u00e1s informaci\u00f3n sobre c\u00f3mo utilizamos, almacenamos y mantenemos seguros sus datos personales, consulte nuestra pol\u00edtica de privacidad . Puede cambiar o retirar su consentimiento en cualquier momento de la Declaraci\u00f3n de cookies de nuestro sitio web Obtenga m\u00e1s informaci\u00f3n sobre qui\u00e9nes somos, c\u00f3mo puede contactar con nosotros y c\u00f3mo procesamos los datos personales en nuestra pol\u00edtica de privacidad . Su consentimiento se aplica a los siguientes dominios: rutessilviarovira.com. \u00bfQUE SON LAS COOKIES? Las cookies son peque\u00f1os archivos de texto que se utilizan para almacenar peque\u00f1os datos. Se almacenan en el dispositivo cuando se carga el sitio web en el navegador. Estas cookies nos [&hellip;]<\/p>\n","protected":false},"author":4,"featured_media":0,"parent":0,"menu_order":0,"comment_status":"closed","ping_status":"closed","template":"","meta":{"footnotes":""},"class_list":["post-9431","page","type-page","status-publish","hentry"],"yoast_head":"<!-- This site is optimized with the Yoast SEO plugin v22.9 - https:\/\/yoast.com\/wordpress\/plugins\/seo\/ -->\n<title>Pol\u00edtica de cookies - Rutes S\u00edlvia Rovira<\/title>\n<meta name=\"description\" content=\"P\u00e1gina de pol\u00edtica de cookies\" \/>\n<meta name=\"robots\" content=\"noindex, nofollow\" \/>\n<meta property=\"og:locale\" content=\"es_ES\" \/>\n<meta property=\"og:type\" content=\"article\" \/>\n<meta property=\"og:title\" content=\"Pol\u00edtica de cookies - Rutes S\u00edlvia Rovira\" \/>\n<meta property=\"og:description\" content=\"P\u00e1gina de pol\u00edtica de cookies\" \/>\n<meta property=\"og:url\" content=\"https:\/\/rutessilviarovira.com\/es\/politica-de-cookies\/\" \/>\n<meta property=\"og:site_name\" content=\"Rutes S\u00edlvia Rovira\" \/>\n<meta name=\"twitter:card\" content=\"summary_large_image\" \/>\n<meta name=\"twitter:label1\" content=\"Tiempo de lectura\" \/>\n\t<meta name=\"twitter:data1\" content=\"3 minutos\" \/>\n<script type=\"application\/ld+json\" class=\"yoast-schema-graph\">{\"@context\":\"https:\/\/schema.org\",\"@graph\":[{\"@type\":\"WebPage\",\"@id\":\"https:\/\/rutessilviarovira.com\/es\/politica-de-cookies\/\",\"url\":\"https:\/\/rutessilviarovira.com\/es\/politica-de-cookies\/\",\"name\":\"Pol\u00edtica de cookies - Rutes S\u00edlvia Rovira\",\"isPartOf\":{\"@id\":\"https:\/\/rutessilviarovira.com\/#website\"},\"datePublished\":\"2021-02-16T21:44:50+00:00\",\"dateModified\":\"2021-02-16T21:44:50+00:00\",\"description\":\"P\u00e1gina de pol\u00edtica de cookies\",\"breadcrumb\":{\"@id\":\"https:\/\/rutessilviarovira.com\/es\/politica-de-cookies\/#breadcrumb\"},\"inLanguage\":\"es\",\"potentialAction\":[{\"@type\":\"ReadAction\",\"target\":[\"https:\/\/rutessilviarovira.com\/es\/politica-de-cookies\/\"]}]},{\"@type\":\"BreadcrumbList\",\"@id\":\"https:\/\/rutessilviarovira.com\/es\/politica-de-cookies\/#breadcrumb\",\"itemListElement\":[{\"@type\":\"ListItem\",\"position\":1,\"name\":\"Portada\",\"item\":\"https:\/\/rutessilviarovira.com\/es\/inicio\/\"},{\"@type\":\"ListItem\",\"position\":2,\"name\":\"Pol\u00edtica de cookies\"}]},{\"@type\":\"WebSite\",\"@id\":\"https:\/\/rutessilviarovira.com\/#website\",\"url\":\"https:\/\/rutessilviarovira.com\/\",\"name\":\"Rutes S\u00edlvia Rovira\",\"description\":\"Rutes de btt,Senderisme,Trekking i raquetes de neu\",\"publisher\":{\"@id\":\"https:\/\/rutessilviarovira.com\/#organization\"},\"potentialAction\":[{\"@type\":\"SearchAction\",\"target\":{\"@type\":\"EntryPoint\",\"urlTemplate\":\"https:\/\/rutessilviarovira.com\/?s={search_term_string}\"},\"query-input\":\"required name=search_term_string\"}],\"inLanguage\":\"es\"},{\"@type\":\"Organization\",\"@id\":\"https:\/\/rutessilviarovira.com\/#organization\",\"name\":\"Rutes S\u00edvia Rovira\",\"url\":\"https:\/\/rutessilviarovira.com\/\",\"logo\":{\"@type\":\"ImageObject\",\"inLanguage\":\"es\",\"@id\":\"https:\/\/rutessilviarovira.com\/#\/schema\/logo\/image\/\",\"url\":\"https:\/\/rutessilviarovira.com\/wp-content\/uploads\/2019\/04\/cropped-LOGO-1.png\",\"contentUrl\":\"https:\/\/rutessilviarovira.com\/wp-content\/uploads\/2019\/04\/cropped-LOGO-1.png\",\"width\":512,\"height\":512,\"caption\":\"Rutes S\u00edvia Rovira\"},\"image\":{\"@id\":\"https:\/\/rutessilviarovira.com\/#\/schema\/logo\/image\/\"}}]}<\/script>\n<!-- \/ Yoast SEO plugin. -->","yoast_head_json":{"title":"Pol\u00edtica de cookies - Rutes S\u00edlvia Rovira","description":"P\u00e1gina de pol\u00edtica de cookies","robots":{"index":"noindex","follow":"nofollow"},"og_locale":"es_ES","og_type":"article","og_title":"Pol\u00edtica de cookies - Rutes S\u00edlvia Rovira","og_description":"P\u00e1gina de pol\u00edtica de cookies","og_url":"https:\/\/rutessilviarovira.com\/es\/politica-de-cookies\/","og_site_name":"Rutes S\u00edlvia Rovira","twitter_card":"summary_large_image","twitter_misc":{"Tiempo de lectura":"3 minutos"},"schema":{"@context":"https:\/\/schema.org","@graph":[{"@type":"WebPage","@id":"https:\/\/rutessilviarovira.com\/es\/politica-de-cookies\/","url":"https:\/\/rutessilviarovira.com\/es\/politica-de-cookies\/","name":"Pol\u00edtica de cookies - Rutes S\u00edlvia Rovira","isPartOf":{"@id":"https:\/\/rutessilviarovira.com\/#website"},"datePublished":"2021-02-16T21:44:50+00:00","dateModified":"2021-02-16T21:44:50+00:00","description":"P\u00e1gina de pol\u00edtica de cookies","breadcrumb":{"@id":"https:\/\/rutessilviarovira.com\/es\/politica-de-cookies\/#breadcrumb"},"inLanguage":"es","potentialAction":[{"@type":"ReadAction","target":["https:\/\/rutessilviarovira.com\/es\/politica-de-cookies\/"]}]},{"@type":"BreadcrumbList","@id":"https:\/\/rutessilviarovira.com\/es\/politica-de-cookies\/#breadcrumb","itemListElement":[{"@type":"ListItem","position":1,"name":"Portada","item":"https:\/\/rutessilviarovira.com\/es\/inicio\/"},{"@type":"ListItem","position":2,"name":"Pol\u00edtica de cookies"}]},{"@type":"WebSite","@id":"https:\/\/rutessilviarovira.com\/#website","url":"https:\/\/rutessilviarovira.com\/","name":"Rutes S\u00edlvia Rovira","description":"Rutes de btt,Senderisme,Trekking i raquetes de neu","publisher":{"@id":"https:\/\/rutessilviarovira.com\/#organization"},"potentialAction":[{"@type":"SearchAction","target":{"@type":"EntryPoint","urlTemplate":"https:\/\/rutessilviarovira.com\/?s={search_term_string}"},"query-input":"required name=search_term_string"}],"inLanguage":"es"},{"@type":"Organization","@id":"https:\/\/rutessilviarovira.com\/#organization","name":"Rutes S\u00edvia Rovira","url":"https:\/\/rutessilviarovira.com\/","logo":{"@type":"ImageObject","inLanguage":"es","@id":"https:\/\/rutessilviarovira.com\/#\/schema\/logo\/image\/","url":"https:\/\/rutessilviarovira.com\/wp-content\/uploads\/2019\/04\/cropped-LOGO-1.png","contentUrl":"https:\/\/rutessilviarovira.com\/wp-content\/uploads\/2019\/04\/cropped-LOGO-1.png","width":512,"height":512,"caption":"Rutes S\u00edvia Rovira"},"image":{"@id":"https:\/\/rutessilviarovira.com\/#\/schema\/logo\/image\/"}}]}},"_links":{"self":[{"href":"https:\/\/rutessilviarovira.com\/es\/wp-json\/wp\/v2\/pages\/9431"}],"collection":[{"href":"https:\/\/rutessilviarovira.com\/es\/wp-json\/wp\/v2\/pages"}],"about":[{"href":"https:\/\/rutessilviarovira.com\/es\/wp-json\/wp\/v2\/types\/page"}],"author":[{"embeddable":true,"href":"https:\/\/rutessilviarovira.com\/es\/wp-json\/wp\/v2\/users\/4"}],"replies":[{"embeddable":true,"href":"https:\/\/rutessilviarovira.com\/es\/wp-json\/wp\/v2\/comments?post=9431"}],"version-history":[{"count":0,"href":"https:\/\/rutessilviarovira.com\/es\/wp-json\/wp\/v2\/pages\/9431\/revisions"}],"wp:attachment":[{"href":"https:\/\/rutessilviarovira.com\/es\/wp-json\/wp\/v2\/media?parent=9431"}],"curies":[{"name":"wp","href":"https:\/\/api.w.org\/{rel}","templated":true}]}}