{"id":7356,"date":"2019-04-19T22:08:56","date_gmt":"2019-04-19T20:08:56","guid":{"rendered":"https:\/\/rutessilviarovira.com\/50-sommets\/"},"modified":"2024-11-14T09:49:05","modified_gmt":"2024-11-14T08:49:05","slug":"50-sommets","status":"publish","type":"page","link":"https:\/\/rutessilviarovira.com\/fr\/50-sommets\/","title":{"rendered":"50 sommets"},"content":{"rendered":"<p>[vc_row row_background_shadow=\u00a0\u00bbno\u00a0\u00bb][vc_column]<div class=\"mkdf-event-list-holder mkdf-event-list-standard mkdf-event-list-col-3\" data-next-page= \"2\" data-type= \"standard\" data-columns= \"3\" data-order-by= \"date\" data-order= \"ASC\" data-event-status= \"all\" data-number= \"-1\" data-image-size= \"original\" data-category= \"50 CIMS\" data-show-more= \"none\" data-title-tag= \"h4\" data-max-num-pages = 0><div class=\"mkdf-event-list-holder-inner \" data-number-of-items=\"3\"><div class=\"mkdf-el-item mkdf-el-item-odd\">\n    <div class=\"mkdf-el-item-inner\">\n        <div class=\"mkdf-el-item-inner-holder\">\n            <div class=\"mkdf-el-item-image\">\n                <a href=\"https:\/\/rutessilviarovira.com\/fr\/event\/50-sommets-plus-dinformations\/\">\n                    <img decoding=\"async\" width=\"600\" height=\"436\" src=\"https:\/\/rutessilviarovira.com\/wp-content\/uploads\/2019\/04\/myegoo_p13309759_s-e1612467499611.jpg\" class=\"attachment-full size-full wp-post-image\" alt=\"\" srcset=\"https:\/\/rutessilviarovira.com\/wp-content\/uploads\/2019\/04\/myegoo_p13309759_s-e1612467499611.jpg 600w, https:\/\/rutessilviarovira.com\/wp-content\/uploads\/2019\/04\/myegoo_p13309759_s-e1612467499611-300x218.jpg 300w\" sizes=\"(max-width: 600px) 100vw, 600px\" \/>                <\/a>\n            <\/div>\n                        <div class=\"mkdf-el-item-content\" >\n                <div class=\"mkdf-el-item-location-title-holder\">\n                    <h4 class=\"mkdf-el-item-title\">\n                    <a href=\"https:\/\/rutessilviarovira.com\/fr\/event\/50-sommets-plus-dinformations\/\">\n                        50 sommets PLUS D&rsquo;INFORMATIONS                    <\/a>\n                <\/h4>\n                                                    <div class=\"mkdf-el-item-time\">\n\t\t\t\t            <span>\n\t\t\t\t            \tDisponible sur demande\t\t\t\t            <\/span>\n                    <\/div>\n                                <div class=\"mkdf-el-read-more-link\">\n                    <a href=\"https:\/\/rutessilviarovira.com\/fr\/event\/50-sommets-plus-dinformations\/\">Llegeix m\u00e9s<\/a>\n                <\/div>\n            <\/div>\n        <\/div>\n    <\/div>\n<\/div>\n<\/div><div class=\"mkdf-el-item mkdf-el-item-even\">\n    <div class=\"mkdf-el-item-inner\">\n        <div class=\"mkdf-el-item-inner-holder\">\n            <div class=\"mkdf-el-item-image\">\n                <a href=\"https:\/\/rutessilviarovira.com\/fr\/event\/traversee-en-raquettes-port-del-comte-50cims\/\">\n                    <img decoding=\"async\" width=\"2048\" height=\"1536\" src=\"https:\/\/rutessilviarovira.com\/wp-content\/uploads\/2024\/01\/20170129_115720.9-e1704707578725.jpg\" class=\"attachment-full size-full wp-post-image\" alt=\"Raquetes Port del Comte SR\" \/>                <\/a>\n            <\/div>\n                        <div class=\"mkdf-el-item-content\" >\n                <div class=\"mkdf-el-item-location-title-holder\">\n                    <h4 class=\"mkdf-el-item-title\">\n                    <a href=\"https:\/\/rutessilviarovira.com\/fr\/event\/traversee-en-raquettes-port-del-comte-50cims\/\">\n                        Travers\u00e9e en raquettes Port del Comte, 50Cims                    <\/a>\n                <\/h4>\n                                                    <div class=\"mkdf-el-item-time\">\n\t\t\t\t            <span>\n\t\t\t\t            \tDisponible sur demande\t\t\t\t            <\/span>\n                    <\/div>\n                                <div class=\"mkdf-el-read-more-link\">\n                    <a href=\"https:\/\/rutessilviarovira.com\/fr\/event\/traversee-en-raquettes-port-del-comte-50cims\/\">Llegeix m\u00e9s<\/a>\n                <\/div>\n            <\/div>\n        <\/div>\n    <\/div>\n<\/div>\n<\/div><div class=\"mkdf-el-item mkdf-el-item-odd\">\n    <div class=\"mkdf-el-item-inner\">\n        <div class=\"mkdf-el-item-inner-holder\">\n            <div class=\"mkdf-el-item-image\">\n                <a href=\"https:\/\/rutessilviarovira.com\/fr\/event\/sanctuaire-du-mon-canigo-route-verdaguer-partie-2\/\">\n                    <img decoding=\"async\" width=\"1037\" height=\"641\" src=\"https:\/\/rutessilviarovira.com\/wp-content\/uploads\/2023\/06\/P1260121-e1712145928968.jpg\" class=\"attachment-full size-full wp-post-image\" alt=\"\" srcset=\"https:\/\/rutessilviarovira.com\/wp-content\/uploads\/2023\/06\/P1260121-e1712145928968.jpg 1037w, https:\/\/rutessilviarovira.com\/wp-content\/uploads\/2023\/06\/P1260121-e1712145928968-300x185.jpg 300w, https:\/\/rutessilviarovira.com\/wp-content\/uploads\/2023\/06\/P1260121-e1712145928968-1024x633.jpg 1024w, https:\/\/rutessilviarovira.com\/wp-content\/uploads\/2023\/06\/P1260121-e1712145928968-768x475.jpg 768w\" sizes=\"(max-width: 1037px) 100vw, 1037px\" \/>                <\/a>\n            <\/div>\n                        <div class=\"mkdf-el-item-content\" >\n                <div class=\"mkdf-el-item-location-title-holder\">\n                    <h4 class=\"mkdf-el-item-title\">\n                    <a href=\"https:\/\/rutessilviarovira.com\/fr\/event\/sanctuaire-du-mon-canigo-route-verdaguer-partie-2\/\">\n                        Sanctuaire du Mon-Canig\u00f3; Route Verdaguer partie 2                    <\/a>\n                <\/h4>\n                                                    <div class=\"mkdf-el-item-time\">\n\t\t\t\t            <span>\n\t\t\t\t            \tDisponible sur demande\t\t\t\t            <\/span>\n                    <\/div>\n                                <div class=\"mkdf-el-read-more-link\">\n                    <a href=\"https:\/\/rutessilviarovira.com\/fr\/event\/sanctuaire-du-mon-canigo-route-verdaguer-partie-2\/\">Llegeix m\u00e9s<\/a>\n                <\/div>\n            <\/div>\n        <\/div>\n    <\/div>\n<\/div>\n<\/div><div class=\"mkdf-el-item mkdf-el-item-even\">\n    <div class=\"mkdf-el-item-inner\">\n        <div class=\"mkdf-el-item-inner-holder\">\n            <div class=\"mkdf-el-item-image\">\n                <a href=\"https:\/\/rutessilviarovira.com\/fr\/event\/route-alpine-vers-coma-dor-et-puigpedros-de-lanos-50-sommets\/\">\n                    <img decoding=\"async\" width=\"2560\" height=\"1920\" src=\"https:\/\/rutessilviarovira.com\/wp-content\/uploads\/2024\/10\/1360860-scaled-e1757698277269.jpg\" class=\"attachment-full size-full wp-post-image\" alt=\"\" \/>                <\/a>\n            <\/div>\n                        <div class=\"mkdf-el-item-content\" >\n                <div class=\"mkdf-el-item-location-title-holder\">\n                    <h4 class=\"mkdf-el-item-title\">\n                    <a href=\"https:\/\/rutessilviarovira.com\/fr\/event\/route-alpine-vers-coma-dor-et-puigpedros-de-lanos-50-sommets\/\">\n                        Route alpine vers Coma d&rsquo;Or et Puigpedr\u00f3s de Lan\u00f3s ; 50 sommets                    <\/a>\n                <\/h4>\n                                                    <div class=\"mkdf-el-item-time\">\n\t\t\t\t            <span>\n\t\t\t\t            \tDisponible sur demande\t\t\t\t            <\/span>\n                    <\/div>\n                                <div class=\"mkdf-el-read-more-link\">\n                    <a href=\"https:\/\/rutessilviarovira.com\/fr\/event\/route-alpine-vers-coma-dor-et-puigpedros-de-lanos-50-sommets\/\">Llegeix m\u00e9s<\/a>\n                <\/div>\n            <\/div>\n        <\/div>\n    <\/div>\n<\/div>\n<\/div><div class=\"mkdf-el-item mkdf-el-item-odd\">\n    <div class=\"mkdf-el-item-inner\">\n        <div class=\"mkdf-el-item-inner-holder\">\n            <div class=\"mkdf-el-item-image\">\n                <a href=\"https:\/\/rutessilviarovira.com\/fr\/event\/montee-au-tallon-3020m-50-sommets\/\">\n                    <img decoding=\"async\" width=\"2560\" height=\"1920\" src=\"https:\/\/rutessilviarovira.com\/wp-content\/uploads\/2024\/06\/P1330790-scaled-e1718105429341.jpg\" class=\"attachment-full size-full wp-post-image\" alt=\"Tallon 50 Cims Rutes SR\" \/>                <\/a>\n            <\/div>\n                        <div class=\"mkdf-el-item-content\" >\n                <div class=\"mkdf-el-item-location-title-holder\">\n                    <h4 class=\"mkdf-el-item-title\">\n                    <a href=\"https:\/\/rutessilviarovira.com\/fr\/event\/montee-au-tallon-3020m-50-sommets\/\">\n                        Mont\u00e9e au Tall\u00f3n 3020m; 50 sommets                    <\/a>\n                <\/h4>\n                                                    <div class=\"mkdf-el-item-time\">\n\t\t\t\t            <span>\n\t\t\t\t            \tDisponible sur demande\t\t\t\t            <\/span>\n                    <\/div>\n                                <div class=\"mkdf-el-read-more-link\">\n                    <a href=\"https:\/\/rutessilviarovira.com\/fr\/event\/montee-au-tallon-3020m-50-sommets\/\">Llegeix m\u00e9s<\/a>\n                <\/div>\n            <\/div>\n        <\/div>\n    <\/div>\n<\/div>\n<\/div><\/div><\/div>[vc_column_text]En 2017, nous avons lanc\u00e9 un projet 50 Peaks. Il consiste \u00e0 parcourir les 50 sommets les plus embl\u00e9matiques de Catalogne et des Pyr\u00e9n\u00e9es faciles \u00e0 gravir, comme l&rsquo;excursion au sommet du Canig\u00f3. Chaque randonneur devrait les faire, que ce soit en raison de sa situation, des paysages, de sa valeur historique ou culturelle, quelle que soit sa taille. Nous ferons \u00e0 la fois 1500 m et 3000 m. Nous vous proposons de faire entre 8 et 10 sommets chaque ann\u00e9e, un par mois, certains mois cela ne se fera pas, car vous avez d&rsquo;autres voyages programm\u00e9s. Parmi eux, il y aura la Pica d&rsquo;Estates, El Puigmal, El Canig\u00f3, el Carlit, etc.[\/vc_column_text][\/vc_column][\/vc_row]<\/p>\n","protected":false},"excerpt":{"rendered":"<p>[vc_row row_background_shadow=\u00a0\u00bbno\u00a0\u00bb][vc_column][vc_column_text]En 2017, nous avons lanc\u00e9 un projet 50 Peaks. Il consiste \u00e0 parcourir les 50 sommets les plus embl\u00e9matiques de Catalogne et des Pyr\u00e9n\u00e9es faciles \u00e0 gravir, comme l&rsquo;excursion au sommet du Canig\u00f3. Chaque randonneur devrait les faire, que ce soit en raison de sa situation, des paysages, de sa valeur historique ou culturelle, quelle que soit sa taille. Nous ferons \u00e0 la fois 1500 m et 3000 m. Nous vous proposons de faire entre 8 et 10 sommets chaque ann\u00e9e, un par mois, certains mois cela ne se fera pas, car vous avez d&rsquo;autres voyages programm\u00e9s. Parmi eux, il y aura la Pica d&rsquo;Estates, El Puigmal, El Canig\u00f3, el Carlit, etc.[\/vc_column_text][\/vc_column][\/vc_row]<\/p>\n","protected":false},"author":2,"featured_media":7134,"parent":0,"menu_order":0,"comment_status":"closed","ping_status":"open","template":"","meta":{"footnotes":""},"class_list":["post-7356","page","type-page","status-publish","has-post-thumbnail","hentry"],"yoast_head":"<!-- This site is optimized with the Yoast SEO plugin v22.9 - https:\/\/yoast.com\/wordpress\/plugins\/seo\/ -->\n<title>Excursion au sommet du Canig\u00f3, Pedraforca et autres - Randonn\u00e9e \u00e9pique<\/title>\n<meta name=\"description\" content=\"Vivez l&#039;aventure avec l&#039;excursion aux sommets du Canig\u00f3 et du Pedraforca. Itin\u00e9raires de randonn\u00e9es accompagn\u00e9s pour les passionn\u00e9s des Pyr\u00e9n\u00e9es. De belles exp\u00e9riences!\" \/>\n<meta name=\"robots\" content=\"index, follow, max-snippet:-1, max-image-preview:large, max-video-preview:-1\" \/>\n<link rel=\"canonical\" href=\"https:\/\/rutessilviarovira.com\/fr\/50-sommets\/\" \/>\n<meta property=\"og:locale\" content=\"fr_FR\" \/>\n<meta property=\"og:type\" content=\"article\" \/>\n<meta property=\"og:title\" content=\"Excursion au sommet du Canig\u00f3, Pedraforca et autres - Randonn\u00e9e \u00e9pique\" \/>\n<meta property=\"og:description\" content=\"Vivez l&#039;aventure avec l&#039;excursion aux sommets du Canig\u00f3 et du Pedraforca. Itin\u00e9raires de randonn\u00e9es accompagn\u00e9s pour les passionn\u00e9s des Pyr\u00e9n\u00e9es. De belles exp\u00e9riences!\" \/>\n<meta property=\"og:url\" content=\"https:\/\/rutessilviarovira.com\/fr\/50-sommets\/\" \/>\n<meta property=\"og:site_name\" content=\"Rutes S\u00edlvia Rovira\" \/>\n<meta property=\"article:modified_time\" content=\"2024-11-14T08:49:05+00:00\" \/>\n<meta property=\"og:image\" content=\"https:\/\/rutessilviarovira.com\/wp-content\/uploads\/2019\/04\/P1020339.9-900-x-675-e1702747125536.jpg\" \/>\n\t<meta property=\"og:image:width\" content=\"800\" \/>\n\t<meta property=\"og:image:height\" content=\"557\" \/>\n\t<meta property=\"og:image:type\" content=\"image\/jpeg\" \/>\n<meta name=\"twitter:card\" content=\"summary_large_image\" \/>\n<meta name=\"twitter:label1\" content=\"Dur\u00e9e de lecture estim\u00e9e\" \/>\n\t<meta name=\"twitter:data1\" content=\"1 minute\" \/>\n<script type=\"application\/ld+json\" class=\"yoast-schema-graph\">{\"@context\":\"https:\/\/schema.org\",\"@graph\":[{\"@type\":\"WebPage\",\"@id\":\"https:\/\/rutessilviarovira.com\/fr\/50-sommets\/\",\"url\":\"https:\/\/rutessilviarovira.com\/fr\/50-sommets\/\",\"name\":\"Excursion au sommet du Canig\u00f3, Pedraforca et autres - Randonn\u00e9e \u00e9pique\",\"isPartOf\":{\"@id\":\"https:\/\/rutessilviarovira.com\/#website\"},\"primaryImageOfPage\":{\"@id\":\"https:\/\/rutessilviarovira.com\/fr\/50-sommets\/#primaryimage\"},\"image\":{\"@id\":\"https:\/\/rutessilviarovira.com\/fr\/50-sommets\/#primaryimage\"},\"thumbnailUrl\":\"https:\/\/rutessilviarovira.com\/wp-content\/uploads\/2019\/04\/P1020339.9-900-x-675-e1702747125536.jpg\",\"datePublished\":\"2019-04-19T20:08:56+00:00\",\"dateModified\":\"2024-11-14T08:49:05+00:00\",\"description\":\"Vivez l'aventure avec l'excursion aux sommets du Canig\u00f3 et du Pedraforca. Itin\u00e9raires de randonn\u00e9es accompagn\u00e9s pour les passionn\u00e9s des Pyr\u00e9n\u00e9es. De belles exp\u00e9riences!\",\"breadcrumb\":{\"@id\":\"https:\/\/rutessilviarovira.com\/fr\/50-sommets\/#breadcrumb\"},\"inLanguage\":\"fr-FR\",\"potentialAction\":[{\"@type\":\"ReadAction\",\"target\":[\"https:\/\/rutessilviarovira.com\/fr\/50-sommets\/\"]}]},{\"@type\":\"ImageObject\",\"inLanguage\":\"fr-FR\",\"@id\":\"https:\/\/rutessilviarovira.com\/fr\/50-sommets\/#primaryimage\",\"url\":\"https:\/\/rutessilviarovira.com\/wp-content\/uploads\/2019\/04\/P1020339.9-900-x-675-e1702747125536.jpg\",\"contentUrl\":\"https:\/\/rutessilviarovira.com\/wp-content\/uploads\/2019\/04\/P1020339.9-900-x-675-e1702747125536.jpg\",\"width\":800,\"height\":557},{\"@type\":\"BreadcrumbList\",\"@id\":\"https:\/\/rutessilviarovira.com\/fr\/50-sommets\/#breadcrumb\",\"itemListElement\":[{\"@type\":\"ListItem\",\"position\":1,\"name\":\"Portada\",\"item\":\"https:\/\/rutessilviarovira.com\/fr\/maison\/\"},{\"@type\":\"ListItem\",\"position\":2,\"name\":\"50 sommets\"}]},{\"@type\":\"WebSite\",\"@id\":\"https:\/\/rutessilviarovira.com\/#website\",\"url\":\"https:\/\/rutessilviarovira.com\/\",\"name\":\"Rutes S\u00edlvia Rovira\",\"description\":\"Rutes de btt,Senderisme,Trekking i raquetes de neu\",\"publisher\":{\"@id\":\"https:\/\/rutessilviarovira.com\/#organization\"},\"potentialAction\":[{\"@type\":\"SearchAction\",\"target\":{\"@type\":\"EntryPoint\",\"urlTemplate\":\"https:\/\/rutessilviarovira.com\/?s={search_term_string}\"},\"query-input\":\"required name=search_term_string\"}],\"inLanguage\":\"fr-FR\"},{\"@type\":\"Organization\",\"@id\":\"https:\/\/rutessilviarovira.com\/#organization\",\"name\":\"Rutes S\u00edvia Rovira\",\"url\":\"https:\/\/rutessilviarovira.com\/\",\"logo\":{\"@type\":\"ImageObject\",\"inLanguage\":\"fr-FR\",\"@id\":\"https:\/\/rutessilviarovira.com\/#\/schema\/logo\/image\/\",\"url\":\"https:\/\/rutessilviarovira.com\/wp-content\/uploads\/2019\/04\/cropped-LOGO-1.png\",\"contentUrl\":\"https:\/\/rutessilviarovira.com\/wp-content\/uploads\/2019\/04\/cropped-LOGO-1.png\",\"width\":512,\"height\":512,\"caption\":\"Rutes S\u00edvia Rovira\"},\"image\":{\"@id\":\"https:\/\/rutessilviarovira.com\/#\/schema\/logo\/image\/\"}}]}<\/script>\n<!-- \/ Yoast SEO plugin. -->","yoast_head_json":{"title":"Excursion au sommet du Canig\u00f3, Pedraforca et autres - Randonn\u00e9e \u00e9pique","description":"Vivez l'aventure avec l'excursion aux sommets du Canig\u00f3 et du Pedraforca. Itin\u00e9raires de randonn\u00e9es accompagn\u00e9s pour les passionn\u00e9s des Pyr\u00e9n\u00e9es. De belles exp\u00e9riences!","robots":{"index":"index","follow":"follow","max-snippet":"max-snippet:-1","max-image-preview":"max-image-preview:large","max-video-preview":"max-video-preview:-1"},"canonical":"https:\/\/rutessilviarovira.com\/fr\/50-sommets\/","og_locale":"fr_FR","og_type":"article","og_title":"Excursion au sommet du Canig\u00f3, Pedraforca et autres - Randonn\u00e9e \u00e9pique","og_description":"Vivez l'aventure avec l'excursion aux sommets du Canig\u00f3 et du Pedraforca. Itin\u00e9raires de randonn\u00e9es accompagn\u00e9s pour les passionn\u00e9s des Pyr\u00e9n\u00e9es. De belles exp\u00e9riences!","og_url":"https:\/\/rutessilviarovira.com\/fr\/50-sommets\/","og_site_name":"Rutes S\u00edlvia Rovira","article_modified_time":"2024-11-14T08:49:05+00:00","og_image":[{"width":800,"height":557,"url":"https:\/\/rutessilviarovira.com\/wp-content\/uploads\/2019\/04\/P1020339.9-900-x-675-e1702747125536.jpg","type":"image\/jpeg"}],"twitter_card":"summary_large_image","twitter_misc":{"Dur\u00e9e de lecture estim\u00e9e":"1 minute"},"schema":{"@context":"https:\/\/schema.org","@graph":[{"@type":"WebPage","@id":"https:\/\/rutessilviarovira.com\/fr\/50-sommets\/","url":"https:\/\/rutessilviarovira.com\/fr\/50-sommets\/","name":"Excursion au sommet du Canig\u00f3, Pedraforca et autres - Randonn\u00e9e \u00e9pique","isPartOf":{"@id":"https:\/\/rutessilviarovira.com\/#website"},"primaryImageOfPage":{"@id":"https:\/\/rutessilviarovira.com\/fr\/50-sommets\/#primaryimage"},"image":{"@id":"https:\/\/rutessilviarovira.com\/fr\/50-sommets\/#primaryimage"},"thumbnailUrl":"https:\/\/rutessilviarovira.com\/wp-content\/uploads\/2019\/04\/P1020339.9-900-x-675-e1702747125536.jpg","datePublished":"2019-04-19T20:08:56+00:00","dateModified":"2024-11-14T08:49:05+00:00","description":"Vivez l'aventure avec l'excursion aux sommets du Canig\u00f3 et du Pedraforca. Itin\u00e9raires de randonn\u00e9es accompagn\u00e9s pour les passionn\u00e9s des Pyr\u00e9n\u00e9es. De belles exp\u00e9riences!","breadcrumb":{"@id":"https:\/\/rutessilviarovira.com\/fr\/50-sommets\/#breadcrumb"},"inLanguage":"fr-FR","potentialAction":[{"@type":"ReadAction","target":["https:\/\/rutessilviarovira.com\/fr\/50-sommets\/"]}]},{"@type":"ImageObject","inLanguage":"fr-FR","@id":"https:\/\/rutessilviarovira.com\/fr\/50-sommets\/#primaryimage","url":"https:\/\/rutessilviarovira.com\/wp-content\/uploads\/2019\/04\/P1020339.9-900-x-675-e1702747125536.jpg","contentUrl":"https:\/\/rutessilviarovira.com\/wp-content\/uploads\/2019\/04\/P1020339.9-900-x-675-e1702747125536.jpg","width":800,"height":557},{"@type":"BreadcrumbList","@id":"https:\/\/rutessilviarovira.com\/fr\/50-sommets\/#breadcrumb","itemListElement":[{"@type":"ListItem","position":1,"name":"Portada","item":"https:\/\/rutessilviarovira.com\/fr\/maison\/"},{"@type":"ListItem","position":2,"name":"50 sommets"}]},{"@type":"WebSite","@id":"https:\/\/rutessilviarovira.com\/#website","url":"https:\/\/rutessilviarovira.com\/","name":"Rutes S\u00edlvia Rovira","description":"Rutes de btt,Senderisme,Trekking i raquetes de neu","publisher":{"@id":"https:\/\/rutessilviarovira.com\/#organization"},"potentialAction":[{"@type":"SearchAction","target":{"@type":"EntryPoint","urlTemplate":"https:\/\/rutessilviarovira.com\/?s={search_term_string}"},"query-input":"required name=search_term_string"}],"inLanguage":"fr-FR"},{"@type":"Organization","@id":"https:\/\/rutessilviarovira.com\/#organization","name":"Rutes S\u00edvia Rovira","url":"https:\/\/rutessilviarovira.com\/","logo":{"@type":"ImageObject","inLanguage":"fr-FR","@id":"https:\/\/rutessilviarovira.com\/#\/schema\/logo\/image\/","url":"https:\/\/rutessilviarovira.com\/wp-content\/uploads\/2019\/04\/cropped-LOGO-1.png","contentUrl":"https:\/\/rutessilviarovira.com\/wp-content\/uploads\/2019\/04\/cropped-LOGO-1.png","width":512,"height":512,"caption":"Rutes S\u00edvia Rovira"},"image":{"@id":"https:\/\/rutessilviarovira.com\/#\/schema\/logo\/image\/"}}]}},"_links":{"self":[{"href":"https:\/\/rutessilviarovira.com\/fr\/wp-json\/wp\/v2\/pages\/7356"}],"collection":[{"href":"https:\/\/rutessilviarovira.com\/fr\/wp-json\/wp\/v2\/pages"}],"about":[{"href":"https:\/\/rutessilviarovira.com\/fr\/wp-json\/wp\/v2\/types\/page"}],"author":[{"embeddable":true,"href":"https:\/\/rutessilviarovira.com\/fr\/wp-json\/wp\/v2\/users\/2"}],"replies":[{"embeddable":true,"href":"https:\/\/rutessilviarovira.com\/fr\/wp-json\/wp\/v2\/comments?post=7356"}],"version-history":[{"count":11,"href":"https:\/\/rutessilviarovira.com\/fr\/wp-json\/wp\/v2\/pages\/7356\/revisions"}],"predecessor-version":[{"id":8210,"href":"https:\/\/rutessilviarovira.com\/fr\/wp-json\/wp\/v2\/pages\/7356\/revisions\/8210"}],"wp:featuredmedia":[{"embeddable":true,"href":"https:\/\/rutessilviarovira.com\/fr\/wp-json\/wp\/v2\/media\/7134"}],"wp:attachment":[{"href":"https:\/\/rutessilviarovira.com\/fr\/wp-json\/wp\/v2\/media?parent=7356"}],"curies":[{"name":"wp","href":"https:\/\/api.w.org\/{rel}","templated":true}]}}