{"id":8125,"date":"2019-05-11T23:16:57","date_gmt":"2019-05-11T21:16:57","guid":{"rendered":"https:\/\/rutessilviarovira.com\/mentions-legales\/"},"modified":"2019-05-11T23:16:57","modified_gmt":"2019-05-11T21:16:57","slug":"mentions-legales","status":"publish","type":"page","link":"https:\/\/rutessilviarovira.com\/fr\/mentions-legales\/","title":{"rendered":"Mentions l\u00e9gales"},"content":{"rendered":"<div class=\"gs\">\n<div class=\"\">\n<div id=\":ot\" class=\"ii gt adO\">\n<div id=\":os\" class=\"a3s aXjCH \">\n<div dir=\"ltr\">\n<p>DROITS DE PROPRI\u00c9T\u00c9 INTELLECTUELLE ET INDUSTRIELLE, COPYRIGHT ET MARQUE Tout le contenu de ce site Web et les photos sont la propri\u00e9t\u00e9 de Rutes S\u00edlvia Rovira ; la reproduction par quelque moyen que ce soit est interdite sans autorisation. Le contenu de ce site, sauf indication contraire, le contenu peut \u00eatre distribu\u00e9 \u00e0 condition : &#8211; de le notifier au pr\u00e9alable par email au lien &lsquo;contact&rsquo; du site &#8211; d&rsquo;indiquer qui en est l&rsquo;auteur. C&rsquo;est une bonne r\u00e8gle de mettre \u00e9galement un lien vers la page o\u00f9 les informations ont \u00e9t\u00e9 prises. &#8211; Ne l&rsquo;utilisez pas \u00e0 des fins commerciales. Modifications, S\u00edlvia Rovira se r\u00e9serve le droit d&rsquo;apporter les modifications qu&rsquo;elle jugera appropri\u00e9es, sans pr\u00e9avis, au contenu de son site Internet. Tant en ce qui concerne le contenu du site Web, que les conditions d&rsquo;utilisation ou les modifications des sorties, ou les conditions g\u00e9n\u00e9rales de contrat. Location : La location de l&rsquo;un des voyages n\u00e9cessitera la lecture et l&rsquo;acceptation obligatoires des conditions g\u00e9n\u00e9rales de location \u00e9tablies \u00e0 cet effet par S\u00edlvia Rovira. Protection des donn\u00e9es Conform\u00e9ment aux dispositions de la loi organique 15\/1999 sur la protection des donn\u00e9es personnelles (LOPD), S\u00edlvia Rovira informe les utilisateurs de son site Web que les donn\u00e9es personnelles collect\u00e9es par l&rsquo;entreprise, \u00e0 travers les formulaires de contact, seront contact\u00e9 uniquement et exclusivement pour le caract\u00e8re informatif des d\u00e9placements que nous effectuons, que ce soit \u00e0 v\u00e9lo, en randonn\u00e9e ou en raquettes. Nous vous informons \u00e9galement de la possibilit\u00e9 d&rsquo;exercer vos droits d&rsquo;acc\u00e8s, de rectification, d&rsquo;annulation et d&rsquo;opposition en \u00e9crivant au m\u00eame email <a href=\"mailto:silviarovira@rutes.es\" target=\"_blank\" rel=\"noopener noreferrer\">silviarovira@rutes.es<\/a> . si l&rsquo;utilisateur n&rsquo;informe pas Rutes S\u00edlvia Rovira du contraire, il comprendra que ses donn\u00e9es n&rsquo;ont pas \u00e9t\u00e9 modifi\u00e9es, que l&rsquo;utilisateur s&rsquo;engage \u00e0 notifier, s&rsquo;il y a une variation dans le consentement \u00e0 leur utilisation, afin de pouvoir maintenir une bonne relation entre les parties. R\u00e9gime de responsabilit\u00e9s. contrairement \u00e0 ce qui est pr\u00e9vu par les pr\u00e9sentes conditions, la loi, la morale, les bonnes m\u0153urs ou l&rsquo;ordre public, ou qui de toute autre mani\u00e8re pourrait impliquer une atteinte aux droits de tiers ou au fonctionnement des sites Internet eux-m\u00eames. Politique de liens et clauses de non-responsabilit\u00e9 S\u00edlvia Rovira n&rsquo;est pas responsable du contenu des sites Web auxquels l&rsquo;utilisateur peut acc\u00e9der via les liens \u00e9tablis sur son site Web, d\u00e9clare qu&rsquo;elle n&rsquo;exerce aucun type de contr\u00f4le sur le contenu d&rsquo;autres sites Web. De m\u00eame, il ne garantira pas la disponibilit\u00e9 technique, l&rsquo;exactitude, la v\u00e9racit\u00e9, la validit\u00e9 ou la l\u00e9galit\u00e9 des sites ext\u00e9rieurs \u00e0 sa propri\u00e9t\u00e9 et accessibles via les liens. Remboursement du paiement : Afin de pouvoir annuler une inscription et b\u00e9n\u00e9ficier du remboursement des montants pr\u00e9pay\u00e9s, les conditions suivantes doivent \u00eatre remplies, le devis sera d\u00e9termin\u00e9 par le montant total du voyage, et \u00e0 condition qu&rsquo;il n&rsquo;y ait pas il y a eu des paiements anticip\u00e9s sans retour de la r\u00e9servation, comme des vols ou un certain type d&rsquo;h\u00e9bergement. Le pourcentage de remboursement est le suivant.   <\/p>\n<p>  Date d&rsquo;annulation avant l&rsquo;\u00e9v\u00e9nement Pourcentage de remboursement Moins de 30 jours 90% De 29 \u00e0 15 jours 15% De 14 \u00e0 8 jours 25% Moins de 8 jours 0% Donn\u00e9es d&rsquo;identification ; Silvia Rovira ID. 77736511-F Marque : Rutes S\u00edlvia Rovira Num\u00e9ro d&rsquo;enregistrement touristique de Catalogne, en tant qu&rsquo;agent de voyages : GC-004498<\/p>\n<\/div>\n<\/div>\n<\/div>\n<\/div>\n<\/div>\n","protected":false},"excerpt":{"rendered":"<p>DROITS DE PROPRI\u00c9T\u00c9 INTELLECTUELLE ET INDUSTRIELLE, COPYRIGHT ET MARQUE Tout le contenu de ce site Web et les photos sont la propri\u00e9t\u00e9 de Rutes S\u00edlvia Rovira ; la reproduction par quelque moyen que ce soit est interdite sans autorisation. Le contenu de ce site, sauf indication contraire, le contenu peut \u00eatre distribu\u00e9 \u00e0 condition : &#8211; de le notifier au pr\u00e9alable par email au lien &lsquo;contact&rsquo; du site &#8211; d&rsquo;indiquer qui en est l&rsquo;auteur. C&rsquo;est une bonne r\u00e8gle de mettre \u00e9galement un lien vers la page o\u00f9 les informations ont \u00e9t\u00e9 prises. &#8211; Ne l&rsquo;utilisez pas \u00e0 des fins commerciales. Modifications, S\u00edlvia Rovira se r\u00e9serve le droit d&rsquo;apporter les modifications qu&rsquo;elle jugera appropri\u00e9es, sans pr\u00e9avis, au contenu de son site Internet. Tant en ce qui concerne le contenu du site Web, que les conditions d&rsquo;utilisation ou les modifications des sorties, ou les conditions g\u00e9n\u00e9rales de contrat. Location : La location [&hellip;]<\/p>\n","protected":false},"author":2,"featured_media":0,"parent":0,"menu_order":0,"comment_status":"closed","ping_status":"closed","template":"","meta":{"footnotes":""},"class_list":["post-8125","page","type-page","status-publish","hentry"],"yoast_head":"<!-- This site is optimized with the Yoast SEO plugin v22.9 - https:\/\/yoast.com\/wordpress\/plugins\/seo\/ -->\n<title>Mentions l\u00e9gales - Rutes S\u00edlvia Rovira<\/title>\n<meta name=\"description\" content=\"Page Mentions L\u00e9gales\" \/>\n<meta name=\"robots\" content=\"noindex, nofollow\" \/>\n<meta property=\"og:locale\" content=\"fr_FR\" \/>\n<meta property=\"og:type\" content=\"article\" \/>\n<meta property=\"og:title\" content=\"Mentions l\u00e9gales - Rutes S\u00edlvia Rovira\" \/>\n<meta property=\"og:description\" content=\"Page Mentions L\u00e9gales\" \/>\n<meta property=\"og:url\" content=\"https:\/\/rutessilviarovira.com\/fr\/mentions-legales\/\" \/>\n<meta property=\"og:site_name\" content=\"Rutes S\u00edlvia Rovira\" \/>\n<meta name=\"twitter:card\" content=\"summary_large_image\" \/>\n<meta name=\"twitter:label1\" content=\"Dur\u00e9e de lecture estim\u00e9e\" \/>\n\t<meta name=\"twitter:data1\" content=\"3 minutes\" \/>\n<script type=\"application\/ld+json\" class=\"yoast-schema-graph\">{\"@context\":\"https:\/\/schema.org\",\"@graph\":[{\"@type\":\"WebPage\",\"@id\":\"https:\/\/rutessilviarovira.com\/fr\/mentions-legales\/\",\"url\":\"https:\/\/rutessilviarovira.com\/fr\/mentions-legales\/\",\"name\":\"Mentions l\u00e9gales - Rutes S\u00edlvia Rovira\",\"isPartOf\":{\"@id\":\"https:\/\/rutessilviarovira.com\/#website\"},\"datePublished\":\"2019-05-11T21:16:57+00:00\",\"dateModified\":\"2019-05-11T21:16:57+00:00\",\"description\":\"Page Mentions L\u00e9gales\",\"breadcrumb\":{\"@id\":\"https:\/\/rutessilviarovira.com\/fr\/mentions-legales\/#breadcrumb\"},\"inLanguage\":\"fr-FR\",\"potentialAction\":[{\"@type\":\"ReadAction\",\"target\":[\"https:\/\/rutessilviarovira.com\/fr\/mentions-legales\/\"]}]},{\"@type\":\"BreadcrumbList\",\"@id\":\"https:\/\/rutessilviarovira.com\/fr\/mentions-legales\/#breadcrumb\",\"itemListElement\":[{\"@type\":\"ListItem\",\"position\":1,\"name\":\"Portada\",\"item\":\"https:\/\/rutessilviarovira.com\/fr\/maison\/\"},{\"@type\":\"ListItem\",\"position\":2,\"name\":\"Mentions l\u00e9gales\"}]},{\"@type\":\"WebSite\",\"@id\":\"https:\/\/rutessilviarovira.com\/#website\",\"url\":\"https:\/\/rutessilviarovira.com\/\",\"name\":\"Rutes S\u00edlvia Rovira\",\"description\":\"Rutes de btt,Senderisme,Trekking i raquetes de neu\",\"publisher\":{\"@id\":\"https:\/\/rutessilviarovira.com\/#organization\"},\"potentialAction\":[{\"@type\":\"SearchAction\",\"target\":{\"@type\":\"EntryPoint\",\"urlTemplate\":\"https:\/\/rutessilviarovira.com\/?s={search_term_string}\"},\"query-input\":\"required name=search_term_string\"}],\"inLanguage\":\"fr-FR\"},{\"@type\":\"Organization\",\"@id\":\"https:\/\/rutessilviarovira.com\/#organization\",\"name\":\"Rutes S\u00edvia Rovira\",\"url\":\"https:\/\/rutessilviarovira.com\/\",\"logo\":{\"@type\":\"ImageObject\",\"inLanguage\":\"fr-FR\",\"@id\":\"https:\/\/rutessilviarovira.com\/#\/schema\/logo\/image\/\",\"url\":\"https:\/\/rutessilviarovira.com\/wp-content\/uploads\/2019\/04\/cropped-LOGO-1.png\",\"contentUrl\":\"https:\/\/rutessilviarovira.com\/wp-content\/uploads\/2019\/04\/cropped-LOGO-1.png\",\"width\":512,\"height\":512,\"caption\":\"Rutes S\u00edvia Rovira\"},\"image\":{\"@id\":\"https:\/\/rutessilviarovira.com\/#\/schema\/logo\/image\/\"}}]}<\/script>\n<!-- \/ Yoast SEO plugin. -->","yoast_head_json":{"title":"Mentions l\u00e9gales - Rutes S\u00edlvia Rovira","description":"Page Mentions L\u00e9gales","robots":{"index":"noindex","follow":"nofollow"},"og_locale":"fr_FR","og_type":"article","og_title":"Mentions l\u00e9gales - Rutes S\u00edlvia Rovira","og_description":"Page Mentions L\u00e9gales","og_url":"https:\/\/rutessilviarovira.com\/fr\/mentions-legales\/","og_site_name":"Rutes S\u00edlvia Rovira","twitter_card":"summary_large_image","twitter_misc":{"Dur\u00e9e de lecture estim\u00e9e":"3 minutes"},"schema":{"@context":"https:\/\/schema.org","@graph":[{"@type":"WebPage","@id":"https:\/\/rutessilviarovira.com\/fr\/mentions-legales\/","url":"https:\/\/rutessilviarovira.com\/fr\/mentions-legales\/","name":"Mentions l\u00e9gales - Rutes S\u00edlvia Rovira","isPartOf":{"@id":"https:\/\/rutessilviarovira.com\/#website"},"datePublished":"2019-05-11T21:16:57+00:00","dateModified":"2019-05-11T21:16:57+00:00","description":"Page Mentions L\u00e9gales","breadcrumb":{"@id":"https:\/\/rutessilviarovira.com\/fr\/mentions-legales\/#breadcrumb"},"inLanguage":"fr-FR","potentialAction":[{"@type":"ReadAction","target":["https:\/\/rutessilviarovira.com\/fr\/mentions-legales\/"]}]},{"@type":"BreadcrumbList","@id":"https:\/\/rutessilviarovira.com\/fr\/mentions-legales\/#breadcrumb","itemListElement":[{"@type":"ListItem","position":1,"name":"Portada","item":"https:\/\/rutessilviarovira.com\/fr\/maison\/"},{"@type":"ListItem","position":2,"name":"Mentions l\u00e9gales"}]},{"@type":"WebSite","@id":"https:\/\/rutessilviarovira.com\/#website","url":"https:\/\/rutessilviarovira.com\/","name":"Rutes S\u00edlvia Rovira","description":"Rutes de btt,Senderisme,Trekking i raquetes de neu","publisher":{"@id":"https:\/\/rutessilviarovira.com\/#organization"},"potentialAction":[{"@type":"SearchAction","target":{"@type":"EntryPoint","urlTemplate":"https:\/\/rutessilviarovira.com\/?s={search_term_string}"},"query-input":"required name=search_term_string"}],"inLanguage":"fr-FR"},{"@type":"Organization","@id":"https:\/\/rutessilviarovira.com\/#organization","name":"Rutes S\u00edvia Rovira","url":"https:\/\/rutessilviarovira.com\/","logo":{"@type":"ImageObject","inLanguage":"fr-FR","@id":"https:\/\/rutessilviarovira.com\/#\/schema\/logo\/image\/","url":"https:\/\/rutessilviarovira.com\/wp-content\/uploads\/2019\/04\/cropped-LOGO-1.png","contentUrl":"https:\/\/rutessilviarovira.com\/wp-content\/uploads\/2019\/04\/cropped-LOGO-1.png","width":512,"height":512,"caption":"Rutes S\u00edvia Rovira"},"image":{"@id":"https:\/\/rutessilviarovira.com\/#\/schema\/logo\/image\/"}}]}},"_links":{"self":[{"href":"https:\/\/rutessilviarovira.com\/fr\/wp-json\/wp\/v2\/pages\/8125"}],"collection":[{"href":"https:\/\/rutessilviarovira.com\/fr\/wp-json\/wp\/v2\/pages"}],"about":[{"href":"https:\/\/rutessilviarovira.com\/fr\/wp-json\/wp\/v2\/types\/page"}],"author":[{"embeddable":true,"href":"https:\/\/rutessilviarovira.com\/fr\/wp-json\/wp\/v2\/users\/2"}],"replies":[{"embeddable":true,"href":"https:\/\/rutessilviarovira.com\/fr\/wp-json\/wp\/v2\/comments?post=8125"}],"version-history":[{"count":0,"href":"https:\/\/rutessilviarovira.com\/fr\/wp-json\/wp\/v2\/pages\/8125\/revisions"}],"wp:attachment":[{"href":"https:\/\/rutessilviarovira.com\/fr\/wp-json\/wp\/v2\/media?parent=8125"}],"curies":[{"name":"wp","href":"https:\/\/api.w.org\/{rel}","templated":true}]}}