{"id":8248,"date":"2018-02-06T09:28:22","date_gmt":"2018-02-06T08:28:22","guid":{"rendered":"https:\/\/rutessilviarovira.com\/silvia-rovira\/"},"modified":"2025-12-16T20:46:38","modified_gmt":"2025-12-16T19:46:38","slug":"silvia-rovira","status":"publish","type":"page","link":"https:\/\/rutessilviarovira.com\/fr\/silvia-rovira\/","title":{"rendered":"Silvia Rovira"},"content":{"rendered":"<p>[vc_row row_content_width=\u00a0\u00bbgrid\u00a0\u00bb row_background_shadow=\u00a0\u00bbno\u00a0\u00bb css=\u00a0\u00bb.vc_custom_1517919154668{padding-top: 132px !important;padding-bottom: 56px !important;}\u00a0\u00bb][vc_column]<div class=\"mkdf-elements-holder   mkdf-one-column  mkdf-responsive-mode-768 \" ><div class=\"mkdf-eh-item    \"  data-item-class=\"mkdf-eh-custom-1363\" data-1280-1600=\"0 19%\" data-1024-1280=\"0 19%\" data-768-1024=\"0 6%\" data-680-768=\"0 0%\" data-680=\"0 0\">\n\t<div class=\"mkdf-eh-item-inner\">\n\t\t<div class=\"mkdf-eh-item-content mkdf-eh-custom-1363\" style=\"padding: 0 24%\">\n\t\t\t<div class=\"mkdf-section-title-holder  mkdf-st-standard \" >\n\t<div class=\"mkdf-st-inner\">\n\t\t\t\t\t<h1 class=\"mkdf-st-title\" >\n\t\t\t\tSilvia Rovira\t\t\t<\/h1>\n\t\t\t\t\t\t\t<div class=\"mkdf-separator-holder clearfix\">\n\t\t\t\t<div class=\"mkdf-separator\" ><\/div>\n\t\t\t<\/div>\n\t\t\t\t\t\t\t<p class=\"mkdf-st-text\" style=\"font-size: 25px\">\n\t\t\t\tRutes,Senderisme,Btt,Raquetes.\t\t\t<\/p>\n\t\t\t<\/div>\n<\/div>\t\t<\/div>\n\t<\/div>\n<\/div><\/div>[vc_column_text]<img decoding=\"async\" class=\" wp-image-3023 aligncenter\" src=\"https:\/\/rutessilviarovira.com\/wp-content\/uploads\/2019\/05\/MG_0444-1-1024x683.jpg\" alt=\"\" width=\"406\" height=\"271\" srcset=\"https:\/\/rutessilviarovira.com\/wp-content\/uploads\/2019\/05\/MG_0444-1-1024x683.jpg 1024w, https:\/\/rutessilviarovira.com\/wp-content\/uploads\/2019\/05\/MG_0444-1-600x400.jpg 600w, https:\/\/rutessilviarovira.com\/wp-content\/uploads\/2019\/05\/MG_0444-1-300x200.jpg 300w, https:\/\/rutessilviarovira.com\/wp-content\/uploads\/2019\/05\/MG_0444-1-768x512.jpg 768w\" sizes=\"(max-width: 406px) 100vw, 406px\" \/><\/p>\n<h4><span style=\"color: #000000;\">Itin\u00e9raires con\u00e7us par S\u00edlvia Rovira Championne d&rsquo;Espagne et vice-championne d&rsquo;Europe en BTT.<\/span><\/h4>\n<p>Pour ceux qui ne me connaissent pas, je suis coureur VTT professionnel depuis de nombreuses ann\u00e9es. Je me suis entra\u00een\u00e9 sur route, et surtout sur les chemins de montagne ; c&rsquo;est pourquoi je connais tr\u00e8s bien chaque recoin, en particulier la r\u00e9gion de Bages, Bergued\u00e0 et Solson\u00e8s.<\/p>\n<p>C\u2019est une chance de vivre dans un endroit aussi privil\u00e9gi\u00e9 pour le VTT, o\u00f9 l\u2019on trouve toutes sortes d\u2019itin\u00e9raires, des parcours plats \u00e0 travers les vall\u00e9es et les rivi\u00e8res aux itin\u00e9raires plus exigeants \u00e0 travers les hautes montagnes, toujours en passant par des paysages incomparables, o\u00f9 l\u2019on peut \u00e9galement admirer des ch\u00e2teaux, des \u00e9glises, des sanctuaires, des lacs, des tombeaux, des ponts m\u00e9di\u00e9vaux, de petits villages et des fermes.<\/p>\n<p>Nous avons pr\u00e9par\u00e9 une s\u00e9rie de parcours de diff\u00e9rents niveaux, r\u00e9alisables \u00e0 la demande, tout au long de l&rsquo;ann\u00e9e. Pour les groupes qui le souhaitent, et comme pour les sorties organis\u00e9es, des ravitaillements peuvent \u00eatre pr\u00e9vus le long du parcours, ainsi qu&rsquo;un v\u00e9hicule d&rsquo;assistance, la r\u00e9servation d&rsquo;un h\u00e9bergement et des souvenirs pour les participants <em>ayant termin\u00e9<\/em> les longs circuits. <\/p>\n<p>Ma passion pour le cyclisme et la randonn\u00e9e en montagne m&rsquo;a \u00e9galement amen\u00e9 \u00e0 voyager \u00e0 travers toute la Catalogne et le monde. Mon objectif actuel est de faire conna\u00eetre ces itin\u00e9raires et sentiers, en passant par les plus belles destinations de Catalogne, d&rsquo;Europe et d&rsquo;autres continents, notamment l&rsquo;Atlas, le N\u00e9pal et le Kilimandjaro.  <\/p>\n<p>Nous vous guidons dans votre aventure, en passant par des lieux d&rsquo;int\u00e9r\u00eat et en recherchant toujours les objectifs du sport, de la nature et de la vie \u00e0 travers des exp\u00e9riences exceptionnelles gr\u00e2ce au tourisme actif, \u00e0 v\u00e9lo, \u00e0 pied ou en raquettes.<\/p>\n<h4><strong>Degr\u00e9:  <\/strong><\/h4>\n<p>&#8211; Mener des activit\u00e9s dans l&rsquo;environnement naturel<\/p>\n<p>&#8211; Guide de demi-montagne<\/p>\n<p>&#8211; Finaliste europ\u00e9en (95&prime;) en R\u00e9publique tch\u00e8que.<\/p>\n<p>&#8211; Triple champion d&rsquo;Espagne.<\/p>\n<p>&#8211; 5 \u00ab\u00a0finaliste de l&rsquo;Espagne.<\/p>\n<p>&#8211; 6 \u00ab\u00a0champion de l&rsquo;Open d&rsquo;Espagne.<\/p>\n<p>&#8211; 6 \u00ab\u00a0champion du \u00a0\u00bb <em>Gran Premio Coronas (Copa de Espa\u00f1a)<\/em> \u00ab\u00a0.<\/p>\n<p>&#8211; 1 \u00ab\u00a0Champion d&rsquo;Espagne de descente\u00a0\u00bb.<\/p>\n<p>&#8211; Autres r\u00e9sultats, Coupes du monde : 6e place Danemark-97&prime;, 8e en Allemagne-01&prime;, 9e Italie-96&prime;, 10e Portugal-99&prime;.<\/p>\n<h4><strong>Championnats du monde&nbsp;:<\/strong><\/h4>\n<p>&#8211; 10\u00e8me en Su\u00e8de-99&prime;, 16\u00e8me aux USA-01&prime;<\/p>\n<h4><strong>Participant 2 fois aux Jeux olympiques&nbsp;:<\/strong><\/h4>\n<p>&#8211; Atlanta-96&prime; et Sydney-00&prime;.<\/p>\n<p>&#8211; Dans le top 10 mondial du classement UCI VTT.<\/p>\n<p>&nbsp;<\/p>\n<p>&nbsp;<\/p>\n<p><img decoding=\"async\" class=\"alignnone size-full wp-image-4085\" src=\"https:\/\/rutessilviarovira.com\/wp-content\/uploads\/2021\/03\/unnamed.jpg\" alt=\"\" width=\"150\" height=\"171\"><img decoding=\"async\" class=\"wp-image-3024 alignleft\" src=\"https:\/\/rutessilviarovira.com\/wp-content\/uploads\/2019\/05\/MTB-002.jpg\" alt=\"\" width=\"313\" height=\"453\" srcset=\"https:\/\/rutessilviarovira.com\/wp-content\/uploads\/2019\/05\/MTB-002.jpg 1169w, https:\/\/rutessilviarovira.com\/wp-content\/uploads\/2019\/05\/MTB-002-600x869.jpg 600w, https:\/\/rutessilviarovira.com\/wp-content\/uploads\/2019\/05\/MTB-002-207x300.jpg 207w, https:\/\/rutessilviarovira.com\/wp-content\/uploads\/2019\/05\/MTB-002-768x1113.jpg 768w, https:\/\/rutessilviarovira.com\/wp-content\/uploads\/2019\/05\/MTB-002-707x1024.jpg 707w\" sizes=\"(max-width: 313px) 100vw, 313px\" \/><img decoding=\"async\" class=\"wp-image-3022 alignleft\" src=\"https:\/\/rutessilviarovira.com\/wp-content\/uploads\/2019\/05\/MG_0374-2.jpg\" alt=\"\" width=\"314\" height=\"470\" srcset=\"https:\/\/rutessilviarovira.com\/wp-content\/uploads\/2019\/05\/MG_0374-2.jpg 1330w, https:\/\/rutessilviarovira.com\/wp-content\/uploads\/2019\/05\/MG_0374-2-600x898.jpg 600w, https:\/\/rutessilviarovira.com\/wp-content\/uploads\/2019\/05\/MG_0374-2-200x300.jpg 200w, https:\/\/rutessilviarovira.com\/wp-content\/uploads\/2019\/05\/MG_0374-2-768x1150.jpg 768w, https:\/\/rutessilviarovira.com\/wp-content\/uploads\/2019\/05\/MG_0374-2-684x1024.jpg 684w\" sizes=\"(max-width: 314px) 100vw, 314px\" \/>[\/vc_column_text][\/vc_column][\/vc_row][vc_row row_content_width=\u00a0\u00bbgrid\u00a0\u00bb row_background_shadow=\u00a0\u00bbno\u00a0\u00bb css=\u00a0\u00bb.vc_custom_1518018286969{padding-top: 132px !important;padding-bottom: 70px !important;}\u00a0\u00bb][vc_column]<div class=\"mkdf-elements-holder   mkdf-one-column  mkdf-responsive-mode-768 \" ><div class=\"mkdf-eh-item    \"  data-item-class=\"mkdf-eh-custom-6785\" data-1280-1600=\"0 19%\" data-1024-1280=\"0 19%\" data-768-1024=\"0 6%\" data-680-768=\"0 0%\" data-680=\"0 0\">\n\t<div class=\"mkdf-eh-item-inner\">\n\t\t<div class=\"mkdf-eh-item-content mkdf-eh-custom-6785\" style=\"padding: 0 24%\">\n\t\t\t\t\t<\/div>\n\t<\/div>\n<\/div><\/div>[\/vc_column][\/vc_row]<\/p>\n","protected":false},"excerpt":{"rendered":"<p>[vc_row row_content_width=\u00a0\u00bbgrid\u00a0\u00bb row_background_shadow=\u00a0\u00bbno\u00a0\u00bb css=\u00a0\u00bb.vc_custom_1517919154668{padding-top: 132px !important;padding-bottom: 56px !important;}\u00a0\u00bb][vc_column][vc_column_text] Itin\u00e9raires con\u00e7us par S\u00edlvia Rovira Championne d&rsquo;Espagne et vice-championne d&rsquo;Europe en BTT. Pour ceux qui ne me connaissent pas, je suis coureur VTT professionnel depuis de nombreuses ann\u00e9es. Je me suis entra\u00een\u00e9 sur route, et surtout sur les chemins de montagne ; c&rsquo;est pourquoi je connais tr\u00e8s bien chaque recoin, en particulier la r\u00e9gion de Bages, Bergued\u00e0 et Solson\u00e8s. C\u2019est une chance de vivre dans un endroit aussi privil\u00e9gi\u00e9 pour le VTT, o\u00f9 l\u2019on trouve toutes sortes d\u2019itin\u00e9raires, des parcours plats \u00e0 travers les vall\u00e9es et les rivi\u00e8res aux itin\u00e9raires plus exigeants \u00e0 travers les hautes montagnes, toujours en passant par des paysages incomparables, o\u00f9 l\u2019on peut \u00e9galement admirer des ch\u00e2teaux, des \u00e9glises, des sanctuaires, des lacs, des tombeaux, des ponts m\u00e9di\u00e9vaux, de petits villages et des fermes. Nous avons pr\u00e9par\u00e9 une s\u00e9rie de parcours de diff\u00e9rents niveaux, r\u00e9alisables \u00e0 la demande, [&hellip;]<\/p>\n","protected":false},"author":2,"featured_media":0,"parent":0,"menu_order":0,"comment_status":"closed","ping_status":"closed","template":"full-width.php","meta":{"footnotes":""},"class_list":["post-8248","page","type-page","status-publish","hentry"],"yoast_head":"<!-- This site is optimized with the Yoast SEO plugin v22.9 - https:\/\/yoast.com\/wordpress\/plugins\/seo\/ -->\n<title>Agence de voyages sp\u00e9cialis\u00e9e dans les itin\u00e9raires de randonn\u00e9e et de cyclisme dans les Pyr\u00e9n\u00e9es<\/title>\n<meta name=\"description\" content=\"Agence de voyages sp\u00e9cialis\u00e9e en randonn\u00e9e. D\u00e9couvrez les plus beaux itin\u00e9raires de v\u00e9lo et de randonn\u00e9e avec la championne S\u00edlvia Rovira comme guide. Vivez une exp\u00e9rience inoubliable.\" \/>\n<meta name=\"robots\" content=\"index, follow, max-snippet:-1, max-image-preview:large, max-video-preview:-1\" \/>\n<link rel=\"canonical\" href=\"https:\/\/rutessilviarovira.com\/fr\/silvia-rovira\/\" \/>\n<meta property=\"og:locale\" content=\"fr_FR\" \/>\n<meta property=\"og:type\" content=\"article\" \/>\n<meta property=\"og:title\" content=\"Agence de voyages sp\u00e9cialis\u00e9e dans les itin\u00e9raires de randonn\u00e9e et de cyclisme dans les Pyr\u00e9n\u00e9es\" \/>\n<meta property=\"og:description\" content=\"Agence de voyages sp\u00e9cialis\u00e9e en randonn\u00e9e. D\u00e9couvrez les plus beaux itin\u00e9raires de v\u00e9lo et de randonn\u00e9e avec la championne S\u00edlvia Rovira comme guide. Vivez une exp\u00e9rience inoubliable.\" \/>\n<meta property=\"og:url\" content=\"https:\/\/rutessilviarovira.com\/fr\/silvia-rovira\/\" \/>\n<meta property=\"og:site_name\" content=\"Rutes S\u00edlvia Rovira\" \/>\n<meta property=\"article:modified_time\" content=\"2025-12-16T19:46:38+00:00\" \/>\n<meta property=\"og:image\" content=\"https:\/\/rutessilviarovira.com\/wp-content\/uploads\/2019\/05\/MG_0444-1-1024x683.jpg\" \/>\n<meta name=\"twitter:card\" content=\"summary_large_image\" \/>\n<meta name=\"twitter:label1\" content=\"Dur\u00e9e de lecture estim\u00e9e\" \/>\n\t<meta name=\"twitter:data1\" content=\"3 minutes\" \/>\n<script type=\"application\/ld+json\" class=\"yoast-schema-graph\">{\"@context\":\"https:\/\/schema.org\",\"@graph\":[{\"@type\":\"WebPage\",\"@id\":\"https:\/\/rutessilviarovira.com\/fr\/silvia-rovira\/\",\"url\":\"https:\/\/rutessilviarovira.com\/fr\/silvia-rovira\/\",\"name\":\"Agence de voyages sp\u00e9cialis\u00e9e dans les itin\u00e9raires de randonn\u00e9e et de cyclisme dans les Pyr\u00e9n\u00e9es\",\"isPartOf\":{\"@id\":\"https:\/\/rutessilviarovira.com\/#website\"},\"primaryImageOfPage\":{\"@id\":\"https:\/\/rutessilviarovira.com\/fr\/silvia-rovira\/#primaryimage\"},\"image\":{\"@id\":\"https:\/\/rutessilviarovira.com\/fr\/silvia-rovira\/#primaryimage\"},\"thumbnailUrl\":\"https:\/\/rutessilviarovira.com\/wp-content\/uploads\/2019\/05\/MG_0444-1-1024x683.jpg\",\"datePublished\":\"2018-02-06T08:28:22+00:00\",\"dateModified\":\"2025-12-16T19:46:38+00:00\",\"description\":\"Agence de voyages sp\u00e9cialis\u00e9e en randonn\u00e9e. D\u00e9couvrez les plus beaux itin\u00e9raires de v\u00e9lo et de randonn\u00e9e avec la championne S\u00edlvia Rovira comme guide. Vivez une exp\u00e9rience inoubliable.\",\"breadcrumb\":{\"@id\":\"https:\/\/rutessilviarovira.com\/fr\/silvia-rovira\/#breadcrumb\"},\"inLanguage\":\"fr-FR\",\"potentialAction\":[{\"@type\":\"ReadAction\",\"target\":[\"https:\/\/rutessilviarovira.com\/fr\/silvia-rovira\/\"]}]},{\"@type\":\"ImageObject\",\"inLanguage\":\"fr-FR\",\"@id\":\"https:\/\/rutessilviarovira.com\/fr\/silvia-rovira\/#primaryimage\",\"url\":\"https:\/\/rutessilviarovira.com\/wp-content\/uploads\/2019\/05\/MG_0444-1-1024x683.jpg\",\"contentUrl\":\"https:\/\/rutessilviarovira.com\/wp-content\/uploads\/2019\/05\/MG_0444-1-1024x683.jpg\"},{\"@type\":\"BreadcrumbList\",\"@id\":\"https:\/\/rutessilviarovira.com\/fr\/silvia-rovira\/#breadcrumb\",\"itemListElement\":[{\"@type\":\"ListItem\",\"position\":1,\"name\":\"Portada\",\"item\":\"https:\/\/rutessilviarovira.com\/fr\/maison\/\"},{\"@type\":\"ListItem\",\"position\":2,\"name\":\"Silvia Rovira\"}]},{\"@type\":\"WebSite\",\"@id\":\"https:\/\/rutessilviarovira.com\/#website\",\"url\":\"https:\/\/rutessilviarovira.com\/\",\"name\":\"Rutes S\u00edlvia Rovira\",\"description\":\"Rutes de btt,Senderisme,Trekking i raquetes de neu\",\"publisher\":{\"@id\":\"https:\/\/rutessilviarovira.com\/#organization\"},\"potentialAction\":[{\"@type\":\"SearchAction\",\"target\":{\"@type\":\"EntryPoint\",\"urlTemplate\":\"https:\/\/rutessilviarovira.com\/?s={search_term_string}\"},\"query-input\":\"required name=search_term_string\"}],\"inLanguage\":\"fr-FR\"},{\"@type\":\"Organization\",\"@id\":\"https:\/\/rutessilviarovira.com\/#organization\",\"name\":\"Rutes S\u00edvia Rovira\",\"url\":\"https:\/\/rutessilviarovira.com\/\",\"logo\":{\"@type\":\"ImageObject\",\"inLanguage\":\"fr-FR\",\"@id\":\"https:\/\/rutessilviarovira.com\/#\/schema\/logo\/image\/\",\"url\":\"https:\/\/rutessilviarovira.com\/wp-content\/uploads\/2019\/04\/cropped-LOGO-1.png\",\"contentUrl\":\"https:\/\/rutessilviarovira.com\/wp-content\/uploads\/2019\/04\/cropped-LOGO-1.png\",\"width\":512,\"height\":512,\"caption\":\"Rutes S\u00edvia Rovira\"},\"image\":{\"@id\":\"https:\/\/rutessilviarovira.com\/#\/schema\/logo\/image\/\"}}]}<\/script>\n<!-- \/ Yoast SEO plugin. -->","yoast_head_json":{"title":"Agence de voyages sp\u00e9cialis\u00e9e dans les itin\u00e9raires de randonn\u00e9e et de cyclisme dans les Pyr\u00e9n\u00e9es","description":"Agence de voyages sp\u00e9cialis\u00e9e en randonn\u00e9e. D\u00e9couvrez les plus beaux itin\u00e9raires de v\u00e9lo et de randonn\u00e9e avec la championne S\u00edlvia Rovira comme guide. Vivez une exp\u00e9rience inoubliable.","robots":{"index":"index","follow":"follow","max-snippet":"max-snippet:-1","max-image-preview":"max-image-preview:large","max-video-preview":"max-video-preview:-1"},"canonical":"https:\/\/rutessilviarovira.com\/fr\/silvia-rovira\/","og_locale":"fr_FR","og_type":"article","og_title":"Agence de voyages sp\u00e9cialis\u00e9e dans les itin\u00e9raires de randonn\u00e9e et de cyclisme dans les Pyr\u00e9n\u00e9es","og_description":"Agence de voyages sp\u00e9cialis\u00e9e en randonn\u00e9e. D\u00e9couvrez les plus beaux itin\u00e9raires de v\u00e9lo et de randonn\u00e9e avec la championne S\u00edlvia Rovira comme guide. Vivez une exp\u00e9rience inoubliable.","og_url":"https:\/\/rutessilviarovira.com\/fr\/silvia-rovira\/","og_site_name":"Rutes S\u00edlvia Rovira","article_modified_time":"2025-12-16T19:46:38+00:00","og_image":[{"url":"https:\/\/rutessilviarovira.com\/wp-content\/uploads\/2019\/05\/MG_0444-1-1024x683.jpg"}],"twitter_card":"summary_large_image","twitter_misc":{"Dur\u00e9e de lecture estim\u00e9e":"3 minutes"},"schema":{"@context":"https:\/\/schema.org","@graph":[{"@type":"WebPage","@id":"https:\/\/rutessilviarovira.com\/fr\/silvia-rovira\/","url":"https:\/\/rutessilviarovira.com\/fr\/silvia-rovira\/","name":"Agence de voyages sp\u00e9cialis\u00e9e dans les itin\u00e9raires de randonn\u00e9e et de cyclisme dans les Pyr\u00e9n\u00e9es","isPartOf":{"@id":"https:\/\/rutessilviarovira.com\/#website"},"primaryImageOfPage":{"@id":"https:\/\/rutessilviarovira.com\/fr\/silvia-rovira\/#primaryimage"},"image":{"@id":"https:\/\/rutessilviarovira.com\/fr\/silvia-rovira\/#primaryimage"},"thumbnailUrl":"https:\/\/rutessilviarovira.com\/wp-content\/uploads\/2019\/05\/MG_0444-1-1024x683.jpg","datePublished":"2018-02-06T08:28:22+00:00","dateModified":"2025-12-16T19:46:38+00:00","description":"Agence de voyages sp\u00e9cialis\u00e9e en randonn\u00e9e. D\u00e9couvrez les plus beaux itin\u00e9raires de v\u00e9lo et de randonn\u00e9e avec la championne S\u00edlvia Rovira comme guide. Vivez une exp\u00e9rience inoubliable.","breadcrumb":{"@id":"https:\/\/rutessilviarovira.com\/fr\/silvia-rovira\/#breadcrumb"},"inLanguage":"fr-FR","potentialAction":[{"@type":"ReadAction","target":["https:\/\/rutessilviarovira.com\/fr\/silvia-rovira\/"]}]},{"@type":"ImageObject","inLanguage":"fr-FR","@id":"https:\/\/rutessilviarovira.com\/fr\/silvia-rovira\/#primaryimage","url":"https:\/\/rutessilviarovira.com\/wp-content\/uploads\/2019\/05\/MG_0444-1-1024x683.jpg","contentUrl":"https:\/\/rutessilviarovira.com\/wp-content\/uploads\/2019\/05\/MG_0444-1-1024x683.jpg"},{"@type":"BreadcrumbList","@id":"https:\/\/rutessilviarovira.com\/fr\/silvia-rovira\/#breadcrumb","itemListElement":[{"@type":"ListItem","position":1,"name":"Portada","item":"https:\/\/rutessilviarovira.com\/fr\/maison\/"},{"@type":"ListItem","position":2,"name":"Silvia Rovira"}]},{"@type":"WebSite","@id":"https:\/\/rutessilviarovira.com\/#website","url":"https:\/\/rutessilviarovira.com\/","name":"Rutes S\u00edlvia Rovira","description":"Rutes de btt,Senderisme,Trekking i raquetes de neu","publisher":{"@id":"https:\/\/rutessilviarovira.com\/#organization"},"potentialAction":[{"@type":"SearchAction","target":{"@type":"EntryPoint","urlTemplate":"https:\/\/rutessilviarovira.com\/?s={search_term_string}"},"query-input":"required name=search_term_string"}],"inLanguage":"fr-FR"},{"@type":"Organization","@id":"https:\/\/rutessilviarovira.com\/#organization","name":"Rutes S\u00edvia Rovira","url":"https:\/\/rutessilviarovira.com\/","logo":{"@type":"ImageObject","inLanguage":"fr-FR","@id":"https:\/\/rutessilviarovira.com\/#\/schema\/logo\/image\/","url":"https:\/\/rutessilviarovira.com\/wp-content\/uploads\/2019\/04\/cropped-LOGO-1.png","contentUrl":"https:\/\/rutessilviarovira.com\/wp-content\/uploads\/2019\/04\/cropped-LOGO-1.png","width":512,"height":512,"caption":"Rutes S\u00edvia Rovira"},"image":{"@id":"https:\/\/rutessilviarovira.com\/#\/schema\/logo\/image\/"}}]}},"_links":{"self":[{"href":"https:\/\/rutessilviarovira.com\/fr\/wp-json\/wp\/v2\/pages\/8248"}],"collection":[{"href":"https:\/\/rutessilviarovira.com\/fr\/wp-json\/wp\/v2\/pages"}],"about":[{"href":"https:\/\/rutessilviarovira.com\/fr\/wp-json\/wp\/v2\/types\/page"}],"author":[{"embeddable":true,"href":"https:\/\/rutessilviarovira.com\/fr\/wp-json\/wp\/v2\/users\/2"}],"replies":[{"embeddable":true,"href":"https:\/\/rutessilviarovira.com\/fr\/wp-json\/wp\/v2\/comments?post=8248"}],"version-history":[{"count":10,"href":"https:\/\/rutessilviarovira.com\/fr\/wp-json\/wp\/v2\/pages\/8248\/revisions"}],"predecessor-version":[{"id":9467,"href":"https:\/\/rutessilviarovira.com\/fr\/wp-json\/wp\/v2\/pages\/8248\/revisions\/9467"}],"wp:attachment":[{"href":"https:\/\/rutessilviarovira.com\/fr\/wp-json\/wp\/v2\/media?parent=8248"}],"curies":[{"name":"wp","href":"https:\/\/api.w.org\/{rel}","templated":true}]}}