{"id":8313,"date":"2019-04-22T12:19:33","date_gmt":"2019-04-22T10:19:33","guid":{"rendered":"https:\/\/rutessilviarovira.com\/itineraires\/"},"modified":"2024-11-14T10:07:15","modified_gmt":"2024-11-14T09:07:15","slug":"itineraires","status":"publish","type":"page","link":"https:\/\/rutessilviarovira.com\/fr\/itineraires\/","title":{"rendered":"itin\u00e9raires"},"content":{"rendered":"<p>[vc_row row_background_shadow=\u00a0\u00bbno\u00a0\u00bb][vc_column][vc_column_text]Vous trouverez ici les diff\u00e9rents itin\u00e9raires que nous proposons, recherchez votre modalit\u00e9, Trekking, v\u00e9lo, VTT, gravel ou raquettes. Je con\u00e7ois des itin\u00e9raires \u00e0 travers les meilleurs endroits ou nous organisons \u00e9galement le long des itin\u00e9raires mythiques. Toujours \u00e0 travers les meilleurs endroits de Catalogne, les Pyr\u00e9n\u00e9es, mais aussi les Dolomites, l&rsquo;Himalaya, le Kilimandjaro et d&rsquo;autres&#8230; Les itin\u00e9raires sont adapt\u00e9s \u00e0 diff\u00e9rents niveaux de difficult\u00e9, de dur\u00e9e&#8230; aussi bien pour les membres de la famille que pour les plus experts. Vous pouvez venir les faire guid\u00e9s ou \u00e0 votre rythme. Visitez r\u00e9guli\u00e8rement le site !!&#8230;nous organisons des sorties et elles seront mises \u00e0 jour ! et si vous n&rsquo;avez pas ce que vous cherchez, nous le ferons pour vous&#8230; Venez vivre une belle exp\u00e9rience.<\/p>\n<p>[\/vc_column_text][vc_empty_space height=\u00a0\u00bb20px\u00a0\u00bb][\/vc_column][\/vc_row][vc_row row_content_width=\u00a0\u00bbgrid\u00a0\u00bb row_background_shadow=\u00a0\u00bbno\u00a0\u00bb][vc_column][vc_row_inner][vc_column_inner width=\u00a0\u00bb1\/2&Prime;]<div class=\"mkdf-interactive-boxes-holder\">\n    <div class=\"mkdf-ib-text-holder\">\n                <h4 class=\"mkdf-ib-title\" >CALENDRIER DES \u00c9V\u00c9NEMENTS<\/h4>\n                            <\/div>\n    <div class=\"mkdf-ib-image\">\n                    <a itemprop=\"url\" href=\"https:\/\/rutessilviarovira.com\/calendarievents\" target=\"_blank\">\n                <img decoding=\"async\" width=\"812\" height=\"330\" src=\"https:\/\/rutessilviarovira.com\/wp-content\/uploads\/2019\/10\/Movil-2015-504-2.jpg\" class=\"attachment-full size-full\" alt=\"Rutes de senderisme i rutes en bicicleta\" srcset=\"https:\/\/rutessilviarovira.com\/wp-content\/uploads\/2019\/10\/Movil-2015-504-2.jpg 812w, https:\/\/rutessilviarovira.com\/wp-content\/uploads\/2019\/10\/Movil-2015-504-2-600x244.jpg 600w, https:\/\/rutessilviarovira.com\/wp-content\/uploads\/2019\/10\/Movil-2015-504-2-300x122.jpg 300w, https:\/\/rutessilviarovira.com\/wp-content\/uploads\/2019\/10\/Movil-2015-504-2-768x312.jpg 768w\" sizes=\"(max-width: 812px) 100vw, 812px\" \/>                    <\/a>\n            <\/div>\n<\/div>[\/vc_column_inner][vc_column_inner width=\u00a0\u00bb1\/2&Prime;]<div class=\"mkdf-interactive-boxes-holder\">\n    <div class=\"mkdf-ib-text-holder\">\n                <h4 class=\"mkdf-ib-title\" >v\u00e9lo de montagne<\/h4>\n                            <\/div>\n    <div class=\"mkdf-ib-image\">\n                    <a itemprop=\"url\" href=\"https:\/\/rutessilviarovira.com\/btt\/\" target=\"_blank\">\n                <img decoding=\"async\" width=\"780\" height=\"300\" src=\"https:\/\/rutessilviarovira.com\/wp-content\/uploads\/2019\/10\/Tatiana3.jpg\" class=\"attachment-full size-full\" alt=\"\" srcset=\"https:\/\/rutessilviarovira.com\/wp-content\/uploads\/2019\/10\/Tatiana3.jpg 780w, https:\/\/rutessilviarovira.com\/wp-content\/uploads\/2019\/10\/Tatiana3-600x231.jpg 600w, https:\/\/rutessilviarovira.com\/wp-content\/uploads\/2019\/10\/Tatiana3-300x115.jpg 300w, https:\/\/rutessilviarovira.com\/wp-content\/uploads\/2019\/10\/Tatiana3-768x295.jpg 768w\" sizes=\"(max-width: 780px) 100vw, 780px\" \/>                    <\/a>\n            <\/div>\n<\/div>[\/vc_column_inner][\/vc_row_inner][vc_row_inner][vc_column_inner width=\u00a0\u00bb1\/2&Prime;]<div class=\"mkdf-interactive-boxes-holder\">\n    <div class=\"mkdf-ib-text-holder\">\n                <h4 class=\"mkdf-ib-title\" >RANDONN\u00c9E<\/h4>\n                            <\/div>\n    <div class=\"mkdf-ib-image\">\n                    <a itemprop=\"url\" href=\"https:\/\/rutessilviarovira.com\/senderisme\" target=\"_blank\">\n                <img decoding=\"async\" width=\"811\" height=\"332\" src=\"https:\/\/rutessilviarovira.com\/wp-content\/uploads\/2019\/10\/P1070181.24-1.jpg\" class=\"attachment-full size-full\" alt=\"\" srcset=\"https:\/\/rutessilviarovira.com\/wp-content\/uploads\/2019\/10\/P1070181.24-1.jpg 811w, https:\/\/rutessilviarovira.com\/wp-content\/uploads\/2019\/10\/P1070181.24-1-600x246.jpg 600w, https:\/\/rutessilviarovira.com\/wp-content\/uploads\/2019\/10\/P1070181.24-1-300x123.jpg 300w, https:\/\/rutessilviarovira.com\/wp-content\/uploads\/2019\/10\/P1070181.24-1-768x314.jpg 768w\" sizes=\"(max-width: 811px) 100vw, 811px\" \/>                    <\/a>\n            <\/div>\n<\/div>[\/vc_column_inner][vc_column_inner width=\u00a0\u00bb1\/2&Prime;]<div class=\"mkdf-interactive-boxes-holder\">\n    <div class=\"mkdf-ib-text-holder\">\n                <h4 class=\"mkdf-ib-title\" >ITIN\u00c9RAIRES MR<\/h4>\n                            <\/div>\n    <div class=\"mkdf-ib-image\">\n                    <a itemprop=\"url\" href=\"https:\/\/rutessilviarovira.com\/rutessr\" target=\"_blank\">\n                <img decoding=\"async\" width=\"812\" height=\"332\" src=\"https:\/\/rutessilviarovira.com\/wp-content\/uploads\/2019\/10\/P1000914.91-3.jpg\" class=\"attachment-full size-full\" alt=\"\" srcset=\"https:\/\/rutessilviarovira.com\/wp-content\/uploads\/2019\/10\/P1000914.91-3.jpg 812w, https:\/\/rutessilviarovira.com\/wp-content\/uploads\/2019\/10\/P1000914.91-3-600x245.jpg 600w, https:\/\/rutessilviarovira.com\/wp-content\/uploads\/2019\/10\/P1000914.91-3-300x123.jpg 300w, https:\/\/rutessilviarovira.com\/wp-content\/uploads\/2019\/10\/P1000914.91-3-768x314.jpg 768w\" sizes=\"(max-width: 812px) 100vw, 812px\" \/>                    <\/a>\n            <\/div>\n<\/div>[\/vc_column_inner][\/vc_row_inner][vc_row_inner][vc_column_inner width=\u00a0\u00bb1\/2&Prime;]<div class=\"mkdf-interactive-boxes-holder\">\n    <div class=\"mkdf-ib-text-holder\">\n                <h4 class=\"mkdf-ib-title\" >50 CIMS<\/h4>\n                            <\/div>\n    <div class=\"mkdf-ib-image\">\n                    <a itemprop=\"url\" href=\"https:\/\/rutessilviarovira.com\/50cims\" target=\"_blank\">\n                <img decoding=\"async\" width=\"812\" height=\"331\" src=\"https:\/\/rutessilviarovira.com\/wp-content\/uploads\/2019\/10\/P1070855.923.jpg\" class=\"attachment-full size-full\" alt=\"\" srcset=\"https:\/\/rutessilviarovira.com\/wp-content\/uploads\/2019\/10\/P1070855.923.jpg 812w, https:\/\/rutessilviarovira.com\/wp-content\/uploads\/2019\/10\/P1070855.923-600x245.jpg 600w, https:\/\/rutessilviarovira.com\/wp-content\/uploads\/2019\/10\/P1070855.923-300x122.jpg 300w, https:\/\/rutessilviarovira.com\/wp-content\/uploads\/2019\/10\/P1070855.923-768x313.jpg 768w\" sizes=\"(max-width: 812px) 100vw, 812px\" \/>                    <\/a>\n            <\/div>\n<\/div>[\/vc_column_inner][vc_column_inner width=\u00a0\u00bb1\/2&Prime;]<div class=\"mkdf-interactive-boxes-holder\">\n    <div class=\"mkdf-ib-text-holder\">\n                <h4 class=\"mkdf-ib-title\" >GRANDS CIRCUITS<\/h4>\n                            <\/div>\n    <div class=\"mkdf-ib-image\">\n                    <a itemprop=\"url\" href=\"https:\/\/rutessilviarovira.com\/gransrecorreguts\" target=\"_blank\">\n                <img decoding=\"async\" width=\"745\" height=\"308\" src=\"https:\/\/rutessilviarovira.com\/wp-content\/uploads\/2019\/10\/P1070999.11-2.jpg\" class=\"attachment-full size-full\" alt=\"\" srcset=\"https:\/\/rutessilviarovira.com\/wp-content\/uploads\/2019\/10\/P1070999.11-2.jpg 745w, https:\/\/rutessilviarovira.com\/wp-content\/uploads\/2019\/10\/P1070999.11-2-600x248.jpg 600w, https:\/\/rutessilviarovira.com\/wp-content\/uploads\/2019\/10\/P1070999.11-2-300x124.jpg 300w\" sizes=\"(max-width: 745px) 100vw, 745px\" \/>                    <\/a>\n            <\/div>\n<\/div>[\/vc_column_inner][\/vc_row_inner][vc_row_inner][vc_column_inner width=\u00a0\u00bb1\/2&Prime;]<div class=\"mkdf-interactive-boxes-holder\">\n    <div class=\"mkdf-ib-text-holder\">\n                <h4 class=\"mkdf-ib-title\" >GRAVEL \/ V\u00c9LO DE ROUTE<\/h4>\n                            <\/div>\n    <div class=\"mkdf-ib-image\">\n                    <a itemprop=\"url\" href=\"https:\/\/rutessilviarovira.com\/gravel-bici-carretera\/\" target=\"_blank\">\n                <img decoding=\"async\" width=\"600\" height=\"185\" src=\"https:\/\/rutessilviarovira.com\/wp-content\/uploads\/2019\/05\/GRAVELOK.jpg\" class=\"attachment-full size-full\" alt=\"\" srcset=\"https:\/\/rutessilviarovira.com\/wp-content\/uploads\/2019\/05\/GRAVELOK.jpg 600w, https:\/\/rutessilviarovira.com\/wp-content\/uploads\/2019\/05\/GRAVELOK-300x93.jpg 300w\" sizes=\"(max-width: 600px) 100vw, 600px\" \/>                    <\/a>\n            <\/div>\n<\/div>[\/vc_column_inner][vc_column_inner width=\u00a0\u00bb1\/2&Prime;]<div class=\"mkdf-interactive-boxes-holder\">\n    <div class=\"mkdf-ib-text-holder\">\n                <h4 class=\"mkdf-ib-title\" >MONTAGNES EMBL\u00c9MATIQUES DE LA M\u00c9DITERRAN\u00c9E<\/h4>\n                            <\/div>\n    <div class=\"mkdf-ib-image\">\n                    <a itemprop=\"url\" href=\"https:\/\/rutessilviarovira.com\/muntanyes-emblematiquesdelmediterrani\" target=\"_blank\">\n                <img decoding=\"async\" width=\"741\" height=\"327\" src=\"https:\/\/rutessilviarovira.com\/wp-content\/uploads\/2019\/10\/P1120940.2-e1718093375717.jpg\" class=\"attachment-full size-full\" alt=\"\" srcset=\"https:\/\/rutessilviarovira.com\/wp-content\/uploads\/2019\/10\/P1120940.2-e1718093375717.jpg 741w, https:\/\/rutessilviarovira.com\/wp-content\/uploads\/2019\/10\/P1120940.2-e1718093375717-300x132.jpg 300w\" sizes=\"(max-width: 741px) 100vw, 741px\" \/>                    <\/a>\n            <\/div>\n<\/div>[\/vc_column_inner][\/vc_row_inner][vc_row_inner][vc_column_inner width=\u00a0\u00bb1\/2&Prime;]<div class=\"mkdf-interactive-boxes-holder\">\n    <div class=\"mkdf-ib-text-holder\">\n                <h4 class=\"mkdf-ib-title\" >SORTIES EN FAMILLE<\/h4>\n                            <\/div>\n    <div class=\"mkdf-ib-image\">\n                    <a itemprop=\"url\" href=\"https:\/\/rutessilviarovira.com\/sortidesfamiliars\" target=\"_blank\">\n                <img decoding=\"async\" width=\"790\" height=\"323\" src=\"https:\/\/rutessilviarovira.com\/wp-content\/uploads\/2019\/10\/P1220751.14.jpg\" class=\"attachment-full size-full\" alt=\"\" srcset=\"https:\/\/rutessilviarovira.com\/wp-content\/uploads\/2019\/10\/P1220751.14.jpg 790w, https:\/\/rutessilviarovira.com\/wp-content\/uploads\/2019\/10\/P1220751.14-600x245.jpg 600w, https:\/\/rutessilviarovira.com\/wp-content\/uploads\/2019\/10\/P1220751.14-300x123.jpg 300w, https:\/\/rutessilviarovira.com\/wp-content\/uploads\/2019\/10\/P1220751.14-768x314.jpg 768w\" sizes=\"(max-width: 790px) 100vw, 790px\" \/>                    <\/a>\n            <\/div>\n<\/div>[\/vc_column_inner][vc_column_inner width=\u00a0\u00bb1\/2&Prime;]<div class=\"mkdf-interactive-boxes-holder\">\n    <div class=\"mkdf-ib-text-holder\">\n                <h4 class=\"mkdf-ib-title\" >RAQUETTES<\/h4>\n                            <\/div>\n    <div class=\"mkdf-ib-image\">\n                    <a itemprop=\"url\" href=\"https:\/\/rutessilviarovira.com\/raquetes\" target=\"_blank\">\n                <img decoding=\"async\" width=\"726\" height=\"293\" src=\"https:\/\/rutessilviarovira.com\/wp-content\/uploads\/2019\/10\/P1080715.jpg\" class=\"attachment-full size-full\" alt=\"Port del Comte Rutes SR\" srcset=\"https:\/\/rutessilviarovira.com\/wp-content\/uploads\/2019\/10\/P1080715.jpg 726w, https:\/\/rutessilviarovira.com\/wp-content\/uploads\/2019\/10\/P1080715-600x242.jpg 600w, https:\/\/rutessilviarovira.com\/wp-content\/uploads\/2019\/10\/P1080715-300x121.jpg 300w\" sizes=\"(max-width: 726px) 100vw, 726px\" \/>                    <\/a>\n            <\/div>\n<\/div>[\/vc_column_inner][\/vc_row_inner][vc_row_inner][vc_column_inner width=\u00a0\u00bb1\/2&Prime;]<div class=\"mkdf-interactive-boxes-holder\">\n    <div class=\"mkdf-ib-text-holder\">\n                <h4 class=\"mkdf-ib-title\" >ITIN\u00c9RAIRES GUID\u00c9S<\/h4>\n                            <\/div>\n    <div class=\"mkdf-ib-image\">\n                    <a itemprop=\"url\" href=\"https:\/\/rutessilviarovira.com\/rutesguiades\" target=\"_blank\">\n                <img decoding=\"async\" width=\"789\" height=\"331\" src=\"https:\/\/rutessilviarovira.com\/wp-content\/uploads\/2019\/10\/P1120093.31.jpg\" class=\"attachment-full size-full\" alt=\"\" srcset=\"https:\/\/rutessilviarovira.com\/wp-content\/uploads\/2019\/10\/P1120093.31.jpg 789w, https:\/\/rutessilviarovira.com\/wp-content\/uploads\/2019\/10\/P1120093.31-600x252.jpg 600w, https:\/\/rutessilviarovira.com\/wp-content\/uploads\/2019\/10\/P1120093.31-300x126.jpg 300w, https:\/\/rutessilviarovira.com\/wp-content\/uploads\/2019\/10\/P1120093.31-768x322.jpg 768w\" sizes=\"(max-width: 789px) 100vw, 789px\" \/>                    <\/a>\n            <\/div>\n<\/div>[\/vc_column_inner][vc_column_inner width=\u00a0\u00bb1\/2&Prime;]<div class=\"mkdf-interactive-boxes-holder\">\n    <div class=\"mkdf-ib-text-holder\">\n                <h4 class=\"mkdf-ib-title\" >V\u00c9LOS \u00c0 LOUER<\/h4>\n                            <\/div>\n    <div class=\"mkdf-ib-image\">\n                    <a itemprop=\"url\" href=\"https:\/\/rutessilviarovira.com\/contacto\/\" target=\"_self\">\n                <img decoding=\"async\" width=\"555\" height=\"233\" src=\"https:\/\/rutessilviarovira.com\/wp-content\/uploads\/2021\/12\/Fotos-bicis.jpg\" class=\"attachment-full size-full\" alt=\"\" srcset=\"https:\/\/rutessilviarovira.com\/wp-content\/uploads\/2021\/12\/Fotos-bicis.jpg 555w, https:\/\/rutessilviarovira.com\/wp-content\/uploads\/2021\/12\/Fotos-bicis-300x126.jpg 300w\" sizes=\"(max-width: 555px) 100vw, 555px\" \/>                    <\/a>\n            <\/div>\n<\/div>[\/vc_column_inner][\/vc_row_inner][\/vc_column][\/vc_row]<\/p>\n","protected":false},"excerpt":{"rendered":"<p>[vc_row row_background_shadow=\u00a0\u00bbno\u00a0\u00bb][vc_column][vc_column_text]Vous trouverez ici les diff\u00e9rents itin\u00e9raires que nous proposons, recherchez votre modalit\u00e9, Trekking, v\u00e9lo, VTT, gravel ou raquettes. Je con\u00e7ois des itin\u00e9raires \u00e0 travers les meilleurs endroits ou nous organisons \u00e9galement le long des itin\u00e9raires mythiques. Toujours \u00e0 travers les meilleurs endroits de Catalogne, les Pyr\u00e9n\u00e9es, mais aussi les Dolomites, l&rsquo;Himalaya, le Kilimandjaro et d&rsquo;autres&#8230; Les itin\u00e9raires sont adapt\u00e9s \u00e0 diff\u00e9rents niveaux de difficult\u00e9, de dur\u00e9e&#8230; aussi bien pour les membres de la famille que pour les plus experts. Vous pouvez venir les faire guid\u00e9s ou \u00e0 votre rythme. Visitez r\u00e9guli\u00e8rement le site !!&#8230;nous organisons des sorties et elles seront mises \u00e0 jour ! et si vous n&rsquo;avez pas ce que vous cherchez, nous le ferons pour vous&#8230; Venez vivre une belle exp\u00e9rience. [\/vc_column_text][vc_empty_space height=\u00a0\u00bb20px\u00a0\u00bb][\/vc_column][\/vc_row][vc_row row_content_width=\u00a0\u00bbgrid\u00a0\u00bb row_background_shadow=\u00a0\u00bbno\u00a0\u00bb][vc_column][vc_row_inner][vc_column_inner width=\u00a0\u00bb1\/2&Prime;][\/vc_column_inner][vc_column_inner width=\u00a0\u00bb1\/2&Prime;][\/vc_column_inner][\/vc_row_inner][vc_row_inner][vc_column_inner width=\u00a0\u00bb1\/2&Prime;][\/vc_column_inner][vc_column_inner width=\u00a0\u00bb1\/2&Prime;][\/vc_column_inner][\/vc_row_inner][vc_row_inner][vc_column_inner width=\u00a0\u00bb1\/2&Prime;][\/vc_column_inner][vc_column_inner width=\u00a0\u00bb1\/2&Prime;][\/vc_column_inner][\/vc_row_inner][vc_row_inner][vc_column_inner width=\u00a0\u00bb1\/2&Prime;][\/vc_column_inner][vc_column_inner width=\u00a0\u00bb1\/2&Prime;][\/vc_column_inner][\/vc_row_inner][vc_row_inner][vc_column_inner width=\u00a0\u00bb1\/2&Prime;][\/vc_column_inner][vc_column_inner width=\u00a0\u00bb1\/2&Prime;][\/vc_column_inner][\/vc_row_inner][vc_row_inner][vc_column_inner width=\u00a0\u00bb1\/2&Prime;][\/vc_column_inner][vc_column_inner width=\u00a0\u00bb1\/2&Prime;][\/vc_column_inner][\/vc_row_inner][\/vc_column][\/vc_row]<\/p>\n","protected":false},"author":2,"featured_media":0,"parent":0,"menu_order":0,"comment_status":"closed","ping_status":"closed","template":"","meta":{"footnotes":""},"class_list":["post-8313","page","type-page","status-publish","hentry"],"yoast_head":"<!-- This site is optimized with the Yoast SEO plugin v22.9 - https:\/\/yoast.com\/wordpress\/plugins\/seo\/ -->\n<title>Itin\u00e9raires guid\u00e9s en v\u00e9lo, VTT ou gravel, itin\u00e9raires p\u00e9destres et trekking<\/title>\n<meta name=\"description\" content=\"Profitez des meilleurs itin\u00e9raires guid\u00e9s en VTT ou en gravel. Randonn\u00e9e \u00e0 travers des paysages naturels. Service de location de v\u00e9los.\" \/>\n<meta name=\"robots\" content=\"index, follow, max-snippet:-1, max-image-preview:large, max-video-preview:-1\" \/>\n<link rel=\"canonical\" href=\"https:\/\/rutessilviarovira.com\/fr\/itineraires\/\" \/>\n<meta property=\"og:locale\" content=\"fr_FR\" \/>\n<meta property=\"og:type\" content=\"article\" \/>\n<meta property=\"og:title\" content=\"Itin\u00e9raires guid\u00e9s en v\u00e9lo, VTT ou gravel, itin\u00e9raires p\u00e9destres et trekking\" \/>\n<meta property=\"og:description\" content=\"Profitez des meilleurs itin\u00e9raires guid\u00e9s en VTT ou en gravel. Randonn\u00e9e \u00e0 travers des paysages naturels. Service de location de v\u00e9los.\" \/>\n<meta property=\"og:url\" content=\"https:\/\/rutessilviarovira.com\/fr\/itineraires\/\" \/>\n<meta property=\"og:site_name\" content=\"Rutes S\u00edlvia Rovira\" \/>\n<meta property=\"article:modified_time\" content=\"2024-11-14T09:07:15+00:00\" \/>\n<meta name=\"twitter:card\" content=\"summary_large_image\" \/>\n<meta name=\"twitter:label1\" content=\"Dur\u00e9e de lecture estim\u00e9e\" \/>\n\t<meta name=\"twitter:data1\" content=\"3 minutes\" \/>\n<script type=\"application\/ld+json\" class=\"yoast-schema-graph\">{\"@context\":\"https:\/\/schema.org\",\"@graph\":[{\"@type\":\"WebPage\",\"@id\":\"https:\/\/rutessilviarovira.com\/fr\/itineraires\/\",\"url\":\"https:\/\/rutessilviarovira.com\/fr\/itineraires\/\",\"name\":\"Itin\u00e9raires guid\u00e9s en v\u00e9lo, VTT ou gravel, itin\u00e9raires p\u00e9destres et trekking\",\"isPartOf\":{\"@id\":\"https:\/\/rutessilviarovira.com\/#website\"},\"datePublished\":\"2019-04-22T10:19:33+00:00\",\"dateModified\":\"2024-11-14T09:07:15+00:00\",\"description\":\"Profitez des meilleurs itin\u00e9raires guid\u00e9s en VTT ou en gravel. Randonn\u00e9e \u00e0 travers des paysages naturels. Service de location de v\u00e9los.\",\"breadcrumb\":{\"@id\":\"https:\/\/rutessilviarovira.com\/fr\/itineraires\/#breadcrumb\"},\"inLanguage\":\"fr-FR\",\"potentialAction\":[{\"@type\":\"ReadAction\",\"target\":[\"https:\/\/rutessilviarovira.com\/fr\/itineraires\/\"]}]},{\"@type\":\"BreadcrumbList\",\"@id\":\"https:\/\/rutessilviarovira.com\/fr\/itineraires\/#breadcrumb\",\"itemListElement\":[{\"@type\":\"ListItem\",\"position\":1,\"name\":\"Portada\",\"item\":\"https:\/\/rutessilviarovira.com\/fr\/maison\/\"},{\"@type\":\"ListItem\",\"position\":2,\"name\":\"itin\u00e9raires\"}]},{\"@type\":\"WebSite\",\"@id\":\"https:\/\/rutessilviarovira.com\/#website\",\"url\":\"https:\/\/rutessilviarovira.com\/\",\"name\":\"Rutes S\u00edlvia Rovira\",\"description\":\"Rutes de btt,Senderisme,Trekking i raquetes de neu\",\"publisher\":{\"@id\":\"https:\/\/rutessilviarovira.com\/#organization\"},\"potentialAction\":[{\"@type\":\"SearchAction\",\"target\":{\"@type\":\"EntryPoint\",\"urlTemplate\":\"https:\/\/rutessilviarovira.com\/?s={search_term_string}\"},\"query-input\":\"required name=search_term_string\"}],\"inLanguage\":\"fr-FR\"},{\"@type\":\"Organization\",\"@id\":\"https:\/\/rutessilviarovira.com\/#organization\",\"name\":\"Rutes S\u00edvia Rovira\",\"url\":\"https:\/\/rutessilviarovira.com\/\",\"logo\":{\"@type\":\"ImageObject\",\"inLanguage\":\"fr-FR\",\"@id\":\"https:\/\/rutessilviarovira.com\/#\/schema\/logo\/image\/\",\"url\":\"https:\/\/rutessilviarovira.com\/wp-content\/uploads\/2019\/04\/cropped-LOGO-1.png\",\"contentUrl\":\"https:\/\/rutessilviarovira.com\/wp-content\/uploads\/2019\/04\/cropped-LOGO-1.png\",\"width\":512,\"height\":512,\"caption\":\"Rutes S\u00edvia Rovira\"},\"image\":{\"@id\":\"https:\/\/rutessilviarovira.com\/#\/schema\/logo\/image\/\"}}]}<\/script>\n<!-- \/ Yoast SEO plugin. -->","yoast_head_json":{"title":"Itin\u00e9raires guid\u00e9s en v\u00e9lo, VTT ou gravel, itin\u00e9raires p\u00e9destres et trekking","description":"Profitez des meilleurs itin\u00e9raires guid\u00e9s en VTT ou en gravel. Randonn\u00e9e \u00e0 travers des paysages naturels. Service de location de v\u00e9los.","robots":{"index":"index","follow":"follow","max-snippet":"max-snippet:-1","max-image-preview":"max-image-preview:large","max-video-preview":"max-video-preview:-1"},"canonical":"https:\/\/rutessilviarovira.com\/fr\/itineraires\/","og_locale":"fr_FR","og_type":"article","og_title":"Itin\u00e9raires guid\u00e9s en v\u00e9lo, VTT ou gravel, itin\u00e9raires p\u00e9destres et trekking","og_description":"Profitez des meilleurs itin\u00e9raires guid\u00e9s en VTT ou en gravel. Randonn\u00e9e \u00e0 travers des paysages naturels. Service de location de v\u00e9los.","og_url":"https:\/\/rutessilviarovira.com\/fr\/itineraires\/","og_site_name":"Rutes S\u00edlvia Rovira","article_modified_time":"2024-11-14T09:07:15+00:00","twitter_card":"summary_large_image","twitter_misc":{"Dur\u00e9e de lecture estim\u00e9e":"3 minutes"},"schema":{"@context":"https:\/\/schema.org","@graph":[{"@type":"WebPage","@id":"https:\/\/rutessilviarovira.com\/fr\/itineraires\/","url":"https:\/\/rutessilviarovira.com\/fr\/itineraires\/","name":"Itin\u00e9raires guid\u00e9s en v\u00e9lo, VTT ou gravel, itin\u00e9raires p\u00e9destres et trekking","isPartOf":{"@id":"https:\/\/rutessilviarovira.com\/#website"},"datePublished":"2019-04-22T10:19:33+00:00","dateModified":"2024-11-14T09:07:15+00:00","description":"Profitez des meilleurs itin\u00e9raires guid\u00e9s en VTT ou en gravel. Randonn\u00e9e \u00e0 travers des paysages naturels. Service de location de v\u00e9los.","breadcrumb":{"@id":"https:\/\/rutessilviarovira.com\/fr\/itineraires\/#breadcrumb"},"inLanguage":"fr-FR","potentialAction":[{"@type":"ReadAction","target":["https:\/\/rutessilviarovira.com\/fr\/itineraires\/"]}]},{"@type":"BreadcrumbList","@id":"https:\/\/rutessilviarovira.com\/fr\/itineraires\/#breadcrumb","itemListElement":[{"@type":"ListItem","position":1,"name":"Portada","item":"https:\/\/rutessilviarovira.com\/fr\/maison\/"},{"@type":"ListItem","position":2,"name":"itin\u00e9raires"}]},{"@type":"WebSite","@id":"https:\/\/rutessilviarovira.com\/#website","url":"https:\/\/rutessilviarovira.com\/","name":"Rutes S\u00edlvia Rovira","description":"Rutes de btt,Senderisme,Trekking i raquetes de neu","publisher":{"@id":"https:\/\/rutessilviarovira.com\/#organization"},"potentialAction":[{"@type":"SearchAction","target":{"@type":"EntryPoint","urlTemplate":"https:\/\/rutessilviarovira.com\/?s={search_term_string}"},"query-input":"required name=search_term_string"}],"inLanguage":"fr-FR"},{"@type":"Organization","@id":"https:\/\/rutessilviarovira.com\/#organization","name":"Rutes S\u00edvia Rovira","url":"https:\/\/rutessilviarovira.com\/","logo":{"@type":"ImageObject","inLanguage":"fr-FR","@id":"https:\/\/rutessilviarovira.com\/#\/schema\/logo\/image\/","url":"https:\/\/rutessilviarovira.com\/wp-content\/uploads\/2019\/04\/cropped-LOGO-1.png","contentUrl":"https:\/\/rutessilviarovira.com\/wp-content\/uploads\/2019\/04\/cropped-LOGO-1.png","width":512,"height":512,"caption":"Rutes S\u00edvia Rovira"},"image":{"@id":"https:\/\/rutessilviarovira.com\/#\/schema\/logo\/image\/"}}]}},"_links":{"self":[{"href":"https:\/\/rutessilviarovira.com\/fr\/wp-json\/wp\/v2\/pages\/8313"}],"collection":[{"href":"https:\/\/rutessilviarovira.com\/fr\/wp-json\/wp\/v2\/pages"}],"about":[{"href":"https:\/\/rutessilviarovira.com\/fr\/wp-json\/wp\/v2\/types\/page"}],"author":[{"embeddable":true,"href":"https:\/\/rutessilviarovira.com\/fr\/wp-json\/wp\/v2\/users\/2"}],"replies":[{"embeddable":true,"href":"https:\/\/rutessilviarovira.com\/fr\/wp-json\/wp\/v2\/comments?post=8313"}],"version-history":[{"count":2,"href":"https:\/\/rutessilviarovira.com\/fr\/wp-json\/wp\/v2\/pages\/8313\/revisions"}],"predecessor-version":[{"id":8316,"href":"https:\/\/rutessilviarovira.com\/fr\/wp-json\/wp\/v2\/pages\/8313\/revisions\/8316"}],"wp:attachment":[{"href":"https:\/\/rutessilviarovira.com\/fr\/wp-json\/wp\/v2\/media?parent=8313"}],"curies":[{"name":"wp","href":"https:\/\/api.w.org\/{rel}","templated":true}]}}