{"id":8366,"date":"2024-06-11T10:24:17","date_gmt":"2024-06-11T08:24:17","guid":{"rendered":"https:\/\/rutessilviarovira.com\/velo-de-gravier-route\/"},"modified":"2024-11-14T10:10:48","modified_gmt":"2024-11-14T09:10:48","slug":"velo-de-gravier-route","status":"publish","type":"page","link":"https:\/\/rutessilviarovira.com\/fr\/velo-de-gravier-route\/","title":{"rendered":"V\u00e9lo de gravier\/route"},"content":{"rendered":"<p>[vc_row row_background_shadow=\u00a0\u00bbno\u00a0\u00bb][vc_column][vc_wp_text]Explorez des sentiers et des pistes de gravier id\u00e9aux. Itin\u00e9raires libres ou guid\u00e9s. Nous l&rsquo;organisons pour vous ! C&rsquo;est une aventure unique ! Nous l&rsquo;organisons \u00e9galement pour vous en v\u00e9lo de route sur les routes secondaires[\/vc_wp_text]<div class=\"mkdf-event-list-holder mkdf-event-list-standard mkdf-event-list-col-3\" data-next-page= \"2\" data-type= \"standard\" data-columns= \"3\" data-order-by= \"date\" data-order= \"ASC\" data-event-status= \"all\" data-number= \"-1\" data-image-size= \"original\" data-category= \"GRAVEL\/BICI CARRETERA\" data-show-more= \"none\" data-title-tag= \"h4\" data-max-num-pages = 0><div class=\"mkdf-event-list-holder-inner \" data-number-of-items=\"3\"><div class=\"mkdf-el-item mkdf-el-item-odd\">\n    <div class=\"mkdf-el-item-inner\">\n        <div class=\"mkdf-el-item-inner-holder\">\n            <div class=\"mkdf-el-item-image\">\n                <a href=\"https:\/\/rutessilviarovira.com\/fr\/event\/route-1714\/\">\n                    <img decoding=\"async\" width=\"1027\" height=\"698\" src=\"https:\/\/rutessilviarovira.com\/wp-content\/uploads\/2019\/04\/P1250688.889-e1612258415594.jpg\" class=\"attachment-full size-full wp-post-image\" alt=\"\" srcset=\"https:\/\/rutessilviarovira.com\/wp-content\/uploads\/2019\/04\/P1250688.889-e1612258415594.jpg 1027w, https:\/\/rutessilviarovira.com\/wp-content\/uploads\/2019\/04\/P1250688.889-e1612258415594-600x408.jpg 600w, https:\/\/rutessilviarovira.com\/wp-content\/uploads\/2019\/04\/P1250688.889-e1612258415594-300x204.jpg 300w, https:\/\/rutessilviarovira.com\/wp-content\/uploads\/2019\/04\/P1250688.889-e1612258415594-1024x696.jpg 1024w, https:\/\/rutessilviarovira.com\/wp-content\/uploads\/2019\/04\/P1250688.889-e1612258415594-768x522.jpg 768w\" sizes=\"(max-width: 1027px) 100vw, 1027px\" \/>                <\/a>\n            <\/div>\n                        <div class=\"mkdf-el-item-content\" >\n                <div class=\"mkdf-el-item-location-title-holder\">\n                    <h4 class=\"mkdf-el-item-title\">\n                    <a href=\"https:\/\/rutessilviarovira.com\/fr\/event\/route-1714\/\">\n                        Route 1714                    <\/a>\n                <\/h4>\n                                                    <div class=\"mkdf-el-item-time\">\n\t\t\t\t            <span>\n\t\t\t\t            \tDisponible sur demande\t\t\t\t            <\/span>\n                    <\/div>\n                                <div class=\"mkdf-el-read-more-link\">\n                    <a href=\"https:\/\/rutessilviarovira.com\/fr\/event\/route-1714\/\">Llegeix m\u00e9s<\/a>\n                <\/div>\n            <\/div>\n        <\/div>\n    <\/div>\n<\/div>\n<\/div><div class=\"mkdf-el-item mkdf-el-item-even\">\n    <div class=\"mkdf-el-item-inner\">\n        <div class=\"mkdf-el-item-inner-holder\">\n            <div class=\"mkdf-el-item-image\">\n                <a href=\"https:\/\/rutessilviarovira.com\/fr\/event\/geoparc-routes-btt-sr\/\">\n                    <img decoding=\"async\" width=\"1019\" height=\"663\" src=\"https:\/\/rutessilviarovira.com\/wp-content\/uploads\/2019\/11\/Silvia_Rovira_Volata00037-e1613495851248.jpg\" class=\"attachment-full size-full wp-post-image\" alt=\"\" srcset=\"https:\/\/rutessilviarovira.com\/wp-content\/uploads\/2019\/11\/Silvia_Rovira_Volata00037-e1613495851248.jpg 1019w, https:\/\/rutessilviarovira.com\/wp-content\/uploads\/2019\/11\/Silvia_Rovira_Volata00037-e1613495851248-600x390.jpg 600w, https:\/\/rutessilviarovira.com\/wp-content\/uploads\/2019\/11\/Silvia_Rovira_Volata00037-e1613495851248-300x195.jpg 300w, https:\/\/rutessilviarovira.com\/wp-content\/uploads\/2019\/11\/Silvia_Rovira_Volata00037-e1613495851248-768x500.jpg 768w\" sizes=\"(max-width: 1019px) 100vw, 1019px\" \/>                <\/a>\n            <\/div>\n                        <div class=\"mkdf-el-item-content\" >\n                <div class=\"mkdf-el-item-location-title-holder\">\n                    <h4 class=\"mkdf-el-item-title\">\n                    <a href=\"https:\/\/rutessilviarovira.com\/fr\/event\/geoparc-routes-btt-sr\/\">\n                        G\u00e9oparc Routes Btt SR                    <\/a>\n                <\/h4>\n                                                    <div class=\"mkdf-el-item-time\">\n\t\t\t\t            <span>\n\t\t\t\t            \tDisponible sur demande\t\t\t\t            <\/span>\n                    <\/div>\n                                <div class=\"mkdf-el-read-more-link\">\n                    <a href=\"https:\/\/rutessilviarovira.com\/fr\/event\/geoparc-routes-btt-sr\/\">Llegeix m\u00e9s<\/a>\n                <\/div>\n            <\/div>\n        <\/div>\n    <\/div>\n<\/div>\n<\/div><div class=\"mkdf-el-item mkdf-el-item-odd\">\n    <div class=\"mkdf-el-item-inner\">\n        <div class=\"mkdf-el-item-inner-holder\">\n            <div class=\"mkdf-el-item-image\">\n                <a href=\"https:\/\/rutessilviarovira.com\/fr\/event\/itineraire-de-randonnee-ou-de-vtt-verdaguer-folgueroles-sanctuaire-du-monde\/\">\n                    <img decoding=\"async\" width=\"1563\" height=\"776\" src=\"https:\/\/rutessilviarovira.com\/wp-content\/uploads\/2020\/09\/P1250792.1-e1600182030849.jpg\" class=\"attachment-full size-full wp-post-image\" alt=\"\" srcset=\"https:\/\/rutessilviarovira.com\/wp-content\/uploads\/2020\/09\/P1250792.1-e1600182030849.jpg 1563w, https:\/\/rutessilviarovira.com\/wp-content\/uploads\/2020\/09\/P1250792.1-e1600182030849-600x298.jpg 600w, https:\/\/rutessilviarovira.com\/wp-content\/uploads\/2020\/09\/P1250792.1-e1600182030849-300x149.jpg 300w, https:\/\/rutessilviarovira.com\/wp-content\/uploads\/2020\/09\/P1250792.1-e1600182030849-1024x508.jpg 1024w, https:\/\/rutessilviarovira.com\/wp-content\/uploads\/2020\/09\/P1250792.1-e1600182030849-768x381.jpg 768w, https:\/\/rutessilviarovira.com\/wp-content\/uploads\/2020\/09\/P1250792.1-e1600182030849-1536x763.jpg 1536w\" sizes=\"(max-width: 1563px) 100vw, 1563px\" \/>                <\/a>\n            <\/div>\n                        <div class=\"mkdf-el-item-content\" >\n                <div class=\"mkdf-el-item-location-title-holder\">\n                    <h4 class=\"mkdf-el-item-title\">\n                    <a href=\"https:\/\/rutessilviarovira.com\/fr\/event\/itineraire-de-randonnee-ou-de-vtt-verdaguer-folgueroles-sanctuaire-du-monde\/\">\n                        Itin\u00e9raire de randonn\u00e9e ou de VTT Verdaguer&nbsp;: Folgueroles &#8211; Sanctuaire du Monde                    <\/a>\n                <\/h4>\n                                                    <div class=\"mkdf-el-item-time\">\n\t\t\t\t            <span>\n\t\t\t\t            \tDisponible sur demande\t\t\t\t            <\/span>\n                    <\/div>\n                                <div class=\"mkdf-el-read-more-link\">\n                    <a href=\"https:\/\/rutessilviarovira.com\/fr\/event\/itineraire-de-randonnee-ou-de-vtt-verdaguer-folgueroles-sanctuaire-du-monde\/\">Llegeix m\u00e9s<\/a>\n                <\/div>\n            <\/div>\n        <\/div>\n    <\/div>\n<\/div>\n<\/div><div class=\"mkdf-el-item mkdf-el-item-even\">\n    <div class=\"mkdf-el-item-inner\">\n        <div class=\"mkdf-el-item-inner-holder\">\n            <div class=\"mkdf-el-item-image\">\n                <a href=\"https:\/\/rutessilviarovira.com\/fr\/event\/descente-du-segre-en-btt\/\">\n                    <img decoding=\"async\" width=\"960\" height=\"626\" src=\"https:\/\/rutessilviarovira.com\/wp-content\/uploads\/2020\/04\/1160526-scaled-e1718096616175.jpg\" class=\"attachment-full size-full wp-post-image\" alt=\"\" \/>                <\/a>\n            <\/div>\n                        <div class=\"mkdf-el-item-content\" >\n                <div class=\"mkdf-el-item-location-title-holder\">\n                    <h4 class=\"mkdf-el-item-title\">\n                    <a href=\"https:\/\/rutessilviarovira.com\/fr\/event\/descente-du-segre-en-btt\/\">\n                        Descente du Segre en Btt                    <\/a>\n                <\/h4>\n                                                    <div class=\"mkdf-el-item-time\">\n\t\t\t\t            <span>\n\t\t\t\t            \tDisponible sur demande\t\t\t\t            <\/span>\n                    <\/div>\n                                <div class=\"mkdf-el-read-more-link\">\n                    <a href=\"https:\/\/rutessilviarovira.com\/fr\/event\/descente-du-segre-en-btt\/\">Llegeix m\u00e9s<\/a>\n                <\/div>\n            <\/div>\n        <\/div>\n    <\/div>\n<\/div>\n<\/div><div class=\"mkdf-el-item mkdf-el-item-odd\">\n    <div class=\"mkdf-el-item-inner\">\n        <div class=\"mkdf-el-item-inner-holder\">\n            <div class=\"mkdf-el-item-image\">\n                <a href=\"https:\/\/rutessilviarovira.com\/fr\/event\/traversee-de-leurope-sur-le-chemin-de-saint-jacques-de-compostelle-en-suisse\/\">\n                    <img decoding=\"async\" width=\"2560\" height=\"1920\" src=\"https:\/\/rutessilviarovira.com\/wp-content\/uploads\/2024\/07\/IMG_20240831_151658-scaled-e1726511548492.jpg\" class=\"attachment-full size-full wp-post-image\" alt=\"Suissa btt Rutes SR\" \/>                <\/a>\n            <\/div>\n                        <div class=\"mkdf-el-item-content\" >\n                <div class=\"mkdf-el-item-location-title-holder\">\n                    <h4 class=\"mkdf-el-item-title\">\n                    <a href=\"https:\/\/rutessilviarovira.com\/fr\/event\/traversee-de-leurope-sur-le-chemin-de-saint-jacques-de-compostelle-en-suisse\/\">\n                        Travers\u00e9e de l&rsquo;Europe sur le chemin de Saint-Jacques de Compostelle en Suisse                    <\/a>\n                <\/h4>\n                                                    <div class=\"mkdf-el-item-time\">\n\t\t\t\t            <span>\n\t\t\t\t            \tDisponible sur demande\t\t\t\t            <\/span>\n                    <\/div>\n                                <div class=\"mkdf-el-read-more-link\">\n                    <a href=\"https:\/\/rutessilviarovira.com\/fr\/event\/traversee-de-leurope-sur-le-chemin-de-saint-jacques-de-compostelle-en-suisse\/\">Llegeix m\u00e9s<\/a>\n                <\/div>\n            <\/div>\n        <\/div>\n    <\/div>\n<\/div>\n<\/div><div class=\"mkdf-el-item mkdf-el-item-even\">\n    <div class=\"mkdf-el-item-inner\">\n        <div class=\"mkdf-el-item-inner-holder\">\n            <div class=\"mkdf-el-item-image\">\n                <a href=\"https:\/\/rutessilviarovira.com\/fr\/event\/transpyreneaica-avec-gravel-partie-francaise-2\/\">\n                    <img decoding=\"async\" width=\"2560\" height=\"1920\" src=\"https:\/\/rutessilviarovira.com\/wp-content\/uploads\/2024\/05\/IMG_20230613_130045-scaled-e1718092242981.jpg\" class=\"attachment-full size-full wp-post-image\" alt=\"Transpirenaica Francesa Gravel\" \/>                <\/a>\n            <\/div>\n                        <div class=\"mkdf-el-item-content\" >\n                <div class=\"mkdf-el-item-location-title-holder\">\n                    <h4 class=\"mkdf-el-item-title\">\n                    <a href=\"https:\/\/rutessilviarovira.com\/fr\/event\/transpyreneaica-avec-gravel-partie-francaise-2\/\">\n                        Transpyreneaica avec Gravel partie fran\u00e7aise                    <\/a>\n                <\/h4>\n                                                    <div class=\"mkdf-el-item-time\">\n\t\t\t\t            <span>\n\t\t\t\t            \tDisponible sur demande\t\t\t\t            <\/span>\n                    <\/div>\n                                <div class=\"mkdf-el-read-more-link\">\n                    <a href=\"https:\/\/rutessilviarovira.com\/fr\/event\/transpyreneaica-avec-gravel-partie-francaise-2\/\">Llegeix m\u00e9s<\/a>\n                <\/div>\n            <\/div>\n        <\/div>\n    <\/div>\n<\/div>\n<\/div><div class=\"mkdf-el-item mkdf-el-item-odd\">\n    <div class=\"mkdf-el-item-inner\">\n        <div class=\"mkdf-el-item-inner-holder\">\n            <div class=\"mkdf-el-item-image\">\n                <a href=\"https:\/\/rutessilviarovira.com\/fr\/event\/traverser-leurope-sur-le-camino-de-santiago-france\/\">\n                    <img decoding=\"async\" width=\"2048\" height=\"1536\" src=\"https:\/\/rutessilviarovira.com\/wp-content\/uploads\/2025\/09\/P1190815-e1758563837801.jpg\" class=\"attachment-full size-full wp-post-image\" alt=\"Cami Santiago Fran\u00e7a\" \/>                <\/a>\n            <\/div>\n                        <div class=\"mkdf-el-item-content\" >\n                <div class=\"mkdf-el-item-location-title-holder\">\n                    <h4 class=\"mkdf-el-item-title\">\n                    <a href=\"https:\/\/rutessilviarovira.com\/fr\/event\/traverser-leurope-sur-le-camino-de-santiago-france\/\">\n                        Traverser l&rsquo;Europe sur le Camino de Santiago France                    <\/a>\n                <\/h4>\n                                                    <div class=\"mkdf-el-item-time\">\n\t\t\t\t            <span>\n\t\t\t\t            \tDisponible sur demande\t\t\t\t            <\/span>\n                    <\/div>\n                                <div class=\"mkdf-el-read-more-link\">\n                    <a href=\"https:\/\/rutessilviarovira.com\/fr\/event\/traverser-leurope-sur-le-camino-de-santiago-france\/\">Llegeix m\u00e9s<\/a>\n                <\/div>\n            <\/div>\n        <\/div>\n    <\/div>\n<\/div>\n<\/div><\/div><\/div>[\/vc_column][\/vc_row]<\/p>\n","protected":false},"excerpt":{"rendered":"<p>[vc_row row_background_shadow=\u00a0\u00bbno\u00a0\u00bb][vc_column][vc_wp_text]Explorez des sentiers et des pistes de gravier id\u00e9aux. Itin\u00e9raires libres ou guid\u00e9s. Nous l&rsquo;organisons pour vous ! C&rsquo;est une aventure unique ! Nous l&rsquo;organisons \u00e9galement pour vous en v\u00e9lo de route sur les routes secondaires[\/vc_wp_text][\/vc_column][\/vc_row]<\/p>\n","protected":false},"author":1,"featured_media":0,"parent":0,"menu_order":6,"comment_status":"closed","ping_status":"open","template":"","meta":{"footnotes":""},"class_list":["post-8366","page","type-page","status-publish","hentry"],"yoast_head":"<!-- This site is optimized with the Yoast SEO plugin v22.9 - https:\/\/yoast.com\/wordpress\/plugins\/seo\/ -->\n<title>Itin\u00e9raires Gravel Bike - Itin\u00e9raire transpyr\u00e9n\u00e9en<\/title>\n<meta name=\"description\" content=\"D\u00e9couvrez nos itin\u00e9raires gravel bike : chemins et pistes id\u00e9aux pour rouler sur gravel. Itin\u00e9raires libres ou guid\u00e9s. Nous l&#039;organisons pour vous !\" \/>\n<meta name=\"robots\" content=\"index, follow, max-snippet:-1, max-image-preview:large, max-video-preview:-1\" \/>\n<link rel=\"canonical\" href=\"https:\/\/rutessilviarovira.com\/fr\/velo-de-gravier-route\/\" \/>\n<meta property=\"og:locale\" content=\"fr_FR\" \/>\n<meta property=\"og:type\" content=\"article\" \/>\n<meta property=\"og:title\" content=\"Itin\u00e9raires Gravel Bike - Itin\u00e9raire transpyr\u00e9n\u00e9en\" \/>\n<meta property=\"og:description\" content=\"D\u00e9couvrez nos itin\u00e9raires gravel bike : chemins et pistes id\u00e9aux pour rouler sur gravel. Itin\u00e9raires libres ou guid\u00e9s. Nous l&#039;organisons pour vous !\" \/>\n<meta property=\"og:url\" content=\"https:\/\/rutessilviarovira.com\/fr\/velo-de-gravier-route\/\" \/>\n<meta property=\"og:site_name\" content=\"Rutes S\u00edlvia Rovira\" \/>\n<meta property=\"article:modified_time\" content=\"2024-11-14T09:10:48+00:00\" \/>\n<meta name=\"twitter:card\" content=\"summary_large_image\" \/>\n<script type=\"application\/ld+json\" class=\"yoast-schema-graph\">{\"@context\":\"https:\/\/schema.org\",\"@graph\":[{\"@type\":\"WebPage\",\"@id\":\"https:\/\/rutessilviarovira.com\/fr\/velo-de-gravier-route\/\",\"url\":\"https:\/\/rutessilviarovira.com\/fr\/velo-de-gravier-route\/\",\"name\":\"Itin\u00e9raires Gravel Bike - Itin\u00e9raire transpyr\u00e9n\u00e9en\",\"isPartOf\":{\"@id\":\"https:\/\/rutessilviarovira.com\/#website\"},\"datePublished\":\"2024-06-11T08:24:17+00:00\",\"dateModified\":\"2024-11-14T09:10:48+00:00\",\"description\":\"D\u00e9couvrez nos itin\u00e9raires gravel bike : chemins et pistes id\u00e9aux pour rouler sur gravel. Itin\u00e9raires libres ou guid\u00e9s. Nous l'organisons pour vous !\",\"breadcrumb\":{\"@id\":\"https:\/\/rutessilviarovira.com\/fr\/velo-de-gravier-route\/#breadcrumb\"},\"inLanguage\":\"fr-FR\",\"potentialAction\":[{\"@type\":\"ReadAction\",\"target\":[\"https:\/\/rutessilviarovira.com\/fr\/velo-de-gravier-route\/\"]}]},{\"@type\":\"BreadcrumbList\",\"@id\":\"https:\/\/rutessilviarovira.com\/fr\/velo-de-gravier-route\/#breadcrumb\",\"itemListElement\":[{\"@type\":\"ListItem\",\"position\":1,\"name\":\"Portada\",\"item\":\"https:\/\/rutessilviarovira.com\/fr\/maison\/\"},{\"@type\":\"ListItem\",\"position\":2,\"name\":\"V\u00e9lo de gravier\/route\"}]},{\"@type\":\"WebSite\",\"@id\":\"https:\/\/rutessilviarovira.com\/#website\",\"url\":\"https:\/\/rutessilviarovira.com\/\",\"name\":\"Rutes S\u00edlvia Rovira\",\"description\":\"Rutes de btt,Senderisme,Trekking i raquetes de neu\",\"publisher\":{\"@id\":\"https:\/\/rutessilviarovira.com\/#organization\"},\"potentialAction\":[{\"@type\":\"SearchAction\",\"target\":{\"@type\":\"EntryPoint\",\"urlTemplate\":\"https:\/\/rutessilviarovira.com\/?s={search_term_string}\"},\"query-input\":\"required name=search_term_string\"}],\"inLanguage\":\"fr-FR\"},{\"@type\":\"Organization\",\"@id\":\"https:\/\/rutessilviarovira.com\/#organization\",\"name\":\"Rutes S\u00edvia Rovira\",\"url\":\"https:\/\/rutessilviarovira.com\/\",\"logo\":{\"@type\":\"ImageObject\",\"inLanguage\":\"fr-FR\",\"@id\":\"https:\/\/rutessilviarovira.com\/#\/schema\/logo\/image\/\",\"url\":\"https:\/\/rutessilviarovira.com\/wp-content\/uploads\/2019\/04\/cropped-LOGO-1.png\",\"contentUrl\":\"https:\/\/rutessilviarovira.com\/wp-content\/uploads\/2019\/04\/cropped-LOGO-1.png\",\"width\":512,\"height\":512,\"caption\":\"Rutes S\u00edvia Rovira\"},\"image\":{\"@id\":\"https:\/\/rutessilviarovira.com\/#\/schema\/logo\/image\/\"}}]}<\/script>\n<!-- \/ Yoast SEO plugin. -->","yoast_head_json":{"title":"Itin\u00e9raires Gravel Bike - Itin\u00e9raire transpyr\u00e9n\u00e9en","description":"D\u00e9couvrez nos itin\u00e9raires gravel bike : chemins et pistes id\u00e9aux pour rouler sur gravel. Itin\u00e9raires libres ou guid\u00e9s. Nous l'organisons pour vous !","robots":{"index":"index","follow":"follow","max-snippet":"max-snippet:-1","max-image-preview":"max-image-preview:large","max-video-preview":"max-video-preview:-1"},"canonical":"https:\/\/rutessilviarovira.com\/fr\/velo-de-gravier-route\/","og_locale":"fr_FR","og_type":"article","og_title":"Itin\u00e9raires Gravel Bike - Itin\u00e9raire transpyr\u00e9n\u00e9en","og_description":"D\u00e9couvrez nos itin\u00e9raires gravel bike : chemins et pistes id\u00e9aux pour rouler sur gravel. Itin\u00e9raires libres ou guid\u00e9s. Nous l'organisons pour vous !","og_url":"https:\/\/rutessilviarovira.com\/fr\/velo-de-gravier-route\/","og_site_name":"Rutes S\u00edlvia Rovira","article_modified_time":"2024-11-14T09:10:48+00:00","twitter_card":"summary_large_image","schema":{"@context":"https:\/\/schema.org","@graph":[{"@type":"WebPage","@id":"https:\/\/rutessilviarovira.com\/fr\/velo-de-gravier-route\/","url":"https:\/\/rutessilviarovira.com\/fr\/velo-de-gravier-route\/","name":"Itin\u00e9raires Gravel Bike - Itin\u00e9raire transpyr\u00e9n\u00e9en","isPartOf":{"@id":"https:\/\/rutessilviarovira.com\/#website"},"datePublished":"2024-06-11T08:24:17+00:00","dateModified":"2024-11-14T09:10:48+00:00","description":"D\u00e9couvrez nos itin\u00e9raires gravel bike : chemins et pistes id\u00e9aux pour rouler sur gravel. Itin\u00e9raires libres ou guid\u00e9s. Nous l'organisons pour vous !","breadcrumb":{"@id":"https:\/\/rutessilviarovira.com\/fr\/velo-de-gravier-route\/#breadcrumb"},"inLanguage":"fr-FR","potentialAction":[{"@type":"ReadAction","target":["https:\/\/rutessilviarovira.com\/fr\/velo-de-gravier-route\/"]}]},{"@type":"BreadcrumbList","@id":"https:\/\/rutessilviarovira.com\/fr\/velo-de-gravier-route\/#breadcrumb","itemListElement":[{"@type":"ListItem","position":1,"name":"Portada","item":"https:\/\/rutessilviarovira.com\/fr\/maison\/"},{"@type":"ListItem","position":2,"name":"V\u00e9lo de gravier\/route"}]},{"@type":"WebSite","@id":"https:\/\/rutessilviarovira.com\/#website","url":"https:\/\/rutessilviarovira.com\/","name":"Rutes S\u00edlvia Rovira","description":"Rutes de btt,Senderisme,Trekking i raquetes de neu","publisher":{"@id":"https:\/\/rutessilviarovira.com\/#organization"},"potentialAction":[{"@type":"SearchAction","target":{"@type":"EntryPoint","urlTemplate":"https:\/\/rutessilviarovira.com\/?s={search_term_string}"},"query-input":"required name=search_term_string"}],"inLanguage":"fr-FR"},{"@type":"Organization","@id":"https:\/\/rutessilviarovira.com\/#organization","name":"Rutes S\u00edvia Rovira","url":"https:\/\/rutessilviarovira.com\/","logo":{"@type":"ImageObject","inLanguage":"fr-FR","@id":"https:\/\/rutessilviarovira.com\/#\/schema\/logo\/image\/","url":"https:\/\/rutessilviarovira.com\/wp-content\/uploads\/2019\/04\/cropped-LOGO-1.png","contentUrl":"https:\/\/rutessilviarovira.com\/wp-content\/uploads\/2019\/04\/cropped-LOGO-1.png","width":512,"height":512,"caption":"Rutes S\u00edvia Rovira"},"image":{"@id":"https:\/\/rutessilviarovira.com\/#\/schema\/logo\/image\/"}}]}},"_links":{"self":[{"href":"https:\/\/rutessilviarovira.com\/fr\/wp-json\/wp\/v2\/pages\/8366"}],"collection":[{"href":"https:\/\/rutessilviarovira.com\/fr\/wp-json\/wp\/v2\/pages"}],"about":[{"href":"https:\/\/rutessilviarovira.com\/fr\/wp-json\/wp\/v2\/types\/page"}],"author":[{"embeddable":true,"href":"https:\/\/rutessilviarovira.com\/fr\/wp-json\/wp\/v2\/users\/1"}],"replies":[{"embeddable":true,"href":"https:\/\/rutessilviarovira.com\/fr\/wp-json\/wp\/v2\/comments?post=8366"}],"version-history":[{"count":2,"href":"https:\/\/rutessilviarovira.com\/fr\/wp-json\/wp\/v2\/pages\/8366\/revisions"}],"predecessor-version":[{"id":8369,"href":"https:\/\/rutessilviarovira.com\/fr\/wp-json\/wp\/v2\/pages\/8366\/revisions\/8369"}],"wp:attachment":[{"href":"https:\/\/rutessilviarovira.com\/fr\/wp-json\/wp\/v2\/media?parent=8366"}],"curies":[{"name":"wp","href":"https:\/\/api.w.org\/{rel}","templated":true}]}}