{"id":8438,"date":"2019-11-27T09:11:16","date_gmt":"2019-11-27T08:11:16","guid":{"rendered":"https:\/\/rutessilviarovira.com\/montagnes-emblematiques-de-la-mediterranee\/"},"modified":"2024-11-14T10:25:11","modified_gmt":"2024-11-14T09:25:11","slug":"montagnes-emblematiques-de-la-mediterranee","status":"publish","type":"page","link":"https:\/\/rutessilviarovira.com\/fr\/montagnes-emblematiques-de-la-mediterranee\/","title":{"rendered":"Montagnes embl\u00e9matiques de la M\u00e9diterran\u00e9e"},"content":{"rendered":"<p>[vc_row row_background_shadow=\u00a0\u00bbno\u00a0\u00bb][vc_column]<div class=\"mkdf-event-list-holder mkdf-event-list-standard mkdf-event-list-col-3\" data-next-page= \"2\" data-type= \"standard\" data-columns= \"3\" data-order-by= \"date\" data-order= \"ASC\" data-event-status= \"all\" data-number= \"-1\" data-image-size= \"original\" data-category= \"Emblematic Mediterranean Mountains\" data-show-more= \"none\" data-title-tag= \"h4\" data-max-num-pages = 0><div class=\"mkdf-event-list-holder-inner \" data-number-of-items=\"3\"><div class=\"mkdf-el-item mkdf-el-item-odd\">\n    <div class=\"mkdf-el-item-inner\">\n        <div class=\"mkdf-el-item-inner-holder\">\n            <div class=\"mkdf-el-item-image\">\n                <a href=\"https:\/\/rutessilviarovira.com\/fr\/event\/7-visages-de-pedraforca-avec-btt\/\">\n                    <img decoding=\"async\" width=\"601\" height=\"328\" src=\"https:\/\/rutessilviarovira.com\/wp-content\/uploads\/2019\/10\/P1070999.2-2-e1730722386361.jpg\" class=\"attachment-full size-full wp-post-image\" alt=\"\" \/>                <\/a>\n            <\/div>\n                        <div class=\"mkdf-el-item-content\" >\n                <div class=\"mkdf-el-item-location-title-holder\">\n                    <h4 class=\"mkdf-el-item-title\">\n                    <a href=\"https:\/\/rutessilviarovira.com\/fr\/event\/7-visages-de-pedraforca-avec-btt\/\">\n                        7 visages de Pedraforca avec Btt                    <\/a>\n                <\/h4>\n                                    <div class=\"mkdf-el-item-location\">\n                        <span>Bag\u00e0<\/span>\n                    <\/div>\n                                                    <div class=\"mkdf-el-item-time\">\n\t\t\t\t            <span>\n\t\t\t\t            \tDisponible sur demande\t\t\t\t            <\/span>\n                    <\/div>\n                                <div class=\"mkdf-el-read-more-link\">\n                    <a href=\"https:\/\/rutessilviarovira.com\/fr\/event\/7-visages-de-pedraforca-avec-btt\/\">Llegeix m\u00e9s<\/a>\n                <\/div>\n            <\/div>\n        <\/div>\n    <\/div>\n<\/div>\n<\/div><div class=\"mkdf-el-item mkdf-el-item-even\">\n    <div class=\"mkdf-el-item-inner\">\n        <div class=\"mkdf-el-item-inner-holder\">\n            <div class=\"mkdf-el-item-image\">\n                <a href=\"https:\/\/rutessilviarovira.com\/fr\/event\/7-visages-de-pedraforca-avec-btt-2\/\">\n                    <img decoding=\"async\" width=\"1093\" height=\"622\" src=\"https:\/\/rutessilviarovira.com\/wp-content\/uploads\/2020\/02\/P1110139.9-e1619456365924.jpg\" class=\"attachment-full size-full wp-post-image\" alt=\"\" srcset=\"https:\/\/rutessilviarovira.com\/wp-content\/uploads\/2020\/02\/P1110139.9-e1619456365924.jpg 1093w, https:\/\/rutessilviarovira.com\/wp-content\/uploads\/2020\/02\/P1110139.9-e1619456365924-600x341.jpg 600w\" sizes=\"(max-width: 1093px) 100vw, 1093px\" \/>                <\/a>\n            <\/div>\n                        <div class=\"mkdf-el-item-content\" >\n                <div class=\"mkdf-el-item-location-title-holder\">\n                    <h4 class=\"mkdf-el-item-title\">\n                    <a href=\"https:\/\/rutessilviarovira.com\/fr\/event\/7-visages-de-pedraforca-avec-btt-2\/\">\n                        7 visages de Pedraforca avec Btt                    <\/a>\n                <\/h4>\n                                                    <div class=\"mkdf-el-item-time\">\n\t\t\t\t            <span>\n\t\t\t\t            \tDisponible sur demande\t\t\t\t            <\/span>\n                    <\/div>\n                                <div class=\"mkdf-el-read-more-link\">\n                    <a href=\"https:\/\/rutessilviarovira.com\/fr\/event\/7-visages-de-pedraforca-avec-btt-2\/\">Llegeix m\u00e9s<\/a>\n                <\/div>\n            <\/div>\n        <\/div>\n    <\/div>\n<\/div>\n<\/div><div class=\"mkdf-el-item mkdf-el-item-odd\">\n    <div class=\"mkdf-el-item-inner\">\n        <div class=\"mkdf-el-item-inner-holder\">\n            <div class=\"mkdf-el-item-image\">\n                <a href=\"https:\/\/rutessilviarovira.com\/fr\/event\/montagnes-emblematiques-le-gran-sasso-dans-la-travessa-des-apennins\/\">\n                    <img decoding=\"async\" width=\"1060\" height=\"678\" src=\"https:\/\/rutessilviarovira.com\/wp-content\/uploads\/2021\/08\/P1170203-scaled-e1652609483648.jpg\" class=\"attachment-full size-full wp-post-image\" alt=\"\" srcset=\"https:\/\/rutessilviarovira.com\/wp-content\/uploads\/2021\/08\/P1170203-scaled-e1652609483648.jpg 1060w, https:\/\/rutessilviarovira.com\/wp-content\/uploads\/2021\/08\/P1170203-scaled-e1652609483648-300x192.jpg 300w, https:\/\/rutessilviarovira.com\/wp-content\/uploads\/2021\/08\/P1170203-scaled-e1652609483648-1024x655.jpg 1024w, https:\/\/rutessilviarovira.com\/wp-content\/uploads\/2021\/08\/P1170203-scaled-e1652609483648-768x491.jpg 768w\" sizes=\"(max-width: 1060px) 100vw, 1060px\" \/>                <\/a>\n            <\/div>\n                        <div class=\"mkdf-el-item-content\" >\n                <div class=\"mkdf-el-item-location-title-holder\">\n                    <h4 class=\"mkdf-el-item-title\">\n                    <a href=\"https:\/\/rutessilviarovira.com\/fr\/event\/montagnes-emblematiques-le-gran-sasso-dans-la-travessa-des-apennins\/\">\n                        Montagnes embl\u00e9matiques : le Gran Sasso dans la travessa des Apennins                    <\/a>\n                <\/h4>\n                                                    <div class=\"mkdf-el-item-time\">\n\t\t\t\t            <span>\n\t\t\t\t            \tDisponible sur demande\t\t\t\t            <\/span>\n                    <\/div>\n                                <div class=\"mkdf-el-read-more-link\">\n                    <a href=\"https:\/\/rutessilviarovira.com\/fr\/event\/montagnes-emblematiques-le-gran-sasso-dans-la-travessa-des-apennins\/\">Llegeix m\u00e9s<\/a>\n                <\/div>\n            <\/div>\n        <\/div>\n    <\/div>\n<\/div>\n<\/div><div class=\"mkdf-el-item mkdf-el-item-even\">\n    <div class=\"mkdf-el-item-inner\">\n        <div class=\"mkdf-el-item-inner-holder\">\n            <div class=\"mkdf-el-item-image\">\n                <a href=\"https:\/\/rutessilviarovira.com\/fr\/event\/montagnes-emblematiques-le-gran-sasso-dans-les-apennins\/\">\n                    <img decoding=\"async\" width=\"1060\" height=\"673\" src=\"https:\/\/rutessilviarovira.com\/wp-content\/uploads\/2022\/05\/P1170181-scaled-e1652608225271.jpg\" class=\"attachment-full size-full wp-post-image\" alt=\"\" srcset=\"https:\/\/rutessilviarovira.com\/wp-content\/uploads\/2022\/05\/P1170181-scaled-e1652608225271.jpg 1060w, https:\/\/rutessilviarovira.com\/wp-content\/uploads\/2022\/05\/P1170181-scaled-e1652608225271-300x190.jpg 300w, https:\/\/rutessilviarovira.com\/wp-content\/uploads\/2022\/05\/P1170181-scaled-e1652608225271-1024x650.jpg 1024w, https:\/\/rutessilviarovira.com\/wp-content\/uploads\/2022\/05\/P1170181-scaled-e1652608225271-768x488.jpg 768w\" sizes=\"(max-width: 1060px) 100vw, 1060px\" \/>                <\/a>\n            <\/div>\n                        <div class=\"mkdf-el-item-content\" >\n                <div class=\"mkdf-el-item-location-title-holder\">\n                    <h4 class=\"mkdf-el-item-title\">\n                    <a href=\"https:\/\/rutessilviarovira.com\/fr\/event\/montagnes-emblematiques-le-gran-sasso-dans-les-apennins\/\">\n                        Montagnes embl\u00e9matiques : Le Gran Sasso dans les Apennins                    <\/a>\n                <\/h4>\n                                                    <div class=\"mkdf-el-item-time\">\n\t\t\t\t            <span>\n\t\t\t\t            \tDisponible sur demande\t\t\t\t            <\/span>\n                    <\/div>\n                                <div class=\"mkdf-el-read-more-link\">\n                    <a href=\"https:\/\/rutessilviarovira.com\/fr\/event\/montagnes-emblematiques-le-gran-sasso-dans-les-apennins\/\">Llegeix m\u00e9s<\/a>\n                <\/div>\n            <\/div>\n        <\/div>\n    <\/div>\n<\/div>\n<\/div><\/div><\/div>[\/vc_column][\/vc_row]<\/p>\n","protected":false},"excerpt":{"rendered":"<p>[vc_row row_background_shadow=\u00a0\u00bbno\u00a0\u00bb][vc_column][\/vc_column][\/vc_row]<\/p>\n","protected":false},"author":2,"featured_media":0,"parent":0,"menu_order":0,"comment_status":"closed","ping_status":"open","template":"","meta":{"footnotes":""},"class_list":["post-8438","page","type-page","status-publish","hentry"],"yoast_head":"<!-- This site is optimized with the Yoast SEO plugin v22.9 - https:\/\/yoast.com\/wordpress\/plugins\/seo\/ -->\n<title>Excursions au sommet du Canig\u00f3 et autres sommets m\u00e9diterran\u00e9ens<\/title>\n<meta name=\"description\" content=\"Les meilleures excursions vers les sommets m\u00e9diterran\u00e9ens. Ascension au sommet du Gran Sasso et excursions au sommet du Canig\u00f3. Profitez de la randonn\u00e9e.\" \/>\n<meta name=\"robots\" content=\"index, follow, max-snippet:-1, max-image-preview:large, max-video-preview:-1\" \/>\n<link rel=\"canonical\" href=\"https:\/\/rutessilviarovira.com\/fr\/montagnes-emblematiques-de-la-mediterranee\/\" \/>\n<meta property=\"og:locale\" content=\"fr_FR\" \/>\n<meta property=\"og:type\" content=\"article\" \/>\n<meta property=\"og:title\" content=\"Excursions au sommet du Canig\u00f3 et autres sommets m\u00e9diterran\u00e9ens\" \/>\n<meta property=\"og:description\" content=\"Les meilleures excursions vers les sommets m\u00e9diterran\u00e9ens. Ascension au sommet du Gran Sasso et excursions au sommet du Canig\u00f3. Profitez de la randonn\u00e9e.\" \/>\n<meta property=\"og:url\" content=\"https:\/\/rutessilviarovira.com\/fr\/montagnes-emblematiques-de-la-mediterranee\/\" \/>\n<meta property=\"og:site_name\" content=\"Rutes S\u00edlvia Rovira\" \/>\n<meta property=\"article:modified_time\" content=\"2024-11-14T09:25:11+00:00\" \/>\n<meta name=\"twitter:card\" content=\"summary_large_image\" \/>\n<script type=\"application\/ld+json\" class=\"yoast-schema-graph\">{\"@context\":\"https:\/\/schema.org\",\"@graph\":[{\"@type\":\"WebPage\",\"@id\":\"https:\/\/rutessilviarovira.com\/fr\/montagnes-emblematiques-de-la-mediterranee\/\",\"url\":\"https:\/\/rutessilviarovira.com\/fr\/montagnes-emblematiques-de-la-mediterranee\/\",\"name\":\"Excursions au sommet du Canig\u00f3 et autres sommets m\u00e9diterran\u00e9ens\",\"isPartOf\":{\"@id\":\"https:\/\/rutessilviarovira.com\/#website\"},\"datePublished\":\"2019-11-27T08:11:16+00:00\",\"dateModified\":\"2024-11-14T09:25:11+00:00\",\"description\":\"Les meilleures excursions vers les sommets m\u00e9diterran\u00e9ens. Ascension au sommet du Gran Sasso et excursions au sommet du Canig\u00f3. Profitez de la randonn\u00e9e.\",\"breadcrumb\":{\"@id\":\"https:\/\/rutessilviarovira.com\/fr\/montagnes-emblematiques-de-la-mediterranee\/#breadcrumb\"},\"inLanguage\":\"fr-FR\",\"potentialAction\":[{\"@type\":\"ReadAction\",\"target\":[\"https:\/\/rutessilviarovira.com\/fr\/montagnes-emblematiques-de-la-mediterranee\/\"]}]},{\"@type\":\"BreadcrumbList\",\"@id\":\"https:\/\/rutessilviarovira.com\/fr\/montagnes-emblematiques-de-la-mediterranee\/#breadcrumb\",\"itemListElement\":[{\"@type\":\"ListItem\",\"position\":1,\"name\":\"Portada\",\"item\":\"https:\/\/rutessilviarovira.com\/fr\/maison\/\"},{\"@type\":\"ListItem\",\"position\":2,\"name\":\"Montagnes embl\u00e9matiques de la M\u00e9diterran\u00e9e\"}]},{\"@type\":\"WebSite\",\"@id\":\"https:\/\/rutessilviarovira.com\/#website\",\"url\":\"https:\/\/rutessilviarovira.com\/\",\"name\":\"Rutes S\u00edlvia Rovira\",\"description\":\"Rutes de btt,Senderisme,Trekking i raquetes de neu\",\"publisher\":{\"@id\":\"https:\/\/rutessilviarovira.com\/#organization\"},\"potentialAction\":[{\"@type\":\"SearchAction\",\"target\":{\"@type\":\"EntryPoint\",\"urlTemplate\":\"https:\/\/rutessilviarovira.com\/?s={search_term_string}\"},\"query-input\":\"required name=search_term_string\"}],\"inLanguage\":\"fr-FR\"},{\"@type\":\"Organization\",\"@id\":\"https:\/\/rutessilviarovira.com\/#organization\",\"name\":\"Rutes S\u00edvia Rovira\",\"url\":\"https:\/\/rutessilviarovira.com\/\",\"logo\":{\"@type\":\"ImageObject\",\"inLanguage\":\"fr-FR\",\"@id\":\"https:\/\/rutessilviarovira.com\/#\/schema\/logo\/image\/\",\"url\":\"https:\/\/rutessilviarovira.com\/wp-content\/uploads\/2019\/04\/cropped-LOGO-1.png\",\"contentUrl\":\"https:\/\/rutessilviarovira.com\/wp-content\/uploads\/2019\/04\/cropped-LOGO-1.png\",\"width\":512,\"height\":512,\"caption\":\"Rutes S\u00edvia Rovira\"},\"image\":{\"@id\":\"https:\/\/rutessilviarovira.com\/#\/schema\/logo\/image\/\"}}]}<\/script>\n<!-- \/ Yoast SEO plugin. -->","yoast_head_json":{"title":"Excursions au sommet du Canig\u00f3 et autres sommets m\u00e9diterran\u00e9ens","description":"Les meilleures excursions vers les sommets m\u00e9diterran\u00e9ens. Ascension au sommet du Gran Sasso et excursions au sommet du Canig\u00f3. Profitez de la randonn\u00e9e.","robots":{"index":"index","follow":"follow","max-snippet":"max-snippet:-1","max-image-preview":"max-image-preview:large","max-video-preview":"max-video-preview:-1"},"canonical":"https:\/\/rutessilviarovira.com\/fr\/montagnes-emblematiques-de-la-mediterranee\/","og_locale":"fr_FR","og_type":"article","og_title":"Excursions au sommet du Canig\u00f3 et autres sommets m\u00e9diterran\u00e9ens","og_description":"Les meilleures excursions vers les sommets m\u00e9diterran\u00e9ens. Ascension au sommet du Gran Sasso et excursions au sommet du Canig\u00f3. Profitez de la randonn\u00e9e.","og_url":"https:\/\/rutessilviarovira.com\/fr\/montagnes-emblematiques-de-la-mediterranee\/","og_site_name":"Rutes S\u00edlvia Rovira","article_modified_time":"2024-11-14T09:25:11+00:00","twitter_card":"summary_large_image","schema":{"@context":"https:\/\/schema.org","@graph":[{"@type":"WebPage","@id":"https:\/\/rutessilviarovira.com\/fr\/montagnes-emblematiques-de-la-mediterranee\/","url":"https:\/\/rutessilviarovira.com\/fr\/montagnes-emblematiques-de-la-mediterranee\/","name":"Excursions au sommet du Canig\u00f3 et autres sommets m\u00e9diterran\u00e9ens","isPartOf":{"@id":"https:\/\/rutessilviarovira.com\/#website"},"datePublished":"2019-11-27T08:11:16+00:00","dateModified":"2024-11-14T09:25:11+00:00","description":"Les meilleures excursions vers les sommets m\u00e9diterran\u00e9ens. Ascension au sommet du Gran Sasso et excursions au sommet du Canig\u00f3. Profitez de la randonn\u00e9e.","breadcrumb":{"@id":"https:\/\/rutessilviarovira.com\/fr\/montagnes-emblematiques-de-la-mediterranee\/#breadcrumb"},"inLanguage":"fr-FR","potentialAction":[{"@type":"ReadAction","target":["https:\/\/rutessilviarovira.com\/fr\/montagnes-emblematiques-de-la-mediterranee\/"]}]},{"@type":"BreadcrumbList","@id":"https:\/\/rutessilviarovira.com\/fr\/montagnes-emblematiques-de-la-mediterranee\/#breadcrumb","itemListElement":[{"@type":"ListItem","position":1,"name":"Portada","item":"https:\/\/rutessilviarovira.com\/fr\/maison\/"},{"@type":"ListItem","position":2,"name":"Montagnes embl\u00e9matiques de la M\u00e9diterran\u00e9e"}]},{"@type":"WebSite","@id":"https:\/\/rutessilviarovira.com\/#website","url":"https:\/\/rutessilviarovira.com\/","name":"Rutes S\u00edlvia Rovira","description":"Rutes de btt,Senderisme,Trekking i raquetes de neu","publisher":{"@id":"https:\/\/rutessilviarovira.com\/#organization"},"potentialAction":[{"@type":"SearchAction","target":{"@type":"EntryPoint","urlTemplate":"https:\/\/rutessilviarovira.com\/?s={search_term_string}"},"query-input":"required name=search_term_string"}],"inLanguage":"fr-FR"},{"@type":"Organization","@id":"https:\/\/rutessilviarovira.com\/#organization","name":"Rutes S\u00edvia Rovira","url":"https:\/\/rutessilviarovira.com\/","logo":{"@type":"ImageObject","inLanguage":"fr-FR","@id":"https:\/\/rutessilviarovira.com\/#\/schema\/logo\/image\/","url":"https:\/\/rutessilviarovira.com\/wp-content\/uploads\/2019\/04\/cropped-LOGO-1.png","contentUrl":"https:\/\/rutessilviarovira.com\/wp-content\/uploads\/2019\/04\/cropped-LOGO-1.png","width":512,"height":512,"caption":"Rutes S\u00edvia Rovira"},"image":{"@id":"https:\/\/rutessilviarovira.com\/#\/schema\/logo\/image\/"}}]}},"_links":{"self":[{"href":"https:\/\/rutessilviarovira.com\/fr\/wp-json\/wp\/v2\/pages\/8438"}],"collection":[{"href":"https:\/\/rutessilviarovira.com\/fr\/wp-json\/wp\/v2\/pages"}],"about":[{"href":"https:\/\/rutessilviarovira.com\/fr\/wp-json\/wp\/v2\/types\/page"}],"author":[{"embeddable":true,"href":"https:\/\/rutessilviarovira.com\/fr\/wp-json\/wp\/v2\/users\/2"}],"replies":[{"embeddable":true,"href":"https:\/\/rutessilviarovira.com\/fr\/wp-json\/wp\/v2\/comments?post=8438"}],"version-history":[{"count":1,"href":"https:\/\/rutessilviarovira.com\/fr\/wp-json\/wp\/v2\/pages\/8438\/revisions"}],"predecessor-version":[{"id":8440,"href":"https:\/\/rutessilviarovira.com\/fr\/wp-json\/wp\/v2\/pages\/8438\/revisions\/8440"}],"wp:attachment":[{"href":"https:\/\/rutessilviarovira.com\/fr\/wp-json\/wp\/v2\/media?parent=8438"}],"curies":[{"name":"wp","href":"https:\/\/api.w.org\/{rel}","templated":true}]}}