{"id":9435,"date":"2021-02-16T22:44:50","date_gmt":"2021-02-16T21:44:50","guid":{"rendered":"https:\/\/rutessilviarovira.com\/politique-relative-aux-cookies\/"},"modified":"2021-02-16T22:44:50","modified_gmt":"2021-02-16T21:44:50","slug":"politique-relative-aux-cookies","status":"publish","type":"page","link":"https:\/\/rutessilviarovira.com\/fr\/politique-relative-aux-cookies\/","title":{"rendered":"Politique relative aux cookies"},"content":{"rendered":"<header class=\"page-header\">\n<h2 class=\"entry-title\"><span style=\"font-size: 40px;\">\u00c0 PROPOS DE LA POLITIQUE RELATIVE AUX COOKIES<\/span><\/h2>\n<\/header>\n<div class=\"page-content\">\n<p>Cette politique relative aux cookies explique ce que sont les cookies et comment nous les utilisons, les types de cookies que nous utilisons (c\u2019est-\u00e0-dire les informations que nous recueillons gr\u00e2ce aux cookies), comment ces informations sont utilis\u00e9es et comment g\u00e9rer vos pr\u00e9f\u00e9rences en mati\u00e8re de cookies. Pour plus d\u2019informations sur la mani\u00e8re dont nous utilisons, stockons et prot\u00e9geons vos donn\u00e9es personnelles, veuillez consulter notre <a href=\"https:\/\/rutessilviarovira.com\/politica-de-privadesa\/\" target=\"_blank\" rel=\"noreferrer noopener\">politique de confidentialit\u00e9<\/a> . <\/p>\n<p>Vous pouvez modifier ou retirer votre consentement \u00e0 tout moment via la d\u00e9claration relative aux cookies sur notre site web.<\/p>\n<p>Pour en savoir plus sur qui nous sommes, comment nous contacter et comment nous traitons vos donn\u00e9es personnelles, veuillez consulter notre <a href=\"https:\/\/rutessilviarovira.com\/politica-de-privadesa\/\" target=\"_blank\" rel=\"noopener\">politique de confidentialit\u00e9<\/a> . Votre consentement s&rsquo;applique au domaine suivant&nbsp;: rutessilviarovira.com. <\/p>\n<h3>QUE SONT LES COOKIES ?<\/h3>\n<p>Les cookies sont de petits fichiers texte utilis\u00e9s pour stocker de petites quantit\u00e9s de donn\u00e9es. Ils sont enregistr\u00e9s sur votre appareil lorsque vous consultez notre site web. Ces cookies nous permettent d&rsquo;assurer le bon fonctionnement du site, d&rsquo;am\u00e9liorer sa s\u00e9curit\u00e9 et votre exp\u00e9rience utilisateur, et de comprendre comment il fonctionne afin d&rsquo;identifier ses points forts et ses axes d&rsquo;am\u00e9lioration.  <\/p>\n<h3>COMMENT UTILISONS-NOUS LES COOKIES ?<\/h3>\n<p>Comme la plupart des services en ligne, notre site web utilise des cookies internes et tiers \u00e0 diverses fins. Les cookies internes sont indispensables au bon fonctionnement du site et ne collectent aucune information permettant de vous identifier personnellement. Les cookies tiers utilis\u00e9s sur notre site servent principalement \u00e0 comprendre son fonctionnement et votre interaction avec celui-ci, \u00e0 assurer la s\u00e9curit\u00e9 de nos services, \u00e0 vous proposer des publicit\u00e9s pertinentes et, de mani\u00e8re g\u00e9n\u00e9rale, \u00e0 am\u00e9liorer votre exp\u00e9rience utilisateur et \u00e0 faciliter vos futures interactions avec notre site.   <\/p>\n<h3>QUELS TYPES DE COOKIES UTILISONS-NOUS ?<\/h3>\n<p><strong>N\u00e9cessaires&nbsp;:<\/strong> Certains cookies sont indispensables au bon fonctionnement de notre site. Ils nous permettent de maintenir les sessions utilisateur et de pr\u00e9venir les failles de s\u00e9curit\u00e9. Ils ne collectent ni ne stockent aucune information personnelle. Par exemple, ces cookies vous permettent de vous connecter \u00e0 votre compte, d\u2019ajouter des produits \u00e0 votre panier et d\u2019effectuer un achat en toute s\u00e9curit\u00e9.   <\/p>\n<p><strong>Non n\u00e9cessaires&nbsp;:<\/strong> Ces cookies stockent des informations telles que le nombre de visiteurs sur le site web, le nombre de visiteurs uniques, les pages du site web consult\u00e9es, la source de la visite, etc. Ces donn\u00e9es nous aident \u00e0 comprendre et \u00e0 analyser les performances du site web et \u00e0 identifier les points \u00e0 am\u00e9liorer. <\/p>\n<h3>COMMENT PUIS-JE CONTR\u00d4LER MES PR\u00c9F\u00c9RENCES EN MATI\u00c8RE DE COOKIES&nbsp;?<\/h3>\n<p>Si vous souhaitez modifier vos pr\u00e9f\u00e9rences ult\u00e9rieurement au cours de votre session de navigation, vous pouvez cliquer sur l\u2019onglet \u00ab&nbsp;Options des cookies&nbsp;\u00bb \u00e0 l\u2019\u00e9cran. L\u2019avis de consentement s\u2019affichera de nouveau, vous permettant de modifier vos pr\u00e9f\u00e9rences ou de retirer votre consentement. <\/p>\n<p>De plus, chaque navigateur propose des m\u00e9thodes diff\u00e9rentes pour bloquer et supprimer les cookies utilis\u00e9s par les sites web. Vous pouvez modifier les param\u00e8tres de votre navigateur pour bloquer ou supprimer les cookies. Pour plus d&rsquo;informations sur la gestion et la suppression des cookies, consultez wikipedia.org.  <\/p>\n<\/div>\n","protected":false},"excerpt":{"rendered":"<p>\u00c0 PROPOS DE LA POLITIQUE RELATIVE AUX COOKIES Cette politique relative aux cookies explique ce que sont les cookies et comment nous les utilisons, les types de cookies que nous utilisons (c\u2019est-\u00e0-dire les informations que nous recueillons gr\u00e2ce aux cookies), comment ces informations sont utilis\u00e9es et comment g\u00e9rer vos pr\u00e9f\u00e9rences en mati\u00e8re de cookies. Pour plus d\u2019informations sur la mani\u00e8re dont nous utilisons, stockons et prot\u00e9geons vos donn\u00e9es personnelles, veuillez consulter notre politique de confidentialit\u00e9 . Vous pouvez modifier ou retirer votre consentement \u00e0 tout moment via la d\u00e9claration relative aux cookies sur notre site web. Pour en savoir plus sur qui nous sommes, comment nous contacter et comment nous traitons vos donn\u00e9es personnelles, veuillez consulter notre politique de confidentialit\u00e9 . Votre consentement s&rsquo;applique au domaine suivant&nbsp;: rutessilviarovira.com. QUE SONT LES COOKIES ? Les cookies sont de petits fichiers texte utilis\u00e9s pour stocker de petites quantit\u00e9s de donn\u00e9es. Ils sont [&hellip;]<\/p>\n","protected":false},"author":4,"featured_media":0,"parent":0,"menu_order":0,"comment_status":"closed","ping_status":"closed","template":"","meta":{"footnotes":""},"class_list":["post-9435","page","type-page","status-publish","hentry"],"yoast_head":"<!-- This site is optimized with the Yoast SEO plugin v22.9 - https:\/\/yoast.com\/wordpress\/plugins\/seo\/ -->\n<title>Politique relative aux cookies - Rutes S\u00edlvia Rovira<\/title>\n<meta name=\"description\" content=\"page relative \u00e0 la politique en mati\u00e8re de cookies\" \/>\n<meta name=\"robots\" content=\"noindex, nofollow\" \/>\n<meta property=\"og:locale\" content=\"fr_FR\" \/>\n<meta property=\"og:type\" content=\"article\" \/>\n<meta property=\"og:title\" content=\"Politique relative aux cookies - Rutes S\u00edlvia Rovira\" \/>\n<meta property=\"og:description\" content=\"page relative \u00e0 la politique en mati\u00e8re de cookies\" \/>\n<meta property=\"og:url\" content=\"https:\/\/rutessilviarovira.com\/fr\/politique-relative-aux-cookies\/\" \/>\n<meta property=\"og:site_name\" content=\"Rutes S\u00edlvia Rovira\" \/>\n<meta name=\"twitter:card\" content=\"summary_large_image\" \/>\n<meta name=\"twitter:label1\" content=\"Dur\u00e9e de lecture estim\u00e9e\" \/>\n\t<meta name=\"twitter:data1\" content=\"3 minutes\" \/>\n<script type=\"application\/ld+json\" class=\"yoast-schema-graph\">{\"@context\":\"https:\/\/schema.org\",\"@graph\":[{\"@type\":\"WebPage\",\"@id\":\"https:\/\/rutessilviarovira.com\/fr\/politique-relative-aux-cookies\/\",\"url\":\"https:\/\/rutessilviarovira.com\/fr\/politique-relative-aux-cookies\/\",\"name\":\"Politique relative aux cookies - Rutes S\u00edlvia Rovira\",\"isPartOf\":{\"@id\":\"https:\/\/rutessilviarovira.com\/#website\"},\"datePublished\":\"2021-02-16T21:44:50+00:00\",\"dateModified\":\"2021-02-16T21:44:50+00:00\",\"description\":\"page relative \u00e0 la politique en mati\u00e8re de cookies\",\"breadcrumb\":{\"@id\":\"https:\/\/rutessilviarovira.com\/fr\/politique-relative-aux-cookies\/#breadcrumb\"},\"inLanguage\":\"fr-FR\",\"potentialAction\":[{\"@type\":\"ReadAction\",\"target\":[\"https:\/\/rutessilviarovira.com\/fr\/politique-relative-aux-cookies\/\"]}]},{\"@type\":\"BreadcrumbList\",\"@id\":\"https:\/\/rutessilviarovira.com\/fr\/politique-relative-aux-cookies\/#breadcrumb\",\"itemListElement\":[{\"@type\":\"ListItem\",\"position\":1,\"name\":\"Portada\",\"item\":\"https:\/\/rutessilviarovira.com\/fr\/maison\/\"},{\"@type\":\"ListItem\",\"position\":2,\"name\":\"Politique relative aux cookies\"}]},{\"@type\":\"WebSite\",\"@id\":\"https:\/\/rutessilviarovira.com\/#website\",\"url\":\"https:\/\/rutessilviarovira.com\/\",\"name\":\"Rutes S\u00edlvia Rovira\",\"description\":\"Rutes de btt,Senderisme,Trekking i raquetes de neu\",\"publisher\":{\"@id\":\"https:\/\/rutessilviarovira.com\/#organization\"},\"potentialAction\":[{\"@type\":\"SearchAction\",\"target\":{\"@type\":\"EntryPoint\",\"urlTemplate\":\"https:\/\/rutessilviarovira.com\/?s={search_term_string}\"},\"query-input\":\"required name=search_term_string\"}],\"inLanguage\":\"fr-FR\"},{\"@type\":\"Organization\",\"@id\":\"https:\/\/rutessilviarovira.com\/#organization\",\"name\":\"Rutes S\u00edvia Rovira\",\"url\":\"https:\/\/rutessilviarovira.com\/\",\"logo\":{\"@type\":\"ImageObject\",\"inLanguage\":\"fr-FR\",\"@id\":\"https:\/\/rutessilviarovira.com\/#\/schema\/logo\/image\/\",\"url\":\"https:\/\/rutessilviarovira.com\/wp-content\/uploads\/2019\/04\/cropped-LOGO-1.png\",\"contentUrl\":\"https:\/\/rutessilviarovira.com\/wp-content\/uploads\/2019\/04\/cropped-LOGO-1.png\",\"width\":512,\"height\":512,\"caption\":\"Rutes S\u00edvia Rovira\"},\"image\":{\"@id\":\"https:\/\/rutessilviarovira.com\/#\/schema\/logo\/image\/\"}}]}<\/script>\n<!-- \/ Yoast SEO plugin. -->","yoast_head_json":{"title":"Politique relative aux cookies - Rutes S\u00edlvia Rovira","description":"page relative \u00e0 la politique en mati\u00e8re de cookies","robots":{"index":"noindex","follow":"nofollow"},"og_locale":"fr_FR","og_type":"article","og_title":"Politique relative aux cookies - Rutes S\u00edlvia Rovira","og_description":"page relative \u00e0 la politique en mati\u00e8re de cookies","og_url":"https:\/\/rutessilviarovira.com\/fr\/politique-relative-aux-cookies\/","og_site_name":"Rutes S\u00edlvia Rovira","twitter_card":"summary_large_image","twitter_misc":{"Dur\u00e9e de lecture estim\u00e9e":"3 minutes"},"schema":{"@context":"https:\/\/schema.org","@graph":[{"@type":"WebPage","@id":"https:\/\/rutessilviarovira.com\/fr\/politique-relative-aux-cookies\/","url":"https:\/\/rutessilviarovira.com\/fr\/politique-relative-aux-cookies\/","name":"Politique relative aux cookies - Rutes S\u00edlvia Rovira","isPartOf":{"@id":"https:\/\/rutessilviarovira.com\/#website"},"datePublished":"2021-02-16T21:44:50+00:00","dateModified":"2021-02-16T21:44:50+00:00","description":"page relative \u00e0 la politique en mati\u00e8re de cookies","breadcrumb":{"@id":"https:\/\/rutessilviarovira.com\/fr\/politique-relative-aux-cookies\/#breadcrumb"},"inLanguage":"fr-FR","potentialAction":[{"@type":"ReadAction","target":["https:\/\/rutessilviarovira.com\/fr\/politique-relative-aux-cookies\/"]}]},{"@type":"BreadcrumbList","@id":"https:\/\/rutessilviarovira.com\/fr\/politique-relative-aux-cookies\/#breadcrumb","itemListElement":[{"@type":"ListItem","position":1,"name":"Portada","item":"https:\/\/rutessilviarovira.com\/fr\/maison\/"},{"@type":"ListItem","position":2,"name":"Politique relative aux cookies"}]},{"@type":"WebSite","@id":"https:\/\/rutessilviarovira.com\/#website","url":"https:\/\/rutessilviarovira.com\/","name":"Rutes S\u00edlvia Rovira","description":"Rutes de btt,Senderisme,Trekking i raquetes de neu","publisher":{"@id":"https:\/\/rutessilviarovira.com\/#organization"},"potentialAction":[{"@type":"SearchAction","target":{"@type":"EntryPoint","urlTemplate":"https:\/\/rutessilviarovira.com\/?s={search_term_string}"},"query-input":"required name=search_term_string"}],"inLanguage":"fr-FR"},{"@type":"Organization","@id":"https:\/\/rutessilviarovira.com\/#organization","name":"Rutes S\u00edvia Rovira","url":"https:\/\/rutessilviarovira.com\/","logo":{"@type":"ImageObject","inLanguage":"fr-FR","@id":"https:\/\/rutessilviarovira.com\/#\/schema\/logo\/image\/","url":"https:\/\/rutessilviarovira.com\/wp-content\/uploads\/2019\/04\/cropped-LOGO-1.png","contentUrl":"https:\/\/rutessilviarovira.com\/wp-content\/uploads\/2019\/04\/cropped-LOGO-1.png","width":512,"height":512,"caption":"Rutes S\u00edvia Rovira"},"image":{"@id":"https:\/\/rutessilviarovira.com\/#\/schema\/logo\/image\/"}}]}},"_links":{"self":[{"href":"https:\/\/rutessilviarovira.com\/fr\/wp-json\/wp\/v2\/pages\/9435"}],"collection":[{"href":"https:\/\/rutessilviarovira.com\/fr\/wp-json\/wp\/v2\/pages"}],"about":[{"href":"https:\/\/rutessilviarovira.com\/fr\/wp-json\/wp\/v2\/types\/page"}],"author":[{"embeddable":true,"href":"https:\/\/rutessilviarovira.com\/fr\/wp-json\/wp\/v2\/users\/4"}],"replies":[{"embeddable":true,"href":"https:\/\/rutessilviarovira.com\/fr\/wp-json\/wp\/v2\/comments?post=9435"}],"version-history":[{"count":0,"href":"https:\/\/rutessilviarovira.com\/fr\/wp-json\/wp\/v2\/pages\/9435\/revisions"}],"wp:attachment":[{"href":"https:\/\/rutessilviarovira.com\/fr\/wp-json\/wp\/v2\/media?parent=9435"}],"curies":[{"name":"wp","href":"https:\/\/api.w.org\/{rel}","templated":true}]}}